{"id":2207,"date":"2014-01-17T16:52:10","date_gmt":"2014-01-17T16:52:10","guid":{"rendered":"https:\/\/fgti-distribution.fr\/?page_id=2207"},"modified":"2025-01-28T15:39:04","modified_gmt":"2025-01-28T15:39:04","slug":"szybkozlaczki-raymond","status":"publish","type":"page","link":"https:\/\/fgti-distribution.fr\/pl\/fixation-araymond\/raccords-rapides-raymond\/","title":{"rendered":"Szybkoz\u0142\u0105czka A Raymond"},"content":{"rendered":"<section id=\"bt_bb_section69f159c6a6526\" class=\"bt_bb_section bt_bb_layout_boxed_1200\"  data-bt-override-class=\"null\"><div class=\"bt_bb_port\"><div class=\"bt_bb_cell\"><div class=\"bt_bb_cell_inner\"><div class=\"bt_bb_row\"  data-bt-override-class=\"{}\"><div class=\"bt_bb_row_holder\" ><div  class=\"bt_bb_column col-xxl-12 col-xl-12 col-xs-12 col-sm-12 col-md-12 col-lg-12 bt_bb_vertical_align_top bt_bb_align_left bt_bb_padding_normal\" style=\"; --column-width:12;\" data-width=\"12\" data-bt-override-class=\"{}\"><div class=\"bt_bb_column_content\"><div class=\"bt_bb_column_content_inner\"><div class=\"bt_bb_raw_content\"><div class=\"textwidget\">\n<div style=\"color: #bababa; font-size: 12px; margin-bottom: 20px;\">FGTI-Distribution &gt; Po\u0142\u0105czenia ARaymond &gt; Szczeg\u00f3\u0142owe karty techniczne &gt; Z\u0142\u0105cza szybkoz\u0142\u0105czki<\/div>\n<p>FGTI Distribution, specjalista w rozwi\u0105zaniach mocowa\u0144 i monta\u017cu oraz oficjalny dystrybutor marki ARaymond: poni\u017cej przedstawiamy szczeg\u00f3\u0142owe karty techniczne szybkoz\u0142\u0105czy A Raymond<\/p>\n<p>\u00a0<\/p>\n<div style=\"text-align: center; border: 0 none; color: white; background-color: #888888; padding: 5px; width: 100%;\">SZYBKIE Z\u0141\u0104CZKI DO CIECZY<p><\/p>\n<h2>Szybkoz\u0142\u0105czka na w\u0105\u017c \/ z\u0142\u0105cze do w\u0119\u017ca gumowego<\/h2>\n<h2>Z\u0142\u0105czka szybkoz\u0142\u0105czna na ogon szczupaka \/ przewody poliamidowe<\/h2>\n<\/div>\n<p>\u00a0<\/p>\n<\/div><\/div><\/div><\/div><\/div><\/div><\/div><div class=\"bt_bb_row\"  data-bt-override-class=\"{}\"><div class=\"bt_bb_row_holder\" ><div  class=\"bt_bb_column col-xxl-4 col-xl-4 col-xs-12 col-sm-12 col-md-12 col-lg-4 bt_bb_vertical_align_top bt_bb_align_left bt_bb_padding_normal\" style=\"; --column-width:4;\" data-width=\"4\" data-bt-override-class=\"{}\"><div class=\"bt_bb_column_content\"><div class=\"bt_bb_column_content_inner\"><div class=\"bt_bb_raw_content\"><a href=\"https:\/\/fgti-distribution.fr\/pl\/mocowanie-araymond\/raccords-rapides-raymond-pour-tuyaux-caoutchoucs\/\" target=\"_blank\">\n<img decoding=\"async\" src=\"\/wp-content\/img\/raccords-rapides-queues-olivees-tuyaux-caoutchoucs.jpg\" alt=\"Szybkoz\u0142\u0105czka z ko\u0144c\u00f3wk\u0105 do w\u0119\u017ca gumowego\" style=\"padding: 0 40px; width: 100%;\">\n<\/a>\n<p style=\"text-align: center;\"><strong>Szybkoz\u0142\u0105czka z ko\u0144c\u00f3wk\u0105 do w\u0119\u017ca gumowego<\/strong><\/p>\n<\/div><div class=\"bt_bb_separator bt_bb_top_spacing_large bt_bb_bottom_spacing_no_spacing bt_bb_border_style_none\" data-bt-override-class=\"{&quot;bt_bb_top_spacing_&quot;:{&quot;current_class&quot;:&quot;bt_bb_top_spacing_large&quot;,&quot;def&quot;:&quot;large&quot;,&quot;xl&quot;:&quot;large&quot;},&quot;bt_bb_bottom_spacing_&quot;:{&quot;current_class&quot;:&quot;bt_bb_bottom_spacing_no_spacing&quot;,&quot;def&quot;:&quot;no_spacing&quot;,&quot;xl&quot;:&quot;no_spacing&quot;}}\"><\/div><\/div><\/div><\/div><div  class=\"bt_bb_column col-xxl-4 col-xl-4 col-xs-12 col-sm-12 col-md-12 col-lg-4 bt_bb_vertical_align_top bt_bb_align_left bt_bb_padding_normal\" style=\"; --column-width:4;\" data-width=\"4\" data-bt-override-class=\"{}\"><div class=\"bt_bb_column_content\"><div class=\"bt_bb_column_content_inner\"><div class=\"bt_bb_raw_content\"><a href=\"https:\/\/fgti-distribution.fr\/pl\/mocowanie-araymond\/raccords-rapides-raymond-pour-tuyaux-polyamides\/\" target=\"_blank\">\n<img decoding=\"async\" src=\"https:\/\/fgti-distribution.fr\/wp-content\/img\/raccords-rapides-queues-sapins-tuyaux-polyamides.jpg\" alt=\"Szybkoz\u0142\u0105czka typu &quot;oliwka&quot; do w\u0119\u017cy gumowych\" style=\"padding: 0 40px; width: 100%;\">\n<\/a>\n<p style=\"text-align: center;\"><strong>Szybkoz\u0142\u0105czka typu \"jask\u00f3\u0142czy ogon\" do rur poliamidowych<\/strong><\/p>\n<\/div><\/div><\/div><\/div><div  class=\"bt_bb_column col-xxl-4 col-xl-4 col-xs-12 col-sm-12 col-md-12 col-lg-4 bt_bb_vertical_align_top bt_bb_align_left bt_bb_padding_normal\" style=\"; --column-width:4;\" data-width=\"4\" data-bt-override-class=\"{}\"><div class=\"bt_bb_column_content\"><div class=\"bt_bb_column_content_inner\"><\/div><\/div><\/div><\/div><\/div><div class=\"bt_bb_row\"  data-bt-override-class=\"{}\"><div class=\"bt_bb_row_holder\" ><div  class=\"bt_bb_column col-xxl-12 col-xl-12 col-xs-12 col-sm-12 col-md-12 col-lg-12 bt_bb_vertical_align_top bt_bb_align_left bt_bb_padding_normal\" style=\"; --column-width:12;\" data-width=\"12\" data-bt-override-class=\"{}\"><div class=\"bt_bb_column_content\"><div class=\"bt_bb_column_content_inner\"><div class=\"bt_bb_raw_content\"><div class=\"textwidget\"><br><br>OPIS :<br>\n<img decoding=\"async\" src=\"https:\/\/fgti-distribution.fr\/wp-content\/themes\/twentyeleven\/fiches-techniques-raymond\/description-raccords-rapides-fluides-raymond.jpg\" alt=\"Opis szybkoz\u0142\u0105czy Raymond\"><br>\nZALETY:<br>\n<ul>\n\t<li>Z\u0142\u0105czki 100% z tworzywa sztucznego dla obni\u017cenia wagi i odporno\u015bci na korozj\u0119.<\/li>\n\t<li>Zgodny z wymogami \u015brodowiskowymi (redukcja emisji).<\/li>\n\t<li>Bardzo kompaktowy i \u0142atwy w u\u017cyciu.<\/li>\n\t<li>Poprawia produktywno\u015b\u0107 dzi\u0119ki skr\u00f3ceniu czasu monta\u017cu: brak narz\u0119dzi wymaganych w serwisie posprzeda\u017cowym.<\/li>\n\t<li>Rodzaje k\u0105t\u00f3w (0\u00b0 - 30\u00b0 - 35\u00b0 - 45\u00b0 - 55\u00b0 - 65\u00b0 - 90\u00b0 - 3-dro\u017cne), \u015brednice (od 6,3 do 56 mm), p\u0142yny (paliwo, woda, olej, powietrze i para...).<\/li>\n\t<li>Rodzaj wydajno\u015bci zale\u017cny od typu p\u0142ynu, \u015brednicy, temperatury (od -40 do +125\u00b0) i ci\u015bnienia (od -1 do +10 bar\u00f3w).<\/li>\n\t<li>Wszechstronno\u015b\u0107 naszych z\u0142\u0105czek: zintegrowane funkcje, takie jak zaw\u00f3r samozamykaj\u0105cy, zaw\u00f3r skalibrowany, zaw\u00f3r zwrotny, zaw\u00f3r z regulatorem ci\u015bnienia.<\/li>\n\t<li>Dost\u0119pne z akcesoriami do sprawdzania prawid\u0142owego po\u0142\u0105czenia.<\/li>\n<\/ul>\nNasza gama produkt\u00f3w zapewnia techniczne rozwi\u0105zanie dla wszystkich po\u0142\u0105cze\u0144 p\u0142yn\u00f3w.\n<br><\/div><\/div><\/div><\/div><\/div><\/div><\/div><\/div><!-- cell_inner --><\/div><!-- cell --><\/div><!-- port --><\/section>","protected":false},"excerpt":{"rendered":"","protected":false},"author":1,"featured_media":7592,"parent":10,"menu_order":0,"comment_status":"closed","ping_status":"closed","template":"","meta":{"footnotes":""},"class_list":["post-2207","page","type-page","status-publish","has-post-thumbnail","hentry"],"yoast_head":"<!-- This site is optimized with the Yoast SEO plugin v27.3 - https:\/\/yoast.com\/product\/yoast-seo-wordpress\/ -->\n<title>Raccords rapides pour fluides A Raymond<\/title>\n<meta name=\"description\" content=\"FGTI Distribution, sp\u00e9cialiste en solutions de fixation et assemblage et distributeur officiel A Raymond vous pr\u00e9sente les raccords rapides pour fluides A Raymond\" \/>\n<meta name=\"robots\" content=\"index, follow, max-snippet:-1, max-image-preview:large, max-video-preview:-1\" \/>\n<link rel=\"canonical\" href=\"https:\/\/fgti-distribution.fr\/pl\/mocowanie-araymond\/szybkozlaczki-raymond\/\" \/>\n<meta property=\"og:locale\" content=\"pl_PL\" \/>\n<meta property=\"og:type\" content=\"article\" \/>\n<meta property=\"og:title\" content=\"Raccords rapides pour fluides A Raymond\" \/>\n<meta property=\"og:description\" content=\"FGTI Distribution, sp\u00e9cialiste en solutions de fixation et assemblage et distributeur officiel A Raymond vous pr\u00e9sente les raccords rapides pour fluides A Raymond\" \/>\n<meta property=\"og:url\" content=\"https:\/\/fgti-distribution.fr\/pl\/mocowanie-araymond\/szybkozlaczki-raymond\/\" \/>\n<meta property=\"og:site_name\" content=\"FGTI Distribution\" \/>\n<meta property=\"article:modified_time\" content=\"2025-01-28T15:39:04+00:00\" \/>\n<meta property=\"og:image\" content=\"https:\/\/fgti-distribution.fr\/wp-content\/uploads\/2023\/02\/fixation-raccords-rapides.jpg\" \/>\n\t<meta property=\"og:image:width\" content=\"1600\" \/>\n\t<meta property=\"og:image:height\" content=\"430\" \/>\n\t<meta property=\"og:image:type\" content=\"image\/jpeg\" \/>\n<meta name=\"twitter:card\" content=\"summary_large_image\" \/>\n<meta name=\"twitter:label1\" content=\"Est. reading time\" \/>\n\t<meta name=\"twitter:data1\" content=\"1 minuta\" \/>\n<script type=\"application\/ld+json\" class=\"yoast-schema-graph\">{\"@context\":\"https:\\\/\\\/schema.org\",\"@graph\":[{\"@type\":\"WebPage\",\"@id\":\"https:\\\/\\\/fgti-distribution.fr\\\/fixation-araymond\\\/raccords-rapides-raymond\\\/\",\"url\":\"https:\\\/\\\/fgti-distribution.fr\\\/fixation-araymond\\\/raccords-rapides-raymond\\\/\",\"name\":\"Raccords rapides pour fluides A Raymond\",\"isPartOf\":{\"@id\":\"https:\\\/\\\/fgti-distribution.fr\\\/#website\"},\"primaryImageOfPage\":{\"@id\":\"https:\\\/\\\/fgti-distribution.fr\\\/fixation-araymond\\\/raccords-rapides-raymond\\\/#primaryimage\"},\"image\":{\"@id\":\"https:\\\/\\\/fgti-distribution.fr\\\/fixation-araymond\\\/raccords-rapides-raymond\\\/#primaryimage\"},\"thumbnailUrl\":\"https:\\\/\\\/fgti-distribution.fr\\\/wp-content\\\/uploads\\\/2023\\\/02\\\/fixation-raccords-rapides.jpg\",\"datePublished\":\"2014-01-17T16:52:10+00:00\",\"dateModified\":\"2025-01-28T15:39:04+00:00\",\"description\":\"FGTI Distribution, sp\u00e9cialiste en solutions de fixation et assemblage et distributeur officiel A Raymond vous pr\u00e9sente les raccords rapides pour fluides A Raymond\",\"breadcrumb\":{\"@id\":\"https:\\\/\\\/fgti-distribution.fr\\\/fixation-araymond\\\/raccords-rapides-raymond\\\/#breadcrumb\"},\"inLanguage\":\"pl-PL\",\"potentialAction\":[{\"@type\":\"ReadAction\",\"target\":[\"https:\\\/\\\/fgti-distribution.fr\\\/fixation-araymond\\\/raccords-rapides-raymond\\\/\"]}]},{\"@type\":\"ImageObject\",\"inLanguage\":\"pl-PL\",\"@id\":\"https:\\\/\\\/fgti-distribution.fr\\\/fixation-araymond\\\/raccords-rapides-raymond\\\/#primaryimage\",\"url\":\"https:\\\/\\\/fgti-distribution.fr\\\/wp-content\\\/uploads\\\/2023\\\/02\\\/fixation-raccords-rapides.jpg\",\"contentUrl\":\"https:\\\/\\\/fgti-distribution.fr\\\/wp-content\\\/uploads\\\/2023\\\/02\\\/fixation-raccords-rapides.jpg\",\"width\":1600,\"height\":430,\"caption\":\"fixation raccords rapides\"},{\"@type\":\"BreadcrumbList\",\"@id\":\"https:\\\/\\\/fgti-distribution.fr\\\/fixation-araymond\\\/raccords-rapides-raymond\\\/#breadcrumb\",\"itemListElement\":[{\"@type\":\"ListItem\",\"position\":1,\"name\":\"Home\",\"item\":\"https:\\\/\\\/fgti-distribution.fr\\\/\"},{\"@type\":\"ListItem\",\"position\":2,\"name\":\"Fixations ARaymond\",\"item\":\"https:\\\/\\\/fgti-distribution.fr\\\/fixation-araymond\\\/\"},{\"@type\":\"ListItem\",\"position\":3,\"name\":\"Raccord rapide A Raymond\"}]},{\"@type\":\"WebSite\",\"@id\":\"https:\\\/\\\/fgti-distribution.fr\\\/#website\",\"url\":\"https:\\\/\\\/fgti-distribution.fr\\\/\",\"name\":\"FGTI Distribution\",\"description\":\"Pi\u00e8ces techniques et services \u00e0 forte valeur ajout\u00e9e\",\"publisher\":{\"@id\":\"https:\\\/\\\/fgti-distribution.fr\\\/#organization\"},\"alternateName\":\"FGTI Distribution\",\"potentialAction\":[{\"@type\":\"SearchAction\",\"target\":{\"@type\":\"EntryPoint\",\"urlTemplate\":\"https:\\\/\\\/fgti-distribution.fr\\\/?s={search_term_string}\"},\"query-input\":{\"@type\":\"PropertyValueSpecification\",\"valueRequired\":true,\"valueName\":\"search_term_string\"}}],\"inLanguage\":\"pl-PL\"},{\"@type\":\"Organization\",\"@id\":\"https:\\\/\\\/fgti-distribution.fr\\\/#organization\",\"name\":\"FGTI Distribution\",\"alternateName\":\"FGTI Distribution\",\"url\":\"https:\\\/\\\/fgti-distribution.fr\\\/\",\"logo\":{\"@type\":\"ImageObject\",\"inLanguage\":\"pl-PL\",\"@id\":\"https:\\\/\\\/fgti-distribution.fr\\\/#\\\/schema\\\/logo\\\/image\\\/\",\"url\":\"https:\\\/\\\/fgti-distribution.fr\\\/wp-content\\\/uploads\\\/2022\\\/12\\\/logo.png\",\"contentUrl\":\"https:\\\/\\\/fgti-distribution.fr\\\/wp-content\\\/uploads\\\/2022\\\/12\\\/logo.png\",\"width\":500,\"height\":228,\"caption\":\"FGTI Distribution\"},\"image\":{\"@id\":\"https:\\\/\\\/fgti-distribution.fr\\\/#\\\/schema\\\/logo\\\/image\\\/\"},\"sameAs\":[\"https:\\\/\\\/www.linkedin.com\\\/company\\\/fgti-distribution\\\/\"]}]}<\/script>\n<!-- \/ Yoast SEO plugin. -->","yoast_head_json":{"title":"Szybkoz\u0142\u0105czki do p\u0142yn\u00f3w A Raymond","description":"FGTI Distribution, specjalista w rozwi\u0105zaniach mocowa\u0144 i monta\u017cu oraz oficjalny dystrybutor A Raymond przedstawia szybkoz\u0142\u0105czki do p\u0142yn\u00f3w A Raymond","robots":{"index":"index","follow":"follow","max-snippet":"max-snippet:-1","max-image-preview":"max-image-preview:large","max-video-preview":"max-video-preview:-1"},"canonical":"https:\/\/fgti-distribution.fr\/pl\/mocowanie-araymond\/szybkozlaczki-raymond\/","og_locale":"pl_PL","og_type":"article","og_title":"Raccords rapides pour fluides A Raymond","og_description":"FGTI Distribution, sp\u00e9cialiste en solutions de fixation et assemblage et distributeur officiel A Raymond vous pr\u00e9sente les raccords rapides pour fluides A Raymond","og_url":"https:\/\/fgti-distribution.fr\/pl\/mocowanie-araymond\/szybkozlaczki-raymond\/","og_site_name":"FGTI Distribution","article_modified_time":"2025-01-28T15:39:04+00:00","og_image":[{"width":1600,"height":430,"url":"https:\/\/fgti-distribution.fr\/wp-content\/uploads\/2023\/02\/fixation-raccords-rapides.jpg","type":"image\/jpeg"}],"twitter_card":"summary_large_image","twitter_misc":{"Est. reading time":"1 minuta"},"schema":{"@context":"https:\/\/schema.org","@graph":[{"@type":"WebPage","@id":"https:\/\/fgti-distribution.fr\/fixation-araymond\/raccords-rapides-raymond\/","url":"https:\/\/fgti-distribution.fr\/fixation-araymond\/raccords-rapides-raymond\/","name":"Szybkoz\u0142\u0105czki do p\u0142yn\u00f3w A Raymond","isPartOf":{"@id":"https:\/\/fgti-distribution.fr\/#website"},"primaryImageOfPage":{"@id":"https:\/\/fgti-distribution.fr\/fixation-araymond\/raccords-rapides-raymond\/#primaryimage"},"image":{"@id":"https:\/\/fgti-distribution.fr\/fixation-araymond\/raccords-rapides-raymond\/#primaryimage"},"thumbnailUrl":"https:\/\/fgti-distribution.fr\/wp-content\/uploads\/2023\/02\/fixation-raccords-rapides.jpg","datePublished":"2014-01-17T16:52:10+00:00","dateModified":"2025-01-28T15:39:04+00:00","description":"FGTI Distribution, specjalista w rozwi\u0105zaniach mocowa\u0144 i monta\u017cu oraz oficjalny dystrybutor A Raymond przedstawia szybkoz\u0142\u0105czki do p\u0142yn\u00f3w A Raymond","breadcrumb":{"@id":"https:\/\/fgti-distribution.fr\/fixation-araymond\/raccords-rapides-raymond\/#breadcrumb"},"inLanguage":"pl-PL","potentialAction":[{"@type":"ReadAction","target":["https:\/\/fgti-distribution.fr\/fixation-araymond\/raccords-rapides-raymond\/"]}]},{"@type":"ImageObject","inLanguage":"pl-PL","@id":"https:\/\/fgti-distribution.fr\/fixation-araymond\/raccords-rapides-raymond\/#primaryimage","url":"https:\/\/fgti-distribution.fr\/wp-content\/uploads\/2023\/02\/fixation-raccords-rapides.jpg","contentUrl":"https:\/\/fgti-distribution.fr\/wp-content\/uploads\/2023\/02\/fixation-raccords-rapides.jpg","width":1600,"height":430,"caption":"fixation raccords rapides"},{"@type":"BreadcrumbList","@id":"https:\/\/fgti-distribution.fr\/fixation-araymond\/raccords-rapides-raymond\/#breadcrumb","itemListElement":[{"@type":"ListItem","position":1,"name":"Home","item":"https:\/\/fgti-distribution.fr\/"},{"@type":"ListItem","position":2,"name":"Fixations ARaymond","item":"https:\/\/fgti-distribution.fr\/fixation-araymond\/"},{"@type":"ListItem","position":3,"name":"Raccord rapide A Raymond"}]},{"@type":"WebSite","@id":"https:\/\/fgti-distribution.fr\/#website","url":"https:\/\/fgti-distribution.fr\/","name":"Dystrybucja FGTI","description":"Cz\u0119\u015bci techniczne i us\u0142ugi o wysokiej warto\u015bci dodanej","publisher":{"@id":"https:\/\/fgti-distribution.fr\/#organization"},"alternateName":"FGTI Distribution","potentialAction":[{"@type":"SearchAction","target":{"@type":"EntryPoint","urlTemplate":"https:\/\/fgti-distribution.fr\/?s={search_term_string}"},"query-input":{"@type":"PropertyValueSpecification","valueRequired":true,"valueName":"search_term_string"}}],"inLanguage":"pl-PL"},{"@type":"Organization","@id":"https:\/\/fgti-distribution.fr\/#organization","name":"Dystrybucja FGTI","alternateName":"FGTI Distribution","url":"https:\/\/fgti-distribution.fr\/","logo":{"@type":"ImageObject","inLanguage":"pl-PL","@id":"https:\/\/fgti-distribution.fr\/#\/schema\/logo\/image\/","url":"https:\/\/fgti-distribution.fr\/wp-content\/uploads\/2022\/12\/logo.png","contentUrl":"https:\/\/fgti-distribution.fr\/wp-content\/uploads\/2022\/12\/logo.png","width":500,"height":228,"caption":"FGTI Distribution"},"image":{"@id":"https:\/\/fgti-distribution.fr\/#\/schema\/logo\/image\/"},"sameAs":["https:\/\/www.linkedin.com\/company\/fgti-distribution\/"]}]}},"_links":{"self":[{"href":"https:\/\/fgti-distribution.fr\/pl\/wp-json\/wp\/v2\/pages\/2207","targetHints":{"allow":["GET"]}}],"collection":[{"href":"https:\/\/fgti-distribution.fr\/pl\/wp-json\/wp\/v2\/pages"}],"about":[{"href":"https:\/\/fgti-distribution.fr\/pl\/wp-json\/wp\/v2\/types\/page"}],"author":[{"embeddable":true,"href":"https:\/\/fgti-distribution.fr\/pl\/wp-json\/wp\/v2\/users\/1"}],"replies":[{"embeddable":true,"href":"https:\/\/fgti-distribution.fr\/pl\/wp-json\/wp\/v2\/comments?post=2207"}],"version-history":[{"count":5,"href":"https:\/\/fgti-distribution.fr\/pl\/wp-json\/wp\/v2\/pages\/2207\/revisions"}],"predecessor-version":[{"id":9951,"href":"https:\/\/fgti-distribution.fr\/pl\/wp-json\/wp\/v2\/pages\/2207\/revisions\/9951"}],"up":[{"embeddable":true,"href":"https:\/\/fgti-distribution.fr\/pl\/wp-json\/wp\/v2\/pages\/10"}],"wp:featuredmedia":[{"embeddable":true,"href":"https:\/\/fgti-distribution.fr\/pl\/wp-json\/wp\/v2\/media\/7592"}],"wp:attachment":[{"href":"https:\/\/fgti-distribution.fr\/pl\/wp-json\/wp\/v2\/media?parent=2207"}],"curies":[{"name":"wp","href":"https:\/\/api.w.org\/{rel}","templated":true}]}}