{"id":3562,"date":"2015-12-16T09:35:03","date_gmt":"2015-12-16T09:35:03","guid":{"rendered":"https:\/\/fgti-distribution.fr\/?page_id=3562"},"modified":"2023-03-28T07:22:03","modified_gmt":"2023-03-28T07:22:03","slug":"supports-tubes-a-clipper-dans-un-trou-a-diametres-variables","status":"publish","type":"page","link":"https:\/\/fgti-distribution.fr\/pl\/fixation-araymond\/supports-tubes-a-clipper-dans-un-trou-a-diametres-variables\/","title":{"rendered":"Support tube \u00e0 clipper dans un trou \u00e0 diam\u00e8tres variables"},"content":{"rendered":"<div id=\"pl-3562\"  class=\"panel-layout\" >\n<div id=\"pg-3562-0\"  class=\"panel-grid panel-no-style\" >\n<div id=\"pgc-3562-0-0\"  class=\"panel-grid-cell\"  data-weight=\"1\" >\n<div id=\"panel-3562-0-0-0\" class=\"so-panel widget widget_text panel-first-child panel-last-child\" data-index=\"0\" data-style=\"{&quot;background_display&quot;:&quot;tile&quot;}\" >\n<div class=\"textwidget\">\n<div style=\"color: #BABABA; font-size: 12px; margin-bottom: 20px;\">FGTI-Distribution > Fixations ARaymond > Fiches techniques d\u00e9taill\u00e9es > Supports tubes \u00e0 clipper dans un trou &#8211; Diam\u00e8tres variables <\/div>\n<\/div><\/div>\n<\/div>\n<\/div>\n<div id=\"pg-3562-1\"  class=\"panel-grid panel-has-style\"  data-style=\"{&quot;row_css&quot;:&quot;border-top: 1px solid #ddd;&quot;,&quot;background_display&quot;:&quot;tile&quot;}\" >\n<div class=\"panel-row-style panel-row-style-for-3562-1\" >\n<div id=\"pgc-3562-1-0\"  class=\"panel-grid-cell\"  data-weight=\"0.7\" >\n<div id=\"panel-3562-1-0-0\" class=\"so-panel widget widget_text panel-first-child panel-last-child\" data-index=\"1\" data-style=\"{&quot;background_display&quot;:&quot;tile&quot;}\" >\n<div class=\"textwidget\"><a style=\"border: 0 none;\" href=\"https:\/\/fgti-distribution.fr\/FGTI_images\/FGTI-Distribution-supports-tubes-a-clipper-dans-un-trou-a-diametres-variables.pdf\" target=\"_blank\" rel=\"noopener\"><img decoding=\"async\" src=\"https:\/\/fgti-distribution.fr\/FGTI_images\/pdficon_large.png\" alt=\"\" \/><\/a><\/p>\n<h1 style=\"text-transform: none;\"><span style=\"color: #e82c2e; font-weight: bold; font-size: 20px;\">Wsporniki rur<\/span> Support tube \u00e0 clipper dans un trou \u00e0 diam\u00e8tres variables <\/h1>\n<\/div><\/div>\n<\/div>\n<div id=\"pgc-3562-1-1\"  class=\"panel-grid-cell\"  data-weight=\"0.3\" >\n<div id=\"panel-3562-1-1-0\" class=\"so-panel widget widget_text panel-first-child panel-last-child\" data-index=\"2\" data-style=\"{&quot;background_display&quot;:&quot;tile&quot;}\" >\n<div class=\"textwidget\">\n<div style=\"text-align: right; font-size: 10px; padding: 0;\"><img decoding=\"async\" src=\"https:\/\/fgti-distribution.fr\/FGTI_images\/dans-trou.jpg\" alt=\"lani\u00e8res \u00e0 monter dans un trou\" \/><\/p>\n<h2 style=\"font-size: 10px;\">W dziurze<\/h2>\n<\/div>\n<\/div><\/div>\n<\/div>\n<\/div>\n<\/div>\n<div id=\"pg-3562-2\"  class=\"panel-grid panel-has-style\"  data-style=\"{&quot;row_css&quot;:&quot;border-top: 1px solid #ddd;&quot;,&quot;background_display&quot;:&quot;tile&quot;}\" >\n<div class=\"panel-row-style panel-row-style-for-3562-2\" >\n<div id=\"pgc-3562-2-0\"  class=\"panel-grid-cell\"  data-weight=\"0.5\" >\n<div id=\"panel-3562-2-0-0\" class=\"so-panel widget widget_text panel-first-child panel-last-child\" data-index=\"3\" data-style=\"{&quot;background_display&quot;:&quot;tile&quot;}\" >\n<div class=\"textwidget\"><img decoding=\"async\" src=\"https:\/\/fgti-distribution.fr\/FGTI_images\/supports-tubes-a-clipper-dans-un-trou-a-diametres-variables.jpg\" alt=\"support tube a clipper dans un trou Diam\u00e8tres variables\" \/><\/div>\n<\/p><\/div>\n<\/div>\n<div id=\"pgc-3562-2-1\"  class=\"panel-grid-cell\"  data-weight=\"0.5\" >\n<div id=\"panel-3562-2-1-0\" class=\"so-panel widget widget_text panel-first-child panel-last-child\" data-index=\"4\" data-style=\"{&quot;background_display&quot;:&quot;tile&quot;}\" >\n<div class=\"textwidget\"><img decoding=\"async\" src=\"https:\/\/fgti-distribution.fr\/FGTI_images\/supports-tubes-a-clipper-dans-un-trou-a-diametres-variables-schema.jpg\" alt=\"support tube a clipper dans un trou Diam\u00e8tres variables\" \/><\/div>\n<\/p><\/div>\n<\/div>\n<\/div>\n<\/div>\n<div id=\"pg-3562-3\"  class=\"panel-grid panel-has-style\"  data-style=\"{&quot;row_css&quot;:&quot;border-top: 1px solid #ddd;&quot;,&quot;background_display&quot;:&quot;tile&quot;}\" >\n<div class=\"panel-row-style panel-row-style-for-3562-3\" >\n<div id=\"pgc-3562-3-0\"  class=\"panel-grid-cell\"  data-weight=\"1\" >\n<div id=\"panel-3562-3-0-0\" class=\"so-panel widget widget_text panel-first-child panel-last-child\" data-index=\"5\" data-style=\"{&quot;background_display&quot;:&quot;tile&quot;}\" >\n<div class=\"textwidget\">     Pour fixer des c\u00e2bles\/ tubes sur un panneau perc\u00e9<br \/>\n    Pour c\u00e2bles\/ tubes \u00e0 diam\u00e8tres variables<br \/>\n    Avec diff\u00e9rents syst\u00e8mes d&rsquo;ancrage adaptables \u00e0 diff\u00e9rentes \u00e9paisseurs de panneaux<\/p>\n<h3>Dimensions &#8211; Support tube \u00e0 clipper dans un trou &#8211; A diam\u00e8tres variables<\/h3>\n<p>\n<img decoding=\"async\" src=\"https:\/\/fgti-distribution.fr\/FGTI_images\/supports-tubes-a-clipper-dans-un-trou-a-diametres-variables-dimensions.jpg\" alt=\"dimensions support tube \u00e0 clipper dans un trou \u00e0 diam\u00e8tres variables sch\u00e9ma\" \/><\/p>\n<div style=\"vertical-align: top; text-align: center; font-size: 10px;\">Wszystkie wymiary podano w mm, k\u0105ty w stopniach. Inne wymiary \/ warianty dost\u0119pne na \u017c\u0105danie.<\/div>\n<\/div><\/div>\n<\/div>\n<\/div>\n<\/div>\n<div id=\"pg-3562-4\"  class=\"panel-grid panel-has-style\"  data-style=\"{&quot;row_css&quot;:&quot;border-top: 1px solid #ddd;&quot;,&quot;background_display&quot;:&quot;tile&quot;}\" >\n<div class=\"panel-row-style panel-row-style-for-3562-4\" >\n<div id=\"pgc-3562-4-0\"  class=\"panel-grid-cell\"  data-weight=\"1\" >\n<div id=\"panel-3562-4-0-0\" class=\"so-panel widget widget_text panel-first-child panel-last-child\" data-index=\"6\" data-style=\"{&quot;background_display&quot;:&quot;tile&quot;}\" >\n<div class=\"textwidget\"><span style=\"color: #E82C2E; font-size: 20px;\">Vid\u00e9o :<\/span><\/p>\n<p><iframe src=\"https:\/\/player.vimeo.com\/video\/114255938\" frameborder=\"0\" webkitallowfullscreen mozallowfullscreen allowfullscreen><\/iframe><\/p>\n<p><a href=\"https:\/\/vimeo.com\/114255938\">Les supports tubes expliqu&eacute;s par ARaymond Industrial<\/a> z <a href=\"https:\/\/vimeo.com\/araymond\">Sie\u0107 ARaymond<\/a> na <a href=\"https:\/\/vimeo.com\">Vimeo<\/a>.<\/p>\n<\/div><\/div>\n<\/div>\n<\/div>\n<\/div>\n<div id=\"pg-3562-5\"  class=\"panel-grid panel-has-style\"  data-style=\"{&quot;row_css&quot;:&quot;border-top: 1px solid #ddd;&quot;,&quot;background_display&quot;:&quot;tile&quot;}\" >\n<div class=\"panel-row-style panel-row-style-for-3562-5\" >\n<div id=\"pgc-3562-5-0\"  class=\"panel-grid-cell\"  data-weight=\"1\" >\n<div id=\"panel-3562-5-0-0\" class=\"so-panel widget widget_text panel-first-child panel-last-child\" data-index=\"7\" data-style=\"{&quot;background_display&quot;:&quot;tile&quot;}\" >\n<div class=\"textwidget\"><span style=\"color: #E82C2E; font-size: 20px;\">Produkty alternatywne:<\/span><\/p>\n<\/div><\/div>\n<\/div>\n<\/div>\n<\/div>\n<div id=\"pg-3562-6\"  class=\"panel-grid panel-no-style\" >\n<div id=\"pgc-3562-6-0\"  class=\"panel-grid-cell\"  data-weight=\"0.33333333333333\" >\n<div id=\"panel-3562-6-0-0\" class=\"so-panel widget widget_text panel-first-child panel-last-child\" data-index=\"8\" data-style=\"{&quot;widget_css&quot;:&quot;text-align: center;&quot;,&quot;background_image_attachment&quot;:false,&quot;background_display&quot;:&quot;tile&quot;}\" >\n<div class=\"panel-widget-style panel-widget-style-for-3562-6-0-0\" >\n<div class=\"textwidget\"><a href=\"https:\/\/fgti-distribution.fr\/pl\/mocowanie-araymond\/supports-tubes-trou-variable-a-raymond\/\"><img decoding=\"async\" alt=\"photo supports tubes \u00e0 clipper dans un trou double variable Raymond\" src=\"https:\/\/fgti-distribution.fr\/wp-content\/themes\/twentyeleven\/fiches-techniques-raymond\/supports-tubes-trou-variable-a-raymond-FGTI-photo.jpg\">\n<\/td>\n<p><\/a><br \/>\n<a href=\"https:\/\/fgti-distribution.fr\/pl\/mocowanie-araymond\/supports-tubes-trou-variable-a-raymond\/\"><\/p>\n<h3 style=\"line-height: 24px;\">Support tube \u00e0 diam\u00e8tres variables et verrouillage automatique<\/h3>\n<p><\/a><\/div>\n<\/p><\/div>\n<\/div>\n<\/div>\n<div id=\"pgc-3562-6-1\"  class=\"panel-grid-cell panel-grid-cell-empty panel-grid-cell-mobile-last\"  data-weight=\"0.33333333333333\" ><\/div>\n<div id=\"pgc-3562-6-2\"  class=\"panel-grid-cell panel-grid-cell-empty\"  data-weight=\"0.33333333333333\" ><\/div>\n<\/div>\n<\/div>","protected":false},"excerpt":{"rendered":"<p>FGTI-Distribution > Fixations ARaymond > Fiches techniques d\u00e9taill\u00e9es > Supports tubes \u00e0 clipper dans un trou &#8211; Diam\u00e8tres variables Supports tubes Support tube \u00e0 clipper dans un trou \u00e0 diam\u00e8tres variables Dans un trou Pour fixer des c\u00e2bles\/ tubes sur un panneau perc\u00e9 Pour c\u00e2bles\/ tubes \u00e0 diam\u00e8tres variables Avec diff\u00e9rents syst\u00e8mes d&rsquo;ancrage adaptables \u00e0&#8230;<\/p>","protected":false},"author":1,"featured_media":0,"parent":10,"menu_order":0,"comment_status":"closed","ping_status":"closed","template":"","meta":{"footnotes":""},"class_list":["post-3562","page","type-page","status-publish","hentry"],"yoast_head":"<!-- This site is optimized with the Yoast SEO plugin v27.3 - https:\/\/yoast.com\/product\/yoast-seo-wordpress\/ -->\n<title>Support tube \u00e0 clipper dans un trou \u00e0 diam\u00e8tres variables<\/title>\n<meta name=\"description\" content=\"FGTI Distribution vous propose la fiche technique d\u00e9taill\u00e9e du support tube \u00e0 clipper dans un trou \u00e0 diam\u00e8tres variables A Raymond.\" \/>\n<meta name=\"robots\" content=\"index, follow, max-snippet:-1, max-image-preview:large, max-video-preview:-1\" \/>\n<link rel=\"canonical\" href=\"https:\/\/fgti-distribution.fr\/pl\/mocowanie-araymond\/supports-tubes-a-clipper-dans-un-trou-a-diametres-variables\/\" \/>\n<meta property=\"og:locale\" content=\"pl_PL\" \/>\n<meta property=\"og:type\" content=\"article\" \/>\n<meta property=\"og:title\" content=\"Support tube \u00e0 clipper dans un trou \u00e0 diam\u00e8tres variables\" \/>\n<meta property=\"og:description\" content=\"FGTI Distribution vous propose la fiche technique d\u00e9taill\u00e9e du support tube \u00e0 clipper dans un trou \u00e0 diam\u00e8tres variables A Raymond.\" \/>\n<meta property=\"og:url\" content=\"https:\/\/fgti-distribution.fr\/pl\/mocowanie-araymond\/supports-tubes-a-clipper-dans-un-trou-a-diametres-variables\/\" \/>\n<meta property=\"og:site_name\" content=\"FGTI Distribution\" \/>\n<meta property=\"article:modified_time\" content=\"2023-03-28T07:22:03+00:00\" \/>\n<meta property=\"og:image\" content=\"https:\/\/fgti-distribution.fr\/FGTI_images\/pdficon_large.png\" \/>\n<meta name=\"twitter:card\" content=\"summary_large_image\" \/>\n<meta name=\"twitter:label1\" content=\"Est. reading time\" \/>\n\t<meta name=\"twitter:data1\" content=\"2 minuty\" \/>\n<script type=\"application\/ld+json\" class=\"yoast-schema-graph\">{\"@context\":\"https:\\\/\\\/schema.org\",\"@graph\":[{\"@type\":\"WebPage\",\"@id\":\"https:\\\/\\\/fgti-distribution.fr\\\/fixation-araymond\\\/supports-tubes-a-clipper-dans-un-trou-a-diametres-variables\\\/\",\"url\":\"https:\\\/\\\/fgti-distribution.fr\\\/fixation-araymond\\\/supports-tubes-a-clipper-dans-un-trou-a-diametres-variables\\\/\",\"name\":\"Support tube \u00e0 clipper dans un trou \u00e0 diam\u00e8tres variables\",\"isPartOf\":{\"@id\":\"https:\\\/\\\/fgti-distribution.fr\\\/#website\"},\"primaryImageOfPage\":{\"@id\":\"https:\\\/\\\/fgti-distribution.fr\\\/fixation-araymond\\\/supports-tubes-a-clipper-dans-un-trou-a-diametres-variables\\\/#primaryimage\"},\"image\":{\"@id\":\"https:\\\/\\\/fgti-distribution.fr\\\/fixation-araymond\\\/supports-tubes-a-clipper-dans-un-trou-a-diametres-variables\\\/#primaryimage\"},\"thumbnailUrl\":\"https:\\\/\\\/fgti-distribution.fr\\\/FGTI_images\\\/pdficon_large.png\",\"datePublished\":\"2015-12-16T09:35:03+00:00\",\"dateModified\":\"2023-03-28T07:22:03+00:00\",\"description\":\"FGTI Distribution vous propose la fiche technique d\u00e9taill\u00e9e du support tube \u00e0 clipper dans un trou \u00e0 diam\u00e8tres variables A Raymond.\",\"breadcrumb\":{\"@id\":\"https:\\\/\\\/fgti-distribution.fr\\\/fixation-araymond\\\/supports-tubes-a-clipper-dans-un-trou-a-diametres-variables\\\/#breadcrumb\"},\"inLanguage\":\"pl-PL\",\"potentialAction\":[{\"@type\":\"ReadAction\",\"target\":[\"https:\\\/\\\/fgti-distribution.fr\\\/fixation-araymond\\\/supports-tubes-a-clipper-dans-un-trou-a-diametres-variables\\\/\"]}]},{\"@type\":\"ImageObject\",\"inLanguage\":\"pl-PL\",\"@id\":\"https:\\\/\\\/fgti-distribution.fr\\\/fixation-araymond\\\/supports-tubes-a-clipper-dans-un-trou-a-diametres-variables\\\/#primaryimage\",\"url\":\"https:\\\/\\\/fgti-distribution.fr\\\/FGTI_images\\\/pdficon_large.png\",\"contentUrl\":\"https:\\\/\\\/fgti-distribution.fr\\\/FGTI_images\\\/pdficon_large.png\"},{\"@type\":\"BreadcrumbList\",\"@id\":\"https:\\\/\\\/fgti-distribution.fr\\\/fixation-araymond\\\/supports-tubes-a-clipper-dans-un-trou-a-diametres-variables\\\/#breadcrumb\",\"itemListElement\":[{\"@type\":\"ListItem\",\"position\":1,\"name\":\"Home\",\"item\":\"https:\\\/\\\/fgti-distribution.fr\\\/\"},{\"@type\":\"ListItem\",\"position\":2,\"name\":\"Fixations ARaymond\",\"item\":\"https:\\\/\\\/fgti-distribution.fr\\\/fixation-araymond\\\/\"},{\"@type\":\"ListItem\",\"position\":3,\"name\":\"Support tube \u00e0 clipper dans un trou \u00e0 diam\u00e8tres variables\"}]},{\"@type\":\"WebSite\",\"@id\":\"https:\\\/\\\/fgti-distribution.fr\\\/#website\",\"url\":\"https:\\\/\\\/fgti-distribution.fr\\\/\",\"name\":\"FGTI Distribution\",\"description\":\"Pi\u00e8ces techniques et services \u00e0 forte valeur ajout\u00e9e\",\"publisher\":{\"@id\":\"https:\\\/\\\/fgti-distribution.fr\\\/#organization\"},\"alternateName\":\"FGTI Distribution\",\"potentialAction\":[{\"@type\":\"SearchAction\",\"target\":{\"@type\":\"EntryPoint\",\"urlTemplate\":\"https:\\\/\\\/fgti-distribution.fr\\\/?s={search_term_string}\"},\"query-input\":{\"@type\":\"PropertyValueSpecification\",\"valueRequired\":true,\"valueName\":\"search_term_string\"}}],\"inLanguage\":\"pl-PL\"},{\"@type\":\"Organization\",\"@id\":\"https:\\\/\\\/fgti-distribution.fr\\\/#organization\",\"name\":\"FGTI Distribution\",\"alternateName\":\"FGTI Distribution\",\"url\":\"https:\\\/\\\/fgti-distribution.fr\\\/\",\"logo\":{\"@type\":\"ImageObject\",\"inLanguage\":\"pl-PL\",\"@id\":\"https:\\\/\\\/fgti-distribution.fr\\\/#\\\/schema\\\/logo\\\/image\\\/\",\"url\":\"https:\\\/\\\/fgti-distribution.fr\\\/wp-content\\\/uploads\\\/2022\\\/12\\\/logo.png\",\"contentUrl\":\"https:\\\/\\\/fgti-distribution.fr\\\/wp-content\\\/uploads\\\/2022\\\/12\\\/logo.png\",\"width\":500,\"height\":228,\"caption\":\"FGTI Distribution\"},\"image\":{\"@id\":\"https:\\\/\\\/fgti-distribution.fr\\\/#\\\/schema\\\/logo\\\/image\\\/\"},\"sameAs\":[\"https:\\\/\\\/www.linkedin.com\\\/company\\\/fgti-distribution\\\/\"]}]}<\/script>\n<!-- \/ Yoast SEO plugin. -->","yoast_head_json":{"title":"Support tube \u00e0 clipper dans un trou \u00e0 diam\u00e8tres variables","description":"FGTI Distribution vous propose la fiche technique d\u00e9taill\u00e9e du support tube \u00e0 clipper dans un trou \u00e0 diam\u00e8tres variables A Raymond.","robots":{"index":"index","follow":"follow","max-snippet":"max-snippet:-1","max-image-preview":"max-image-preview:large","max-video-preview":"max-video-preview:-1"},"canonical":"https:\/\/fgti-distribution.fr\/pl\/mocowanie-araymond\/supports-tubes-a-clipper-dans-un-trou-a-diametres-variables\/","og_locale":"pl_PL","og_type":"article","og_title":"Support tube \u00e0 clipper dans un trou \u00e0 diam\u00e8tres variables","og_description":"FGTI Distribution vous propose la fiche technique d\u00e9taill\u00e9e du support tube \u00e0 clipper dans un trou \u00e0 diam\u00e8tres variables A Raymond.","og_url":"https:\/\/fgti-distribution.fr\/pl\/mocowanie-araymond\/supports-tubes-a-clipper-dans-un-trou-a-diametres-variables\/","og_site_name":"FGTI Distribution","article_modified_time":"2023-03-28T07:22:03+00:00","og_image":[{"url":"https:\/\/fgti-distribution.fr\/FGTI_images\/pdficon_large.png","type":"","width":"","height":""}],"twitter_card":"summary_large_image","twitter_misc":{"Est. reading time":"2 minuty"},"schema":{"@context":"https:\/\/schema.org","@graph":[{"@type":"WebPage","@id":"https:\/\/fgti-distribution.fr\/fixation-araymond\/supports-tubes-a-clipper-dans-un-trou-a-diametres-variables\/","url":"https:\/\/fgti-distribution.fr\/fixation-araymond\/supports-tubes-a-clipper-dans-un-trou-a-diametres-variables\/","name":"Support tube \u00e0 clipper dans un trou \u00e0 diam\u00e8tres variables","isPartOf":{"@id":"https:\/\/fgti-distribution.fr\/#website"},"primaryImageOfPage":{"@id":"https:\/\/fgti-distribution.fr\/fixation-araymond\/supports-tubes-a-clipper-dans-un-trou-a-diametres-variables\/#primaryimage"},"image":{"@id":"https:\/\/fgti-distribution.fr\/fixation-araymond\/supports-tubes-a-clipper-dans-un-trou-a-diametres-variables\/#primaryimage"},"thumbnailUrl":"https:\/\/fgti-distribution.fr\/FGTI_images\/pdficon_large.png","datePublished":"2015-12-16T09:35:03+00:00","dateModified":"2023-03-28T07:22:03+00:00","description":"FGTI Distribution vous propose la fiche technique d\u00e9taill\u00e9e du support tube \u00e0 clipper dans un trou \u00e0 diam\u00e8tres variables A Raymond.","breadcrumb":{"@id":"https:\/\/fgti-distribution.fr\/fixation-araymond\/supports-tubes-a-clipper-dans-un-trou-a-diametres-variables\/#breadcrumb"},"inLanguage":"pl-PL","potentialAction":[{"@type":"ReadAction","target":["https:\/\/fgti-distribution.fr\/fixation-araymond\/supports-tubes-a-clipper-dans-un-trou-a-diametres-variables\/"]}]},{"@type":"ImageObject","inLanguage":"pl-PL","@id":"https:\/\/fgti-distribution.fr\/fixation-araymond\/supports-tubes-a-clipper-dans-un-trou-a-diametres-variables\/#primaryimage","url":"https:\/\/fgti-distribution.fr\/FGTI_images\/pdficon_large.png","contentUrl":"https:\/\/fgti-distribution.fr\/FGTI_images\/pdficon_large.png"},{"@type":"BreadcrumbList","@id":"https:\/\/fgti-distribution.fr\/fixation-araymond\/supports-tubes-a-clipper-dans-un-trou-a-diametres-variables\/#breadcrumb","itemListElement":[{"@type":"ListItem","position":1,"name":"Home","item":"https:\/\/fgti-distribution.fr\/"},{"@type":"ListItem","position":2,"name":"Fixations ARaymond","item":"https:\/\/fgti-distribution.fr\/fixation-araymond\/"},{"@type":"ListItem","position":3,"name":"Support tube \u00e0 clipper dans un trou \u00e0 diam\u00e8tres variables"}]},{"@type":"WebSite","@id":"https:\/\/fgti-distribution.fr\/#website","url":"https:\/\/fgti-distribution.fr\/","name":"Dystrybucja FGTI","description":"Cz\u0119\u015bci techniczne i us\u0142ugi o wysokiej warto\u015bci dodanej","publisher":{"@id":"https:\/\/fgti-distribution.fr\/#organization"},"alternateName":"FGTI Distribution","potentialAction":[{"@type":"SearchAction","target":{"@type":"EntryPoint","urlTemplate":"https:\/\/fgti-distribution.fr\/?s={search_term_string}"},"query-input":{"@type":"PropertyValueSpecification","valueRequired":true,"valueName":"search_term_string"}}],"inLanguage":"pl-PL"},{"@type":"Organization","@id":"https:\/\/fgti-distribution.fr\/#organization","name":"Dystrybucja FGTI","alternateName":"FGTI Distribution","url":"https:\/\/fgti-distribution.fr\/","logo":{"@type":"ImageObject","inLanguage":"pl-PL","@id":"https:\/\/fgti-distribution.fr\/#\/schema\/logo\/image\/","url":"https:\/\/fgti-distribution.fr\/wp-content\/uploads\/2022\/12\/logo.png","contentUrl":"https:\/\/fgti-distribution.fr\/wp-content\/uploads\/2022\/12\/logo.png","width":500,"height":228,"caption":"FGTI Distribution"},"image":{"@id":"https:\/\/fgti-distribution.fr\/#\/schema\/logo\/image\/"},"sameAs":["https:\/\/www.linkedin.com\/company\/fgti-distribution\/"]}]}},"_links":{"self":[{"href":"https:\/\/fgti-distribution.fr\/pl\/wp-json\/wp\/v2\/pages\/3562","targetHints":{"allow":["GET"]}}],"collection":[{"href":"https:\/\/fgti-distribution.fr\/pl\/wp-json\/wp\/v2\/pages"}],"about":[{"href":"https:\/\/fgti-distribution.fr\/pl\/wp-json\/wp\/v2\/types\/page"}],"author":[{"embeddable":true,"href":"https:\/\/fgti-distribution.fr\/pl\/wp-json\/wp\/v2\/users\/1"}],"replies":[{"embeddable":true,"href":"https:\/\/fgti-distribution.fr\/pl\/wp-json\/wp\/v2\/comments?post=3562"}],"version-history":[{"count":1,"href":"https:\/\/fgti-distribution.fr\/pl\/wp-json\/wp\/v2\/pages\/3562\/revisions"}],"predecessor-version":[{"id":7847,"href":"https:\/\/fgti-distribution.fr\/pl\/wp-json\/wp\/v2\/pages\/3562\/revisions\/7847"}],"up":[{"embeddable":true,"href":"https:\/\/fgti-distribution.fr\/pl\/wp-json\/wp\/v2\/pages\/10"}],"wp:attachment":[{"href":"https:\/\/fgti-distribution.fr\/pl\/wp-json\/wp\/v2\/media?parent=3562"}],"curies":[{"name":"wp","href":"https:\/\/api.w.org\/{rel}","templated":true}]}}