{"id":39,"date":"2021-10-12T08:28:40","date_gmt":"2021-10-12T08:28:40","guid":{"rendered":"https:\/\/korsel.bold-themes.com\/main-demo\/?page_id=39"},"modified":"2024-02-07T13:59:34","modified_gmt":"2024-02-07T13:59:34","slug":"akta","status":"publish","type":"page","link":"https:\/\/fgti-distribution.fr\/pl\/actus\/","title":{"rendered":"Aktualno\u015bci"},"content":{"rendered":"<section id=\"bt_bb_section6a048c8cbddc1\" class=\"bt_bb_section bt_bb_layout_boxed_1400 bt_bb_vertical_align_top bt_bb_top_spacing_large bt_bb_bottom_spacing_large\"  data-bt-override-class=\"{&quot;bt_bb_top_spacing_&quot;:{&quot;current_class&quot;:&quot;bt_bb_top_spacing_large&quot;,&quot;def&quot;:&quot;large&quot;,&quot;xl&quot;:&quot;large&quot;},&quot;bt_bb_bottom_spacing_&quot;:{&quot;current_class&quot;:&quot;bt_bb_bottom_spacing_large&quot;,&quot;def&quot;:&quot;large&quot;,&quot;xl&quot;:&quot;large&quot;}}\"><div class=\"bt_bb_port\"><div class=\"bt_bb_cell\"><div class=\"bt_bb_cell_inner\"><div data-bb-version=\"4.7.6\" class=\"bt_bb_row\"  data-bt-override-class=\"{}\"><div class=\"bt_bb_row_holder\" ><div  class=\"bt_bb_column col-xxl-12 col-xl-12 col-xs-12 col-sm-12 col-md-12 col-lg-12 bt_bb_vertical_align_top bt_bb_align_left bt_bb_padding_normal\" style=\"; --column-width:12;\" data-width=\"12\" data-bt-override-class=\"{}\"><div class=\"bt_bb_column_content\"><div class=\"bt_bb_column_content_inner\"><div class=\"bt_bb_latest_posts bt_bb_columns_4 bt_bb_gap_normal bt_bb_image_shape_square\" style=\"margin: 0 30px;\"><div class=\"bt_bb_latest_posts_item\"><div class=\"bt_bb_latest_posts_item_image\"><a href=\"https:\/\/fgti-distribution.fr\/pl\/systemes-detancheite-pour-centrales-hydroelectriques\/\" target=\"_self\"><img decoding=\"async\" src=\"https:\/\/fgti-distribution.fr\/wp-content\/uploads\/2024\/06\/Capture-decran-2024-06-12-100545-640x360.png\" alt=\"Systemy uszczelniaj\u0105ce dla elektrowni wodnych\" title=\"Systemy uszczelniaj\u0105ce dla elektrowni wodnych\" \"><\/a><\/div><div class=\"bt_bb_latest_posts_item_content\"><h5 class=\"bt_bb_latest_posts_item_title\"><a href=\"https:\/\/fgti-distribution.fr\/pl\/systemes-detancheite-pour-centrales-hydroelectriques\/\" target=\"_self\">Systemy uszczelniaj\u0105ce dla elektrowni wodnych<\/a><\/h5><div class=\"bt_bb_latest_posts_item_excerpt\">Zapraszamy do odkrycia naszych system\u00f3w uszczelniaj\u0105cych na miar\u0119 dla elektrowni wodnych na nadchodz\u0105cych targach France Hydro 18 i 19 czerwca w Agen. W mi\u0119dzyczasie prezentujemy rozwi\u0105zanie uszczelniaj\u0105ce dla \u0142opat turbin Kaplana. &gt;&gt;&gt; Wi\u0119cej informacji znajdziesz na naszej stronie: Specjalistyczna gama dla elektrowni wodnych<\/div><\/div><\/div><div class=\"bt_bb_latest_posts_item\"><div class=\"bt_bb_latest_posts_item_image\"><a href=\"https:\/\/fgti-distribution.fr\/pl\/clips-et-rondelles-darret-daxe-araymond-un-maintien-securise-sans-outil-de-montage\/\" target=\"_self\"><img decoding=\"async\" src=\"https:\/\/fgti-distribution.fr\/wp-content\/uploads\/2024\/05\/Image-article-FGTI-640x512.jpg\" alt=\"Pier\u015bcienie i podk\u0142adki ustalaj\u0105ce ARaymond: bezpieczne mocowanie bez narz\u0119dzi monta\u017cowych\" title=\"Pier\u015bcienie i podk\u0142adki ustalaj\u0105ce ARaymond: bezpieczne mocowanie bez narz\u0119dzi monta\u017cowych\" \"><\/a><\/div><div class=\"bt_bb_latest_posts_item_content\"><h5 class=\"bt_bb_latest_posts_item_title\"><a href=\"https:\/\/fgti-distribution.fr\/pl\/clips-et-rondelles-darret-daxe-araymond-un-maintien-securise-sans-outil-de-montage\/\" target=\"_self\">Pier\u015bcienie i podk\u0142adki ustalaj\u0105ce ARaymond: bezpieczne mocowanie bez narz\u0119dzi monta\u017cowych<\/a><\/h5><div class=\"bt_bb_latest_posts_item_excerpt\">Zatrzaski i podk\u0142adki zabezpieczaj\u0105ce wa\u0142 to ma\u0142e, do\u015b\u0107 p\u0142askie metalowe cz\u0119\u015bci, kt\u00f3re zapobiegaj\u0105 przesuwaniu si\u0119 element\u00f3w zamontowanych na g\u0142adkim lub gwintowanym wale, nawet w przypadku wibracji lub wstrz\u0105s\u00f3w. Mog\u0105 one r\u00f3wnie\u017c s\u0142u\u017cy\u0107 na przyk\u0142ad do utrzymania \u015bruby lub nakr\u0119tki na miejscu, zanim nakr\u0119tka zostanie...<\/div><\/div><\/div><div class=\"bt_bb_latest_posts_item\"><div class=\"bt_bb_latest_posts_item_image\"><a href=\"https:\/\/fgti-distribution.fr\/pl\/certifie-iso-9001\/\" target=\"_self\"><img decoding=\"async\" src=\"https:\/\/fgti-distribution.fr\/wp-content\/uploads\/2024\/03\/Afaq_9001-640x591.jpg\" alt=\"\ud83c\udfc6 FGTI certyfikowane zgodnie z norm\u0105 ISO 9001!\" title=\"\ud83c\udfc6 FGTI certyfikowane zgodnie z norm\u0105 ISO 9001!\" \"><\/a><\/div><div class=\"bt_bb_latest_posts_item_content\"><h5 class=\"bt_bb_latest_posts_item_title\"><a href=\"https:\/\/fgti-distribution.fr\/pl\/certifie-iso-9001\/\" target=\"_self\">\ud83c\udfc6 FGTI certyfikowane zgodnie z norm\u0105 ISO 9001!<\/a><\/h5><div class=\"bt_bb_latest_posts_item_excerpt\">Z dum\u0105 informujemy, \u017ce uzyskali\u015bmy certyfikat ISO 9001 dla naszego systemu zarz\u0105dzania jako\u015bci\u0105 w handlu produktami przemys\u0142owymi. Certyfikat ten umacnia i nagradza podej\u015bcie jako\u015bciowe FGTI stosowane od lat. Jest to ukoronowanie kilku miesi\u0119cy formalizacji naszych proces\u00f3w...<\/div><\/div><\/div><div class=\"bt_bb_latest_posts_item\"><div class=\"bt_bb_latest_posts_item_image\"><a href=\"https:\/\/fgti-distribution.fr\/pl\/distributeur-historique-des-raccords-rapides-araymond-%f0%9f%8f%85\/\" target=\"_self\"><img decoding=\"async\" src=\"https:\/\/fgti-distribution.fr\/wp-content\/uploads\/2024\/02\/raccords-ARaymond.jpg\" alt=\"FGTI: historyczny dystrybutor szybkoz\u0142\u0105czek ARAYMOND \ud83c\udfc5\" title=\"FGTI: historyczny dystrybutor szybkoz\u0142\u0105czek ARAYMOND \ud83c\udfc5\" \"><\/a><\/div><div class=\"bt_bb_latest_posts_item_content\"><h5 class=\"bt_bb_latest_posts_item_title\"><a href=\"https:\/\/fgti-distribution.fr\/pl\/distributeur-historique-des-raccords-rapides-araymond-%f0%9f%8f%85\/\" target=\"_self\">FGTI: historyczny dystrybutor szybkoz\u0142\u0105czek ARAYMOND \ud83c\udfc5<\/a><\/h5><div class=\"bt_bb_latest_posts_item_excerpt\"><\/div><\/div><\/div><div class=\"bt_bb_latest_posts_item\"><div class=\"bt_bb_latest_posts_item_image\"><a href=\"https:\/\/fgti-distribution.fr\/pl\/les-serre-cables-pivotants-araymond-une-modularite-a-toute-epreuve\/\" target=\"_self\"><img decoding=\"async\" src=\"https:\/\/fgti-distribution.fr\/wp-content\/uploads\/2024\/01\/clip-pivotant-640x640.jpg\" alt=\"Obrotowe uchwyty kablowe Araymond: niezawodna modu\u0142owo\u015b\u0107!\" title=\"Obrotowe uchwyty kablowe Araymond: niezawodna modu\u0142owo\u015b\u0107!\" \"><\/a><\/div><div class=\"bt_bb_latest_posts_item_content\"><h5 class=\"bt_bb_latest_posts_item_title\"><a href=\"https:\/\/fgti-distribution.fr\/pl\/les-serre-cables-pivotants-araymond-une-modularite-a-toute-epreuve\/\" target=\"_self\">Obrotowe uchwyty kablowe Araymond: niezawodna modu\u0142owo\u015b\u0107!<\/a><\/h5><div class=\"bt_bb_latest_posts_item_excerpt\">&nbsp; Gama klips\u00f3w obrotowych ARaymond\u2122 sk\u0142ada si\u0119 z cz\u0119\u015bci m\u0119skich i \u017ce\u0144skich, kt\u00f3re mo\u017cna ze sob\u0105 \u0142\u0105czy\u0107, tworz\u0105c niestandardowe mocowania. Jest to cenna elastyczno\u015b\u0107 przy mocowaniu przewod\u00f3w, kabli i wi\u0105zek elektrycznych. Inne zalety: \u2714 szeroka gama \u015brednic i konfiguracji projektowych. \u2714 kompatybilno\u015b\u0107 z wielokierunkowymi uchwytami,...<\/div><\/div><\/div><div class=\"bt_bb_latest_posts_item\"><div class=\"bt_bb_latest_posts_item_image\"><a href=\"https:\/\/fgti-distribution.fr\/pl\/notre-partenaire-idg-demenage\/\" target=\"_self\"><img decoding=\"async\" src=\"https:\/\/fgti-distribution.fr\/wp-content\/uploads\/2023\/12\/Nouveau-batiment-IDG-640x427.jpg\" alt=\"Nasz partner IDG si\u0119 przeprowadza!\" title=\"Nasz partner IDG si\u0119 przeprowadza!\" \"><\/a><\/div><div class=\"bt_bb_latest_posts_item_content\"><h5 class=\"bt_bb_latest_posts_item_title\"><a href=\"https:\/\/fgti-distribution.fr\/pl\/notre-partenaire-idg-demenage\/\" target=\"_self\">Nasz partner IDG si\u0119 przeprowadza!<\/a><\/h5><div class=\"bt_bb_latest_posts_item_excerpt\">Aby sprosta\u0107 ci\u0105g\u0142emu rozwojowi, nasz partner IDG na koniec 2023 roku przeniesie si\u0119 do zupe\u0142nie nowego budynku.<\/div><\/div><\/div><div class=\"bt_bb_latest_posts_item\"><div class=\"bt_bb_latest_posts_item_image\"><a href=\"https:\/\/fgti-distribution.fr\/pl\/clip-bord-de-tole\/\" target=\"_self\"><img decoding=\"async\" src=\"https:\/\/fgti-distribution.fr\/wp-content\/uploads\/2023\/02\/support-tube-clip-bord-tole.jpg\" alt=\"Zaczep blaszany\" title=\"Zaczep blaszany\" \"><\/a><\/div><div class=\"bt_bb_latest_posts_item_content\"><h5 class=\"bt_bb_latest_posts_item_title\"><a href=\"https:\/\/fgti-distribution.fr\/pl\/clip-bord-de-tole\/\" target=\"_self\">Zaczep blaszany<\/a><\/h5><div class=\"bt_bb_latest_posts_item_excerpt\">Znajd\u017a wszystkie szczeg\u00f3\u0142owe karty techniczne modeli podp\u00f3rek do rur i klips\u00f3w do kraw\u0119dzi blachy metalowej lub plastikowej A Raymond.<\/div><\/div><\/div><div class=\"bt_bb_latest_posts_item\"><div class=\"bt_bb_latest_posts_item_image\"><a href=\"https:\/\/fgti-distribution.fr\/pl\/solutions-detancheite-innovantes-lindustrie-alimentaire\/\" target=\"_self\"><img decoding=\"async\" src=\"https:\/\/fgti-distribution.fr\/wp-content\/uploads\/2019\/07\/joints-etancheite-alimentaire-640x427.jpg\" alt=\"Innowacyjne rozwi\u0105zania uszczelniaj\u0105ce dla przemys\u0142u spo\u017cywczego\" title=\"Innowacyjne rozwi\u0105zania uszczelniaj\u0105ce dla przemys\u0142u spo\u017cywczego\" \"><\/a><\/div><div class=\"bt_bb_latest_posts_item_content\"><h5 class=\"bt_bb_latest_posts_item_title\"><a href=\"https:\/\/fgti-distribution.fr\/pl\/solutions-detancheite-innovantes-lindustrie-alimentaire\/\" target=\"_self\">Innowacyjne rozwi\u0105zania uszczelniaj\u0105ce dla przemys\u0142u spo\u017cywczego<\/a><\/h5><div class=\"bt_bb_latest_posts_item_excerpt\">Zdrowie konsument\u00f3w jest priorytetem w przemy\u015ble spo\u017cywczym. Z tego powodu systemy uszczelnie\u0144 w produkcji \u017cywno\u015bci musz\u0105 spe\u0142nia\u0107 bardzo specyficzne wymagania...<\/div><\/div><\/div><div class=\"bt_bb_latest_posts_item\"><div class=\"bt_bb_latest_posts_item_image\"><a href=\"https:\/\/fgti-distribution.fr\/pl\/assembler-panneaux\/\" target=\"_self\"><img decoding=\"async\" src=\"https:\/\/fgti-distribution.fr\/wp-content\/uploads\/2017\/02\/ecrous-bord-de-tole.jpg\" alt=\"Avec les \u00e9crous en U \u00e0 pincer sur bords de t\u00f4les, assembler vos panneaux devient un jeu d&rsquo;enfants !\" title=\"Avec les \u00e9crous en U \u00e0 pincer sur bords de t\u00f4les, assembler vos panneaux devient un jeu d&rsquo;enfants !\" \"><\/a><\/div><div class=\"bt_bb_latest_posts_item_content\"><h5 class=\"bt_bb_latest_posts_item_title\"><a href=\"https:\/\/fgti-distribution.fr\/pl\/assembler-panneaux\/\" target=\"_self\">Z nakr\u0119tkami naci\u0105gowymi do blachy monta\u017c paneli staje si\u0119 dziecinnie prosty!<\/a><\/h5><div class=\"bt_bb_latest_posts_item_excerpt\">Nakr\u0119tki typu U do blach ARaymond\u2122, znane r\u00f3wnie\u017c jako Speed Nuts\u00ae, s\u0105 samohamowne i gotowe do monta\u017cu z wkr\u0119tami, co zapewnia proste i szybkie po\u0142\u0105czenie paneli...<\/div><\/div><\/div><div class=\"bt_bb_latest_posts_item\"><div class=\"bt_bb_latest_posts_item_image\"><a href=\"https:\/\/fgti-distribution.fr\/pl\/agrafes-de-mise-a-la-masse\/\" target=\"_self\"><img decoding=\"async\" src=\"https:\/\/fgti-distribution.fr\/wp-content\/uploads\/2018\/05\/agrafes-mise-a-la-masse.jpg\" alt=\"Z\u0142\u0105czki uziemiaj\u0105ce ARaymond\" title=\"Z\u0142\u0105czki uziemiaj\u0105ce ARaymond\" \"><\/a><\/div><div class=\"bt_bb_latest_posts_item_content\"><h5 class=\"bt_bb_latest_posts_item_title\"><a href=\"https:\/\/fgti-distribution.fr\/pl\/agrafes-de-mise-a-la-masse\/\" target=\"_self\">Z\u0142\u0105czki uziemiaj\u0105ce ARaymond<\/a><\/h5><div class=\"bt_bb_latest_posts_item_excerpt\">Dzi\u0119ki uchwytom uziemiaj\u0105cym ARaymond, u\u0142atw proces uziemiania urz\u0105dze\u0144 elektrycznych!<\/div><\/div><\/div><div class=\"bt_bb_latest_posts_item\"><div class=\"bt_bb_latest_posts_item_image\"><a href=\"https:\/\/fgti-distribution.fr\/pl\/solutions-vos-composants-de-production-pharmaceutique\/\" target=\"_self\"><img decoding=\"async\" src=\"https:\/\/fgti-distribution.fr\/wp-content\/uploads\/2019\/03\/joints-etancheite-industrie-pharmacie-640x427.jpg\" alt=\"Pour l&rsquo;industrie pharmaceutique\" title=\"Pour l&rsquo;industrie pharmaceutique\" \"><\/a><\/div><div class=\"bt_bb_latest_posts_item_content\"><h5 class=\"bt_bb_latest_posts_item_title\"><a href=\"https:\/\/fgti-distribution.fr\/pl\/solutions-vos-composants-de-production-pharmaceutique\/\" target=\"_self\">Dla przemys\u0142u farmaceutycznego<\/a><\/h5><div class=\"bt_bb_latest_posts_item_excerpt\">Rozwi\u0105zania dla r\u00f3\u017cnorodnych komponent\u00f3w produkcji farmaceutycznej!<\/div><\/div><\/div><div class=\"bt_bb_latest_posts_item\"><div class=\"bt_bb_latest_posts_item_image\"><a href=\"https:\/\/fgti-distribution.fr\/pl\/distributeur-composites-gts\/\" target=\"_self\"><img decoding=\"async\" src=\"https:\/\/fgti-distribution.fr\/wp-content\/uploads\/2018\/06\/composites-ptfe.jpg\" alt=\"Kompozyty dla profesjonalist\u00f3w\" title=\"Kompozyty dla profesjonalist\u00f3w\" \"><\/a><\/div><div class=\"bt_bb_latest_posts_item_content\"><h5 class=\"bt_bb_latest_posts_item_title\"><a href=\"https:\/\/fgti-distribution.fr\/pl\/distributeur-composites-gts\/\" target=\"_self\">Kompozyty dla profesjonalist\u00f3w<\/a><\/h5><div class=\"bt_bb_latest_posts_item_excerpt\">FGTI Distribution jest teraz oficjalnym dystrybutorem rozwi\u0105za\u0144 GTS.<br \/><\/div><\/div><\/div><\/div><\/div><\/div><\/div><\/div><\/div><\/div><!-- cell_inner --><\/div><!-- cell --><\/div><!-- port --><\/section>","protected":false},"excerpt":{"rendered":"<p>Tutaj znajd\u0105 Pa\u0144stwo nasze daty udzia\u0142u w targach i artyku\u0142y tematyczne.<\/p>","protected":false},"author":1,"featured_media":6426,"parent":0,"menu_order":0,"comment_status":"closed","ping_status":"closed","template":"","meta":{"footnotes":""},"class_list":["post-39","page","type-page","status-publish","has-post-thumbnail","hentry"],"yoast_head":"<!-- This site is optimized with the Yoast SEO plugin v27.3 - https:\/\/yoast.com\/product\/yoast-seo-wordpress\/ -->\n<title>FGTI Distribution - Actualit\u00e9s<\/title>\n<meta name=\"description\" content=\"FGTI Distribution - Pi\u00e8ces techniques et services \u00e0 forte valeur ajout\u00e9e - D\u00e9couvrez nos dates de participation aux salons et nos articles th\u00e9matiques.\" \/>\n<meta name=\"robots\" content=\"index, follow, max-snippet:-1, max-image-preview:large, max-video-preview:-1\" \/>\n<link rel=\"canonical\" href=\"https:\/\/fgti-distribution.fr\/pl\/akta\/\" \/>\n<meta property=\"og:locale\" content=\"pl_PL\" \/>\n<meta property=\"og:type\" content=\"article\" \/>\n<meta property=\"og:title\" content=\"FGTI Distribution - Actualit\u00e9s\" \/>\n<meta property=\"og:description\" content=\"FGTI Distribution - Pi\u00e8ces techniques et services \u00e0 forte valeur ajout\u00e9e - D\u00e9couvrez nos dates de participation aux salons et nos articles th\u00e9matiques.\" \/>\n<meta property=\"og:url\" content=\"https:\/\/fgti-distribution.fr\/pl\/akta\/\" \/>\n<meta property=\"og:site_name\" content=\"FGTI Distribution\" \/>\n<meta property=\"article:modified_time\" content=\"2024-02-07T13:59:34+00:00\" \/>\n<meta property=\"og:image\" content=\"https:\/\/fgti-distribution.fr\/wp-content\/uploads\/2022\/12\/araymond1.jpg\" \/>\n\t<meta property=\"og:image:width\" content=\"1600\" \/>\n\t<meta property=\"og:image:height\" content=\"1477\" \/>\n\t<meta property=\"og:image:type\" content=\"image\/jpeg\" \/>\n<meta name=\"twitter:card\" content=\"summary_large_image\" \/>\n<meta name=\"twitter:label1\" content=\"Est. reading time\" \/>\n\t<meta name=\"twitter:data1\" content=\"1 minuta\" \/>\n<script type=\"application\/ld+json\" class=\"yoast-schema-graph\">{\"@context\":\"https:\\\/\\\/schema.org\",\"@graph\":[{\"@type\":\"WebPage\",\"@id\":\"https:\\\/\\\/fgti-distribution.fr\\\/actus\\\/\",\"url\":\"https:\\\/\\\/fgti-distribution.fr\\\/actus\\\/\",\"name\":\"FGTI Distribution - Actualit\u00e9s\",\"isPartOf\":{\"@id\":\"https:\\\/\\\/fgti-distribution.fr\\\/#website\"},\"primaryImageOfPage\":{\"@id\":\"https:\\\/\\\/fgti-distribution.fr\\\/actus\\\/#primaryimage\"},\"image\":{\"@id\":\"https:\\\/\\\/fgti-distribution.fr\\\/actus\\\/#primaryimage\"},\"thumbnailUrl\":\"https:\\\/\\\/fgti-distribution.fr\\\/wp-content\\\/uploads\\\/2022\\\/12\\\/araymond1.jpg\",\"datePublished\":\"2021-10-12T08:28:40+00:00\",\"dateModified\":\"2024-02-07T13:59:34+00:00\",\"description\":\"FGTI Distribution - Pi\u00e8ces techniques et services \u00e0 forte valeur ajout\u00e9e - D\u00e9couvrez nos dates de participation aux salons et nos articles th\u00e9matiques.\",\"breadcrumb\":{\"@id\":\"https:\\\/\\\/fgti-distribution.fr\\\/actus\\\/#breadcrumb\"},\"inLanguage\":\"pl-PL\",\"potentialAction\":[{\"@type\":\"ReadAction\",\"target\":[\"https:\\\/\\\/fgti-distribution.fr\\\/actus\\\/\"]}]},{\"@type\":\"ImageObject\",\"inLanguage\":\"pl-PL\",\"@id\":\"https:\\\/\\\/fgti-distribution.fr\\\/actus\\\/#primaryimage\",\"url\":\"https:\\\/\\\/fgti-distribution.fr\\\/wp-content\\\/uploads\\\/2022\\\/12\\\/araymond1.jpg\",\"contentUrl\":\"https:\\\/\\\/fgti-distribution.fr\\\/wp-content\\\/uploads\\\/2022\\\/12\\\/araymond1.jpg\",\"width\":1600,\"height\":1477,\"caption\":\"Fixation Araymond\"},{\"@type\":\"BreadcrumbList\",\"@id\":\"https:\\\/\\\/fgti-distribution.fr\\\/actus\\\/#breadcrumb\",\"itemListElement\":[{\"@type\":\"ListItem\",\"position\":1,\"name\":\"Home\",\"item\":\"https:\\\/\\\/fgti-distribution.fr\\\/\"},{\"@type\":\"ListItem\",\"position\":2,\"name\":\"Actualit\u00e9s\"}]},{\"@type\":\"WebSite\",\"@id\":\"https:\\\/\\\/fgti-distribution.fr\\\/#website\",\"url\":\"https:\\\/\\\/fgti-distribution.fr\\\/\",\"name\":\"FGTI Distribution\",\"description\":\"Pi\u00e8ces techniques et services \u00e0 forte valeur ajout\u00e9e\",\"publisher\":{\"@id\":\"https:\\\/\\\/fgti-distribution.fr\\\/#organization\"},\"alternateName\":\"FGTI Distribution\",\"potentialAction\":[{\"@type\":\"SearchAction\",\"target\":{\"@type\":\"EntryPoint\",\"urlTemplate\":\"https:\\\/\\\/fgti-distribution.fr\\\/?s={search_term_string}\"},\"query-input\":{\"@type\":\"PropertyValueSpecification\",\"valueRequired\":true,\"valueName\":\"search_term_string\"}}],\"inLanguage\":\"pl-PL\"},{\"@type\":\"Organization\",\"@id\":\"https:\\\/\\\/fgti-distribution.fr\\\/#organization\",\"name\":\"FGTI Distribution\",\"alternateName\":\"FGTI Distribution\",\"url\":\"https:\\\/\\\/fgti-distribution.fr\\\/\",\"logo\":{\"@type\":\"ImageObject\",\"inLanguage\":\"pl-PL\",\"@id\":\"https:\\\/\\\/fgti-distribution.fr\\\/#\\\/schema\\\/logo\\\/image\\\/\",\"url\":\"https:\\\/\\\/fgti-distribution.fr\\\/wp-content\\\/uploads\\\/2022\\\/12\\\/logo.png\",\"contentUrl\":\"https:\\\/\\\/fgti-distribution.fr\\\/wp-content\\\/uploads\\\/2022\\\/12\\\/logo.png\",\"width\":500,\"height\":228,\"caption\":\"FGTI Distribution\"},\"image\":{\"@id\":\"https:\\\/\\\/fgti-distribution.fr\\\/#\\\/schema\\\/logo\\\/image\\\/\"},\"sameAs\":[\"https:\\\/\\\/www.linkedin.com\\\/company\\\/fgti-distribution\\\/\"]}]}<\/script>\n<!-- \/ Yoast SEO plugin. -->","yoast_head_json":{"title":"FGTI Dystrybucja - Aktualno\u015bci","description":"FGTI Distribution - Cz\u0119\u015bci techniczne i us\u0142ugi o wysokiej warto\u015bci dodanej - Odkryj nasze daty uczestnictwa w targach i nasze artyku\u0142y tematyczne.","robots":{"index":"index","follow":"follow","max-snippet":"max-snippet:-1","max-image-preview":"max-image-preview:large","max-video-preview":"max-video-preview:-1"},"canonical":"https:\/\/fgti-distribution.fr\/pl\/akta\/","og_locale":"pl_PL","og_type":"article","og_title":"FGTI Distribution - Actualit\u00e9s","og_description":"FGTI Distribution - Pi\u00e8ces techniques et services \u00e0 forte valeur ajout\u00e9e - D\u00e9couvrez nos dates de participation aux salons et nos articles th\u00e9matiques.","og_url":"https:\/\/fgti-distribution.fr\/pl\/akta\/","og_site_name":"FGTI Distribution","article_modified_time":"2024-02-07T13:59:34+00:00","og_image":[{"width":1600,"height":1477,"url":"https:\/\/fgti-distribution.fr\/wp-content\/uploads\/2022\/12\/araymond1.jpg","type":"image\/jpeg"}],"twitter_card":"summary_large_image","twitter_misc":{"Est. reading time":"1 minuta"},"schema":{"@context":"https:\/\/schema.org","@graph":[{"@type":"WebPage","@id":"https:\/\/fgti-distribution.fr\/actus\/","url":"https:\/\/fgti-distribution.fr\/actus\/","name":"FGTI Dystrybucja - Aktualno\u015bci","isPartOf":{"@id":"https:\/\/fgti-distribution.fr\/#website"},"primaryImageOfPage":{"@id":"https:\/\/fgti-distribution.fr\/actus\/#primaryimage"},"image":{"@id":"https:\/\/fgti-distribution.fr\/actus\/#primaryimage"},"thumbnailUrl":"https:\/\/fgti-distribution.fr\/wp-content\/uploads\/2022\/12\/araymond1.jpg","datePublished":"2021-10-12T08:28:40+00:00","dateModified":"2024-02-07T13:59:34+00:00","description":"FGTI Distribution - Cz\u0119\u015bci techniczne i us\u0142ugi o wysokiej warto\u015bci dodanej - Odkryj nasze daty uczestnictwa w targach i nasze artyku\u0142y tematyczne.","breadcrumb":{"@id":"https:\/\/fgti-distribution.fr\/actus\/#breadcrumb"},"inLanguage":"pl-PL","potentialAction":[{"@type":"ReadAction","target":["https:\/\/fgti-distribution.fr\/actus\/"]}]},{"@type":"ImageObject","inLanguage":"pl-PL","@id":"https:\/\/fgti-distribution.fr\/actus\/#primaryimage","url":"https:\/\/fgti-distribution.fr\/wp-content\/uploads\/2022\/12\/araymond1.jpg","contentUrl":"https:\/\/fgti-distribution.fr\/wp-content\/uploads\/2022\/12\/araymond1.jpg","width":1600,"height":1477,"caption":"Fixation Araymond"},{"@type":"BreadcrumbList","@id":"https:\/\/fgti-distribution.fr\/actus\/#breadcrumb","itemListElement":[{"@type":"ListItem","position":1,"name":"Home","item":"https:\/\/fgti-distribution.fr\/"},{"@type":"ListItem","position":2,"name":"Actualit\u00e9s"}]},{"@type":"WebSite","@id":"https:\/\/fgti-distribution.fr\/#website","url":"https:\/\/fgti-distribution.fr\/","name":"Dystrybucja FGTI","description":"Cz\u0119\u015bci techniczne i us\u0142ugi o wysokiej warto\u015bci dodanej","publisher":{"@id":"https:\/\/fgti-distribution.fr\/#organization"},"alternateName":"FGTI Distribution","potentialAction":[{"@type":"SearchAction","target":{"@type":"EntryPoint","urlTemplate":"https:\/\/fgti-distribution.fr\/?s={search_term_string}"},"query-input":{"@type":"PropertyValueSpecification","valueRequired":true,"valueName":"search_term_string"}}],"inLanguage":"pl-PL"},{"@type":"Organization","@id":"https:\/\/fgti-distribution.fr\/#organization","name":"Dystrybucja FGTI","alternateName":"FGTI Distribution","url":"https:\/\/fgti-distribution.fr\/","logo":{"@type":"ImageObject","inLanguage":"pl-PL","@id":"https:\/\/fgti-distribution.fr\/#\/schema\/logo\/image\/","url":"https:\/\/fgti-distribution.fr\/wp-content\/uploads\/2022\/12\/logo.png","contentUrl":"https:\/\/fgti-distribution.fr\/wp-content\/uploads\/2022\/12\/logo.png","width":500,"height":228,"caption":"FGTI Distribution"},"image":{"@id":"https:\/\/fgti-distribution.fr\/#\/schema\/logo\/image\/"},"sameAs":["https:\/\/www.linkedin.com\/company\/fgti-distribution\/"]}]}},"_links":{"self":[{"href":"https:\/\/fgti-distribution.fr\/pl\/wp-json\/wp\/v2\/pages\/39","targetHints":{"allow":["GET"]}}],"collection":[{"href":"https:\/\/fgti-distribution.fr\/pl\/wp-json\/wp\/v2\/pages"}],"about":[{"href":"https:\/\/fgti-distribution.fr\/pl\/wp-json\/wp\/v2\/types\/page"}],"author":[{"embeddable":true,"href":"https:\/\/fgti-distribution.fr\/pl\/wp-json\/wp\/v2\/users\/1"}],"replies":[{"embeddable":true,"href":"https:\/\/fgti-distribution.fr\/pl\/wp-json\/wp\/v2\/comments?post=39"}],"version-history":[{"count":22,"href":"https:\/\/fgti-distribution.fr\/pl\/wp-json\/wp\/v2\/pages\/39\/revisions"}],"predecessor-version":[{"id":9164,"href":"https:\/\/fgti-distribution.fr\/pl\/wp-json\/wp\/v2\/pages\/39\/revisions\/9164"}],"wp:featuredmedia":[{"embeddable":true,"href":"https:\/\/fgti-distribution.fr\/pl\/wp-json\/wp\/v2\/media\/6426"}],"wp:attachment":[{"href":"https:\/\/fgti-distribution.fr\/pl\/wp-json\/wp\/v2\/media?parent=39"}],"curies":[{"name":"wp","href":"https:\/\/api.w.org\/{rel}","templated":true}]}}