{"id":5186,"date":"2019-04-24T08:40:46","date_gmt":"2019-04-24T08:40:46","guid":{"rendered":"https:\/\/fgti-distribution.fr\/?page_id=5186"},"modified":"2024-04-30T07:53:16","modified_gmt":"2024-04-30T07:53:16","slug":"oferta-dystrybucji-fgti-idg","status":"publish","type":"page","link":"https:\/\/fgti-distribution.fr\/pl\/joints-etancheite-idg\/offre-fgti-distribution-idg\/","title":{"rendered":"Oferta FGTI Dystrybucja"},"content":{"rendered":"<section id=\"bt_bb_section69f17c3a96dbb\" class=\"bt_bb_section bt_bb_layout_boxed_1200\"  data-bt-override-class=\"null\"><div class=\"bt_bb_port\"><div class=\"bt_bb_cell\"><div class=\"bt_bb_cell_inner\"><div class=\"bt_bb_row\"  data-bt-override-class=\"{}\"><div class=\"bt_bb_row_holder\" ><div  class=\"bt_bb_column col-xxl-12 col-xl-12 col-xs-12 col-sm-12 col-md-12 col-lg-12 bt_bb_vertical_align_top bt_bb_align_left bt_bb_padding_normal\" style=\"; --column-width:12;\" data-width=\"12\" data-bt-override-class=\"{}\"><div class=\"bt_bb_column_content\"><div class=\"bt_bb_column_content_inner\"><div class=\"bt_bb_raw_content\"><div style=\"color: #BABABA; font-size: 12px; margin-bottom: 20px;\">FGTI-Distribution &gt; Uszczelki &gt; Oferta FGTI Distribution  <\/div>\n<h2 style=\"font-size: 22px; vertical-align: top; font-weight: bold; border-bottom: 1px solid #58B6FE; border-top-color: white; padding-bottom: 10px; margin-bottom: 20px;\">Uszczelki: oferta FGTI Distribution<\/h2>\n<span style=\"font-size: 20px; text-transform: uppercase;\">Dziedziny zastosowa\u0144<\/span>\n<div style=\"margin: 15px 15px 15px;\">\n<h3 style=\"text-transform: none; font-weight: bold; font-size: 16px;\"><i class=\"far fa-hand-point-right\" style=\"font-size: 20px; vertical-align: text-top;\"><\/i> Systemy uszczelnie\u0144 dla przemys\u0142u, mechaniki i automatyki (np. obrabiarki, si\u0142owniki, hydraulika, pneumatyka)<\/h3>\nIDG-Dichtungstechnik oferuje szerok\u0105 gam\u0119 wysokiej jako\u015bci element\u00f3w uszczelniaj\u0105cych i system\u00f3w uszczelniaj\u0105cych statycznych lub dynamicznych (obrotowych lub przesuwnych). Aby sprosta\u0107 wymaganiom konstruktor\u00f3w maszyn, wszystkie produkty IDG s\u0105 stale rozwijane. Adaptacje profili i materia\u0142\u00f3w pozwalaj\u0105 sprosta\u0107 wyzwaniom.\n<\/div>\n<img loading=\"lazy\" decoding=\"async\" src=\"https:\/\/fgti-distribution.fr\/wp-content\/uploads\/2019\/04\/fgti-distribution-joints-etancheite-idg.jpg\" width=\"880\" height=\"200\" srcset=\"https:\/\/fgti-distribution.fr\/wp-content\/uploads\/2019\/04\/fgti-distribution-joints-etancheite-idg.jpg 880w, https:\/\/fgti-distribution.fr\/wp-content\/uploads\/2019\/04\/fgti-distribution-joints-etancheite-idg-300x68.jpg 300w, https:\/\/fgti-distribution.fr\/wp-content\/uploads\/2019\/04\/fgti-distribution-joints-etancheite-idg-768x175.jpg 768w\" sizes=\"auto, (max-width: 880px) 100vw, 880px\" alt=\"FGTI Dystrybucja uszczelnienia IDG\" class=\"so-widget-image\">\n<div style=\"margin: 15px 15px 0;\">\n<h3 style=\"text-transform: none; font-weight: bold; font-size: 16px;\"><i class=\"far fa-hand-point-right\" style=\"font-size: 20px; vertical-align: text-top;\"><\/i> Systemy uszczelniaj\u0105ce dla przemys\u0142u spo\u017cywczego (np. tuleja prowadz\u0105ca, monolityczny t\u0142ok dozuj\u0105cy aseptyczny (wynalazek IDG))<\/h3>\nW przemy\u015ble spo\u017cywczym uszczelnienia podlegaj\u0105 coraz surowszym wymogom higienicznym. Dzi\u0119ki partnerstwu z producentami maszyn dozuj\u0105cych, IDG opracowuje innowacyjne rozwi\u0105zania uszczelniaj\u0105ce, zapewniaj\u0105c tym samym idealne warunki czyszczenia z poszanowaniem obowi\u0105zuj\u0105cych przepis\u00f3w i norm.\n<\/div>\n<img decoding=\"async\" src=\"https:\/\/fgti-distribution.fr\/wp-content\/uploads\/2019\/04\/fgti-distribution-joints-etancheite-industrie-1.jpg\" width=\"880\" height=\"200\" srcset=\"https:\/\/fgti-distribution.fr\/wp-content\/uploads\/2019\/04\/fgti-distribution-joints-etancheite-industrie-1.jpg 880w, https:\/\/fgti-distribution.fr\/wp-content\/uploads\/2019\/04\/fgti-distribution-joints-etancheite-industrie-1-300x68.jpg 300w, https:\/\/fgti-distribution.fr\/wp-content\/uploads\/2019\/04\/fgti-distribution-joints-etancheite-industrie-1-768x175.jpg 768w\" sizes=\"auto, (max-width: 880px) 100vw, 880px\" alt=\"Przeguby uszczelniaj\u0105ce FGTI w przemy\u015ble\" loading=\"lazy\" class=\"so-widget-image\">\n<div style=\"margin: 15px 15px 0;\">\n<h3 style=\"text-transform: none; font-weight: bold; font-size: 16px;\"><i class=\"far fa-hand-point-right\" style=\"font-size: 20px; vertical-align: text-top;\"><\/i> Systemy uszczelnie\u0144 dla przemys\u0142u hydroenergetycznego (np. zawory, pier\u015bcienie obrotowe, \u0142opatki Kaplana, wtryskiwacze Peltona) <\/h3>\nUszczelnienia i systemy uszczelniaj\u0105ce IDG opracowane do elektrowni wodnych spe\u0142niaj\u0105 bardzo specyficzne wymagania dotycz\u0105ce \u015bcierania, ci\u015bnienia, kawitacji, ekscentryczno\u015bci itp.\n<\/div>\n<img decoding=\"async\" src=\"https:\/\/fgti-distribution.fr\/wp-content\/uploads\/2019\/04\/fgti-distribution-joints-etancheite-industrie-electrique.jpg\" width=\"880\" height=\"200\" srcset=\"https:\/\/fgti-distribution.fr\/wp-content\/uploads\/2019\/04\/fgti-distribution-joints-etancheite-industrie-electrique.jpg 880w, https:\/\/fgti-distribution.fr\/wp-content\/uploads\/2019\/04\/fgti-distribution-joints-etancheite-industrie-electrique-300x68.jpg 300w, https:\/\/fgti-distribution.fr\/wp-content\/uploads\/2019\/04\/fgti-distribution-joints-etancheite-industrie-electrique-768x175.jpg 768w\" sizes=\"auto, (max-width: 880px) 100vw, 880px\" alt=\"FGTI Dystrybucja z\u0142\u0105czek uszczelniaj\u0105cych przemys\u0142 elektryczny\" loading=\"lazy\" class=\"so-widget-image\">\n<div style=\"margin: 15px 15px 35px;\">\n<h3 style=\"text-transform: none; font-weight: bold; font-size: 16px;\"><i class=\"far fa-hand-point-right\" style=\"font-size: 20px; vertical-align: text-top;\"><\/i> Systemy uszczelnie\u0144 dla przemys\u0142u papierniczego (np. uszczelnienia wa\u0142\u00f3w)<\/h3>\n<\/div>\n<span style=\"font-size: 20px; text-transform: uppercase; line-height: 40px;\">Materia\u0142y i produkcja<\/span>\n<ul>\n<li class=\"tiret\">Podstawy PTFE, poliuretany \u2013 wst\u0119pne napr\u0119\u017cenie elastomer\u00f3w<\/li>\n<li class=\"tiret\">Wykonawstwo \u00abna miar\u0119\u00bb z obrobionych p\u00f3\u0142fabrykat\u00f3w (bez form) od sztuki jednostkowej do ma\u0142ych serii<\/li>\n<li class=\"tiret\">\u00d8 3 do 3000 mm poprzez obr\u00f3bk\u0119, wi\u0119ksze \u015brednice poprzez spawanie<\/li>\n<li class=\"tiret\">Certyfikaty EC, FDA i 3A dla materia\u0142\u00f3w i produkt\u00f3w opracowanych dla przemys\u0142u spo\u017cywczego<\/li>\n<li class=\"tiret\">Certyfikacja ISO 9001<\/li>\n<\/ul>\n\n<span style=\"font-size: 20px; text-transform: uppercase; line-height: 40px;\">Wysokie osi\u0105gi w ekstremalnych warunkach<\/span>\n<ul>\n<li class=\"tiret\">Du\u017ce i bardzo du\u017ce \u00d8<\/li>\n<li class=\"tiret\">Agresywne \u015brodowiska: chemikalia, woda z piaskiem, mu\u0142, kamie\u0144 kot\u0142owy.<\/li>\n<li class=\"tiret\">Bardzo wysokie temperatury<\/li>\n<li class=\"tiret\">Bardzo wysokie ci\u015bnienia<\/li>\n<li class=\"tiret\">Praca na sucho<\/li>\n<li class=\"tiret\">Wa\u017cne gry ekscentryczne<\/li>\n<\/ul>\n\n<span style=\"font-size: 20px; text-transform: uppercase; line-height: 40px;\">Zalety <\/span>\n<ul>\n<li class=\"tiret\">Standard lub pe\u0142ne dopasowanie na miar\u0119 do otoczenia: adaptacyjno\u015b\u0107 dzi\u0119ki materia\u0142owi i profilowi uszczelki do wymiar\u00f3w obudowy i warunk\u00f3w pracy<\/li>\n<li class=\"tiret\">Wyd\u0142u\u017cona \u017cywotno\u015b\u0107, d\u0142u\u017csze interwa\u0142y serwisowe, mniej przestoj\u00f3w w eksploatacji - Uznana odporno\u015b\u0107 chemiczna i termiczna, ekstremalnie niski wsp\u00f3\u0142czynnik tarcia <\/li>\n<li class=\"tiret\">Materia\u0142 obrabiany, wysoka precyzja wykonania, bez koszt\u00f3w formy<\/li>\n<li class=\"tiret\">Szczelno\u015b\u0107, trwa\u0142o\u015b\u0107, niezawodno\u015b\u0107, elastyczno\u015b\u0107, ekonomia<\/li>\n<\/ul>\n\n<span style=\"font-size: 20px; text-transform: uppercase; line-height: 40px;\">Rodzaje produkt\u00f3w:<\/span>\n\n<table  style=\"border: none;\">\n<tr  style=\"border: none;\">\n<td style=\"width:140px; border: none;\">\nUszczelka<br \/>\n- Z\u0142\u0105cze obrotowe<br \/>\n- Uszczelka translacyjna\n<\/td>\n<td style=\"width:140px; border: none;\">\n- Sta\u0142y staw<br \/>\n- Uszczelka trzonu<br \/>\n- Uszczelka t\u0142oka\n<\/td>\n<td style=\"width:140px; border: none;\">\nUszczelka si\u0142ownika<br \/>\nUszczelka \u0142opatki<br \/>\n- Uszczelka wtryskiwacza\n<\/td>\n<\/tr>\n<\/table><\/div><\/div><\/div><\/div><\/div><\/div><\/div><!-- cell_inner --><\/div><!-- cell --><\/div><!-- port --><\/section>","protected":false},"excerpt":{"rendered":"","protected":false},"author":1,"featured_media":7136,"parent":5052,"menu_order":0,"comment_status":"closed","ping_status":"closed","template":"","meta":{"footnotes":""},"class_list":["post-5186","page","type-page","status-publish","has-post-thumbnail","hentry"],"yoast_head":"<!-- This site is optimized with the Yoast SEO plugin v27.3 - https:\/\/yoast.com\/product\/yoast-seo-wordpress\/ -->\n<title>Joints d\u2019\u00e9tanch\u00e9it\u00e9 pour les professionnels : l&#039;offre FGTI Distribution<\/title>\n<meta name=\"description\" content=\"Joints d&#039;\u00e9tanch\u00e9it\u00e9 &gt; L&#039;offre FGTI Distribution. D\u00e9couvrez toutes les solutions de joints d&#039;\u00e9tanch\u00e9it\u00e9 : www.fgti-distribution.fr\" \/>\n<meta name=\"robots\" content=\"index, follow, max-snippet:-1, max-image-preview:large, max-video-preview:-1\" \/>\n<link rel=\"canonical\" href=\"https:\/\/fgti-distribution.fr\/pl\/uszczelki-uszczelniajace-idg\/oferta-dystrybucji-fgti-idg\/\" \/>\n<meta property=\"og:locale\" content=\"pl_PL\" \/>\n<meta property=\"og:type\" content=\"article\" \/>\n<meta property=\"og:title\" content=\"Joints d\u2019\u00e9tanch\u00e9it\u00e9 pour les professionnels : l&#039;offre FGTI Distribution\" \/>\n<meta property=\"og:description\" content=\"Joints d&#039;\u00e9tanch\u00e9it\u00e9 &gt; L&#039;offre FGTI Distribution. D\u00e9couvrez toutes les solutions de joints d&#039;\u00e9tanch\u00e9it\u00e9 : www.fgti-distribution.fr\" \/>\n<meta property=\"og:url\" content=\"https:\/\/fgti-distribution.fr\/pl\/uszczelki-uszczelniajace-idg\/oferta-dystrybucji-fgti-idg\/\" \/>\n<meta property=\"og:site_name\" content=\"FGTI Distribution\" \/>\n<meta property=\"article:modified_time\" content=\"2024-04-30T07:53:16+00:00\" \/>\n<meta property=\"og:image\" content=\"https:\/\/fgti-distribution.fr\/wp-content\/uploads\/2023\/02\/fgti-distrribution-offre-idg.jpg\" \/>\n\t<meta property=\"og:image:width\" content=\"1600\" \/>\n\t<meta property=\"og:image:height\" content=\"430\" \/>\n\t<meta property=\"og:image:type\" content=\"image\/jpeg\" \/>\n<meta name=\"twitter:card\" content=\"summary_large_image\" \/>\n<meta name=\"twitter:label1\" content=\"Est. reading time\" \/>\n\t<meta name=\"twitter:data1\" content=\"1 minuta\" \/>\n<script type=\"application\/ld+json\" class=\"yoast-schema-graph\">{\"@context\":\"https:\\\/\\\/schema.org\",\"@graph\":[{\"@type\":\"WebPage\",\"@id\":\"https:\\\/\\\/fgti-distribution.fr\\\/joints-etancheite-idg\\\/offre-fgti-distribution-idg\\\/\",\"url\":\"https:\\\/\\\/fgti-distribution.fr\\\/joints-etancheite-idg\\\/offre-fgti-distribution-idg\\\/\",\"name\":\"Joints d\u2019\u00e9tanch\u00e9it\u00e9 pour les professionnels : l'offre FGTI Distribution\",\"isPartOf\":{\"@id\":\"https:\\\/\\\/fgti-distribution.fr\\\/#website\"},\"primaryImageOfPage\":{\"@id\":\"https:\\\/\\\/fgti-distribution.fr\\\/joints-etancheite-idg\\\/offre-fgti-distribution-idg\\\/#primaryimage\"},\"image\":{\"@id\":\"https:\\\/\\\/fgti-distribution.fr\\\/joints-etancheite-idg\\\/offre-fgti-distribution-idg\\\/#primaryimage\"},\"thumbnailUrl\":\"https:\\\/\\\/fgti-distribution.fr\\\/wp-content\\\/uploads\\\/2023\\\/02\\\/fgti-distrribution-offre-idg.jpg\",\"datePublished\":\"2019-04-24T08:40:46+00:00\",\"dateModified\":\"2024-04-30T07:53:16+00:00\",\"description\":\"Joints d'\u00e9tanch\u00e9it\u00e9 > L'offre FGTI Distribution. D\u00e9couvrez toutes les solutions de joints d'\u00e9tanch\u00e9it\u00e9 : www.fgti-distribution.fr\",\"breadcrumb\":{\"@id\":\"https:\\\/\\\/fgti-distribution.fr\\\/joints-etancheite-idg\\\/offre-fgti-distribution-idg\\\/#breadcrumb\"},\"inLanguage\":\"pl-PL\",\"potentialAction\":[{\"@type\":\"ReadAction\",\"target\":[\"https:\\\/\\\/fgti-distribution.fr\\\/joints-etancheite-idg\\\/offre-fgti-distribution-idg\\\/\"]}]},{\"@type\":\"ImageObject\",\"inLanguage\":\"pl-PL\",\"@id\":\"https:\\\/\\\/fgti-distribution.fr\\\/joints-etancheite-idg\\\/offre-fgti-distribution-idg\\\/#primaryimage\",\"url\":\"https:\\\/\\\/fgti-distribution.fr\\\/wp-content\\\/uploads\\\/2023\\\/02\\\/fgti-distrribution-offre-idg.jpg\",\"contentUrl\":\"https:\\\/\\\/fgti-distribution.fr\\\/wp-content\\\/uploads\\\/2023\\\/02\\\/fgti-distrribution-offre-idg.jpg\",\"width\":1600,\"height\":430,\"caption\":\"fgti distrribution offre idg\"},{\"@type\":\"BreadcrumbList\",\"@id\":\"https:\\\/\\\/fgti-distribution.fr\\\/joints-etancheite-idg\\\/offre-fgti-distribution-idg\\\/#breadcrumb\",\"itemListElement\":[{\"@type\":\"ListItem\",\"position\":1,\"name\":\"Home\",\"item\":\"https:\\\/\\\/fgti-distribution.fr\\\/\"},{\"@type\":\"ListItem\",\"position\":2,\"name\":\"Joints d&rsquo;\u00e9tanch\u00e9it\u00e9 IDG\",\"item\":\"https:\\\/\\\/fgti-distribution.fr\\\/joints-etancheite-idg\\\/\"},{\"@type\":\"ListItem\",\"position\":3,\"name\":\"L&rsquo;offre FGTI Distribution\"}]},{\"@type\":\"WebSite\",\"@id\":\"https:\\\/\\\/fgti-distribution.fr\\\/#website\",\"url\":\"https:\\\/\\\/fgti-distribution.fr\\\/\",\"name\":\"FGTI Distribution\",\"description\":\"Pi\u00e8ces techniques et services \u00e0 forte valeur ajout\u00e9e\",\"publisher\":{\"@id\":\"https:\\\/\\\/fgti-distribution.fr\\\/#organization\"},\"alternateName\":\"FGTI Distribution\",\"potentialAction\":[{\"@type\":\"SearchAction\",\"target\":{\"@type\":\"EntryPoint\",\"urlTemplate\":\"https:\\\/\\\/fgti-distribution.fr\\\/?s={search_term_string}\"},\"query-input\":{\"@type\":\"PropertyValueSpecification\",\"valueRequired\":true,\"valueName\":\"search_term_string\"}}],\"inLanguage\":\"pl-PL\"},{\"@type\":\"Organization\",\"@id\":\"https:\\\/\\\/fgti-distribution.fr\\\/#organization\",\"name\":\"FGTI Distribution\",\"alternateName\":\"FGTI Distribution\",\"url\":\"https:\\\/\\\/fgti-distribution.fr\\\/\",\"logo\":{\"@type\":\"ImageObject\",\"inLanguage\":\"pl-PL\",\"@id\":\"https:\\\/\\\/fgti-distribution.fr\\\/#\\\/schema\\\/logo\\\/image\\\/\",\"url\":\"https:\\\/\\\/fgti-distribution.fr\\\/wp-content\\\/uploads\\\/2022\\\/12\\\/logo.png\",\"contentUrl\":\"https:\\\/\\\/fgti-distribution.fr\\\/wp-content\\\/uploads\\\/2022\\\/12\\\/logo.png\",\"width\":500,\"height\":228,\"caption\":\"FGTI Distribution\"},\"image\":{\"@id\":\"https:\\\/\\\/fgti-distribution.fr\\\/#\\\/schema\\\/logo\\\/image\\\/\"},\"sameAs\":[\"https:\\\/\\\/www.linkedin.com\\\/company\\\/fgti-distribution\\\/\"]}]}<\/script>\n<!-- \/ Yoast SEO plugin. -->","yoast_head_json":{"title":"Uszczelki dla profesjonalist\u00f3w: oferta FGTI Distribution","description":"Uszczelki &gt; Oferta FGTI Distribution. Odkryj wszystkie rozwi\u0105zania dotycz\u0105ce uszczelek: www.fgti-distribution.fr","robots":{"index":"index","follow":"follow","max-snippet":"max-snippet:-1","max-image-preview":"max-image-preview:large","max-video-preview":"max-video-preview:-1"},"canonical":"https:\/\/fgti-distribution.fr\/pl\/uszczelki-uszczelniajace-idg\/oferta-dystrybucji-fgti-idg\/","og_locale":"pl_PL","og_type":"article","og_title":"Joints d\u2019\u00e9tanch\u00e9it\u00e9 pour les professionnels : l'offre FGTI Distribution","og_description":"Joints d'\u00e9tanch\u00e9it\u00e9 > L'offre FGTI Distribution. D\u00e9couvrez toutes les solutions de joints d'\u00e9tanch\u00e9it\u00e9 : www.fgti-distribution.fr","og_url":"https:\/\/fgti-distribution.fr\/pl\/uszczelki-uszczelniajace-idg\/oferta-dystrybucji-fgti-idg\/","og_site_name":"FGTI Distribution","article_modified_time":"2024-04-30T07:53:16+00:00","og_image":[{"width":1600,"height":430,"url":"https:\/\/fgti-distribution.fr\/wp-content\/uploads\/2023\/02\/fgti-distrribution-offre-idg.jpg","type":"image\/jpeg"}],"twitter_card":"summary_large_image","twitter_misc":{"Est. reading time":"1 minuta"},"schema":{"@context":"https:\/\/schema.org","@graph":[{"@type":"WebPage","@id":"https:\/\/fgti-distribution.fr\/joints-etancheite-idg\/offre-fgti-distribution-idg\/","url":"https:\/\/fgti-distribution.fr\/joints-etancheite-idg\/offre-fgti-distribution-idg\/","name":"Uszczelki dla profesjonalist\u00f3w: oferta FGTI Distribution","isPartOf":{"@id":"https:\/\/fgti-distribution.fr\/#website"},"primaryImageOfPage":{"@id":"https:\/\/fgti-distribution.fr\/joints-etancheite-idg\/offre-fgti-distribution-idg\/#primaryimage"},"image":{"@id":"https:\/\/fgti-distribution.fr\/joints-etancheite-idg\/offre-fgti-distribution-idg\/#primaryimage"},"thumbnailUrl":"https:\/\/fgti-distribution.fr\/wp-content\/uploads\/2023\/02\/fgti-distrribution-offre-idg.jpg","datePublished":"2019-04-24T08:40:46+00:00","dateModified":"2024-04-30T07:53:16+00:00","description":"Uszczelki &gt; Oferta FGTI Distribution. Odkryj wszystkie rozwi\u0105zania dotycz\u0105ce uszczelek: www.fgti-distribution.fr","breadcrumb":{"@id":"https:\/\/fgti-distribution.fr\/joints-etancheite-idg\/offre-fgti-distribution-idg\/#breadcrumb"},"inLanguage":"pl-PL","potentialAction":[{"@type":"ReadAction","target":["https:\/\/fgti-distribution.fr\/joints-etancheite-idg\/offre-fgti-distribution-idg\/"]}]},{"@type":"ImageObject","inLanguage":"pl-PL","@id":"https:\/\/fgti-distribution.fr\/joints-etancheite-idg\/offre-fgti-distribution-idg\/#primaryimage","url":"https:\/\/fgti-distribution.fr\/wp-content\/uploads\/2023\/02\/fgti-distrribution-offre-idg.jpg","contentUrl":"https:\/\/fgti-distribution.fr\/wp-content\/uploads\/2023\/02\/fgti-distrribution-offre-idg.jpg","width":1600,"height":430,"caption":"fgti distrribution offre idg"},{"@type":"BreadcrumbList","@id":"https:\/\/fgti-distribution.fr\/joints-etancheite-idg\/offre-fgti-distribution-idg\/#breadcrumb","itemListElement":[{"@type":"ListItem","position":1,"name":"Home","item":"https:\/\/fgti-distribution.fr\/"},{"@type":"ListItem","position":2,"name":"Joints d&rsquo;\u00e9tanch\u00e9it\u00e9 IDG","item":"https:\/\/fgti-distribution.fr\/joints-etancheite-idg\/"},{"@type":"ListItem","position":3,"name":"L&rsquo;offre FGTI Distribution"}]},{"@type":"WebSite","@id":"https:\/\/fgti-distribution.fr\/#website","url":"https:\/\/fgti-distribution.fr\/","name":"Dystrybucja FGTI","description":"Cz\u0119\u015bci techniczne i us\u0142ugi o wysokiej warto\u015bci dodanej","publisher":{"@id":"https:\/\/fgti-distribution.fr\/#organization"},"alternateName":"FGTI Distribution","potentialAction":[{"@type":"SearchAction","target":{"@type":"EntryPoint","urlTemplate":"https:\/\/fgti-distribution.fr\/?s={search_term_string}"},"query-input":{"@type":"PropertyValueSpecification","valueRequired":true,"valueName":"search_term_string"}}],"inLanguage":"pl-PL"},{"@type":"Organization","@id":"https:\/\/fgti-distribution.fr\/#organization","name":"Dystrybucja FGTI","alternateName":"FGTI Distribution","url":"https:\/\/fgti-distribution.fr\/","logo":{"@type":"ImageObject","inLanguage":"pl-PL","@id":"https:\/\/fgti-distribution.fr\/#\/schema\/logo\/image\/","url":"https:\/\/fgti-distribution.fr\/wp-content\/uploads\/2022\/12\/logo.png","contentUrl":"https:\/\/fgti-distribution.fr\/wp-content\/uploads\/2022\/12\/logo.png","width":500,"height":228,"caption":"FGTI Distribution"},"image":{"@id":"https:\/\/fgti-distribution.fr\/#\/schema\/logo\/image\/"},"sameAs":["https:\/\/www.linkedin.com\/company\/fgti-distribution\/"]}]}},"_links":{"self":[{"href":"https:\/\/fgti-distribution.fr\/pl\/wp-json\/wp\/v2\/pages\/5186","targetHints":{"allow":["GET"]}}],"collection":[{"href":"https:\/\/fgti-distribution.fr\/pl\/wp-json\/wp\/v2\/pages"}],"about":[{"href":"https:\/\/fgti-distribution.fr\/pl\/wp-json\/wp\/v2\/types\/page"}],"author":[{"embeddable":true,"href":"https:\/\/fgti-distribution.fr\/pl\/wp-json\/wp\/v2\/users\/1"}],"replies":[{"embeddable":true,"href":"https:\/\/fgti-distribution.fr\/pl\/wp-json\/wp\/v2\/comments?post=5186"}],"version-history":[{"count":50,"href":"https:\/\/fgti-distribution.fr\/pl\/wp-json\/wp\/v2\/pages\/5186\/revisions"}],"predecessor-version":[{"id":9437,"href":"https:\/\/fgti-distribution.fr\/pl\/wp-json\/wp\/v2\/pages\/5186\/revisions\/9437"}],"up":[{"embeddable":true,"href":"https:\/\/fgti-distribution.fr\/pl\/wp-json\/wp\/v2\/pages\/5052"}],"wp:featuredmedia":[{"embeddable":true,"href":"https:\/\/fgti-distribution.fr\/pl\/wp-json\/wp\/v2\/media\/7136"}],"wp:attachment":[{"href":"https:\/\/fgti-distribution.fr\/pl\/wp-json\/wp\/v2\/media?parent=5186"}],"curies":[{"name":"wp","href":"https:\/\/api.w.org\/{rel}","templated":true}]}}