{"id":5270,"date":"2019-04-25T12:10:45","date_gmt":"2019-04-25T12:10:45","guid":{"rendered":"https:\/\/fgti-distribution.fr\/?page_id=5270"},"modified":"2024-04-30T07:56:02","modified_gmt":"2024-04-30T07:56:02","slug":"tloki-dozujace","status":"publish","type":"page","link":"https:\/\/fgti-distribution.fr\/pl\/joints-etancheite-idg\/gamme-specifique-industrie-alimentaire\/pistons-de-dosage\/","title":{"rendered":"T\u0142oki dozuj\u0105ce"},"content":{"rendered":"<section id=\"bt_bb_section69d6657a6709c\" class=\"bt_bb_section bt_bb_layout_boxed_1200\"  data-bt-override-class=\"null\"><div class=\"bt_bb_port\"><div class=\"bt_bb_cell\"><div class=\"bt_bb_cell_inner\"><div class=\"bt_bb_row\"  data-bt-override-class=\"{}\"><div class=\"bt_bb_row_holder\" ><div  class=\"bt_bb_column col-xxl-12 col-xl-12 col-xs-12 col-sm-12 col-md-12 col-lg-12 bt_bb_vertical_align_top bt_bb_align_left bt_bb_padding_normal\" style=\"; --column-width:12;\" data-width=\"12\" data-bt-override-class=\"{}\"><div class=\"bt_bb_column_content\"><div class=\"bt_bb_column_content_inner\"><div class=\"bt_bb_raw_content\"><table>\n\t<tbody><tr>\n\t\t<td style=\"width: 90%; color: #BABABA; font-size: 12px; border: 0 none;\">\n\t\t\tFGTI-Distribution &gt; Uszczelki &gt; Katalog &gt; Linia specyficzna dla przemys\u0142u spo\u017cywczego &gt; T\u0142oki dozuj\u0105ce\n\t\t<\/td>\n\t\t<td style=\"text-align: right; padding: 0; border: 0 none;\">\n\t\t\t<a href=\"https:\/\/fgti-distribution.fr\/fiches_techniques\/IDG-FGTI-Piston-de-dosage.pdf\" target=\"_blank\" rel=\"noopener\">\n\t\t\t\t<img decoding=\"async\" src=\"https:\/\/fgti-distribution.fr\/wp-content\/themes\/twentyeleven\/images\/pdficon_large.png\">\n\t\t\t<\/a>\n\t\t<\/td>\n\t<\/tr>\n<\/tbody><\/table>\n<br><br>\n<h1>T\u0142ok dozuj\u0105cy AS MANOY\u00ae z zintegrowanym systemem uszczelniaj\u0105cym<\/h1>\n\nDzi\u0119ki g\u0142adkiej i szczelnej \u015bcianie zewn\u0119trznej, t\u0142ok dozuj\u0105cy MANOY\u00ae AS spe\u0142nia kryteria higieniczne.\n<br>\nT\u0142ok dozuj\u0105cy MANOY\u00ae AS, zaprojektowany i dostosowany do szerokiej gamy zastosowa\u0144 w przemy\u015ble spo\u017cywczym, z powodzeniem stosowany jest od wielu dziesi\u0119cioleci.\n<br>\nJego zasada dzia\u0142ania, nie b\u0119d\u0105c zwi\u0105zana z konkretn\u0105 form\u0105, pozwala na dostosowanie t\u0142oka do ka\u017cdego klienta, w zale\u017cno\u015bci od specyfiki ka\u017cdego dozownika.\n<br>\n\n<img loading=\"lazy\" decoding=\"async\" src=\"https:\/\/fgti-distribution.fr\/wp-content\/uploads\/2019\/05\/piston-de-dosage.jpg\" width=\"374\" height=\"200\" srcset=\"https:\/\/fgti-distribution.fr\/wp-content\/uploads\/2019\/05\/piston-de-dosage.jpg 374w, https:\/\/fgti-distribution.fr\/wp-content\/uploads\/2019\/05\/piston-de-dosage-144x77.jpg 144w\" sizes=\"auto, (max-width: 374px) 100vw, 374px\" alt=\"T\u0142ok dozuj\u0105cy\" class=\"so-widget-image\">\n\t\n<span style=\"font-weight: bold; line-height: 35px;\">Zastosowania i charakterystyka<\/span><br>\n<ul style=\"padding-left: 30px;\">\n<li class=\"tiret\">T\u0142ok dozuj\u0105cy do p\u0142ynnych i p\u00f3\u0142p\u0142ynnych produkt\u00f3w spo\u017cywczych<\/li>\n<li class=\"tiret\">Wszystkie funkcje \u2013 pompowanie\/t\u0142oczenie, zgarnianie i uszczelnianie \u2013 zgrupowane w jednej cz\u0119\u015bci<\/li>\n<li class=\"tiret\">Zintegrowana szczelno\u015b\u0107 zapewnia ca\u0142kowicie g\u0142adk\u0105 i zamkni\u0119t\u0105 powierzchni\u0119<\/li>\n<li class=\"tiret\">Szeroki zakres zastosowa\u0144 produkt\u00f3w i temperatur<\/li>\n<li class=\"tiret\">Materia\u0142 na bazie PTFE do SIP (sterylizacji w miejscu) nie nadaje si\u0119 do dozowania silnie \u015bciernych produkt\u00f3w.<\/li>\n<li class=\"tiret\">Materia\u0142 H13 do CIP (mycie w miejscu), wysoka odporno\u015b\u0107 na \u015bcieranie, ale ograniczenie temperatury do 80\u00b0C<\/li>\n<li class=\"tiret\">Niskie tarcie dla wszystkich materia\u0142\u00f3w<\/li>\n<li class=\"tiret\">Zakres \u015brednic od 12 mm do 70 mm (wi\u0119ksze \u015brednice na \u017cyczenie)<\/li>\n<\/ul>\n<br>\n<span style=\"font-weight: bold; line-height: 35px;\">Projektowanie budynk\u00f3w dostosowanych do zautomatyzowanego sprz\u0105tania<\/span><br>\nDo cyklu czyszczenia CIP (Clean in Place) lub sterylizacji SIP (Sterilization in Place), wprowad\u017a t\u0142ok dozuj\u0105cy MANOY\u00ae AS do jego komory czyszcz\u0105cej. Komora ta powinna by\u0107 zaprojektowana tak, aby umo\u017cliwi\u0107 t\u0142okowi dozuj\u0105cemu MANOY\u00ae AS rozszerzenie si\u0119 bez napr\u0119\u017ce\u0144 wst\u0119pnych podczas wzrostu temperatury w cyklu czyszczenia (+80\u00b0C w CIP i +140\u00b0C w SIP). Po czyszczeniu, ponownie wprowad\u017a t\u0142ok dozuj\u0105cy MANOY\u00ae AS do komory dozuj\u0105cej w temperaturze zbli\u017conej do temperatury roboczej (oko\u0142o +20\u00b0C). Nie przekracza\u0107 +80\u00b0C.\n<br \/><br \/>\nNiezb\u0119dne jest fazowanie wej\u015bciowe o maksymalnym k\u0105cie 10\u00b0, aby zapewni\u0107 prawid\u0142owy powr\u00f3t do komory, zaokr\u0105gli\u0107 wszystkie naro\u017cniki. <br \/>\nPrzestrzeganie tych \u015brodk\u00f3w ostro\u017cno\u015bci podczas czyszczenia zapewni funkcjonowanie i \u017cywotno\u015b\u0107 t\u0142oka.\n\n\n<\/div><\/div><\/div><\/div><\/div><\/div><\/div><!-- cell_inner --><\/div><!-- cell --><\/div><!-- port --><\/section>","protected":false},"excerpt":{"rendered":"","protected":false},"author":1,"featured_media":0,"parent":5268,"menu_order":0,"comment_status":"closed","ping_status":"closed","template":"","meta":{"footnotes":""},"class_list":["post-5270","page","type-page","status-publish","hentry"],"yoast_head":"<!-- This site is optimized with the Yoast SEO plugin v27.3 - https:\/\/yoast.com\/product\/yoast-seo-wordpress\/ -->\n<title>FGTI Distribution- Piston de dosage \u00e0 syst\u00e8me d\u2019\u00e9tanch\u00e9it\u00e9 int\u00e9gr\u00e9e<\/title>\n<meta name=\"description\" content=\"Sp\u00e9cialement con\u00e7u et adapt\u00e9 \u00e0 une grande vari\u00e9t\u00e9 d&#039;applications, le piston de dosage MANOY AS a fait ses preuves ! N&#039;h\u00e9sitez pas \u00e0 nous consulter.\" \/>\n<meta name=\"robots\" content=\"index, follow, max-snippet:-1, max-image-preview:large, max-video-preview:-1\" \/>\n<link rel=\"canonical\" href=\"https:\/\/fgti-distribution.fr\/pl\/uszczelki-uszczelniajace-idg\/gamme-specifique-dans-lindustrie-alimentaire\/tloki-dozujace\/\" \/>\n<meta property=\"og:locale\" content=\"pl_PL\" \/>\n<meta property=\"og:type\" content=\"article\" \/>\n<meta property=\"og:title\" content=\"FGTI Distribution- Piston de dosage \u00e0 syst\u00e8me d\u2019\u00e9tanch\u00e9it\u00e9 int\u00e9gr\u00e9e\" \/>\n<meta property=\"og:description\" content=\"Sp\u00e9cialement con\u00e7u et adapt\u00e9 \u00e0 une grande vari\u00e9t\u00e9 d&#039;applications, le piston de dosage MANOY AS a fait ses preuves ! N&#039;h\u00e9sitez pas \u00e0 nous consulter.\" \/>\n<meta property=\"og:url\" content=\"https:\/\/fgti-distribution.fr\/pl\/uszczelki-uszczelniajace-idg\/gamme-specifique-dans-lindustrie-alimentaire\/tloki-dozujace\/\" \/>\n<meta property=\"og:site_name\" content=\"FGTI Distribution\" \/>\n<meta property=\"article:modified_time\" content=\"2024-04-30T07:56:02+00:00\" \/>\n<meta name=\"twitter:card\" content=\"summary_large_image\" \/>\n<meta name=\"twitter:label1\" content=\"Est. reading time\" \/>\n\t<meta name=\"twitter:data1\" content=\"1 minuta\" \/>\n<script type=\"application\/ld+json\" class=\"yoast-schema-graph\">{\"@context\":\"https:\\\/\\\/schema.org\",\"@graph\":[{\"@type\":\"WebPage\",\"@id\":\"https:\\\/\\\/fgti-distribution.fr\\\/joints-etancheite-idg\\\/gamme-specifique-industrie-alimentaire\\\/pistons-de-dosage\\\/\",\"url\":\"https:\\\/\\\/fgti-distribution.fr\\\/joints-etancheite-idg\\\/gamme-specifique-industrie-alimentaire\\\/pistons-de-dosage\\\/\",\"name\":\"FGTI Distribution- Piston de dosage \u00e0 syst\u00e8me d\u2019\u00e9tanch\u00e9it\u00e9 int\u00e9gr\u00e9e\",\"isPartOf\":{\"@id\":\"https:\\\/\\\/fgti-distribution.fr\\\/#website\"},\"datePublished\":\"2019-04-25T12:10:45+00:00\",\"dateModified\":\"2024-04-30T07:56:02+00:00\",\"description\":\"Sp\u00e9cialement con\u00e7u et adapt\u00e9 \u00e0 une grande vari\u00e9t\u00e9 d'applications, le piston de dosage MANOY AS a fait ses preuves ! N'h\u00e9sitez pas \u00e0 nous consulter.\",\"breadcrumb\":{\"@id\":\"https:\\\/\\\/fgti-distribution.fr\\\/joints-etancheite-idg\\\/gamme-specifique-industrie-alimentaire\\\/pistons-de-dosage\\\/#breadcrumb\"},\"inLanguage\":\"pl-PL\",\"potentialAction\":[{\"@type\":\"ReadAction\",\"target\":[\"https:\\\/\\\/fgti-distribution.fr\\\/joints-etancheite-idg\\\/gamme-specifique-industrie-alimentaire\\\/pistons-de-dosage\\\/\"]}]},{\"@type\":\"BreadcrumbList\",\"@id\":\"https:\\\/\\\/fgti-distribution.fr\\\/joints-etancheite-idg\\\/gamme-specifique-industrie-alimentaire\\\/pistons-de-dosage\\\/#breadcrumb\",\"itemListElement\":[{\"@type\":\"ListItem\",\"position\":1,\"name\":\"Home\",\"item\":\"https:\\\/\\\/fgti-distribution.fr\\\/\"},{\"@type\":\"ListItem\",\"position\":2,\"name\":\"Joints d&rsquo;\u00e9tanch\u00e9it\u00e9 IDG\",\"item\":\"https:\\\/\\\/fgti-distribution.fr\\\/joints-etancheite-idg\\\/\"},{\"@type\":\"ListItem\",\"position\":3,\"name\":\"Gamme sp\u00e9cifique pour l\u2019industrie alimentaire\",\"item\":\"https:\\\/\\\/fgti-distribution.fr\\\/joints-etancheite-idg\\\/gamme-specifique-industrie-alimentaire\\\/\"},{\"@type\":\"ListItem\",\"position\":4,\"name\":\"Pistons de dosage\"}]},{\"@type\":\"WebSite\",\"@id\":\"https:\\\/\\\/fgti-distribution.fr\\\/#website\",\"url\":\"https:\\\/\\\/fgti-distribution.fr\\\/\",\"name\":\"FGTI Distribution\",\"description\":\"Pi\u00e8ces techniques et services \u00e0 forte valeur ajout\u00e9e\",\"publisher\":{\"@id\":\"https:\\\/\\\/fgti-distribution.fr\\\/#organization\"},\"alternateName\":\"FGTI Distribution\",\"potentialAction\":[{\"@type\":\"SearchAction\",\"target\":{\"@type\":\"EntryPoint\",\"urlTemplate\":\"https:\\\/\\\/fgti-distribution.fr\\\/?s={search_term_string}\"},\"query-input\":{\"@type\":\"PropertyValueSpecification\",\"valueRequired\":true,\"valueName\":\"search_term_string\"}}],\"inLanguage\":\"pl-PL\"},{\"@type\":\"Organization\",\"@id\":\"https:\\\/\\\/fgti-distribution.fr\\\/#organization\",\"name\":\"FGTI Distribution\",\"alternateName\":\"FGTI Distribution\",\"url\":\"https:\\\/\\\/fgti-distribution.fr\\\/\",\"logo\":{\"@type\":\"ImageObject\",\"inLanguage\":\"pl-PL\",\"@id\":\"https:\\\/\\\/fgti-distribution.fr\\\/#\\\/schema\\\/logo\\\/image\\\/\",\"url\":\"https:\\\/\\\/fgti-distribution.fr\\\/wp-content\\\/uploads\\\/2022\\\/12\\\/logo.png\",\"contentUrl\":\"https:\\\/\\\/fgti-distribution.fr\\\/wp-content\\\/uploads\\\/2022\\\/12\\\/logo.png\",\"width\":500,\"height\":228,\"caption\":\"FGTI Distribution\"},\"image\":{\"@id\":\"https:\\\/\\\/fgti-distribution.fr\\\/#\\\/schema\\\/logo\\\/image\\\/\"},\"sameAs\":[\"https:\\\/\\\/www.linkedin.com\\\/company\\\/fgti-distribution\\\/\"]}]}<\/script>\n<!-- \/ Yoast SEO plugin. -->","yoast_head_json":{"title":"FGTI Distribution - T\u0142ok dozuj\u0105cy z zintegrowanym systemem uszczelniaj\u0105cym","description":"Specjalnie zaprojektowany i dostosowany do szerokiej gamy zastosowa\u0144, t\u0142ok dozuj\u0105cy MANOY AS sprawdzi\u0142 si\u0119! Prosimy o kontakt.","robots":{"index":"index","follow":"follow","max-snippet":"max-snippet:-1","max-image-preview":"max-image-preview:large","max-video-preview":"max-video-preview:-1"},"canonical":"https:\/\/fgti-distribution.fr\/pl\/uszczelki-uszczelniajace-idg\/gamme-specifique-dans-lindustrie-alimentaire\/tloki-dozujace\/","og_locale":"pl_PL","og_type":"article","og_title":"FGTI Distribution- Piston de dosage \u00e0 syst\u00e8me d\u2019\u00e9tanch\u00e9it\u00e9 int\u00e9gr\u00e9e","og_description":"Sp\u00e9cialement con\u00e7u et adapt\u00e9 \u00e0 une grande vari\u00e9t\u00e9 d'applications, le piston de dosage MANOY AS a fait ses preuves ! N'h\u00e9sitez pas \u00e0 nous consulter.","og_url":"https:\/\/fgti-distribution.fr\/pl\/uszczelki-uszczelniajace-idg\/gamme-specifique-dans-lindustrie-alimentaire\/tloki-dozujace\/","og_site_name":"FGTI Distribution","article_modified_time":"2024-04-30T07:56:02+00:00","twitter_card":"summary_large_image","twitter_misc":{"Est. reading time":"1 minuta"},"schema":{"@context":"https:\/\/schema.org","@graph":[{"@type":"WebPage","@id":"https:\/\/fgti-distribution.fr\/joints-etancheite-idg\/gamme-specifique-industrie-alimentaire\/pistons-de-dosage\/","url":"https:\/\/fgti-distribution.fr\/joints-etancheite-idg\/gamme-specifique-industrie-alimentaire\/pistons-de-dosage\/","name":"FGTI Distribution - T\u0142ok dozuj\u0105cy z zintegrowanym systemem uszczelniaj\u0105cym","isPartOf":{"@id":"https:\/\/fgti-distribution.fr\/#website"},"datePublished":"2019-04-25T12:10:45+00:00","dateModified":"2024-04-30T07:56:02+00:00","description":"Specjalnie zaprojektowany i dostosowany do szerokiej gamy zastosowa\u0144, t\u0142ok dozuj\u0105cy MANOY AS sprawdzi\u0142 si\u0119! Prosimy o kontakt.","breadcrumb":{"@id":"https:\/\/fgti-distribution.fr\/joints-etancheite-idg\/gamme-specifique-industrie-alimentaire\/pistons-de-dosage\/#breadcrumb"},"inLanguage":"pl-PL","potentialAction":[{"@type":"ReadAction","target":["https:\/\/fgti-distribution.fr\/joints-etancheite-idg\/gamme-specifique-industrie-alimentaire\/pistons-de-dosage\/"]}]},{"@type":"BreadcrumbList","@id":"https:\/\/fgti-distribution.fr\/joints-etancheite-idg\/gamme-specifique-industrie-alimentaire\/pistons-de-dosage\/#breadcrumb","itemListElement":[{"@type":"ListItem","position":1,"name":"Home","item":"https:\/\/fgti-distribution.fr\/"},{"@type":"ListItem","position":2,"name":"Joints d&rsquo;\u00e9tanch\u00e9it\u00e9 IDG","item":"https:\/\/fgti-distribution.fr\/joints-etancheite-idg\/"},{"@type":"ListItem","position":3,"name":"Gamme sp\u00e9cifique pour l\u2019industrie alimentaire","item":"https:\/\/fgti-distribution.fr\/joints-etancheite-idg\/gamme-specifique-industrie-alimentaire\/"},{"@type":"ListItem","position":4,"name":"Pistons de dosage"}]},{"@type":"WebSite","@id":"https:\/\/fgti-distribution.fr\/#website","url":"https:\/\/fgti-distribution.fr\/","name":"Dystrybucja FGTI","description":"Cz\u0119\u015bci techniczne i us\u0142ugi o wysokiej warto\u015bci dodanej","publisher":{"@id":"https:\/\/fgti-distribution.fr\/#organization"},"alternateName":"FGTI Distribution","potentialAction":[{"@type":"SearchAction","target":{"@type":"EntryPoint","urlTemplate":"https:\/\/fgti-distribution.fr\/?s={search_term_string}"},"query-input":{"@type":"PropertyValueSpecification","valueRequired":true,"valueName":"search_term_string"}}],"inLanguage":"pl-PL"},{"@type":"Organization","@id":"https:\/\/fgti-distribution.fr\/#organization","name":"Dystrybucja FGTI","alternateName":"FGTI Distribution","url":"https:\/\/fgti-distribution.fr\/","logo":{"@type":"ImageObject","inLanguage":"pl-PL","@id":"https:\/\/fgti-distribution.fr\/#\/schema\/logo\/image\/","url":"https:\/\/fgti-distribution.fr\/wp-content\/uploads\/2022\/12\/logo.png","contentUrl":"https:\/\/fgti-distribution.fr\/wp-content\/uploads\/2022\/12\/logo.png","width":500,"height":228,"caption":"FGTI Distribution"},"image":{"@id":"https:\/\/fgti-distribution.fr\/#\/schema\/logo\/image\/"},"sameAs":["https:\/\/www.linkedin.com\/company\/fgti-distribution\/"]}]}},"_links":{"self":[{"href":"https:\/\/fgti-distribution.fr\/pl\/wp-json\/wp\/v2\/pages\/5270","targetHints":{"allow":["GET"]}}],"collection":[{"href":"https:\/\/fgti-distribution.fr\/pl\/wp-json\/wp\/v2\/pages"}],"about":[{"href":"https:\/\/fgti-distribution.fr\/pl\/wp-json\/wp\/v2\/types\/page"}],"author":[{"embeddable":true,"href":"https:\/\/fgti-distribution.fr\/pl\/wp-json\/wp\/v2\/users\/1"}],"replies":[{"embeddable":true,"href":"https:\/\/fgti-distribution.fr\/pl\/wp-json\/wp\/v2\/comments?post=5270"}],"version-history":[{"count":33,"href":"https:\/\/fgti-distribution.fr\/pl\/wp-json\/wp\/v2\/pages\/5270\/revisions"}],"predecessor-version":[{"id":9439,"href":"https:\/\/fgti-distribution.fr\/pl\/wp-json\/wp\/v2\/pages\/5270\/revisions\/9439"}],"up":[{"embeddable":true,"href":"https:\/\/fgti-distribution.fr\/pl\/wp-json\/wp\/v2\/pages\/5268"}],"wp:attachment":[{"href":"https:\/\/fgti-distribution.fr\/pl\/wp-json\/wp\/v2\/media?parent=5270"}],"curies":[{"name":"wp","href":"https:\/\/api.w.org\/{rel}","templated":true}]}}