{"id":5366,"date":"2019-04-25T14:36:42","date_gmt":"2019-04-25T14:36:42","guid":{"rendered":"https:\/\/fgti-distribution.fr\/?page_id=5366"},"modified":"2023-07-05T12:23:10","modified_gmt":"2023-07-05T12:23:10","slug":"szczelnosc-statyczna","status":"publish","type":"page","link":"https:\/\/fgti-distribution.fr\/pl\/joints-etancheite-idg\/gamme-specifique-industrie-alimentaire\/etancheite-statique\/","title":{"rendered":"Uszczelnienie statyczne"},"content":{"rendered":"<section id=\"bt_bb_section69f15a62459ab\" class=\"bt_bb_section bt_bb_layout_boxed_1200\"  data-bt-override-class=\"null\"><div class=\"bt_bb_port\"><div class=\"bt_bb_cell\"><div class=\"bt_bb_cell_inner\"><div class=\"bt_bb_row\"  data-bt-override-class=\"{}\"><div class=\"bt_bb_row_holder\" ><div  class=\"bt_bb_column col-xxl-12 col-xl-12 col-xs-12 col-sm-12 col-md-12 col-lg-12 bt_bb_vertical_align_top bt_bb_align_left bt_bb_padding_normal\" style=\"; --column-width:12;\" data-width=\"12\" data-bt-override-class=\"{}\"><div class=\"bt_bb_column_content\"><div class=\"bt_bb_column_content_inner\"><div class=\"bt_bb_raw_content\"><div style=\"color: #BABABA; font-size: 12px; margin-bottom: 20px;\">FGTI-Distribution &gt; Uszczelki &gt; Katalog &gt; Specjalistyczne uszczelki dla przemys\u0142u spo\u017cywczego &gt; Uszczelnienia statyczne<\/div>\n<h1>Pier\u015bcie\u0144 uszczelniaj\u0105cy do przy\u0142\u0105czy higienicznych zgodnych z DIN 11864<\/h1>\n<div class=\"sow-image-container\">\n\t\t<img loading=\"lazy\" decoding=\"async\" src=\"https:\/\/fgti-distribution.fr\/wp-content\/uploads\/2019\/05\/etancheite-statique.jpg\" width=\"698\" height=\"147\" srcset=\"https:\/\/fgti-distribution.fr\/wp-content\/uploads\/2019\/05\/etancheite-statique.jpg 698w, https:\/\/fgti-distribution.fr\/wp-content\/uploads\/2019\/05\/etancheite-statique-300x63.jpg 300w\" sizes=\"auto, (max-width: 698px) 100vw, 698px\" alt=\"Uszczelnienie statyczne\" class=\"so-widget-image\">\n\t<\/div>\n<br \/><br \/>\n<span style=\"font-weight: bold; line-height: 35px;\">Wodoszczelno\u015b\u0107 i cechy<\/span><br \/>\nOdkszta\u0142cenie tego uszczelnienia statycznego w obudowie zapewnia szczelno\u015b\u0107. Ten typ uszczelnienia nadaje si\u0119 do wszystkich automatycznych i r\u0119cznych proces\u00f3w czyszczenia.\n<br \/>\n<ul>\n<li class=\"tiret\">Powierzchnie ca\u0142kowicie zamkni\u0119te bez szczelin<\/li>\n<li class=\"tiret\">\u0141atwo czyszcz\u0105ca powierzchnia<\/li>\n<li class=\"tiret\">Du\u017ce zakresy ci\u015bnie\u0144 i temperatur<\/li>\n<li class=\"tiret\">Nadaje si\u0119 do wi\u0119kszo\u015bci produkt\u00f3w p\u0142ynnych, pastowatych i gazowych<\/li>\n<li class=\"tiret\">\u0141atwy monta\u017c\/demonta\u017c<\/li>\n<\/ul>\n<br \/>\n<span style=\"font-weight: bold; line-height: 35px;\">Aplikacje<\/span><br \/>\nW przemy\u015ble spo\u017cywczym mocowanie rur i ko\u0142nierzy jest wra\u017cliwym punktem pod wzgl\u0119dem szczelno\u015bci. Norma DIN 11864 reguluje definicj\u0119 z\u0142\u0105czy aseptycznych.\n<br \/><br \/>\nNorma ta pozwala r\u00f3wnie\u017c na wykorzystanie geometrii i wymiar\u00f3w rowk\u00f3w dla \u015brednic rur lub ko\u0142nierzy, niezale\u017cnie od wymiar\u00f3w nominalnych.\n<br \/><br \/><\/div><\/div><\/div><\/div><\/div><\/div><\/div><!-- cell_inner --><\/div><!-- cell --><\/div><!-- port --><\/section>","protected":false},"excerpt":{"rendered":"","protected":false},"author":1,"featured_media":0,"parent":5268,"menu_order":0,"comment_status":"closed","ping_status":"closed","template":"","meta":{"footnotes":""},"class_list":["post-5366","page","type-page","status-publish","hentry"],"yoast_head":"<!-- This site is optimized with the Yoast SEO plugin v27.3 - https:\/\/yoast.com\/product\/yoast-seo-wordpress\/ -->\n<title>Etanch\u00e9it\u00e9 statique : gamme sp\u00e9cifique pour l\u2019industrie alimentaire<\/title>\n<meta name=\"description\" content=\"FGTI Distribution, sp\u00e9cialiste en solutions d\u2019\u00e9tanch\u00e9it\u00e9 statique et distributeur officiel de la marque IDG vous propose des solutions sur mesure !\" \/>\n<meta name=\"robots\" content=\"index, follow, max-snippet:-1, max-image-preview:large, max-video-preview:-1\" \/>\n<link rel=\"canonical\" href=\"https:\/\/fgti-distribution.fr\/pl\/uszczelki-uszczelniajace-idg\/gamme-specifique-dans-lindustrie-alimentaire\/szczelnosc-statyczna\/\" \/>\n<meta property=\"og:locale\" content=\"pl_PL\" \/>\n<meta property=\"og:type\" content=\"article\" \/>\n<meta property=\"og:title\" content=\"Etanch\u00e9it\u00e9 statique : gamme sp\u00e9cifique pour l\u2019industrie alimentaire\" \/>\n<meta property=\"og:description\" content=\"FGTI Distribution, sp\u00e9cialiste en solutions d\u2019\u00e9tanch\u00e9it\u00e9 statique et distributeur officiel de la marque IDG vous propose des solutions sur mesure !\" \/>\n<meta property=\"og:url\" content=\"https:\/\/fgti-distribution.fr\/pl\/uszczelki-uszczelniajace-idg\/gamme-specifique-dans-lindustrie-alimentaire\/szczelnosc-statyczna\/\" \/>\n<meta property=\"og:site_name\" content=\"FGTI Distribution\" \/>\n<meta property=\"article:modified_time\" content=\"2023-07-05T12:23:10+00:00\" \/>\n<meta name=\"twitter:card\" content=\"summary_large_image\" \/>\n<meta name=\"twitter:label1\" content=\"Est. reading time\" \/>\n\t<meta name=\"twitter:data1\" content=\"1 minuta\" \/>\n<script type=\"application\/ld+json\" class=\"yoast-schema-graph\">{\"@context\":\"https:\\\/\\\/schema.org\",\"@graph\":[{\"@type\":\"WebPage\",\"@id\":\"https:\\\/\\\/fgti-distribution.fr\\\/joints-etancheite-idg\\\/gamme-specifique-industrie-alimentaire\\\/etancheite-statique\\\/\",\"url\":\"https:\\\/\\\/fgti-distribution.fr\\\/joints-etancheite-idg\\\/gamme-specifique-industrie-alimentaire\\\/etancheite-statique\\\/\",\"name\":\"Etanch\u00e9it\u00e9 statique : gamme sp\u00e9cifique pour l\u2019industrie alimentaire\",\"isPartOf\":{\"@id\":\"https:\\\/\\\/fgti-distribution.fr\\\/#website\"},\"datePublished\":\"2019-04-25T14:36:42+00:00\",\"dateModified\":\"2023-07-05T12:23:10+00:00\",\"description\":\"FGTI Distribution, sp\u00e9cialiste en solutions d\u2019\u00e9tanch\u00e9it\u00e9 statique et distributeur officiel de la marque IDG vous propose des solutions sur mesure !\",\"breadcrumb\":{\"@id\":\"https:\\\/\\\/fgti-distribution.fr\\\/joints-etancheite-idg\\\/gamme-specifique-industrie-alimentaire\\\/etancheite-statique\\\/#breadcrumb\"},\"inLanguage\":\"pl-PL\",\"potentialAction\":[{\"@type\":\"ReadAction\",\"target\":[\"https:\\\/\\\/fgti-distribution.fr\\\/joints-etancheite-idg\\\/gamme-specifique-industrie-alimentaire\\\/etancheite-statique\\\/\"]}]},{\"@type\":\"BreadcrumbList\",\"@id\":\"https:\\\/\\\/fgti-distribution.fr\\\/joints-etancheite-idg\\\/gamme-specifique-industrie-alimentaire\\\/etancheite-statique\\\/#breadcrumb\",\"itemListElement\":[{\"@type\":\"ListItem\",\"position\":1,\"name\":\"Home\",\"item\":\"https:\\\/\\\/fgti-distribution.fr\\\/\"},{\"@type\":\"ListItem\",\"position\":2,\"name\":\"Joints d&rsquo;\u00e9tanch\u00e9it\u00e9 IDG\",\"item\":\"https:\\\/\\\/fgti-distribution.fr\\\/joints-etancheite-idg\\\/\"},{\"@type\":\"ListItem\",\"position\":3,\"name\":\"Gamme sp\u00e9cifique pour l\u2019industrie alimentaire\",\"item\":\"https:\\\/\\\/fgti-distribution.fr\\\/joints-etancheite-idg\\\/gamme-specifique-industrie-alimentaire\\\/\"},{\"@type\":\"ListItem\",\"position\":4,\"name\":\"Etanch\u00e9it\u00e9 statique\"}]},{\"@type\":\"WebSite\",\"@id\":\"https:\\\/\\\/fgti-distribution.fr\\\/#website\",\"url\":\"https:\\\/\\\/fgti-distribution.fr\\\/\",\"name\":\"FGTI Distribution\",\"description\":\"Pi\u00e8ces techniques et services \u00e0 forte valeur ajout\u00e9e\",\"publisher\":{\"@id\":\"https:\\\/\\\/fgti-distribution.fr\\\/#organization\"},\"alternateName\":\"FGTI Distribution\",\"potentialAction\":[{\"@type\":\"SearchAction\",\"target\":{\"@type\":\"EntryPoint\",\"urlTemplate\":\"https:\\\/\\\/fgti-distribution.fr\\\/?s={search_term_string}\"},\"query-input\":{\"@type\":\"PropertyValueSpecification\",\"valueRequired\":true,\"valueName\":\"search_term_string\"}}],\"inLanguage\":\"pl-PL\"},{\"@type\":\"Organization\",\"@id\":\"https:\\\/\\\/fgti-distribution.fr\\\/#organization\",\"name\":\"FGTI Distribution\",\"alternateName\":\"FGTI Distribution\",\"url\":\"https:\\\/\\\/fgti-distribution.fr\\\/\",\"logo\":{\"@type\":\"ImageObject\",\"inLanguage\":\"pl-PL\",\"@id\":\"https:\\\/\\\/fgti-distribution.fr\\\/#\\\/schema\\\/logo\\\/image\\\/\",\"url\":\"https:\\\/\\\/fgti-distribution.fr\\\/wp-content\\\/uploads\\\/2022\\\/12\\\/logo.png\",\"contentUrl\":\"https:\\\/\\\/fgti-distribution.fr\\\/wp-content\\\/uploads\\\/2022\\\/12\\\/logo.png\",\"width\":500,\"height\":228,\"caption\":\"FGTI Distribution\"},\"image\":{\"@id\":\"https:\\\/\\\/fgti-distribution.fr\\\/#\\\/schema\\\/logo\\\/image\\\/\"},\"sameAs\":[\"https:\\\/\\\/www.linkedin.com\\\/company\\\/fgti-distribution\\\/\"]}]}<\/script>\n<!-- \/ Yoast SEO plugin. -->","yoast_head_json":{"title":"Szczelno\u015bci statyczne: gama produkt\u00f3w przeznaczonych dla przemys\u0142u spo\u017cywczego","description":"FGTI Distribution, specjalista w dziedzinie statycznych rozwi\u0105za\u0144 uszczelniaj\u0105cych i oficjalny dystrybutor marki IDG oferuje rozwi\u0105zania na miar\u0119!","robots":{"index":"index","follow":"follow","max-snippet":"max-snippet:-1","max-image-preview":"max-image-preview:large","max-video-preview":"max-video-preview:-1"},"canonical":"https:\/\/fgti-distribution.fr\/pl\/uszczelki-uszczelniajace-idg\/gamme-specifique-dans-lindustrie-alimentaire\/szczelnosc-statyczna\/","og_locale":"pl_PL","og_type":"article","og_title":"Etanch\u00e9it\u00e9 statique : gamme sp\u00e9cifique pour l\u2019industrie alimentaire","og_description":"FGTI Distribution, sp\u00e9cialiste en solutions d\u2019\u00e9tanch\u00e9it\u00e9 statique et distributeur officiel de la marque IDG vous propose des solutions sur mesure !","og_url":"https:\/\/fgti-distribution.fr\/pl\/uszczelki-uszczelniajace-idg\/gamme-specifique-dans-lindustrie-alimentaire\/szczelnosc-statyczna\/","og_site_name":"FGTI Distribution","article_modified_time":"2023-07-05T12:23:10+00:00","twitter_card":"summary_large_image","twitter_misc":{"Est. reading time":"1 minuta"},"schema":{"@context":"https:\/\/schema.org","@graph":[{"@type":"WebPage","@id":"https:\/\/fgti-distribution.fr\/joints-etancheite-idg\/gamme-specifique-industrie-alimentaire\/etancheite-statique\/","url":"https:\/\/fgti-distribution.fr\/joints-etancheite-idg\/gamme-specifique-industrie-alimentaire\/etancheite-statique\/","name":"Szczelno\u015bci statyczne: gama produkt\u00f3w przeznaczonych dla przemys\u0142u spo\u017cywczego","isPartOf":{"@id":"https:\/\/fgti-distribution.fr\/#website"},"datePublished":"2019-04-25T14:36:42+00:00","dateModified":"2023-07-05T12:23:10+00:00","description":"FGTI Distribution, specjalista w dziedzinie statycznych rozwi\u0105za\u0144 uszczelniaj\u0105cych i oficjalny dystrybutor marki IDG oferuje rozwi\u0105zania na miar\u0119!","breadcrumb":{"@id":"https:\/\/fgti-distribution.fr\/joints-etancheite-idg\/gamme-specifique-industrie-alimentaire\/etancheite-statique\/#breadcrumb"},"inLanguage":"pl-PL","potentialAction":[{"@type":"ReadAction","target":["https:\/\/fgti-distribution.fr\/joints-etancheite-idg\/gamme-specifique-industrie-alimentaire\/etancheite-statique\/"]}]},{"@type":"BreadcrumbList","@id":"https:\/\/fgti-distribution.fr\/joints-etancheite-idg\/gamme-specifique-industrie-alimentaire\/etancheite-statique\/#breadcrumb","itemListElement":[{"@type":"ListItem","position":1,"name":"Home","item":"https:\/\/fgti-distribution.fr\/"},{"@type":"ListItem","position":2,"name":"Joints d&rsquo;\u00e9tanch\u00e9it\u00e9 IDG","item":"https:\/\/fgti-distribution.fr\/joints-etancheite-idg\/"},{"@type":"ListItem","position":3,"name":"Gamme sp\u00e9cifique pour l\u2019industrie alimentaire","item":"https:\/\/fgti-distribution.fr\/joints-etancheite-idg\/gamme-specifique-industrie-alimentaire\/"},{"@type":"ListItem","position":4,"name":"Etanch\u00e9it\u00e9 statique"}]},{"@type":"WebSite","@id":"https:\/\/fgti-distribution.fr\/#website","url":"https:\/\/fgti-distribution.fr\/","name":"Dystrybucja FGTI","description":"Cz\u0119\u015bci techniczne i us\u0142ugi o wysokiej warto\u015bci dodanej","publisher":{"@id":"https:\/\/fgti-distribution.fr\/#organization"},"alternateName":"FGTI Distribution","potentialAction":[{"@type":"SearchAction","target":{"@type":"EntryPoint","urlTemplate":"https:\/\/fgti-distribution.fr\/?s={search_term_string}"},"query-input":{"@type":"PropertyValueSpecification","valueRequired":true,"valueName":"search_term_string"}}],"inLanguage":"pl-PL"},{"@type":"Organization","@id":"https:\/\/fgti-distribution.fr\/#organization","name":"Dystrybucja FGTI","alternateName":"FGTI Distribution","url":"https:\/\/fgti-distribution.fr\/","logo":{"@type":"ImageObject","inLanguage":"pl-PL","@id":"https:\/\/fgti-distribution.fr\/#\/schema\/logo\/image\/","url":"https:\/\/fgti-distribution.fr\/wp-content\/uploads\/2022\/12\/logo.png","contentUrl":"https:\/\/fgti-distribution.fr\/wp-content\/uploads\/2022\/12\/logo.png","width":500,"height":228,"caption":"FGTI Distribution"},"image":{"@id":"https:\/\/fgti-distribution.fr\/#\/schema\/logo\/image\/"},"sameAs":["https:\/\/www.linkedin.com\/company\/fgti-distribution\/"]}]}},"_links":{"self":[{"href":"https:\/\/fgti-distribution.fr\/pl\/wp-json\/wp\/v2\/pages\/5366","targetHints":{"allow":["GET"]}}],"collection":[{"href":"https:\/\/fgti-distribution.fr\/pl\/wp-json\/wp\/v2\/pages"}],"about":[{"href":"https:\/\/fgti-distribution.fr\/pl\/wp-json\/wp\/v2\/types\/page"}],"author":[{"embeddable":true,"href":"https:\/\/fgti-distribution.fr\/pl\/wp-json\/wp\/v2\/users\/1"}],"replies":[{"embeddable":true,"href":"https:\/\/fgti-distribution.fr\/pl\/wp-json\/wp\/v2\/comments?post=5366"}],"version-history":[{"count":17,"href":"https:\/\/fgti-distribution.fr\/pl\/wp-json\/wp\/v2\/pages\/5366\/revisions"}],"predecessor-version":[{"id":8006,"href":"https:\/\/fgti-distribution.fr\/pl\/wp-json\/wp\/v2\/pages\/5366\/revisions\/8006"}],"up":[{"embeddable":true,"href":"https:\/\/fgti-distribution.fr\/pl\/wp-json\/wp\/v2\/pages\/5268"}],"wp:attachment":[{"href":"https:\/\/fgti-distribution.fr\/pl\/wp-json\/wp\/v2\/media?parent=5366"}],"curies":[{"name":"wp","href":"https:\/\/api.w.org\/{rel}","templated":true}]}}