{"id":5386,"date":"2019-04-25T15:28:05","date_gmt":"2019-04-25T15:28:05","guid":{"rendered":"https:\/\/fgti-distribution.fr\/?page_id=5386"},"modified":"2023-05-16T06:51:19","modified_gmt":"2023-05-16T06:51:19","slug":"wtryskiwacz-turbiny-peltona","status":"publish","type":"page","link":"https:\/\/fgti-distribution.fr\/pl\/joints-etancheite-idg\/gamme-specifique-centrales-hydrauliques\/injecteur-de-turbine-pelton\/","title":{"rendered":"Wytwornica turbiny Peltona"},"content":{"rendered":"<section id=\"bt_bb_section69f159fa16897\" class=\"bt_bb_section bt_bb_layout_boxed_1200\"  data-bt-override-class=\"null\"><div class=\"bt_bb_port\"><div class=\"bt_bb_cell\"><div class=\"bt_bb_cell_inner\"><div class=\"bt_bb_row\"  data-bt-override-class=\"{}\"><div class=\"bt_bb_row_holder\" ><div  class=\"bt_bb_column col-xxl-12 col-xl-12 col-xs-12 col-sm-12 col-md-12 col-lg-12 bt_bb_vertical_align_top bt_bb_align_left bt_bb_padding_normal\" style=\"; --column-width:12;\" data-width=\"12\" data-bt-override-class=\"{}\"><div class=\"bt_bb_column_content\"><div class=\"bt_bb_column_content_inner\"><div class=\"bt_bb_raw_content\"><div class=\"bt_bb_wrapper\"><div id=\"pl-5386\" class=\"panel-layout\"><div id=\"pg-5386-0\" class=\"panel-grid panel-no-style\"><div id=\"pgc-5386-0-0\" class=\"panel-grid-cell\"><div id=\"panel-5386-0-0-0\" class=\"widget_text so-panel widget widget_custom_html panel-first-child panel-last-child\" data-index=\"0\"><div class=\"textwidget custom-html-widget\"><div style=\"color: #BABABA; font-size: 12px; margin-bottom: 20px;\">FGTI-Distribution &gt; Uszczelki &gt; Katalog &gt; Specjalistyczna gama dla elektrowni wodnych &gt; Wtryskiwacz turbiny Peltona<\/div>\nTurbiny Peltona s\u0105 poddawane du\u017cym wysoko\u015bciom spadu wody. Jest to wyzwanie dla uszczelnienia. Moc turbiny regulowana jest poprzez ruch popychacza dyszy, pozwalaj\u0105cy na modulacj\u0119 od pe\u0142nej mocy do po\u0142owy obci\u0105\u017cenia.\n<br><br><\/div><\/div><\/div><\/div><div id=\"pg-5386-1\" class=\"panel-grid panel-no-style\"><div id=\"pgc-5386-1-0\" class=\"panel-grid-cell\"><div id=\"panel-5386-1-0-0\" class=\"so-panel widget widget_sow-image panel-first-child panel-last-child\" data-index=\"1\"><div class=\"so-widget-sow-image so-widget-sow-image-default-d6014b76747a-5386\">\n\n<div class=\"sow-image-container\">\n\t\t<img loading=\"lazy\" decoding=\"async\" src=\"https:\/\/fgti-distribution.fr\/wp-content\/uploads\/2019\/05\/injecteur-turbine-pelton.jpg\" width=\"477\" height=\"147\" srcset=\"https:\/\/fgti-distribution.fr\/wp-content\/uploads\/2019\/05\/injecteur-turbine-pelton.jpg 477w, https:\/\/fgti-distribution.fr\/wp-content\/uploads\/2019\/05\/injecteur-turbine-pelton-250x77.jpg 250w, https:\/\/fgti-distribution.fr\/wp-content\/uploads\/2019\/05\/injecteur-turbine-pelton-474x147.jpg 474w\" sizes=\"auto, (max-width: 477px) 100vw, 477px\" alt=\"Wtryskiwacz turbiny Peltona\" class=\"so-widget-image\">\n\t<\/div>\n\n<\/div><\/div><\/div><\/div><div id=\"pg-5386-2\" class=\"panel-grid panel-no-style\"><div id=\"pgc-5386-2-0\" class=\"panel-grid-cell\"><div id=\"panel-5386-2-0-0\" class=\"widget_text so-panel widget widget_custom_html panel-first-child panel-last-child\" data-index=\"2\"><div class=\"textwidget custom-html-widget\"><br><br>\nSystem uszczelniaj\u0105cy MANOY\u00ae WP chroni wtryskiwacz podczas ruchu posuwisto-zwrotnego, zatrzymuj\u0105c wod\u0119 i zanieczyszczenia.\n<br><br>\nTo w\u0142a\u015bnie do tego konkretnego zastosowania opracowano profile typu 466 i 486 do uszczelnie\u0144 wewn\u0119trznych oraz profile typu 461 i 481 do uszczelnie\u0144 zewn\u0119trznych.\n<br><br>\n<span style=\"font-weight: bold; line-height: 35px;\">Cechy i zastosowanie<\/span><br>\n<ul style=\"padding-left: 30px;\">\n<li class=\"tiret\">Kompaktowy element integruj\u0105cy zgarnianie (w zale\u017cno\u015bci od typu)<\/li>\n<li class=\"tiret\">Ruch liniowy<\/li>\n<li class=\"tiret\">Prosta wymiana ciep\u0142a<\/li>\n<li class=\"tiret\">Uszczelnienie jednostronnego dzia\u0142ania<\/li>\n<li class=\"tiret\">Dostosowane do istniej\u0105cych wymiar\u00f3w gard\u0142a<\/li>\n<li class=\"tiret\">Maks. ci\u015bnienie 40 MPa<\/li>\n<li class=\"tiret\">Opracowane do uszczelniania trzpieni wtryskiwaczy Peltona<\/li>\n<li class=\"tiret\">Skuteczny efekt czyszcz\u0105cy dla wi\u0119kszej odporno\u015bci na \u015bcieranie przy wodach zanieczyszczonych lub kawitacji (w zale\u017cno\u015bci od typu)<\/li>\n<li class=\"tiret\">Warg uszczelniaj\u0105cy<\/li>\n<li class=\"tiret\">Niewielkie zu\u017cycie przy rzadkich przegl\u0105dach<\/li>\n<li class=\"tiret\">Wykonalne do \u00d8 2500 mm<\/li>\n<li class=\"tiret\">Do przeprojektowania system jest dostosowywany do istniej\u0105cych przepust\u00f3w.<\/li>\n<\/ul><\/div><\/div><\/div><\/div><\/div><\/div><\/div><\/div><\/div><\/div><\/div><\/div><\/div><!-- cell_inner --><\/div><!-- cell --><\/div><!-- port --><\/section>","protected":false},"excerpt":{"rendered":"","protected":false},"author":1,"featured_media":0,"parent":5377,"menu_order":0,"comment_status":"closed","ping_status":"closed","template":"","meta":{"footnotes":""},"class_list":["post-5386","page","type-page","status-publish","hentry"],"yoast_head":"<!-- This site is optimized with the Yoast SEO plugin v27.3 - https:\/\/yoast.com\/product\/yoast-seo-wordpress\/ -->\n<title>Joints d&#039;\u00e9tanch\u00e9it\u00e9 - Injecteur de turbine Pelton - FGTI DIstribution<\/title>\n<meta name=\"description\" content=\"Les turbines Pelton sont soumises \u00e0 de fortes hauteurs de chute d\u2019eau : notre solution MANOY\u00ae WP prot\u00e8ge l\u2019injecteur en arr\u00eatant l\u2019eau et les impuret\u00e9s !\" \/>\n<meta name=\"robots\" content=\"index, follow, max-snippet:-1, max-image-preview:large, max-video-preview:-1\" \/>\n<link rel=\"canonical\" href=\"https:\/\/fgti-distribution.fr\/pl\/uszczelki-uszczelniajace-idg\/specyficzne-parametry-centrali-hydraulicznych\/wtryskiwacz-turbiny-peltona\/\" \/>\n<meta property=\"og:locale\" content=\"pl_PL\" \/>\n<meta property=\"og:type\" content=\"article\" \/>\n<meta property=\"og:title\" content=\"Joints d&#039;\u00e9tanch\u00e9it\u00e9 - Injecteur de turbine Pelton - FGTI DIstribution\" \/>\n<meta property=\"og:description\" content=\"Les turbines Pelton sont soumises \u00e0 de fortes hauteurs de chute d\u2019eau : notre solution MANOY\u00ae WP prot\u00e8ge l\u2019injecteur en arr\u00eatant l\u2019eau et les impuret\u00e9s !\" \/>\n<meta property=\"og:url\" content=\"https:\/\/fgti-distribution.fr\/pl\/uszczelki-uszczelniajace-idg\/specyficzne-parametry-centrali-hydraulicznych\/wtryskiwacz-turbiny-peltona\/\" \/>\n<meta property=\"og:site_name\" content=\"FGTI Distribution\" \/>\n<meta property=\"article:modified_time\" content=\"2023-05-16T06:51:19+00:00\" \/>\n<meta name=\"twitter:card\" content=\"summary_large_image\" \/>\n<meta name=\"twitter:label1\" content=\"Est. reading time\" \/>\n\t<meta name=\"twitter:data1\" content=\"1 minuta\" \/>\n<script type=\"application\/ld+json\" class=\"yoast-schema-graph\">{\"@context\":\"https:\\\/\\\/schema.org\",\"@graph\":[{\"@type\":\"WebPage\",\"@id\":\"https:\\\/\\\/fgti-distribution.fr\\\/joints-etancheite-idg\\\/gamme-specifique-centrales-hydrauliques\\\/injecteur-de-turbine-pelton\\\/\",\"url\":\"https:\\\/\\\/fgti-distribution.fr\\\/joints-etancheite-idg\\\/gamme-specifique-centrales-hydrauliques\\\/injecteur-de-turbine-pelton\\\/\",\"name\":\"Joints d'\u00e9tanch\u00e9it\u00e9 - Injecteur de turbine Pelton - FGTI DIstribution\",\"isPartOf\":{\"@id\":\"https:\\\/\\\/fgti-distribution.fr\\\/#website\"},\"datePublished\":\"2019-04-25T15:28:05+00:00\",\"dateModified\":\"2023-05-16T06:51:19+00:00\",\"description\":\"Les turbines Pelton sont soumises \u00e0 de fortes hauteurs de chute d\u2019eau : notre solution MANOY\u00ae WP prot\u00e8ge l\u2019injecteur en arr\u00eatant l\u2019eau et les impuret\u00e9s !\",\"breadcrumb\":{\"@id\":\"https:\\\/\\\/fgti-distribution.fr\\\/joints-etancheite-idg\\\/gamme-specifique-centrales-hydrauliques\\\/injecteur-de-turbine-pelton\\\/#breadcrumb\"},\"inLanguage\":\"pl-PL\",\"potentialAction\":[{\"@type\":\"ReadAction\",\"target\":[\"https:\\\/\\\/fgti-distribution.fr\\\/joints-etancheite-idg\\\/gamme-specifique-centrales-hydrauliques\\\/injecteur-de-turbine-pelton\\\/\"]}]},{\"@type\":\"BreadcrumbList\",\"@id\":\"https:\\\/\\\/fgti-distribution.fr\\\/joints-etancheite-idg\\\/gamme-specifique-centrales-hydrauliques\\\/injecteur-de-turbine-pelton\\\/#breadcrumb\",\"itemListElement\":[{\"@type\":\"ListItem\",\"position\":1,\"name\":\"Home\",\"item\":\"https:\\\/\\\/fgti-distribution.fr\\\/\"},{\"@type\":\"ListItem\",\"position\":2,\"name\":\"Joints d&rsquo;\u00e9tanch\u00e9it\u00e9 IDG\",\"item\":\"https:\\\/\\\/fgti-distribution.fr\\\/joints-etancheite-idg\\\/\"},{\"@type\":\"ListItem\",\"position\":3,\"name\":\"Gamme sp\u00e9cifique pour les centrales hydrauliques\",\"item\":\"https:\\\/\\\/fgti-distribution.fr\\\/joints-etancheite-idg\\\/gamme-specifique-centrales-hydrauliques\\\/\"},{\"@type\":\"ListItem\",\"position\":4,\"name\":\"Injecteur de turbine Pelton\"}]},{\"@type\":\"WebSite\",\"@id\":\"https:\\\/\\\/fgti-distribution.fr\\\/#website\",\"url\":\"https:\\\/\\\/fgti-distribution.fr\\\/\",\"name\":\"FGTI Distribution\",\"description\":\"Pi\u00e8ces techniques et services \u00e0 forte valeur ajout\u00e9e\",\"publisher\":{\"@id\":\"https:\\\/\\\/fgti-distribution.fr\\\/#organization\"},\"alternateName\":\"FGTI Distribution\",\"potentialAction\":[{\"@type\":\"SearchAction\",\"target\":{\"@type\":\"EntryPoint\",\"urlTemplate\":\"https:\\\/\\\/fgti-distribution.fr\\\/?s={search_term_string}\"},\"query-input\":{\"@type\":\"PropertyValueSpecification\",\"valueRequired\":true,\"valueName\":\"search_term_string\"}}],\"inLanguage\":\"pl-PL\"},{\"@type\":\"Organization\",\"@id\":\"https:\\\/\\\/fgti-distribution.fr\\\/#organization\",\"name\":\"FGTI Distribution\",\"alternateName\":\"FGTI Distribution\",\"url\":\"https:\\\/\\\/fgti-distribution.fr\\\/\",\"logo\":{\"@type\":\"ImageObject\",\"inLanguage\":\"pl-PL\",\"@id\":\"https:\\\/\\\/fgti-distribution.fr\\\/#\\\/schema\\\/logo\\\/image\\\/\",\"url\":\"https:\\\/\\\/fgti-distribution.fr\\\/wp-content\\\/uploads\\\/2022\\\/12\\\/logo.png\",\"contentUrl\":\"https:\\\/\\\/fgti-distribution.fr\\\/wp-content\\\/uploads\\\/2022\\\/12\\\/logo.png\",\"width\":500,\"height\":228,\"caption\":\"FGTI Distribution\"},\"image\":{\"@id\":\"https:\\\/\\\/fgti-distribution.fr\\\/#\\\/schema\\\/logo\\\/image\\\/\"},\"sameAs\":[\"https:\\\/\\\/www.linkedin.com\\\/company\\\/fgti-distribution\\\/\"]}]}<\/script>\n<!-- \/ Yoast SEO plugin. -->","yoast_head_json":{"title":"Uszczelki - Wtryskiwacz turbiny Peltona - FGTI Dystrybucja","description":"Turbiny Peltona podlegaj\u0105 du\u017cym wysoko\u015bciom spadu wody: nasze rozwi\u0105zanie MANOY\u00ae WP chroni wtryskiwacz, zatrzymuj\u0105c wod\u0119 i zanieczyszczenia!","robots":{"index":"index","follow":"follow","max-snippet":"max-snippet:-1","max-image-preview":"max-image-preview:large","max-video-preview":"max-video-preview:-1"},"canonical":"https:\/\/fgti-distribution.fr\/pl\/uszczelki-uszczelniajace-idg\/specyficzne-parametry-centrali-hydraulicznych\/wtryskiwacz-turbiny-peltona\/","og_locale":"pl_PL","og_type":"article","og_title":"Joints d'\u00e9tanch\u00e9it\u00e9 - Injecteur de turbine Pelton - FGTI DIstribution","og_description":"Les turbines Pelton sont soumises \u00e0 de fortes hauteurs de chute d\u2019eau : notre solution MANOY\u00ae WP prot\u00e8ge l\u2019injecteur en arr\u00eatant l\u2019eau et les impuret\u00e9s !","og_url":"https:\/\/fgti-distribution.fr\/pl\/uszczelki-uszczelniajace-idg\/specyficzne-parametry-centrali-hydraulicznych\/wtryskiwacz-turbiny-peltona\/","og_site_name":"FGTI Distribution","article_modified_time":"2023-05-16T06:51:19+00:00","twitter_card":"summary_large_image","twitter_misc":{"Est. reading time":"1 minuta"},"schema":{"@context":"https:\/\/schema.org","@graph":[{"@type":"WebPage","@id":"https:\/\/fgti-distribution.fr\/joints-etancheite-idg\/gamme-specifique-centrales-hydrauliques\/injecteur-de-turbine-pelton\/","url":"https:\/\/fgti-distribution.fr\/joints-etancheite-idg\/gamme-specifique-centrales-hydrauliques\/injecteur-de-turbine-pelton\/","name":"Uszczelki - Wtryskiwacz turbiny Peltona - FGTI Dystrybucja","isPartOf":{"@id":"https:\/\/fgti-distribution.fr\/#website"},"datePublished":"2019-04-25T15:28:05+00:00","dateModified":"2023-05-16T06:51:19+00:00","description":"Turbiny Peltona podlegaj\u0105 du\u017cym wysoko\u015bciom spadu wody: nasze rozwi\u0105zanie MANOY\u00ae WP chroni wtryskiwacz, zatrzymuj\u0105c wod\u0119 i zanieczyszczenia!","breadcrumb":{"@id":"https:\/\/fgti-distribution.fr\/joints-etancheite-idg\/gamme-specifique-centrales-hydrauliques\/injecteur-de-turbine-pelton\/#breadcrumb"},"inLanguage":"pl-PL","potentialAction":[{"@type":"ReadAction","target":["https:\/\/fgti-distribution.fr\/joints-etancheite-idg\/gamme-specifique-centrales-hydrauliques\/injecteur-de-turbine-pelton\/"]}]},{"@type":"BreadcrumbList","@id":"https:\/\/fgti-distribution.fr\/joints-etancheite-idg\/gamme-specifique-centrales-hydrauliques\/injecteur-de-turbine-pelton\/#breadcrumb","itemListElement":[{"@type":"ListItem","position":1,"name":"Home","item":"https:\/\/fgti-distribution.fr\/"},{"@type":"ListItem","position":2,"name":"Joints d&rsquo;\u00e9tanch\u00e9it\u00e9 IDG","item":"https:\/\/fgti-distribution.fr\/joints-etancheite-idg\/"},{"@type":"ListItem","position":3,"name":"Gamme sp\u00e9cifique pour les centrales hydrauliques","item":"https:\/\/fgti-distribution.fr\/joints-etancheite-idg\/gamme-specifique-centrales-hydrauliques\/"},{"@type":"ListItem","position":4,"name":"Injecteur de turbine Pelton"}]},{"@type":"WebSite","@id":"https:\/\/fgti-distribution.fr\/#website","url":"https:\/\/fgti-distribution.fr\/","name":"Dystrybucja FGTI","description":"Cz\u0119\u015bci techniczne i us\u0142ugi o wysokiej warto\u015bci dodanej","publisher":{"@id":"https:\/\/fgti-distribution.fr\/#organization"},"alternateName":"FGTI Distribution","potentialAction":[{"@type":"SearchAction","target":{"@type":"EntryPoint","urlTemplate":"https:\/\/fgti-distribution.fr\/?s={search_term_string}"},"query-input":{"@type":"PropertyValueSpecification","valueRequired":true,"valueName":"search_term_string"}}],"inLanguage":"pl-PL"},{"@type":"Organization","@id":"https:\/\/fgti-distribution.fr\/#organization","name":"Dystrybucja FGTI","alternateName":"FGTI Distribution","url":"https:\/\/fgti-distribution.fr\/","logo":{"@type":"ImageObject","inLanguage":"pl-PL","@id":"https:\/\/fgti-distribution.fr\/#\/schema\/logo\/image\/","url":"https:\/\/fgti-distribution.fr\/wp-content\/uploads\/2022\/12\/logo.png","contentUrl":"https:\/\/fgti-distribution.fr\/wp-content\/uploads\/2022\/12\/logo.png","width":500,"height":228,"caption":"FGTI Distribution"},"image":{"@id":"https:\/\/fgti-distribution.fr\/#\/schema\/logo\/image\/"},"sameAs":["https:\/\/www.linkedin.com\/company\/fgti-distribution\/"]}]}},"_links":{"self":[{"href":"https:\/\/fgti-distribution.fr\/pl\/wp-json\/wp\/v2\/pages\/5386","targetHints":{"allow":["GET"]}}],"collection":[{"href":"https:\/\/fgti-distribution.fr\/pl\/wp-json\/wp\/v2\/pages"}],"about":[{"href":"https:\/\/fgti-distribution.fr\/pl\/wp-json\/wp\/v2\/types\/page"}],"author":[{"embeddable":true,"href":"https:\/\/fgti-distribution.fr\/pl\/wp-json\/wp\/v2\/users\/1"}],"replies":[{"embeddable":true,"href":"https:\/\/fgti-distribution.fr\/pl\/wp-json\/wp\/v2\/comments?post=5386"}],"version-history":[{"count":14,"href":"https:\/\/fgti-distribution.fr\/pl\/wp-json\/wp\/v2\/pages\/5386\/revisions"}],"predecessor-version":[{"id":7936,"href":"https:\/\/fgti-distribution.fr\/pl\/wp-json\/wp\/v2\/pages\/5386\/revisions\/7936"}],"up":[{"embeddable":true,"href":"https:\/\/fgti-distribution.fr\/pl\/wp-json\/wp\/v2\/pages\/5377"}],"wp:attachment":[{"href":"https:\/\/fgti-distribution.fr\/pl\/wp-json\/wp\/v2\/media?parent=5386"}],"curies":[{"name":"wp","href":"https:\/\/api.w.org\/{rel}","templated":true}]}}