{"id":5395,"date":"2019-04-25T15:36:38","date_gmt":"2019-04-25T15:36:38","guid":{"rendered":"https:\/\/fgti-distribution.fr\/?page_id=5395"},"modified":"2023-05-16T06:53:29","modified_gmt":"2023-05-16T06:53:29","slug":"ruchomy-pierscien","status":"publish","type":"page","link":"https:\/\/fgti-distribution.fr\/pl\/joints-etancheite-idg\/gamme-specifique-centrales-hydrauliques\/anneau-mobile\/","title":{"rendered":"Pier\u015bcie\u0144 ruchomy"},"content":{"rendered":"<section id=\"bt_bb_section69f15aea7f3b7\" class=\"bt_bb_section bt_bb_layout_boxed_1200\"  data-bt-override-class=\"null\"><div class=\"bt_bb_port\"><div class=\"bt_bb_cell\"><div class=\"bt_bb_cell_inner\"><div class=\"bt_bb_row\"  data-bt-override-class=\"{}\"><div class=\"bt_bb_row_holder\" ><div  class=\"bt_bb_column col-xxl-12 col-xl-12 col-xs-12 col-sm-12 col-md-12 col-lg-12 bt_bb_vertical_align_top bt_bb_align_left bt_bb_padding_normal\" style=\"; --column-width:12;\" data-width=\"12\" data-bt-override-class=\"{}\"><div class=\"bt_bb_column_content\"><div class=\"bt_bb_column_content_inner\"><div class=\"bt_bb_raw_content\"><div class=\"bt_bb_wrapper\"><div id=\"pl-5395\" class=\"panel-layout\"><div id=\"pg-5395-0\" class=\"panel-grid panel-no-style\"><div id=\"pgc-5395-0-0\" class=\"panel-grid-cell\"><div id=\"panel-5395-0-0-0\" class=\"widget_text so-panel widget widget_custom_html panel-first-child panel-last-child\" data-index=\"0\"><div class=\"textwidget custom-html-widget\"><div style=\"color: #BABABA; font-size: 12px; margin-bottom: 20px;\">FGTI-Distribution &gt; Uszczelnienia &gt; Katalog &gt; Specjalna gama dla elektrowni wodnych &gt; Pier\u015bcie\u0144 ruchomy<\/div>\nPier\u015bcienie ruchome s\u0105 u\u017cywane do zamykania na ko\u0144cu ruroci\u0105gu t\u0142ocznego przed turbin\u0105. Maj\u0105 one zatrzymywa\u0107 przep\u0142yw wody pod wysokim ci\u015bnieniem. \n<br><br>\nPier\u015bcie\u0144 obrotowy jest nap\u0119dzany przez si\u0142owniki hydrauliczne.\n<br><br>\nDla uszczelnienia pier\u015bcieni obrotowych IDG opracowa\u0142o system MANOY\u00ae WP 434 do uszczelniania zewn\u0119trznego oraz system MANOY\u00ae WP 439 do uszczelniania wewn\u0119trznego.\n<br><br>\nDo poprawek wymiary mo\u017cna dostosowa\u0107 do istniej\u0105cych wymiar\u00f3w rowk\u00f3w.\n<br><br><\/div><\/div><\/div><\/div><div id=\"pg-5395-1\" class=\"panel-grid panel-no-style\"><div id=\"pgc-5395-1-0\" class=\"panel-grid-cell\"><div id=\"panel-5395-1-0-0\" class=\"so-panel widget widget_sow-image panel-first-child panel-last-child\" data-index=\"1\"><div class=\"so-widget-sow-image so-widget-sow-image-default-d6014b76747a-5395\">\n\n<div class=\"sow-image-container\">\n\t\t<img loading=\"lazy\" decoding=\"async\" src=\"https:\/\/fgti-distribution.fr\/wp-content\/uploads\/2019\/05\/Anneau-mobile.jpg\" width=\"314\" height=\"147\" srcset=\"https:\/\/fgti-distribution.fr\/wp-content\/uploads\/2019\/05\/Anneau-mobile.jpg 314w, https:\/\/fgti-distribution.fr\/wp-content\/uploads\/2019\/05\/Anneau-mobile-164x77.jpg 164w\" sizes=\"auto, (max-width: 314px) 100vw, 314px\" alt=\"Pier\u015bcie\u0144 ruchomy\" class=\"so-widget-image\">\n\t<\/div>\n\n<\/div><\/div><\/div><\/div><div id=\"pg-5395-2\" class=\"panel-grid panel-no-style\"><div id=\"pgc-5395-2-0\" class=\"panel-grid-cell\"><div id=\"panel-5395-2-0-0\" class=\"widget_text so-panel widget widget_custom_html panel-first-child panel-last-child\" data-index=\"2\"><div class=\"textwidget custom-html-widget\"><br><br>\n<span style=\"font-weight: bold; line-height: 35px;\">Cechy i zastosowanie<\/span><br>\n<ul style=\"padding-left: 30px;\">\n<li class=\"tiret\">Brak ograniczenia \u015brednicy<\/li>\n<li class=\"tiret\">Ruch liniowy<\/li>\n<li class=\"tiret\">Szczelno\u015b\u0107 jedno- lub dwustronnego dzia\u0142ania z czyszczeniem<\/li>\n<li class=\"tiret\">Dostosowane do istniej\u0105cych wymiar\u00f3w gard\u0142a<\/li>\n<li class=\"tiret\">Maks. ci\u015bnienie 40 MPa<\/li>\n<li class=\"tiret\">Opracowano z my\u015bl\u0105 o uszczelnieniu obrotowych pier\u015bcieni<\/li>\n<li class=\"tiret\">Adaptowany r\u00f3wnie\u017c do rozszerze\u0144<\/li>\n<li class=\"tiret\">Uwzgl\u0119dniaj\u0105c ewentualne odkszta\u0142cenia pod ci\u015bnieniem<\/li>\n<li class=\"tiret\">Zoptymalizowane dzia\u0142anie dzi\u0119ki niskiemu tarciu i profilowi strefowemu<\/li>\n<li class=\"tiret\">Wysoka odporno\u015b\u0107 na \u015bcieranie wyd\u0142u\u017caj\u0105ca \u017cywotno\u015b\u0107<\/li>\n<li class=\"tiret\">Do przeprojektowania system jest dostosowywany do istniej\u0105cych przepust\u00f3w.<\/li>\n<\/ul><\/div><\/div><\/div><\/div><\/div><\/div><\/div><\/div><\/div><\/div><\/div><\/div><\/div><!-- cell_inner --><\/div><!-- cell --><\/div><!-- port --><\/section>","protected":false},"excerpt":{"rendered":"","protected":false},"author":1,"featured_media":0,"parent":5377,"menu_order":0,"comment_status":"closed","ping_status":"closed","template":"","meta":{"footnotes":""},"class_list":["post-5395","page","type-page","status-publish","hentry"],"yoast_head":"<!-- This site is optimized with the Yoast SEO plugin v27.3 - https:\/\/yoast.com\/product\/yoast-seo-wordpress\/ -->\n<title>Gamme sp\u00e9cifique pour les centrales hydrauliques &gt; Anneau mobile<\/title>\n<meta name=\"description\" content=\"Pour l\u2019\u00e9tanch\u00e9it\u00e9 des anneaux mobiles, IDG a d\u00e9velopp\u00e9 le syst\u00e8me MANOY 434 pour l\u2019\u00e9tanch\u00e9it\u00e9 ext\u00e9rieure et le syst\u00e8me MANOY 439 en \u00e9tanch\u00e9it\u00e9 int\u00e9rieure.\" \/>\n<meta name=\"robots\" content=\"index, follow, max-snippet:-1, max-image-preview:large, max-video-preview:-1\" \/>\n<link rel=\"canonical\" href=\"https:\/\/fgti-distribution.fr\/pl\/uszczelki-uszczelniajace-idg\/specyficzne-parametry-centrali-hydraulicznych\/ruchomy-pierscien\/\" \/>\n<meta property=\"og:locale\" content=\"pl_PL\" \/>\n<meta property=\"og:type\" content=\"article\" \/>\n<meta property=\"og:title\" content=\"Gamme sp\u00e9cifique pour les centrales hydrauliques &gt; Anneau mobile\" \/>\n<meta property=\"og:description\" content=\"Pour l\u2019\u00e9tanch\u00e9it\u00e9 des anneaux mobiles, IDG a d\u00e9velopp\u00e9 le syst\u00e8me MANOY 434 pour l\u2019\u00e9tanch\u00e9it\u00e9 ext\u00e9rieure et le syst\u00e8me MANOY 439 en \u00e9tanch\u00e9it\u00e9 int\u00e9rieure.\" \/>\n<meta property=\"og:url\" content=\"https:\/\/fgti-distribution.fr\/pl\/uszczelki-uszczelniajace-idg\/specyficzne-parametry-centrali-hydraulicznych\/ruchomy-pierscien\/\" \/>\n<meta property=\"og:site_name\" content=\"FGTI Distribution\" \/>\n<meta property=\"article:modified_time\" content=\"2023-05-16T06:53:29+00:00\" \/>\n<meta name=\"twitter:card\" content=\"summary_large_image\" \/>\n<meta name=\"twitter:label1\" content=\"Est. reading time\" \/>\n\t<meta name=\"twitter:data1\" content=\"1 minuta\" \/>\n<script type=\"application\/ld+json\" class=\"yoast-schema-graph\">{\"@context\":\"https:\\\/\\\/schema.org\",\"@graph\":[{\"@type\":\"WebPage\",\"@id\":\"https:\\\/\\\/fgti-distribution.fr\\\/joints-etancheite-idg\\\/gamme-specifique-centrales-hydrauliques\\\/anneau-mobile\\\/\",\"url\":\"https:\\\/\\\/fgti-distribution.fr\\\/joints-etancheite-idg\\\/gamme-specifique-centrales-hydrauliques\\\/anneau-mobile\\\/\",\"name\":\"Gamme sp\u00e9cifique pour les centrales hydrauliques > Anneau mobile\",\"isPartOf\":{\"@id\":\"https:\\\/\\\/fgti-distribution.fr\\\/#website\"},\"datePublished\":\"2019-04-25T15:36:38+00:00\",\"dateModified\":\"2023-05-16T06:53:29+00:00\",\"description\":\"Pour l\u2019\u00e9tanch\u00e9it\u00e9 des anneaux mobiles, IDG a d\u00e9velopp\u00e9 le syst\u00e8me MANOY 434 pour l\u2019\u00e9tanch\u00e9it\u00e9 ext\u00e9rieure et le syst\u00e8me MANOY 439 en \u00e9tanch\u00e9it\u00e9 int\u00e9rieure.\",\"breadcrumb\":{\"@id\":\"https:\\\/\\\/fgti-distribution.fr\\\/joints-etancheite-idg\\\/gamme-specifique-centrales-hydrauliques\\\/anneau-mobile\\\/#breadcrumb\"},\"inLanguage\":\"pl-PL\",\"potentialAction\":[{\"@type\":\"ReadAction\",\"target\":[\"https:\\\/\\\/fgti-distribution.fr\\\/joints-etancheite-idg\\\/gamme-specifique-centrales-hydrauliques\\\/anneau-mobile\\\/\"]}]},{\"@type\":\"BreadcrumbList\",\"@id\":\"https:\\\/\\\/fgti-distribution.fr\\\/joints-etancheite-idg\\\/gamme-specifique-centrales-hydrauliques\\\/anneau-mobile\\\/#breadcrumb\",\"itemListElement\":[{\"@type\":\"ListItem\",\"position\":1,\"name\":\"Home\",\"item\":\"https:\\\/\\\/fgti-distribution.fr\\\/\"},{\"@type\":\"ListItem\",\"position\":2,\"name\":\"Joints d&rsquo;\u00e9tanch\u00e9it\u00e9 IDG\",\"item\":\"https:\\\/\\\/fgti-distribution.fr\\\/joints-etancheite-idg\\\/\"},{\"@type\":\"ListItem\",\"position\":3,\"name\":\"Gamme sp\u00e9cifique pour les centrales hydrauliques\",\"item\":\"https:\\\/\\\/fgti-distribution.fr\\\/joints-etancheite-idg\\\/gamme-specifique-centrales-hydrauliques\\\/\"},{\"@type\":\"ListItem\",\"position\":4,\"name\":\"Anneau mobile\"}]},{\"@type\":\"WebSite\",\"@id\":\"https:\\\/\\\/fgti-distribution.fr\\\/#website\",\"url\":\"https:\\\/\\\/fgti-distribution.fr\\\/\",\"name\":\"FGTI Distribution\",\"description\":\"Pi\u00e8ces techniques et services \u00e0 forte valeur ajout\u00e9e\",\"publisher\":{\"@id\":\"https:\\\/\\\/fgti-distribution.fr\\\/#organization\"},\"alternateName\":\"FGTI Distribution\",\"potentialAction\":[{\"@type\":\"SearchAction\",\"target\":{\"@type\":\"EntryPoint\",\"urlTemplate\":\"https:\\\/\\\/fgti-distribution.fr\\\/?s={search_term_string}\"},\"query-input\":{\"@type\":\"PropertyValueSpecification\",\"valueRequired\":true,\"valueName\":\"search_term_string\"}}],\"inLanguage\":\"pl-PL\"},{\"@type\":\"Organization\",\"@id\":\"https:\\\/\\\/fgti-distribution.fr\\\/#organization\",\"name\":\"FGTI Distribution\",\"alternateName\":\"FGTI Distribution\",\"url\":\"https:\\\/\\\/fgti-distribution.fr\\\/\",\"logo\":{\"@type\":\"ImageObject\",\"inLanguage\":\"pl-PL\",\"@id\":\"https:\\\/\\\/fgti-distribution.fr\\\/#\\\/schema\\\/logo\\\/image\\\/\",\"url\":\"https:\\\/\\\/fgti-distribution.fr\\\/wp-content\\\/uploads\\\/2022\\\/12\\\/logo.png\",\"contentUrl\":\"https:\\\/\\\/fgti-distribution.fr\\\/wp-content\\\/uploads\\\/2022\\\/12\\\/logo.png\",\"width\":500,\"height\":228,\"caption\":\"FGTI Distribution\"},\"image\":{\"@id\":\"https:\\\/\\\/fgti-distribution.fr\\\/#\\\/schema\\\/logo\\\/image\\\/\"},\"sameAs\":[\"https:\\\/\\\/www.linkedin.com\\\/company\\\/fgti-distribution\\\/\"]}]}<\/script>\n<!-- \/ Yoast SEO plugin. -->","yoast_head_json":{"title":"Specyficzny zakres dla elektrowni wodnych &gt; Pier\u015bcie\u0144 obrotowy","description":"Do uszczelniania pier\u015bcieni obrotowych, IDG opracowa\u0142o system MANOY 434 do uszczelnienia zewn\u0119trznego i system MANOY 439 do uszczelnienia wewn\u0119trznego.","robots":{"index":"index","follow":"follow","max-snippet":"max-snippet:-1","max-image-preview":"max-image-preview:large","max-video-preview":"max-video-preview:-1"},"canonical":"https:\/\/fgti-distribution.fr\/pl\/uszczelki-uszczelniajace-idg\/specyficzne-parametry-centrali-hydraulicznych\/ruchomy-pierscien\/","og_locale":"pl_PL","og_type":"article","og_title":"Gamme sp\u00e9cifique pour les centrales hydrauliques > Anneau mobile","og_description":"Pour l\u2019\u00e9tanch\u00e9it\u00e9 des anneaux mobiles, IDG a d\u00e9velopp\u00e9 le syst\u00e8me MANOY 434 pour l\u2019\u00e9tanch\u00e9it\u00e9 ext\u00e9rieure et le syst\u00e8me MANOY 439 en \u00e9tanch\u00e9it\u00e9 int\u00e9rieure.","og_url":"https:\/\/fgti-distribution.fr\/pl\/uszczelki-uszczelniajace-idg\/specyficzne-parametry-centrali-hydraulicznych\/ruchomy-pierscien\/","og_site_name":"FGTI Distribution","article_modified_time":"2023-05-16T06:53:29+00:00","twitter_card":"summary_large_image","twitter_misc":{"Est. reading time":"1 minuta"},"schema":{"@context":"https:\/\/schema.org","@graph":[{"@type":"WebPage","@id":"https:\/\/fgti-distribution.fr\/joints-etancheite-idg\/gamme-specifique-centrales-hydrauliques\/anneau-mobile\/","url":"https:\/\/fgti-distribution.fr\/joints-etancheite-idg\/gamme-specifique-centrales-hydrauliques\/anneau-mobile\/","name":"Specyficzny zakres dla elektrowni wodnych &gt; Pier\u015bcie\u0144 obrotowy","isPartOf":{"@id":"https:\/\/fgti-distribution.fr\/#website"},"datePublished":"2019-04-25T15:36:38+00:00","dateModified":"2023-05-16T06:53:29+00:00","description":"Do uszczelniania pier\u015bcieni obrotowych, IDG opracowa\u0142o system MANOY 434 do uszczelnienia zewn\u0119trznego i system MANOY 439 do uszczelnienia wewn\u0119trznego.","breadcrumb":{"@id":"https:\/\/fgti-distribution.fr\/joints-etancheite-idg\/gamme-specifique-centrales-hydrauliques\/anneau-mobile\/#breadcrumb"},"inLanguage":"pl-PL","potentialAction":[{"@type":"ReadAction","target":["https:\/\/fgti-distribution.fr\/joints-etancheite-idg\/gamme-specifique-centrales-hydrauliques\/anneau-mobile\/"]}]},{"@type":"BreadcrumbList","@id":"https:\/\/fgti-distribution.fr\/joints-etancheite-idg\/gamme-specifique-centrales-hydrauliques\/anneau-mobile\/#breadcrumb","itemListElement":[{"@type":"ListItem","position":1,"name":"Home","item":"https:\/\/fgti-distribution.fr\/"},{"@type":"ListItem","position":2,"name":"Joints d&rsquo;\u00e9tanch\u00e9it\u00e9 IDG","item":"https:\/\/fgti-distribution.fr\/joints-etancheite-idg\/"},{"@type":"ListItem","position":3,"name":"Gamme sp\u00e9cifique pour les centrales hydrauliques","item":"https:\/\/fgti-distribution.fr\/joints-etancheite-idg\/gamme-specifique-centrales-hydrauliques\/"},{"@type":"ListItem","position":4,"name":"Anneau mobile"}]},{"@type":"WebSite","@id":"https:\/\/fgti-distribution.fr\/#website","url":"https:\/\/fgti-distribution.fr\/","name":"Dystrybucja FGTI","description":"Cz\u0119\u015bci techniczne i us\u0142ugi o wysokiej warto\u015bci dodanej","publisher":{"@id":"https:\/\/fgti-distribution.fr\/#organization"},"alternateName":"FGTI Distribution","potentialAction":[{"@type":"SearchAction","target":{"@type":"EntryPoint","urlTemplate":"https:\/\/fgti-distribution.fr\/?s={search_term_string}"},"query-input":{"@type":"PropertyValueSpecification","valueRequired":true,"valueName":"search_term_string"}}],"inLanguage":"pl-PL"},{"@type":"Organization","@id":"https:\/\/fgti-distribution.fr\/#organization","name":"Dystrybucja FGTI","alternateName":"FGTI Distribution","url":"https:\/\/fgti-distribution.fr\/","logo":{"@type":"ImageObject","inLanguage":"pl-PL","@id":"https:\/\/fgti-distribution.fr\/#\/schema\/logo\/image\/","url":"https:\/\/fgti-distribution.fr\/wp-content\/uploads\/2022\/12\/logo.png","contentUrl":"https:\/\/fgti-distribution.fr\/wp-content\/uploads\/2022\/12\/logo.png","width":500,"height":228,"caption":"FGTI Distribution"},"image":{"@id":"https:\/\/fgti-distribution.fr\/#\/schema\/logo\/image\/"},"sameAs":["https:\/\/www.linkedin.com\/company\/fgti-distribution\/"]}]}},"_links":{"self":[{"href":"https:\/\/fgti-distribution.fr\/pl\/wp-json\/wp\/v2\/pages\/5395","targetHints":{"allow":["GET"]}}],"collection":[{"href":"https:\/\/fgti-distribution.fr\/pl\/wp-json\/wp\/v2\/pages"}],"about":[{"href":"https:\/\/fgti-distribution.fr\/pl\/wp-json\/wp\/v2\/types\/page"}],"author":[{"embeddable":true,"href":"https:\/\/fgti-distribution.fr\/pl\/wp-json\/wp\/v2\/users\/1"}],"replies":[{"embeddable":true,"href":"https:\/\/fgti-distribution.fr\/pl\/wp-json\/wp\/v2\/comments?post=5395"}],"version-history":[{"count":12,"href":"https:\/\/fgti-distribution.fr\/pl\/wp-json\/wp\/v2\/pages\/5395\/revisions"}],"predecessor-version":[{"id":7938,"href":"https:\/\/fgti-distribution.fr\/pl\/wp-json\/wp\/v2\/pages\/5395\/revisions\/7938"}],"up":[{"embeddable":true,"href":"https:\/\/fgti-distribution.fr\/pl\/wp-json\/wp\/v2\/pages\/5377"}],"wp:attachment":[{"href":"https:\/\/fgti-distribution.fr\/pl\/wp-json\/wp\/v2\/media?parent=5395"}],"curies":[{"name":"wp","href":"https:\/\/api.w.org\/{rel}","templated":true}]}}