{"id":5949,"date":"2020-01-02T15:37:01","date_gmt":"2020-01-02T15:37:01","guid":{"rendered":"https:\/\/fgti-distribution.fr\/?page_id=5949"},"modified":"2024-05-15T12:20:28","modified_gmt":"2024-05-15T12:20:28","slug":"mocowanie-zlaczki-hydraulicznej","status":"publish","type":"page","link":"https:\/\/fgti-distribution.fr\/pl\/fixation-araymond\/fixation-assemblage-plomberie\/","title":{"rendered":"Mocowanie i monta\u017c HVAC (ogrzewanie, wentylacja i klimatyzacja)"},"content":{"rendered":"<section id=\"bt_bb_section69d665690f26b\" class=\"bt_bb_section bt_bb_layout_boxed_1200\"  data-bt-override-class=\"null\"><div class=\"bt_bb_port\"><div class=\"bt_bb_cell\"><div class=\"bt_bb_cell_inner\"><div class=\"bt_bb_row\"  data-bt-override-class=\"{}\"><div class=\"bt_bb_row_holder\" ><div  class=\"bt_bb_column col-xxl-12 col-xl-12 col-xs-12 col-sm-12 col-md-12 col-lg-12 bt_bb_vertical_align_top bt_bb_align_left bt_bb_padding_normal\" style=\"; --column-width:12;\" data-width=\"12\" data-bt-override-class=\"{}\"><div class=\"bt_bb_column_content\"><div class=\"bt_bb_column_content_inner\"><div class=\"bt_bb_raw_content\"><h2 style=\"color: #172983; font-size: 22px; text-transform: uppercase; text-align: left;\">ROZWI\u0104ZANIA MOCOWANIA HVAC (ogrzewanie, wentylacja i klimatyzacja)<\/h2>\n<h3 style=\"color: #172983; font-size: 17px; text-align: left;\">Dystrybucja p\u0142ynu<\/h3>\n<p style=\"display: inline; line-height: 18px;\">Niezale\u017cnie od problem\u00f3w z mocowaniem czy monta\u017cem, FGTI Distribution oferuje rozwi\u0105zanie ARaymond, kt\u00f3re mo\u017ce zrealizowa\u0107 zamierzon\u0105 funkcj\u0119. Te szybkie systemy mocowania, niewymagaj\u0105ce narz\u0119dzi, mog\u0105 zast\u0105pi\u0107 istniej\u0105ce rozwi\u0105zania w celu <u>monta\u017c zredukowanymi kosztami konserwacji<\/u>.<\/p>\n<p>\u00a0<\/p><\/div><div data-bb-version=\"4.9.1\" class=\"bt_bb_image bt_bb_shape_square bt_bb_target_self bt_bb_align_inherit bt_bb_hover_style_simple bt_bb_content_display_always bt_bb_content_align_middle bt_bb_remove_padding_yes bt_bb_fill_background_color_full\" style=\"display: none;\" data-bt-override-class=\"{&quot;bt_bb_align_&quot;:{&quot;current_class&quot;:&quot;bt_bb_align_inherit&quot;,&quot;def&quot;:&quot;inherit&quot;}}\"><span><img loading=\"lazy\" decoding=\"async\" width=\"2381\" height=\"1197\" src=\"https:\/\/fgti-distribution.fr\/wp-content\/uploads\/2024\/04\/fixations-assemblage-hvac.jpg\" class=\"attachment-full size-full\" alt=\"Mocowania i monta\u017c HVAC\" data-full_image_src=\"https:\/\/fgti-distribution.fr\/wp-content\/uploads\/2024\/04\/fixations-assemblage-hvac.jpg\" srcset=\"https:\/\/fgti-distribution.fr\/wp-content\/uploads\/2024\/04\/fixations-assemblage-hvac.jpg 2381w, https:\/\/fgti-distribution.fr\/wp-content\/uploads\/2024\/04\/fixations-assemblage-hvac-640x322.jpg 640w, https:\/\/fgti-distribution.fr\/wp-content\/uploads\/2024\/04\/fixations-assemblage-hvac-1280x643.jpg 1280w, https:\/\/fgti-distribution.fr\/wp-content\/uploads\/2024\/04\/fixations-assemblage-hvac-768x386.jpg 768w, https:\/\/fgti-distribution.fr\/wp-content\/uploads\/2024\/04\/fixations-assemblage-hvac-1536x772.jpg 1536w, https:\/\/fgti-distribution.fr\/wp-content\/uploads\/2024\/04\/fixations-assemblage-hvac-2048x1030.jpg 2048w, https:\/\/fgti-distribution.fr\/wp-content\/uploads\/2024\/04\/fixations-assemblage-hvac-320x161.jpg 320w\" sizes=\"auto, (max-width: 2381px) 100vw, 2381px\" \/><\/span><\/div><div class=\"bt_bb_raw_content\"><h3 style=\"color: #172983;  \">FGTI Distribution proponuje wiele rozwi\u0105za\u0144 dla rynku HVAC: <\/h3><\/div><div data-bb-version=\"4.9.1\" class=\"bt_bb_row_inner\"   data-bt-override-class=\"{}\"><div class=\"bt_bb_row_inner_holder\"  ><div data-bb-version=\"4.9.1\"  class=\"bt_bb_column_inner col-xxl-6 col-xl-6 col-xs-12 col-sm-6 col-md-6 col-lg-6 bt_bb_vertical_align_top bt_bb_align_left bt_bb_padding_normal\"  data-width=\"6\" data-bt-override-class=\"{}\"><div class=\"bt_bb_column_inner_content\"><div class=\"bt_bb_column_inner_content_inner\"><div class=\"bt_bb_raw_content\"><table>\n<tr>\n<td style=\"width: 20%;vertical-align: top;\">\n<img decoding=\"async\" src=\"\/FGTI_images\/supports-tubes-a-monter-bords-de-panneaux.jpg\" style=\"width: 50px;\" alt=\"Wsparcie dla rur do monta\u017cu na kraw\u0119dziach paneli\">\n<\/td>\n<td style=\"font-size: 14px;\">\n<b>Wsporniki do monta\u017cu na kraw\u0119dziach paneli. <\/b>\nAby zapewni\u0107 mocowanie kabli elektrycznych, przewod\u00f3w lub w\u0119\u017cy karbowanych do konstrukcji lub metalowych paneli. Dost\u0119pne opaski kablowe posiadaj\u0105 dodatkowe funkcje, takie jak klipsy kraw\u0119dziowe, funkcja szpilki lub st\u00f3pki kotwi\u0105cej, plastikowe klipsy do mocowania oraz funkcja w\u0119\u017ca i\/lub obrotu.\n<\/td>\n<\/tr>\n<tr>\n<td style=\"width: 20%;vertical-align: top;\">\n<img decoding=\"async\" src=\"\/FGTI_images\/support-tube-plastique.jpg\" style=\"width: 50px;\" alt=\"wspornik rury plastikowej\">\n<\/td>\n<td style=\"font-size: 14px;\">\n<b>Plastikowa rura wspieraj\u0105ca. <\/b>\nElementy te s\u0105 proste w monta\u017cu i zapewniaj\u0105 niezawodne mocowanie. Szeroka gama produkt\u00f3w pasuje do r\u00f3\u017cnych \u015brodowisk, takich jak otwory, kraw\u0119dzie paneli, s\u0142upki, kable\/rury\/przewody oraz p\u0142askie powierzchnie.\n<\/td>\n<\/tr>\n<tr>\n<td style=\"width: 20%;vertical-align: top;\">\n<img decoding=\"async\" src=\"\/FGTI_images\/ecrous-bord-de-panneau.jpg\" style=\"width: 50px;\" alt=\"nakr\u0119tki kraw\u0119dzi panelu.\">\n<\/td>\n<td style=\"font-size: 14px;\">\n<b>Nakr\u0119tki do mocowania na kraw\u0119dzi panelu. <\/b>\nWi\u0119kszo\u015b\u0107 urz\u0105dze\u0144 HVAC jest wykonana z cienkich paneli z blachy, kt\u00f3re s\u0142u\u017c\u0105 jako os\u0142ony i s\u0105 przymocowane do wewn\u0119trznej metalowej ramy. Takie rozwi\u0105zania pozwalaj\u0105 unikn\u0105\u0107 wymiany ca\u0142ego panelu dzi\u0119ki zastosowaniu blachy i metalowych \u015brub. \n<\/td>\n<\/tr>\n<tr>\n<td style=\"width: 20%;vertical-align: top;\">\n<img decoding=\"async\" src=\"\/FGTI_images\/agrafes-bord-de-panneau.jpg\" style=\"width: 50px;\" alt=\"Spinki do mocowania na kraw\u0119dzi panelu.\">\n<\/td>\n<td style=\"font-size: 14px;\">\n<b>Spinki do mocowania na kraw\u0119dzi panelu. <\/b>\nG\u0142\u00f3wn\u0105 funkcj\u0105 jest po\u0142\u0105czenie dw\u00f3ch paneli ze sob\u0105. Po\u0142\u0105czenie to mo\u017ce by\u0107 wykonane za pomoc\u0105 dw\u00f3ch paneli z jednego kierunku (U-Clips) lub za pomoc\u0105 dw\u00f3ch paneli z przeciwnych kierunk\u00f3w (S-Clips). \n<\/td>\n<\/tr>\n<\/table><\/div><\/div><\/div><\/div><div data-bb-version=\"4.9.1\"  class=\"bt_bb_column_inner col-xxl-6 col-xl-6 col-xs-12 col-sm-6 col-md-6 col-lg-6 bt_bb_vertical_align_top bt_bb_align_left bt_bb_padding_normal\"  data-width=\"6\" data-bt-override-class=\"{}\"><div class=\"bt_bb_column_inner_content\"><div class=\"bt_bb_column_inner_content_inner\"><div class=\"bt_bb_raw_content\"><table>\n<tr>\n<td style=\"width: 20%;vertical-align: top;\">\n<img decoding=\"async\" src=\"\/FGTI_images\/arrets-axe.jpg\" style=\"width: 50px;\" alt=\"Zatrzymania osi\">\n<\/td>\n<td style=\"font-size: 14px;\">\n<b>Ograniczniki osi. .<\/b>\nS\u0105 bardzo proste w u\u017cyciu i oferuj\u0105 kilka zalet w por\u00f3wnaniu do tradycyjnych narz\u0119dzi.\nOgraniczniki osi eliminuj\u0105 potrzeb\u0119 stosowania podk\u0142adki i zmniejszaj\u0105 koszty. Zabezpieczenia wa\u0142u wymagaj\u0105 mniejszego momentu obrotowego, a opcja samogwintowania eliminuje potrzeb\u0119 stosowania gwintowanego trzpienia.\n<\/td>\n<\/tr>\n<tr>\n<td style=\"width: 20%;vertical-align: top;\">\n<img decoding=\"async\" src=\"\/FGTI_images\/support-tube-metal.jpg\" style=\"width: 50px;\" alt=\"Rura wsporcza metalowa\">\n<\/td>\n<td style=\"font-size: 14px;\">\n<b>Podpora rury metalowej.<\/b>\nTe same funkcje co plastikowe, metalowe uchwyty rurowe pozwalaj\u0105 na prac\u0119 w trudniejszych warunkach (zastosowania zewn\u0119trzne, wysoka temperatura rur, wysokie zatrzymywanie).\n<\/td>\n<\/tr>\n<tr>\n<td style=\"width: 20%;vertical-align: top;\">\n<img decoding=\"async\" src=\"\/FGTI_images\/raccords-rapides-pour-fluide.jpg\" style=\"width: 50px;\" alt=\"Szybkoz\u0142\u0105czki do p\u0142yn\u00f3w\">\n<\/td>\n<td style=\"font-size: 14px;\">\n<b>Szybkoz\u0142\u0105czki do p\u0142yn\u00f3w. <\/b>\nSzybkoz\u0142\u0105czki ARaymond s\u0105 idealne do zastosowa\u0144 HVAC. Z\u0142\u0105czki mog\u0105 zmniejszy\u0107 zu\u017cycie miedzi i wyeliminowa\u0107 potrzeb\u0119 lutowania, czynno\u015bci samozaciskowych i skr\u0119cania na linii monta\u017cowej.\n<\/td>\n<\/tr>\n<tr>\n<td style=\"width: 20%;vertical-align: top;\">\n<img decoding=\"async\" src=\"\/FGTI_images\/agrafes-de-panneaux-a-clipper.jpg\" style=\"width: 50px;\" alt=\"Zapi\u0119cia do paneli zatrzaskowych\">\n<\/td>\n<td style=\"font-size: 14px;\">\n<b>Zatrzaski do paneli. <\/b>\nZatrzaskowe klipsy do paneli zast\u0119puj\u0105 tradycyjne rozwi\u0105zania, takie jak \u015bruby czy nity. W zale\u017cno\u015bci od modelu wsuwa si\u0119 go w otw\u00f3r w panelu lub w otw\u00f3r za\u015blepiony. Estetyczne rozwi\u0105zanie dzi\u0119ki ma\u0142ej g\u0142\u00f3wce.\n<\/td>\n<\/tr>\n<\/table><\/div><\/div><\/div><\/div><\/div><\/div><div class=\"bt_bb_raw_content\"><p>\u00a0<\/p>\n<p style=\"text-align: left;\">Aby uzyska\u0107 bezpo\u015bredni dost\u0119p do szczeg\u00f3\u0142owych kart technicznych, <a style=\"font-size: 14px; color: white; background: #172983; padding: 5px 10px; border-radius: 5px;\" href=\"https:\/\/fgti-distribution.fr\/pl\/mocowanie-araymond\/szczegolowe-karty-araymond\/\">kliknij tutaj<\/a><\/p><\/div><\/div><\/div><\/div><\/div><\/div><\/div><!-- cell_inner --><\/div><!-- cell --><\/div><!-- port --><\/section>","protected":false},"excerpt":{"rendered":"","protected":false},"author":1,"featured_media":7486,"parent":10,"menu_order":0,"comment_status":"closed","ping_status":"closed","template":"","meta":{"footnotes":""},"class_list":["post-5949","page","type-page","status-publish","has-post-thumbnail","hentry"],"yoast_head":"<!-- This site is optimized with the Yoast SEO plugin v27.3 - https:\/\/yoast.com\/product\/yoast-seo-wordpress\/ -->\n<title>FGTI Distribution - Fixation et assemblage pour la plomberie<\/title>\n<meta name=\"description\" content=\"Quelles que soient vos probl\u00e9matiques de fixation ou d\u2019assemblage pour la plomberie, FGTI Distribution vous propose une solution ARaymond.\" \/>\n<meta name=\"robots\" content=\"index, follow, max-snippet:-1, max-image-preview:large, max-video-preview:-1\" \/>\n<link rel=\"canonical\" href=\"https:\/\/fgti-distribution.fr\/pl\/mocowanie-araymond\/mocowanie-zlaczki-hydraulicznej\/\" \/>\n<meta property=\"og:locale\" content=\"pl_PL\" \/>\n<meta property=\"og:type\" content=\"article\" \/>\n<meta property=\"og:title\" content=\"FGTI Distribution - Fixation et assemblage pour la plomberie\" \/>\n<meta property=\"og:description\" content=\"Quelles que soient vos probl\u00e9matiques de fixation ou d\u2019assemblage pour la plomberie, FGTI Distribution vous propose une solution ARaymond.\" \/>\n<meta property=\"og:url\" content=\"https:\/\/fgti-distribution.fr\/pl\/mocowanie-araymond\/mocowanie-zlaczki-hydraulicznej\/\" \/>\n<meta property=\"og:site_name\" content=\"FGTI Distribution\" \/>\n<meta property=\"article:modified_time\" content=\"2024-05-15T12:20:28+00:00\" \/>\n<meta property=\"og:image\" content=\"https:\/\/fgti-distribution.fr\/wp-content\/uploads\/2023\/02\/fixation-assemblage-plomberie.jpg\" \/>\n\t<meta property=\"og:image:width\" content=\"1600\" \/>\n\t<meta property=\"og:image:height\" content=\"430\" \/>\n\t<meta property=\"og:image:type\" content=\"image\/jpeg\" \/>\n<meta name=\"twitter:card\" content=\"summary_large_image\" \/>\n<meta name=\"twitter:label1\" content=\"Est. reading time\" \/>\n\t<meta name=\"twitter:data1\" content=\"1 minuta\" \/>\n<script type=\"application\/ld+json\" class=\"yoast-schema-graph\">{\"@context\":\"https:\\\/\\\/schema.org\",\"@graph\":[{\"@type\":\"WebPage\",\"@id\":\"https:\\\/\\\/fgti-distribution.fr\\\/fixation-araymond\\\/fixation-assemblage-plomberie\\\/\",\"url\":\"https:\\\/\\\/fgti-distribution.fr\\\/fixation-araymond\\\/fixation-assemblage-plomberie\\\/\",\"name\":\"FGTI Distribution - Fixation et assemblage pour la plomberie\",\"isPartOf\":{\"@id\":\"https:\\\/\\\/fgti-distribution.fr\\\/#website\"},\"primaryImageOfPage\":{\"@id\":\"https:\\\/\\\/fgti-distribution.fr\\\/fixation-araymond\\\/fixation-assemblage-plomberie\\\/#primaryimage\"},\"image\":{\"@id\":\"https:\\\/\\\/fgti-distribution.fr\\\/fixation-araymond\\\/fixation-assemblage-plomberie\\\/#primaryimage\"},\"thumbnailUrl\":\"https:\\\/\\\/fgti-distribution.fr\\\/wp-content\\\/uploads\\\/2023\\\/02\\\/fixation-assemblage-plomberie.jpg\",\"datePublished\":\"2020-01-02T15:37:01+00:00\",\"dateModified\":\"2024-05-15T12:20:28+00:00\",\"description\":\"Quelles que soient vos probl\u00e9matiques de fixation ou d\u2019assemblage pour la plomberie, FGTI Distribution vous propose une solution ARaymond.\",\"breadcrumb\":{\"@id\":\"https:\\\/\\\/fgti-distribution.fr\\\/fixation-araymond\\\/fixation-assemblage-plomberie\\\/#breadcrumb\"},\"inLanguage\":\"pl-PL\",\"potentialAction\":[{\"@type\":\"ReadAction\",\"target\":[\"https:\\\/\\\/fgti-distribution.fr\\\/fixation-araymond\\\/fixation-assemblage-plomberie\\\/\"]}]},{\"@type\":\"ImageObject\",\"inLanguage\":\"pl-PL\",\"@id\":\"https:\\\/\\\/fgti-distribution.fr\\\/fixation-araymond\\\/fixation-assemblage-plomberie\\\/#primaryimage\",\"url\":\"https:\\\/\\\/fgti-distribution.fr\\\/wp-content\\\/uploads\\\/2023\\\/02\\\/fixation-assemblage-plomberie.jpg\",\"contentUrl\":\"https:\\\/\\\/fgti-distribution.fr\\\/wp-content\\\/uploads\\\/2023\\\/02\\\/fixation-assemblage-plomberie.jpg\",\"width\":1600,\"height\":430,\"caption\":\"fixation assemblage plomberie\"},{\"@type\":\"BreadcrumbList\",\"@id\":\"https:\\\/\\\/fgti-distribution.fr\\\/fixation-araymond\\\/fixation-assemblage-plomberie\\\/#breadcrumb\",\"itemListElement\":[{\"@type\":\"ListItem\",\"position\":1,\"name\":\"Home\",\"item\":\"https:\\\/\\\/fgti-distribution.fr\\\/\"},{\"@type\":\"ListItem\",\"position\":2,\"name\":\"Fixations ARaymond\",\"item\":\"https:\\\/\\\/fgti-distribution.fr\\\/fixation-araymond\\\/\"},{\"@type\":\"ListItem\",\"position\":3,\"name\":\"Fixation et assemblage HVAC (chauffage, ventilation et climatisation)\"}]},{\"@type\":\"WebSite\",\"@id\":\"https:\\\/\\\/fgti-distribution.fr\\\/#website\",\"url\":\"https:\\\/\\\/fgti-distribution.fr\\\/\",\"name\":\"FGTI Distribution\",\"description\":\"Pi\u00e8ces techniques et services \u00e0 forte valeur ajout\u00e9e\",\"publisher\":{\"@id\":\"https:\\\/\\\/fgti-distribution.fr\\\/#organization\"},\"alternateName\":\"FGTI Distribution\",\"potentialAction\":[{\"@type\":\"SearchAction\",\"target\":{\"@type\":\"EntryPoint\",\"urlTemplate\":\"https:\\\/\\\/fgti-distribution.fr\\\/?s={search_term_string}\"},\"query-input\":{\"@type\":\"PropertyValueSpecification\",\"valueRequired\":true,\"valueName\":\"search_term_string\"}}],\"inLanguage\":\"pl-PL\"},{\"@type\":\"Organization\",\"@id\":\"https:\\\/\\\/fgti-distribution.fr\\\/#organization\",\"name\":\"FGTI Distribution\",\"alternateName\":\"FGTI Distribution\",\"url\":\"https:\\\/\\\/fgti-distribution.fr\\\/\",\"logo\":{\"@type\":\"ImageObject\",\"inLanguage\":\"pl-PL\",\"@id\":\"https:\\\/\\\/fgti-distribution.fr\\\/#\\\/schema\\\/logo\\\/image\\\/\",\"url\":\"https:\\\/\\\/fgti-distribution.fr\\\/wp-content\\\/uploads\\\/2022\\\/12\\\/logo.png\",\"contentUrl\":\"https:\\\/\\\/fgti-distribution.fr\\\/wp-content\\\/uploads\\\/2022\\\/12\\\/logo.png\",\"width\":500,\"height\":228,\"caption\":\"FGTI Distribution\"},\"image\":{\"@id\":\"https:\\\/\\\/fgti-distribution.fr\\\/#\\\/schema\\\/logo\\\/image\\\/\"},\"sameAs\":[\"https:\\\/\\\/www.linkedin.com\\\/company\\\/fgti-distribution\\\/\"]}]}<\/script>\n<!-- \/ Yoast SEO plugin. -->","yoast_head_json":{"title":"FGTI Distribution - Mocowania i monta\u017c instalacji wodno-kanalizacyjnych","description":"Niezale\u017cnie od problem\u00f3w z mocowaniem lub monta\u017cem instalacji hydraulicznych, FGTI Distribution oferuje rozwi\u0105zanie ARaymond.","robots":{"index":"index","follow":"follow","max-snippet":"max-snippet:-1","max-image-preview":"max-image-preview:large","max-video-preview":"max-video-preview:-1"},"canonical":"https:\/\/fgti-distribution.fr\/pl\/mocowanie-araymond\/mocowanie-zlaczki-hydraulicznej\/","og_locale":"pl_PL","og_type":"article","og_title":"FGTI Distribution - Fixation et assemblage pour la plomberie","og_description":"Quelles que soient vos probl\u00e9matiques de fixation ou d\u2019assemblage pour la plomberie, FGTI Distribution vous propose une solution ARaymond.","og_url":"https:\/\/fgti-distribution.fr\/pl\/mocowanie-araymond\/mocowanie-zlaczki-hydraulicznej\/","og_site_name":"FGTI Distribution","article_modified_time":"2024-05-15T12:20:28+00:00","og_image":[{"width":1600,"height":430,"url":"https:\/\/fgti-distribution.fr\/wp-content\/uploads\/2023\/02\/fixation-assemblage-plomberie.jpg","type":"image\/jpeg"}],"twitter_card":"summary_large_image","twitter_misc":{"Est. reading time":"1 minuta"},"schema":{"@context":"https:\/\/schema.org","@graph":[{"@type":"WebPage","@id":"https:\/\/fgti-distribution.fr\/fixation-araymond\/fixation-assemblage-plomberie\/","url":"https:\/\/fgti-distribution.fr\/fixation-araymond\/fixation-assemblage-plomberie\/","name":"FGTI Distribution - Mocowania i monta\u017c instalacji wodno-kanalizacyjnych","isPartOf":{"@id":"https:\/\/fgti-distribution.fr\/#website"},"primaryImageOfPage":{"@id":"https:\/\/fgti-distribution.fr\/fixation-araymond\/fixation-assemblage-plomberie\/#primaryimage"},"image":{"@id":"https:\/\/fgti-distribution.fr\/fixation-araymond\/fixation-assemblage-plomberie\/#primaryimage"},"thumbnailUrl":"https:\/\/fgti-distribution.fr\/wp-content\/uploads\/2023\/02\/fixation-assemblage-plomberie.jpg","datePublished":"2020-01-02T15:37:01+00:00","dateModified":"2024-05-15T12:20:28+00:00","description":"Niezale\u017cnie od problem\u00f3w z mocowaniem lub monta\u017cem instalacji hydraulicznych, FGTI Distribution oferuje rozwi\u0105zanie ARaymond.","breadcrumb":{"@id":"https:\/\/fgti-distribution.fr\/fixation-araymond\/fixation-assemblage-plomberie\/#breadcrumb"},"inLanguage":"pl-PL","potentialAction":[{"@type":"ReadAction","target":["https:\/\/fgti-distribution.fr\/fixation-araymond\/fixation-assemblage-plomberie\/"]}]},{"@type":"ImageObject","inLanguage":"pl-PL","@id":"https:\/\/fgti-distribution.fr\/fixation-araymond\/fixation-assemblage-plomberie\/#primaryimage","url":"https:\/\/fgti-distribution.fr\/wp-content\/uploads\/2023\/02\/fixation-assemblage-plomberie.jpg","contentUrl":"https:\/\/fgti-distribution.fr\/wp-content\/uploads\/2023\/02\/fixation-assemblage-plomberie.jpg","width":1600,"height":430,"caption":"fixation assemblage plomberie"},{"@type":"BreadcrumbList","@id":"https:\/\/fgti-distribution.fr\/fixation-araymond\/fixation-assemblage-plomberie\/#breadcrumb","itemListElement":[{"@type":"ListItem","position":1,"name":"Home","item":"https:\/\/fgti-distribution.fr\/"},{"@type":"ListItem","position":2,"name":"Fixations ARaymond","item":"https:\/\/fgti-distribution.fr\/fixation-araymond\/"},{"@type":"ListItem","position":3,"name":"Fixation et assemblage HVAC (chauffage, ventilation et climatisation)"}]},{"@type":"WebSite","@id":"https:\/\/fgti-distribution.fr\/#website","url":"https:\/\/fgti-distribution.fr\/","name":"Dystrybucja FGTI","description":"Cz\u0119\u015bci techniczne i us\u0142ugi o wysokiej warto\u015bci dodanej","publisher":{"@id":"https:\/\/fgti-distribution.fr\/#organization"},"alternateName":"FGTI Distribution","potentialAction":[{"@type":"SearchAction","target":{"@type":"EntryPoint","urlTemplate":"https:\/\/fgti-distribution.fr\/?s={search_term_string}"},"query-input":{"@type":"PropertyValueSpecification","valueRequired":true,"valueName":"search_term_string"}}],"inLanguage":"pl-PL"},{"@type":"Organization","@id":"https:\/\/fgti-distribution.fr\/#organization","name":"Dystrybucja FGTI","alternateName":"FGTI Distribution","url":"https:\/\/fgti-distribution.fr\/","logo":{"@type":"ImageObject","inLanguage":"pl-PL","@id":"https:\/\/fgti-distribution.fr\/#\/schema\/logo\/image\/","url":"https:\/\/fgti-distribution.fr\/wp-content\/uploads\/2022\/12\/logo.png","contentUrl":"https:\/\/fgti-distribution.fr\/wp-content\/uploads\/2022\/12\/logo.png","width":500,"height":228,"caption":"FGTI Distribution"},"image":{"@id":"https:\/\/fgti-distribution.fr\/#\/schema\/logo\/image\/"},"sameAs":["https:\/\/www.linkedin.com\/company\/fgti-distribution\/"]}]}},"_links":{"self":[{"href":"https:\/\/fgti-distribution.fr\/pl\/wp-json\/wp\/v2\/pages\/5949","targetHints":{"allow":["GET"]}}],"collection":[{"href":"https:\/\/fgti-distribution.fr\/pl\/wp-json\/wp\/v2\/pages"}],"about":[{"href":"https:\/\/fgti-distribution.fr\/pl\/wp-json\/wp\/v2\/types\/page"}],"author":[{"embeddable":true,"href":"https:\/\/fgti-distribution.fr\/pl\/wp-json\/wp\/v2\/users\/1"}],"replies":[{"embeddable":true,"href":"https:\/\/fgti-distribution.fr\/pl\/wp-json\/wp\/v2\/comments?post=5949"}],"version-history":[{"count":38,"href":"https:\/\/fgti-distribution.fr\/pl\/wp-json\/wp\/v2\/pages\/5949\/revisions"}],"predecessor-version":[{"id":9684,"href":"https:\/\/fgti-distribution.fr\/pl\/wp-json\/wp\/v2\/pages\/5949\/revisions\/9684"}],"up":[{"embeddable":true,"href":"https:\/\/fgti-distribution.fr\/pl\/wp-json\/wp\/v2\/pages\/10"}],"wp:featuredmedia":[{"embeddable":true,"href":"https:\/\/fgti-distribution.fr\/pl\/wp-json\/wp\/v2\/media\/7486"}],"wp:attachment":[{"href":"https:\/\/fgti-distribution.fr\/pl\/wp-json\/wp\/v2\/media?parent=5949"}],"curies":[{"name":"wp","href":"https:\/\/api.w.org\/{rel}","templated":true}]}}