{"id":60,"date":"2012-05-06T11:13:17","date_gmt":"2012-05-06T11:13:17","guid":{"rendered":"https:\/\/fgti-distribution.fr\/?page_id=60"},"modified":"2024-02-05T12:17:43","modified_gmt":"2024-02-05T12:17:43","slug":"notka-prawna","status":"publish","type":"page","link":"https:\/\/fgti-distribution.fr\/pl\/mentions-legales\/","title":{"rendered":"Informacje prawne"},"content":{"rendered":"<section id=\"bt_bb_section69f58ce4a7920\" class=\"bt_bb_section bt_bb_layout_boxed_1200\"  data-bt-override-class=\"null\"><div class=\"bt_bb_port\"><div class=\"bt_bb_cell\"><div class=\"bt_bb_cell_inner\"><div class=\"bt_bb_row\"  data-bt-override-class=\"{}\"><div class=\"bt_bb_row_holder\" ><div  class=\"bt_bb_column col-xxl-12 col-xl-12 col-xs-12 col-sm-12 col-md-12 col-lg-12 bt_bb_vertical_align_top bt_bb_align_left bt_bb_padding_normal\" style=\"; --column-width:12;\" data-width=\"12\" data-bt-override-class=\"{}\"><div class=\"bt_bb_column_content\"><div class=\"bt_bb_column_content_inner\"><div class=\"bt_bb_raw_content\"><div style=\"color: #bababa; font-size: 12px;\">FGTI-Distribution &gt; Notka prawna<\/div>\n<br \/><br \/>\n<div style=\"padding-right: 20px; float: left; padding-top: 15px;\">Dystrybucja FGTI <img decoding=\"async\" src=\"https:\/\/fgti-distribution.fr\/wp-content\/themes\/twentyeleven\/images\/petit-blanc.jpg\" \/> 10 rue de la vall\u00e9e<img decoding=\"async\" src=\"https:\/\/fgti-distribution.fr\/wp-content\/themes\/twentyeleven\/images\/petit-blanc.jpg\" \/> STANDARD <img decoding=\"async\" src=\"https:\/\/fgti-distribution.fr\/wp-content\/themes\/twentyeleven\/images\/petit-blanc.jpg\" \/> F\u2013 49800 LOIRE-AUTHION\n<br \/>\nFGT Industrie <img decoding=\"async\" src=\"https:\/\/fgti-distribution.fr\/wp-content\/themes\/twentyeleven\/images\/petit-blanc.jpg\" \/> 17 rue de la Coutardi\u00e8re <img decoding=\"async\" src=\"https:\/\/fgti-distribution.fr\/wp-content\/themes\/twentyeleven\/images\/petit-blanc.jpg\" \/> F \u2013 49800 Brain-sur-l'Authion\n<br \/>\nSARL z kapita\u0142em zak\u0142adowym w wysoko\u015bci 45 600 euro zarejestrowan\u0105 w rejestrze handlowym w Angers:\n<br \/>\nSIREN 950 623 819 | SIRET 950 623 819 00030 | NIP (N\u00b0TVA intracommunautaire) FR77 950 623 819\n<br \/><br \/>\n<strong>1\/ Realizacja wydawnicza<\/strong><br \/>\nDyrektor publikacji: Michelle Steyer\n<br \/><br \/>\n<strong>2\/ Zakwaterowanie<\/strong><br \/>\nTa strona jest hostowana przez <a style=\"text-decoration: none; font-weight: normal; color: #373737;\" href=\"https:\/\/www.aroconseil.com\/\" target=\"_blank\" rel=\"noopener\">AroConseil<\/a>.\n<br \/><br \/>\n<strong>3\/ W\u0142asno\u015b\u0107 intelektualna<\/strong><br \/>\nCa\u0142a zawarto\u015b\u0107 tej strony jest w\u0142asno\u015bci\u0105 firmy FGT Industrie SARL. Znaki towarowe, logotypy i materia\u0142y wizualne widniej\u0105ce na tej stronie nale\u017c\u0105 do ich odpowiednich w\u0142a\u015bcicieli. W zwi\u0105zku z tym wszelkie ca\u0142kowite lub cz\u0119\u015bciowe powielanie, dokonywane na podstawie element\u00f3w tej strony, bez wyra\u017anej zgody dyrektora publikacji jest zabronione zgodnie z artyku\u0142em L.713-2 Kodeksu w\u0142asno\u015bci intelektualnej.\n<br \/><br \/>\n<strong>4\/ Kaucje<\/strong> <br \/>\nSerwis udost\u0119pnia linki do stron, nad kt\u00f3rymi FGT Industrie SARL nie sprawuje \u017cadnej kontroli. FGT Industrie SARL nie ponosi odpowiedzialno\u015bci za tre\u015bci zawarte na tych stronach.\n<br \/><br \/>\n<strong>5\/ Informacje og\u00f3lne<\/strong><br \/>\n- Charakterystyka graficzna i realizacja <a style=\"text-decoration: none; font-weight: normal; color: #373737;\" href=\"https:\/\/www.aroconseil.com\" target=\"_blank\" rel=\"noopener\">AroConseil<\/a><br \/>\n- Cr\u00e9dits photos : \u00a9 IDG \/ \u00a9 ARaymond \/ \u00a9 Kaiser Waltermann \/ \u00a9 Fotolia.com<br \/>\n<br \/><br \/>\n<strong>6\/ Informacje techniczne<\/strong><br \/>\nTa strona zawiera pliki w formacie PDF (Portable Document Format). Do ich przegl\u0105dania potrzebny jest program Acrobat Reader. Acrobat Reader jest dost\u0119pny na stronie Adobe France.\nSp\u00f3\u0142ka FGT Industrie SARL nie ponosi w \u017cadnym wypadku odpowiedzialno\u015bci za jakiekolwiek szkody, bezpo\u015brednie lub po\u015brednie, niezale\u017cnie od ich charakteru, wynikaj\u0105ce z korzystania z jej strony internetowej. Przypomina si\u0119, \u017ce tajemnica korespondencji nie jest gwarantowana w spos\u00f3b doskona\u0142y w sieci Internet i \u017ce ka\u017cdy u\u017cytkownik jest zobowi\u0105zany do podj\u0119cia wszelkich odpowiednich krok\u00f3w w celu ochrony w\u0142asnych danych i\/lub oprogramowania przed ska\u017ceniem potencjalnymi wirusami kr\u0105\u017c\u0105cymi w Internecie.\nKa\u017cdy sp\u00f3r zwi\u0105zany z korzystaniem ze strony www.fgti-distribution.fr podlega francuskiemu prawu.\n<br \/><br \/>\n<strong>7\/ Ciastka<\/strong><br \/>\nPodczas przegl\u0105dania naszej strony internetowej na Twoim komputerze, urz\u0105dzeniu mobilnym lub tablecie s\u0105 umieszczane pliki cookie.<br \/>\nNasza strona zosta\u0142a zaprojektowana tak, aby szczeg\u00f3lnie zwraca\u0107 uwag\u0119 na potrzeby i oczekiwania naszych klient\u00f3w. Mi\u0119dzy innymi z tego powodu korzystamy z plik\u00f3w cookie, aby zapewni\u0107 Pa\u0144stwu sprawne poruszanie si\u0119 po niej.\n<br \/><br \/>\n<strong>Akceptuj lub odrzu\u0107 ciasteczka<\/strong>\n<br \/><br \/>\nMasz r\u00f3\u017cne sposoby zarz\u0105dzania plikami cookie.<br \/>\nKonfiguracja Twojej przegl\u0105darki internetowej: <br \/>\nMo\u017cesz w dowolnym momencie zdecydowa\u0107 o wy\u0142\u0105czeniu tych plik\u00f3w cookie. Twoja przegl\u0105darka mo\u017ce by\u0107 r\u00f3wnie\u017c skonfigurowana tak, aby informowa\u0107 Ci\u0119 o plikach cookie, kt\u00f3re s\u0105 umieszczane na Twoim komputerze i prosi\u0107 o ich zaakceptowanie lub odrzucenie. Mo\u017cesz akceptowa\u0107 lub odrzuca\u0107 pliki cookie indywidualnie lub odrzuca\u0107 je systematycznie raz na zawsze.<br \/>\nPrzypominamy, \u017ce ustawienia mog\u0105 wp\u0142yn\u0105\u0107 na warunki dost\u0119pu do naszych us\u0142ug wymagaj\u0105cych u\u017cywania plik\u00f3w cookie.<br \/>\nJe\u015bli Twoja przegl\u0105darka jest skonfigurowana tak, aby odrzuca\u0107 wszystkie pliki cookie, nie b\u0119dziesz w stanie dokonywa\u0107 zakup\u00f3w ani korzysta\u0107 z podstawowych funkcji naszej witryny, takich jak przechowywanie przedmiot\u00f3w w koszyku lub otrzymywanie spersonalizowanych rekomendacji. Aby zarz\u0105dza\u0107 plikami cookie najlepiej odpowiadaj\u0105cymi Twoim oczekiwaniom, zach\u0119camy do skonfigurowania przegl\u0105darki z uwzgl\u0119dnieniem celu plik\u00f3w cookie, o kt\u00f3rym mowa powy\u017cej.<br \/>\nOto jak zarz\u0105dza\u0107 lub blokowa\u0107 zapisywanie plik\u00f3w cookie:<br \/>\nKonfiguracja ka\u017cdej przegl\u0105darki jest inna. Jest ona opisana w menu pomocy przegl\u0105darki, kt\u00f3re pozwoli Ci dowiedzie\u0107 si\u0119, jak zmieni\u0107 swoje preferencje dotycz\u0105ce plik\u00f3w cookie.\nMo\u017cesz wy\u0142\u0105czy\u0107 pliki cookie, post\u0119puj\u0105c zgodnie z poni\u017cszymi instrukcjami:\n<br \/><br \/>\n1\/ je\u015bli korzystasz z przegl\u0105darki Internet Explorer<br \/>\nW programie Internet Explorer kliknij przycisk Narz\u0119dzia, a nast\u0119pnie Opcje internetowe.<br \/>\nW zak\u0142adce Og\u00f3lne, w sekcji Historia przegl\u0105dania kliknij Ustawienia.<br \/>\nKliknij przycisk Poka\u017c pliki.<br \/>\nKliknij nag\u0142\u00f3wek kolumny \u00bbNazwa\u00ab, aby posortowa\u0107 wszystkie pliki alfabetycznie, a nast\u0119pnie przewi\u0144 list\u0119, a\u017c zobaczysz pliki zaczynaj\u0105ce si\u0119 od prefiksu \"Cookie\". (wszystkie pliki cookie maj\u0105 ten prefiks i zazwyczaj zawieraj\u0105 nazw\u0119 witryny internetowej, kt\u00f3ra utworzy\u0142a plik cookie).<br \/>\nWybierz pliki cookie zawieraj\u0105ce nazw\u0119 \u00abfgti\u00bb i usu\u0144 je.\nZamknij okno zawieraj\u0105ce list\u0119 plik\u00f3w, a nast\u0119pnie kliknij dwukrotnie przycisk OK, aby powr\u00f3ci\u0107 do programu Internet Explorer.\n<br \/><br \/>\n2\/ je\u015bli u\u017cywasz przegl\u0105darki Firefox<br \/>\nPrzejd\u017a do zak\u0142adki \u00bbNarz\u0119dzia\u00ab w przegl\u0105darce, a nast\u0119pnie wybierz menu \u00bbOpcje\u00ab.\nW oknie, kt\u00f3re si\u0119 pojawi, wybierz \u00bbPrywatno\u015b\u0107\u00ab i kliknij \u00bbWy\u015bwietl ciasteczka\u00ab.\nZnajd\u017a pliki zawieraj\u0105ce nazw\u0119 \u00bbfgti\", zaznacz je i usu\u0144.\n<br \/><br \/>\n3\/ je\u015bli u\u017cywasz przegl\u0105darki Safari<br \/>\nW przegl\u0105darce wybierz menu Edycja &gt; Preferencje.<br \/>\nKliknij Bezpiecze\u0144stwo.<br \/>\nKliknij Poka\u017c ciasteczka. <br \/>\nZaznacz pliki cookie zawieraj\u0105ce nazw\u0119 \u00abfgti\u00bb i kliknij Wyczy\u015b\u0107 lub Wyczy\u015b\u0107 wszystko.\nPo usuni\u0119ciu plik\u00f3w cookie kliknij Gotowe.\n<br \/><br \/>\n4\/ je\u015bli korzystasz z przegl\u0105darki Google Chrome<br \/>\nKliknij ikon\u0119 menu Narz\u0119dzia.<br \/>\nWybierz Opcje.<br \/>\nKliknij na kart\u0119 Opcje zaawansowane i przejd\u017a do sekcji \"Prywatno\u015b\u0107\".<br \/>\nKliknij przycisk Poka\u017c pliki cookie.<br \/>\nZlokalizuj pliki zawieraj\u0105ce nazw\u0119 \u00abfgti\u00bb. Zaznacz je i usu\u0144.<br \/>\nKliknij \u00bb Zamknij \u00ab, aby powr\u00f3ci\u0107 do przegl\u0105darki.\n<br \/><br \/>\n<\/div><\/div><\/div><\/div><\/div><\/div><\/div><\/div><!-- cell_inner --><\/div><!-- cell --><\/div><!-- port --><\/section>","protected":false},"excerpt":{"rendered":"","protected":false},"author":1,"featured_media":0,"parent":0,"menu_order":0,"comment_status":"closed","ping_status":"closed","template":"","meta":{"footnotes":""},"class_list":["post-60","page","type-page","status-publish","hentry"],"yoast_head":"<!-- This site is optimized with the Yoast SEO plugin v27.3 - https:\/\/yoast.com\/product\/yoast-seo-wordpress\/ -->\n<title>FGTI Distribution - Mentions l\u00e9gales<\/title>\n<meta name=\"description\" content=\"FGTI Distribution - Mentions l\u00e9gales -\" \/>\n<meta name=\"robots\" content=\"noindex, nofollow\" \/>\n<meta property=\"og:locale\" content=\"pl_PL\" \/>\n<meta property=\"og:type\" content=\"article\" \/>\n<meta property=\"og:title\" content=\"FGTI Distribution - Mentions l\u00e9gales\" \/>\n<meta property=\"og:description\" content=\"FGTI Distribution - Mentions l\u00e9gales -\" \/>\n<meta property=\"og:url\" content=\"https:\/\/fgti-distribution.fr\/pl\/notka-prawna\/\" \/>\n<meta property=\"og:site_name\" content=\"FGTI Distribution\" \/>\n<meta property=\"article:modified_time\" content=\"2024-02-05T12:17:43+00:00\" \/>\n<meta name=\"twitter:card\" content=\"summary_large_image\" \/>\n<meta name=\"twitter:label1\" content=\"Est. reading time\" \/>\n\t<meta name=\"twitter:data1\" content=\"1 minuta\" \/>\n<script type=\"application\/ld+json\" class=\"yoast-schema-graph\">{\"@context\":\"https:\\\/\\\/schema.org\",\"@graph\":[{\"@type\":\"WebPage\",\"@id\":\"https:\\\/\\\/fgti-distribution.fr\\\/mentions-legales\\\/\",\"url\":\"https:\\\/\\\/fgti-distribution.fr\\\/mentions-legales\\\/\",\"name\":\"FGTI Distribution - Mentions l\u00e9gales\",\"isPartOf\":{\"@id\":\"https:\\\/\\\/fgti-distribution.fr\\\/#website\"},\"datePublished\":\"2012-05-06T11:13:17+00:00\",\"dateModified\":\"2024-02-05T12:17:43+00:00\",\"description\":\"FGTI Distribution - Mentions l\u00e9gales -\",\"breadcrumb\":{\"@id\":\"https:\\\/\\\/fgti-distribution.fr\\\/mentions-legales\\\/#breadcrumb\"},\"inLanguage\":\"pl-PL\",\"potentialAction\":[{\"@type\":\"ReadAction\",\"target\":[\"https:\\\/\\\/fgti-distribution.fr\\\/mentions-legales\\\/\"]}]},{\"@type\":\"BreadcrumbList\",\"@id\":\"https:\\\/\\\/fgti-distribution.fr\\\/mentions-legales\\\/#breadcrumb\",\"itemListElement\":[{\"@type\":\"ListItem\",\"position\":1,\"name\":\"Home\",\"item\":\"https:\\\/\\\/fgti-distribution.fr\\\/\"},{\"@type\":\"ListItem\",\"position\":2,\"name\":\"Mentions l\u00e9gales\"}]},{\"@type\":\"WebSite\",\"@id\":\"https:\\\/\\\/fgti-distribution.fr\\\/#website\",\"url\":\"https:\\\/\\\/fgti-distribution.fr\\\/\",\"name\":\"FGTI Distribution\",\"description\":\"Pi\u00e8ces techniques et services \u00e0 forte valeur ajout\u00e9e\",\"publisher\":{\"@id\":\"https:\\\/\\\/fgti-distribution.fr\\\/#organization\"},\"alternateName\":\"FGTI Distribution\",\"potentialAction\":[{\"@type\":\"SearchAction\",\"target\":{\"@type\":\"EntryPoint\",\"urlTemplate\":\"https:\\\/\\\/fgti-distribution.fr\\\/?s={search_term_string}\"},\"query-input\":{\"@type\":\"PropertyValueSpecification\",\"valueRequired\":true,\"valueName\":\"search_term_string\"}}],\"inLanguage\":\"pl-PL\"},{\"@type\":\"Organization\",\"@id\":\"https:\\\/\\\/fgti-distribution.fr\\\/#organization\",\"name\":\"FGTI Distribution\",\"alternateName\":\"FGTI Distribution\",\"url\":\"https:\\\/\\\/fgti-distribution.fr\\\/\",\"logo\":{\"@type\":\"ImageObject\",\"inLanguage\":\"pl-PL\",\"@id\":\"https:\\\/\\\/fgti-distribution.fr\\\/#\\\/schema\\\/logo\\\/image\\\/\",\"url\":\"https:\\\/\\\/fgti-distribution.fr\\\/wp-content\\\/uploads\\\/2022\\\/12\\\/logo.png\",\"contentUrl\":\"https:\\\/\\\/fgti-distribution.fr\\\/wp-content\\\/uploads\\\/2022\\\/12\\\/logo.png\",\"width\":500,\"height\":228,\"caption\":\"FGTI Distribution\"},\"image\":{\"@id\":\"https:\\\/\\\/fgti-distribution.fr\\\/#\\\/schema\\\/logo\\\/image\\\/\"},\"sameAs\":[\"https:\\\/\\\/www.linkedin.com\\\/company\\\/fgti-distribution\\\/\"]}]}<\/script>\n<!-- \/ Yoast SEO plugin. -->","yoast_head_json":{"title":"FGTI Distribution - Informacje prawne","description":"FGTI Distribution - Notka prawna -","robots":{"index":"noindex","follow":"nofollow"},"og_locale":"pl_PL","og_type":"article","og_title":"FGTI Distribution - Mentions l\u00e9gales","og_description":"FGTI Distribution - Mentions l\u00e9gales -","og_url":"https:\/\/fgti-distribution.fr\/pl\/notka-prawna\/","og_site_name":"FGTI Distribution","article_modified_time":"2024-02-05T12:17:43+00:00","twitter_card":"summary_large_image","twitter_misc":{"Est. reading time":"1 minuta"},"schema":{"@context":"https:\/\/schema.org","@graph":[{"@type":"WebPage","@id":"https:\/\/fgti-distribution.fr\/mentions-legales\/","url":"https:\/\/fgti-distribution.fr\/mentions-legales\/","name":"FGTI Distribution - Informacje prawne","isPartOf":{"@id":"https:\/\/fgti-distribution.fr\/#website"},"datePublished":"2012-05-06T11:13:17+00:00","dateModified":"2024-02-05T12:17:43+00:00","description":"FGTI Distribution - Notka prawna -","breadcrumb":{"@id":"https:\/\/fgti-distribution.fr\/mentions-legales\/#breadcrumb"},"inLanguage":"pl-PL","potentialAction":[{"@type":"ReadAction","target":["https:\/\/fgti-distribution.fr\/mentions-legales\/"]}]},{"@type":"BreadcrumbList","@id":"https:\/\/fgti-distribution.fr\/mentions-legales\/#breadcrumb","itemListElement":[{"@type":"ListItem","position":1,"name":"Home","item":"https:\/\/fgti-distribution.fr\/"},{"@type":"ListItem","position":2,"name":"Mentions l\u00e9gales"}]},{"@type":"WebSite","@id":"https:\/\/fgti-distribution.fr\/#website","url":"https:\/\/fgti-distribution.fr\/","name":"Dystrybucja FGTI","description":"Cz\u0119\u015bci techniczne i us\u0142ugi o wysokiej warto\u015bci dodanej","publisher":{"@id":"https:\/\/fgti-distribution.fr\/#organization"},"alternateName":"FGTI Distribution","potentialAction":[{"@type":"SearchAction","target":{"@type":"EntryPoint","urlTemplate":"https:\/\/fgti-distribution.fr\/?s={search_term_string}"},"query-input":{"@type":"PropertyValueSpecification","valueRequired":true,"valueName":"search_term_string"}}],"inLanguage":"pl-PL"},{"@type":"Organization","@id":"https:\/\/fgti-distribution.fr\/#organization","name":"Dystrybucja FGTI","alternateName":"FGTI Distribution","url":"https:\/\/fgti-distribution.fr\/","logo":{"@type":"ImageObject","inLanguage":"pl-PL","@id":"https:\/\/fgti-distribution.fr\/#\/schema\/logo\/image\/","url":"https:\/\/fgti-distribution.fr\/wp-content\/uploads\/2022\/12\/logo.png","contentUrl":"https:\/\/fgti-distribution.fr\/wp-content\/uploads\/2022\/12\/logo.png","width":500,"height":228,"caption":"FGTI Distribution"},"image":{"@id":"https:\/\/fgti-distribution.fr\/#\/schema\/logo\/image\/"},"sameAs":["https:\/\/www.linkedin.com\/company\/fgti-distribution\/"]}]}},"_links":{"self":[{"href":"https:\/\/fgti-distribution.fr\/pl\/wp-json\/wp\/v2\/pages\/60","targetHints":{"allow":["GET"]}}],"collection":[{"href":"https:\/\/fgti-distribution.fr\/pl\/wp-json\/wp\/v2\/pages"}],"about":[{"href":"https:\/\/fgti-distribution.fr\/pl\/wp-json\/wp\/v2\/types\/page"}],"author":[{"embeddable":true,"href":"https:\/\/fgti-distribution.fr\/pl\/wp-json\/wp\/v2\/users\/1"}],"replies":[{"embeddable":true,"href":"https:\/\/fgti-distribution.fr\/pl\/wp-json\/wp\/v2\/comments?post=60"}],"version-history":[{"count":7,"href":"https:\/\/fgti-distribution.fr\/pl\/wp-json\/wp\/v2\/pages\/60\/revisions"}],"predecessor-version":[{"id":9084,"href":"https:\/\/fgti-distribution.fr\/pl\/wp-json\/wp\/v2\/pages\/60\/revisions\/9084"}],"wp:attachment":[{"href":"https:\/\/fgti-distribution.fr\/pl\/wp-json\/wp\/v2\/media?parent=60"}],"curies":[{"name":"wp","href":"https:\/\/api.w.org\/{rel}","templated":true}]}}