{"id":7982,"date":"2023-06-28T14:11:14","date_gmt":"2023-06-28T14:11:14","guid":{"rendered":"https:\/\/fgti-distribution.fr\/?page_id=7982"},"modified":"2024-02-15T12:46:24","modified_gmt":"2024-02-15T12:46:24","slug":"polityka-jakosci","status":"publish","type":"page","link":"https:\/\/fgti-distribution.fr\/pl\/politique-qualite\/","title":{"rendered":"Polityka jako\u015bci"},"content":{"rendered":"<section id=\"bt_bb_section69f4dce6244fa\" class=\"bt_bb_section bt_bb_layout_boxed_1200\"  data-bt-override-class=\"null\"><div class=\"bt_bb_port\"><div class=\"bt_bb_cell\"><div class=\"bt_bb_cell_inner\"><div class=\"bt_bb_row\"  data-bt-override-class=\"{}\"><div class=\"bt_bb_row_holder\" ><div  class=\"bt_bb_column col-xxl-12 col-xl-12 col-xs-12 col-sm-12 col-md-12 col-lg-12 bt_bb_vertical_align_top bt_bb_align_left bt_bb_padding_normal\" style=\"; --column-width:12;\" data-width=\"12\" data-bt-override-class=\"{}\"><div class=\"bt_bb_column_content\"><div class=\"bt_bb_column_content_inner\"><div  class=\"bt_bb_text\" ><\/p>\n<p><em>Wdro\u017cenie systemu zarz\u0105dzania jako\u015bci\u0105 ISO 9001, wersja 2015, wzmocni\u0142o nasze przekonanie o d\u0105\u017ceniu do ci\u0105g\u0142ego doskonalenia w celu zadowolenia naszych klient\u00f3w. Chcemy zapewni\u0107 d\u0142ugoterminow\u0105 stabilno\u015b\u0107 naszej firmy poprzez rzetelne i trwa\u0142e relacje ze wszystkimi zainteresowanymi stronami, naszymi klientami, a tak\u017ce naszymi dostawcami i wsp\u00f3\u0142pracownikami.<\/em><\/p>\n<p><em>Jako Top Mened\u017cer firmy zobowi\u0105zuj\u0119 si\u0119 do przestrzegania i egzekwowania wszystkich przyj\u0119tych przepis\u00f3w w celu ci\u0105g\u0142ego doskonalenia i formalizacji, z zaanga\u017cowaniem wszystkich, udost\u0119pniaj\u0105c wszystkie zasoby ludzkie i materialne. W szczeg\u00f3lno\u015bci dotyczy to:<\/em><\/p>\n<ul>\n<li><em>Zdoby\u0107 lojalno\u015b\u0107 klient\u00f3w i dostawc\u00f3w, aby sprosta\u0107 ich wymaganiom i oczekiwaniom<\/em><\/li>\n<li><em>Zapewnienie nadzoru i doskonalenia systemu zarz\u0105dzania poprzez zastosowanie normy<\/em><\/li>\n<li><em>Aby zapewni\u0107 optymaln\u0105 organizacj\u0119 wewn\u0119trzn\u0105 oraz sta\u0142e podnoszenie kwalifikacji naszych wsp\u00f3\u0142pracownik\u00f3w<\/em><\/li>\n<\/ul>\n<p><em>Mam ca\u0142kowite zaufanie do kompetencji technicznych i handlowych, a tak\u017ce poczucia odpowiedzialno\u015bci wszystkich moich wsp\u00f3\u0142pracownik\u00f3w w celu stworzenia skutecznego systemu zarz\u0105dzania jako\u015bci\u0105.<\/em><\/p>\n<p><em>Kierowniczka<\/em><\/p>\n<p><em>Michelle STEYER<\/em><\/p>\n<p>\n<\/div><\/div><\/div><\/div><\/div><\/div><\/div><!-- cell_inner --><\/div><!-- cell --><\/div><!-- port --><\/section>","protected":false},"excerpt":{"rendered":"","protected":false},"author":4,"featured_media":0,"parent":0,"menu_order":0,"comment_status":"closed","ping_status":"closed","template":"","meta":{"footnotes":""},"class_list":["post-7982","page","type-page","status-publish","hentry"],"yoast_head":"<!-- This site is optimized with the Yoast SEO plugin v27.3 - https:\/\/yoast.com\/product\/yoast-seo-wordpress\/ -->\n<title>FGTI Distribution - Politique qualit\u00e9<\/title>\n<meta name=\"description\" content=\"FGTI Distribution - Politique qualit\u00e9 -\" \/>\n<meta name=\"robots\" content=\"noindex, follow\" \/>\n<meta property=\"og:locale\" content=\"pl_PL\" \/>\n<meta property=\"og:type\" content=\"article\" \/>\n<meta property=\"og:title\" content=\"FGTI Distribution - Politique qualit\u00e9\" \/>\n<meta property=\"og:description\" content=\"FGTI Distribution - Politique qualit\u00e9 -\" \/>\n<meta property=\"og:url\" content=\"https:\/\/fgti-distribution.fr\/pl\/polityka-jakosci\/\" \/>\n<meta property=\"og:site_name\" content=\"FGTI Distribution\" \/>\n<meta property=\"article:modified_time\" content=\"2024-02-15T12:46:24+00:00\" \/>\n<meta name=\"twitter:card\" content=\"summary_large_image\" \/>\n<meta name=\"twitter:label1\" content=\"Est. reading time\" \/>\n\t<meta name=\"twitter:data1\" content=\"1 minuta\" \/>\n<script type=\"application\/ld+json\" class=\"yoast-schema-graph\">{\"@context\":\"https:\\\/\\\/schema.org\",\"@graph\":[{\"@type\":\"WebPage\",\"@id\":\"https:\\\/\\\/fgti-distribution.fr\\\/politique-qualite\\\/\",\"url\":\"https:\\\/\\\/fgti-distribution.fr\\\/politique-qualite\\\/\",\"name\":\"FGTI Distribution - Politique qualit\u00e9\",\"isPartOf\":{\"@id\":\"https:\\\/\\\/fgti-distribution.fr\\\/#website\"},\"datePublished\":\"2023-06-28T14:11:14+00:00\",\"dateModified\":\"2024-02-15T12:46:24+00:00\",\"description\":\"FGTI Distribution - Politique qualit\u00e9 -\",\"breadcrumb\":{\"@id\":\"https:\\\/\\\/fgti-distribution.fr\\\/politique-qualite\\\/#breadcrumb\"},\"inLanguage\":\"pl-PL\",\"potentialAction\":[{\"@type\":\"ReadAction\",\"target\":[\"https:\\\/\\\/fgti-distribution.fr\\\/politique-qualite\\\/\"]}]},{\"@type\":\"BreadcrumbList\",\"@id\":\"https:\\\/\\\/fgti-distribution.fr\\\/politique-qualite\\\/#breadcrumb\",\"itemListElement\":[{\"@type\":\"ListItem\",\"position\":1,\"name\":\"Home\",\"item\":\"https:\\\/\\\/fgti-distribution.fr\\\/\"},{\"@type\":\"ListItem\",\"position\":2,\"name\":\"Politique qualit\u00e9\"}]},{\"@type\":\"WebSite\",\"@id\":\"https:\\\/\\\/fgti-distribution.fr\\\/#website\",\"url\":\"https:\\\/\\\/fgti-distribution.fr\\\/\",\"name\":\"FGTI Distribution\",\"description\":\"Pi\u00e8ces techniques et services \u00e0 forte valeur ajout\u00e9e\",\"publisher\":{\"@id\":\"https:\\\/\\\/fgti-distribution.fr\\\/#organization\"},\"alternateName\":\"FGTI Distribution\",\"potentialAction\":[{\"@type\":\"SearchAction\",\"target\":{\"@type\":\"EntryPoint\",\"urlTemplate\":\"https:\\\/\\\/fgti-distribution.fr\\\/?s={search_term_string}\"},\"query-input\":{\"@type\":\"PropertyValueSpecification\",\"valueRequired\":true,\"valueName\":\"search_term_string\"}}],\"inLanguage\":\"pl-PL\"},{\"@type\":\"Organization\",\"@id\":\"https:\\\/\\\/fgti-distribution.fr\\\/#organization\",\"name\":\"FGTI Distribution\",\"alternateName\":\"FGTI Distribution\",\"url\":\"https:\\\/\\\/fgti-distribution.fr\\\/\",\"logo\":{\"@type\":\"ImageObject\",\"inLanguage\":\"pl-PL\",\"@id\":\"https:\\\/\\\/fgti-distribution.fr\\\/#\\\/schema\\\/logo\\\/image\\\/\",\"url\":\"https:\\\/\\\/fgti-distribution.fr\\\/wp-content\\\/uploads\\\/2022\\\/12\\\/logo.png\",\"contentUrl\":\"https:\\\/\\\/fgti-distribution.fr\\\/wp-content\\\/uploads\\\/2022\\\/12\\\/logo.png\",\"width\":500,\"height\":228,\"caption\":\"FGTI Distribution\"},\"image\":{\"@id\":\"https:\\\/\\\/fgti-distribution.fr\\\/#\\\/schema\\\/logo\\\/image\\\/\"},\"sameAs\":[\"https:\\\/\\\/www.linkedin.com\\\/company\\\/fgti-distribution\\\/\"]}]}<\/script>\n<!-- \/ Yoast SEO plugin. -->","yoast_head_json":{"title":"FGTI Distribution - Polityka jako\u015bci","description":"FGTI Distribution - Polityka jako\u015bci -","robots":{"index":"noindex","follow":"follow"},"og_locale":"pl_PL","og_type":"article","og_title":"FGTI Distribution - Politique qualit\u00e9","og_description":"FGTI Distribution - Politique qualit\u00e9 -","og_url":"https:\/\/fgti-distribution.fr\/pl\/polityka-jakosci\/","og_site_name":"FGTI Distribution","article_modified_time":"2024-02-15T12:46:24+00:00","twitter_card":"summary_large_image","twitter_misc":{"Est. reading time":"1 minuta"},"schema":{"@context":"https:\/\/schema.org","@graph":[{"@type":"WebPage","@id":"https:\/\/fgti-distribution.fr\/politique-qualite\/","url":"https:\/\/fgti-distribution.fr\/politique-qualite\/","name":"FGTI Distribution - Polityka jako\u015bci","isPartOf":{"@id":"https:\/\/fgti-distribution.fr\/#website"},"datePublished":"2023-06-28T14:11:14+00:00","dateModified":"2024-02-15T12:46:24+00:00","description":"FGTI Distribution - Polityka jako\u015bci -","breadcrumb":{"@id":"https:\/\/fgti-distribution.fr\/politique-qualite\/#breadcrumb"},"inLanguage":"pl-PL","potentialAction":[{"@type":"ReadAction","target":["https:\/\/fgti-distribution.fr\/politique-qualite\/"]}]},{"@type":"BreadcrumbList","@id":"https:\/\/fgti-distribution.fr\/politique-qualite\/#breadcrumb","itemListElement":[{"@type":"ListItem","position":1,"name":"Home","item":"https:\/\/fgti-distribution.fr\/"},{"@type":"ListItem","position":2,"name":"Politique qualit\u00e9"}]},{"@type":"WebSite","@id":"https:\/\/fgti-distribution.fr\/#website","url":"https:\/\/fgti-distribution.fr\/","name":"Dystrybucja FGTI","description":"Cz\u0119\u015bci techniczne i us\u0142ugi o wysokiej warto\u015bci dodanej","publisher":{"@id":"https:\/\/fgti-distribution.fr\/#organization"},"alternateName":"FGTI Distribution","potentialAction":[{"@type":"SearchAction","target":{"@type":"EntryPoint","urlTemplate":"https:\/\/fgti-distribution.fr\/?s={search_term_string}"},"query-input":{"@type":"PropertyValueSpecification","valueRequired":true,"valueName":"search_term_string"}}],"inLanguage":"pl-PL"},{"@type":"Organization","@id":"https:\/\/fgti-distribution.fr\/#organization","name":"Dystrybucja FGTI","alternateName":"FGTI Distribution","url":"https:\/\/fgti-distribution.fr\/","logo":{"@type":"ImageObject","inLanguage":"pl-PL","@id":"https:\/\/fgti-distribution.fr\/#\/schema\/logo\/image\/","url":"https:\/\/fgti-distribution.fr\/wp-content\/uploads\/2022\/12\/logo.png","contentUrl":"https:\/\/fgti-distribution.fr\/wp-content\/uploads\/2022\/12\/logo.png","width":500,"height":228,"caption":"FGTI Distribution"},"image":{"@id":"https:\/\/fgti-distribution.fr\/#\/schema\/logo\/image\/"},"sameAs":["https:\/\/www.linkedin.com\/company\/fgti-distribution\/"]}]}},"_links":{"self":[{"href":"https:\/\/fgti-distribution.fr\/pl\/wp-json\/wp\/v2\/pages\/7982","targetHints":{"allow":["GET"]}}],"collection":[{"href":"https:\/\/fgti-distribution.fr\/pl\/wp-json\/wp\/v2\/pages"}],"about":[{"href":"https:\/\/fgti-distribution.fr\/pl\/wp-json\/wp\/v2\/types\/page"}],"author":[{"embeddable":true,"href":"https:\/\/fgti-distribution.fr\/pl\/wp-json\/wp\/v2\/users\/4"}],"replies":[{"embeddable":true,"href":"https:\/\/fgti-distribution.fr\/pl\/wp-json\/wp\/v2\/comments?post=7982"}],"version-history":[{"count":3,"href":"https:\/\/fgti-distribution.fr\/pl\/wp-json\/wp\/v2\/pages\/7982\/revisions"}],"predecessor-version":[{"id":7985,"href":"https:\/\/fgti-distribution.fr\/pl\/wp-json\/wp\/v2\/pages\/7982\/revisions\/7985"}],"wp:attachment":[{"href":"https:\/\/fgti-distribution.fr\/pl\/wp-json\/wp\/v2\/media?parent=7982"}],"curies":[{"name":"wp","href":"https:\/\/api.w.org\/{rel}","templated":true}]}}