{"id":80,"date":"2012-05-06T12:58:24","date_gmt":"2012-05-06T12:58:24","guid":{"rendered":"https:\/\/fgti-distribution.fr\/?page_id=80"},"modified":"2023-05-16T13:19:15","modified_gmt":"2023-05-16T13:19:15","slug":"warunki-sprzedazy","status":"publish","type":"page","link":"https:\/\/fgti-distribution.fr\/pl\/conditions-generales-de-vente\/","title":{"rendered":"Regulamin"},"content":{"rendered":"<section id=\"bt_bb_section69f8738097f70\" class=\"bt_bb_section bt_bb_layout_boxed_1200\"  data-bt-override-class=\"null\"><div class=\"bt_bb_port\"><div class=\"bt_bb_cell\"><div class=\"bt_bb_cell_inner\"><div class=\"bt_bb_row\"  data-bt-override-class=\"{}\"><div class=\"bt_bb_row_holder\" ><div  class=\"bt_bb_column col-xxl-12 col-xl-12 col-xs-12 col-sm-12 col-md-12 col-lg-12 bt_bb_vertical_align_top bt_bb_align_left bt_bb_padding_normal\" style=\"; --column-width:12;\" data-width=\"12\" data-bt-override-class=\"{}\"><div class=\"bt_bb_column_content\"><div class=\"bt_bb_column_content_inner\"><div class=\"bt_bb_raw_content\"><div style=\"color: #BABABA; font-size: 12px; width: 100%; padding-bottom: 20px;\">FGTI-Distribution &gt; Warunki og\u00f3lne sprzeda\u017cy<\/div><\/div><div class=\"bt_bb_row_inner\"   data-bt-override-class=\"{}\"><div class=\"bt_bb_row_inner_holder\"  ><div  class=\"bt_bb_column_inner col-xxl-12 col-xl-12 col-xs-12 col-sm-12 col-md-12 col-lg-12 bt_bb_vertical_align_top bt_bb_align_left bt_bb_padding_normal\"  data-width=\"12\" data-bt-override-class=\"{}\"><div class=\"bt_bb_column_inner_content\"><div class=\"bt_bb_column_inner_content_inner\"><div class=\"bt_bb_raw_content\"><p style=\"padding: 0 50px; font-size: 12px;\"><strong>OG\u00d3LNE WARUNKI SPRZEDA\u017bY<\/strong>\n<br \/><br \/>\nNasze warunki sprzeda\u017cy, dostawy i p\u0142atno\u015bci maj\u0105 zastosowanie do wszystkich naszych dostaw. Wy\u0142\u0105cznie one wi\u0105\u017c\u0105 i nie mog\u0105 by\u0107 uniewa\u017cnione ani zmienione przez inne warunki zamieszczone lub znajduj\u0105ce si\u0119 w zam\u00f3wieniach lub korespondencji, chyba \u017ce nasza wyra\u017ana zgoda zostanie potwierdzona.\nW \u017cadnym wypadku te zam\u00f3wienia nie mog\u0105 by\u0107 obwarowane klauzulami warunkowymi na \u017c\u0105danie kupuj\u0105cego, a wszelkie zobowi\u0105zania zaci\u0105gni\u0119te przez naszych przedstawicieli lub innych delegat\u00f3w naszej Sp\u00f3\u0142ki mog\u0105 nas wi\u0105za\u0107 jedynie poprzez pisemne lub podpisane potwierdzenie pochodz\u0105ce bezpo\u015brednio od naszej Sp\u00f3\u0142ki.\nNasze ceny podane s\u0105 w EUR (euro) i stanowi\u0105 nasz cennik bazowy.\n<br \/><br \/>\nNasze wysy\u0142ki realizowane s\u0105 z naszej siedziby w Andard (49), chyba \u017ce ustalono inaczej. Nasze towary zawsze podr\u00f3\u017cuj\u0105 na ryzyko odbiorcy, nawet w przypadku wysy\u0142ki z op\u0142aconym transportem. Wszystkie towary nale\u017cy sprawdzi\u0107 przy odbiorze, a reklamacje, aby by\u0142y wa\u017cne, musz\u0105 zosta\u0107 z\u0142o\u017cone w ci\u0105gu 48 godzin od otrzymania wspomnianych towar\u00f3w. W przypadku stwierdzenia uszkodzenia przy odbiorze, \u017cadna reklamacja nie zostanie uwzgl\u0119dniona, je\u015bli nie zosta\u0142y nale\u017cycie zg\u0142oszone przewo\u017anikom wszystkie zwyczajowe zastrze\u017cenia.\n<br \/><br \/>\nW przypadku uznania b\u0142\u0119du w wykonaniu zam\u00f3wienia, jeste\u015bmy zobowi\u0105zani jedynie do wymiany towaru. Towar, kt\u00f3ry zosta\u0142 ju\u017c u\u017cyty, nie podlega wymianie. Zwroty s\u0105 akceptowane wy\u0142\u0105cznie po wcze\u015bniejszym uzgodnieniu z nami.\n<br \/><br \/>\nPodane przez nas terminy dostaw maj\u0105 jedynie charakter orientacyjny. Nie mo\u017cemy zaakceptowa\u0107 \u017cadnego wniosku o anulowanie z powodu op\u00f3\u017anionej dostawy, z wyj\u0105tkiem przypadk\u00f3w si\u0142y wy\u017cszej i po formalnym powiadomieniu listem poleconym, daj\u0105cym nam 15 dni na wys\u0142anie towar\u00f3w.\nW szczeg\u00f3lno\u015bci, strajki, powodzie, przerwy w us\u0142ugach transportowych i inne klauzule, kt\u00f3re trwale utrudniaj\u0105 lub zatrzymuj\u0105 nasze dostawy lub dostawy naszych zwyk\u0142ych dostawc\u00f3w, s\u0105 uwa\u017cane za przypadki si\u0142y wy\u017cszej w celu zastosowania niniejszej klauzuli. W przypadku wyst\u0105pienia si\u0142y wy\u017cszej, kt\u00f3ra zwalnia nas z wszelkiej odpowiedzialno\u015bci w odniesieniu do termin\u00f3w dostaw, zastrzegamy sobie prawo do zawieszenia lub anulowania um\u00f3w w toku, bez odszkodowania.\nBrak p\u0142atno\u015bci w terminie natychmiast zwalnia Sp\u00f3\u0142k\u0119 z wszelkich zobowi\u0105za\u0144 wobec nabywcy.\nSp\u00f3r dotycz\u0105cy konkretnej kwestii nie mo\u017ce skutkowa\u0107 odmow\u0105 zap\u0142aty za produkty, kt\u00f3re nie s\u0105 przedmiotem sporu. Og\u00f3lnie rzecz bior\u0105c, warunki p\u0142atno\u015bci nie mog\u0105 by\u0107 op\u00f3\u017aniane pod \u017cadnym pretekstem, nawet je\u015bli istnieje sp\u00f3r. Zastrzegamy sobie wszelkie prawa i przywileje do czasu pe\u0142nego op\u0142acenia naszych dostaw. W przypadku zwrotu weksli trasowanych lub not, koszty zwrotu, protest\u00f3w, nowych negocjacji i odsetek ponosi odbiorca. Zwrot niezap\u0142aconego weksla automatycznie powoduje, \u017ce ca\u0142y d\u0142ug staje si\u0119 wymagalny.\n<br \/><br \/>\nW przypadku sporu dotycz\u0105cego dostawy lub jej p\u0142atno\u015bci, wy\u0142\u0105czn\u0105 jurysdykcj\u0119 maj\u0105 s\u0105dy w Angers, niezale\u017cnie od warunk\u00f3w sprzeda\u017cy i przyj\u0119tej metody p\u0142atno\u015bci, a nawet w przypadku wniosku Incydentalnego, liczby pozwanych lub gwarancji, pomimo wszelkich sprzecznych klauzul zawartych w og\u00f3lnych warunkach naszych klient\u00f3w.\n<br \/><br \/>\nAkceptacja p\u0142atno\u015bci poleceniem zap\u0142aty, przelewem, wekslem, czekiem lub jakimkolwiek innym instrumentem p\u0142atniczym na rzecz innego miasta ni\u017c Angers nie mo\u017ce w \u017cadnym wypadku stanowi\u0107 odst\u0119pstwa od niniejszej zasadniczej klauzuli jurysdykcyjnej.\n<br \/><br \/>\nWszelkie szczeg\u00f3lne ustalenia lub odst\u0119pstwa od kt\u00f3regokolwiek z niniejszych og\u00f3lnych warunk\u00f3w musz\u0105 zosta\u0107 zawarte w specjalnych pisemnych umowach z nami, przy czym wszelkie og\u00f3lne warunki okre\u015blone powy\u017cej, kt\u00f3re nie zosta\u0142yby wyra\u017anie zmienione lub uchylone przez te specjalne ustalenia, zachowuj\u0105 sw\u00f3j pe\u0142ny i nienaruszony skutek.\n<\/p><\/div><\/div><\/div><\/div><\/div><\/div><\/div><\/div><\/div><\/div><\/div><\/div><!-- cell_inner --><\/div><!-- cell --><\/div><!-- port --><\/section>","protected":false},"excerpt":{"rendered":"","protected":false},"author":1,"featured_media":0,"parent":0,"menu_order":0,"comment_status":"closed","ping_status":"closed","template":"","meta":{"footnotes":""},"class_list":["post-80","page","type-page","status-publish","hentry"],"yoast_head":"<!-- This site is optimized with the Yoast SEO plugin v27.3 - https:\/\/yoast.com\/product\/yoast-seo-wordpress\/ -->\n<title>FGTI Distribution - Conditions g\u00e9n\u00e9rales de vente<\/title>\n<meta name=\"description\" content=\"FGTI Distribution - Conditions g\u00e9n\u00e9rales de vente -\" \/>\n<meta name=\"robots\" content=\"noindex, nofollow\" \/>\n<meta property=\"og:locale\" content=\"pl_PL\" \/>\n<meta property=\"og:type\" content=\"article\" \/>\n<meta property=\"og:title\" content=\"FGTI Distribution - Conditions g\u00e9n\u00e9rales de vente\" \/>\n<meta property=\"og:description\" content=\"FGTI Distribution - Conditions g\u00e9n\u00e9rales de vente -\" \/>\n<meta property=\"og:url\" content=\"https:\/\/fgti-distribution.fr\/pl\/warunki-sprzedazy\/\" \/>\n<meta property=\"og:site_name\" content=\"FGTI Distribution\" \/>\n<meta property=\"article:modified_time\" content=\"2023-05-16T13:19:15+00:00\" \/>\n<meta name=\"twitter:card\" content=\"summary_large_image\" \/>\n<meta name=\"twitter:label1\" content=\"Est. reading time\" \/>\n\t<meta name=\"twitter:data1\" content=\"1 minuta\" \/>\n<script type=\"application\/ld+json\" class=\"yoast-schema-graph\">{\"@context\":\"https:\\\/\\\/schema.org\",\"@graph\":[{\"@type\":\"WebPage\",\"@id\":\"https:\\\/\\\/fgti-distribution.fr\\\/conditions-generales-de-vente\\\/\",\"url\":\"https:\\\/\\\/fgti-distribution.fr\\\/conditions-generales-de-vente\\\/\",\"name\":\"FGTI Distribution - Conditions g\u00e9n\u00e9rales de vente\",\"isPartOf\":{\"@id\":\"https:\\\/\\\/fgti-distribution.fr\\\/#website\"},\"datePublished\":\"2012-05-06T12:58:24+00:00\",\"dateModified\":\"2023-05-16T13:19:15+00:00\",\"description\":\"FGTI Distribution - Conditions g\u00e9n\u00e9rales de vente -\",\"breadcrumb\":{\"@id\":\"https:\\\/\\\/fgti-distribution.fr\\\/conditions-generales-de-vente\\\/#breadcrumb\"},\"inLanguage\":\"pl-PL\",\"potentialAction\":[{\"@type\":\"ReadAction\",\"target\":[\"https:\\\/\\\/fgti-distribution.fr\\\/conditions-generales-de-vente\\\/\"]}]},{\"@type\":\"BreadcrumbList\",\"@id\":\"https:\\\/\\\/fgti-distribution.fr\\\/conditions-generales-de-vente\\\/#breadcrumb\",\"itemListElement\":[{\"@type\":\"ListItem\",\"position\":1,\"name\":\"Home\",\"item\":\"https:\\\/\\\/fgti-distribution.fr\\\/\"},{\"@type\":\"ListItem\",\"position\":2,\"name\":\"Conditions g\u00e9n\u00e9rales de vente\"}]},{\"@type\":\"WebSite\",\"@id\":\"https:\\\/\\\/fgti-distribution.fr\\\/#website\",\"url\":\"https:\\\/\\\/fgti-distribution.fr\\\/\",\"name\":\"FGTI Distribution\",\"description\":\"Pi\u00e8ces techniques et services \u00e0 forte valeur ajout\u00e9e\",\"publisher\":{\"@id\":\"https:\\\/\\\/fgti-distribution.fr\\\/#organization\"},\"alternateName\":\"FGTI Distribution\",\"potentialAction\":[{\"@type\":\"SearchAction\",\"target\":{\"@type\":\"EntryPoint\",\"urlTemplate\":\"https:\\\/\\\/fgti-distribution.fr\\\/?s={search_term_string}\"},\"query-input\":{\"@type\":\"PropertyValueSpecification\",\"valueRequired\":true,\"valueName\":\"search_term_string\"}}],\"inLanguage\":\"pl-PL\"},{\"@type\":\"Organization\",\"@id\":\"https:\\\/\\\/fgti-distribution.fr\\\/#organization\",\"name\":\"FGTI Distribution\",\"alternateName\":\"FGTI Distribution\",\"url\":\"https:\\\/\\\/fgti-distribution.fr\\\/\",\"logo\":{\"@type\":\"ImageObject\",\"inLanguage\":\"pl-PL\",\"@id\":\"https:\\\/\\\/fgti-distribution.fr\\\/#\\\/schema\\\/logo\\\/image\\\/\",\"url\":\"https:\\\/\\\/fgti-distribution.fr\\\/wp-content\\\/uploads\\\/2022\\\/12\\\/logo.png\",\"contentUrl\":\"https:\\\/\\\/fgti-distribution.fr\\\/wp-content\\\/uploads\\\/2022\\\/12\\\/logo.png\",\"width\":500,\"height\":228,\"caption\":\"FGTI Distribution\"},\"image\":{\"@id\":\"https:\\\/\\\/fgti-distribution.fr\\\/#\\\/schema\\\/logo\\\/image\\\/\"},\"sameAs\":[\"https:\\\/\\\/www.linkedin.com\\\/company\\\/fgti-distribution\\\/\"]}]}<\/script>\n<!-- \/ Yoast SEO plugin. -->","yoast_head_json":{"title":"FGTI Distribution - Og\u00f3lne warunki sprzeda\u017cy","description":"FGTI Dystrybucja - Warunki og\u00f3lne sprzeda\u017cy -","robots":{"index":"noindex","follow":"nofollow"},"og_locale":"pl_PL","og_type":"article","og_title":"FGTI Distribution - Conditions g\u00e9n\u00e9rales de vente","og_description":"FGTI Distribution - Conditions g\u00e9n\u00e9rales de vente -","og_url":"https:\/\/fgti-distribution.fr\/pl\/warunki-sprzedazy\/","og_site_name":"FGTI Distribution","article_modified_time":"2023-05-16T13:19:15+00:00","twitter_card":"summary_large_image","twitter_misc":{"Est. reading time":"1 minuta"},"schema":{"@context":"https:\/\/schema.org","@graph":[{"@type":"WebPage","@id":"https:\/\/fgti-distribution.fr\/conditions-generales-de-vente\/","url":"https:\/\/fgti-distribution.fr\/conditions-generales-de-vente\/","name":"FGTI Distribution - Og\u00f3lne warunki sprzeda\u017cy","isPartOf":{"@id":"https:\/\/fgti-distribution.fr\/#website"},"datePublished":"2012-05-06T12:58:24+00:00","dateModified":"2023-05-16T13:19:15+00:00","description":"FGTI Dystrybucja - Warunki og\u00f3lne sprzeda\u017cy -","breadcrumb":{"@id":"https:\/\/fgti-distribution.fr\/conditions-generales-de-vente\/#breadcrumb"},"inLanguage":"pl-PL","potentialAction":[{"@type":"ReadAction","target":["https:\/\/fgti-distribution.fr\/conditions-generales-de-vente\/"]}]},{"@type":"BreadcrumbList","@id":"https:\/\/fgti-distribution.fr\/conditions-generales-de-vente\/#breadcrumb","itemListElement":[{"@type":"ListItem","position":1,"name":"Home","item":"https:\/\/fgti-distribution.fr\/"},{"@type":"ListItem","position":2,"name":"Conditions g\u00e9n\u00e9rales de vente"}]},{"@type":"WebSite","@id":"https:\/\/fgti-distribution.fr\/#website","url":"https:\/\/fgti-distribution.fr\/","name":"Dystrybucja FGTI","description":"Cz\u0119\u015bci techniczne i us\u0142ugi o wysokiej warto\u015bci dodanej","publisher":{"@id":"https:\/\/fgti-distribution.fr\/#organization"},"alternateName":"FGTI Distribution","potentialAction":[{"@type":"SearchAction","target":{"@type":"EntryPoint","urlTemplate":"https:\/\/fgti-distribution.fr\/?s={search_term_string}"},"query-input":{"@type":"PropertyValueSpecification","valueRequired":true,"valueName":"search_term_string"}}],"inLanguage":"pl-PL"},{"@type":"Organization","@id":"https:\/\/fgti-distribution.fr\/#organization","name":"Dystrybucja FGTI","alternateName":"FGTI Distribution","url":"https:\/\/fgti-distribution.fr\/","logo":{"@type":"ImageObject","inLanguage":"pl-PL","@id":"https:\/\/fgti-distribution.fr\/#\/schema\/logo\/image\/","url":"https:\/\/fgti-distribution.fr\/wp-content\/uploads\/2022\/12\/logo.png","contentUrl":"https:\/\/fgti-distribution.fr\/wp-content\/uploads\/2022\/12\/logo.png","width":500,"height":228,"caption":"FGTI Distribution"},"image":{"@id":"https:\/\/fgti-distribution.fr\/#\/schema\/logo\/image\/"},"sameAs":["https:\/\/www.linkedin.com\/company\/fgti-distribution\/"]}]}},"_links":{"self":[{"href":"https:\/\/fgti-distribution.fr\/pl\/wp-json\/wp\/v2\/pages\/80","targetHints":{"allow":["GET"]}}],"collection":[{"href":"https:\/\/fgti-distribution.fr\/pl\/wp-json\/wp\/v2\/pages"}],"about":[{"href":"https:\/\/fgti-distribution.fr\/pl\/wp-json\/wp\/v2\/types\/page"}],"author":[{"embeddable":true,"href":"https:\/\/fgti-distribution.fr\/pl\/wp-json\/wp\/v2\/users\/1"}],"replies":[{"embeddable":true,"href":"https:\/\/fgti-distribution.fr\/pl\/wp-json\/wp\/v2\/comments?post=80"}],"version-history":[{"count":6,"href":"https:\/\/fgti-distribution.fr\/pl\/wp-json\/wp\/v2\/pages\/80\/revisions"}],"predecessor-version":[{"id":7945,"href":"https:\/\/fgti-distribution.fr\/pl\/wp-json\/wp\/v2\/pages\/80\/revisions\/7945"}],"wp:attachment":[{"href":"https:\/\/fgti-distribution.fr\/pl\/wp-json\/wp\/v2\/media?parent=80"}],"curies":[{"name":"wp","href":"https:\/\/api.w.org\/{rel}","templated":true}]}}