{"id":1299,"date":"2012-12-07T11:56:59","date_gmt":"2012-12-07T11:56:59","guid":{"rendered":"https:\/\/fgti-distribution.fr\/?page_id=1299"},"modified":"2023-07-05T12:11:56","modified_gmt":"2023-07-05T12:11:56","slug":"generalidades","status":"publish","type":"page","link":"https:\/\/fgti-distribution.fr\/pt\/joints-detancheite\/generalites\/","title":{"rendered":"Fun\u00e7\u00e3o de uma junta comp\u00f3sita"},"content":{"rendered":"<section id=\"bt_bb_section69f2eb4963c09\" class=\"bt_bb_section bt_bb_layout_boxed_1200\"  data-bt-override-class=\"null\"><div class=\"bt_bb_port\"><div class=\"bt_bb_cell\"><div class=\"bt_bb_cell_inner\"><div class=\"bt_bb_row\"  data-bt-override-class=\"{}\"><div class=\"bt_bb_row_holder\" ><div  class=\"bt_bb_column col-xxl-12 col-xl-12 col-xs-12 col-sm-12 col-md-12 col-lg-12 bt_bb_vertical_align_top bt_bb_align_left bt_bb_padding_normal\" style=\"; --column-width:12;\" data-width=\"12\" data-bt-override-class=\"{}\"><div class=\"bt_bb_column_content\"><div class=\"bt_bb_column_content_inner\"><div class=\"bt_bb_raw_content\"><div class=\"bt_bb_wrapper\"><div id=\"pl-1299\" class=\"panel-layout\">\n<div id=\"pg-1299-0\" class=\"panel-grid panel-no-style\">\n<div id=\"pgc-1299-0-0\" class=\"panel-grid-cell\" data-weight=\"1\">\n<div id=\"panel-1299-0-0-0\" class=\"so-panel widget widget_custom_html panel-first-child panel-last-child\" data-index=\"0\" data-style=\"{\"background_image_attachment\":false,\"background_display\":\"tile\"}\"><div class=\"textwidget custom-html-widget\"><div style=\"color: #BABABA; font-size: 12px;\">FGTI-Distribui\u00e7\u00e3o &gt; Juntas de veda\u00e7\u00e3o &gt; Fun\u00e7\u00e3o de uma junta comp\u00f3sita<\/div>\n<br><br>\n<table style=\"font-size: 12px; border: none; width: 100%;\">\n<tbody><tr>\n<td colspan=\"2\" style=\"font-size: 22px; vertical-align: top; font-weight: bold; border-bottom: 1px solid #58B6FE; border-top-color: white;\">\nFun\u00e7\u00e3o de uma junta comp\u00f3sita\n<\/td><td style=\"text-align: right; border-bottom: 1px solid #58B6FE; border-top-color: white;\">\n<a target=\"_blank\" href=\"https:\/\/fgti-distribution.fr\/pt\/wp-content\/themes\/twentyeleven\/images\/FGTI-Distribution_IDG-Fonction-joint-composite-2019.pdf\/\" rel=\"noopener\"><img decoding=\"async\" src=\"https:\/\/fgti-distribution.fr\/wp-content\/themes\/twentyeleven\/images\/pdficon_large.png\"><\/a>\n<\/td>\n<\/tr>\n\n<tr>\n<td style=\"width: 200px; vertical-align: top; font-weight: bold; border-color: #FFFFFF;padding-top: 20px;\">\nPrinc\u00edpio de constru\u00e7\u00e3o\n<\/td>\n<td style=\"padding-bottom: 20px; width: 280px; vertical-align: top; text-align: justify; border-bottom: 1px solid #58B6FE; border-top-color: white; padding-top: 20px; padding-right: 25px;\">\nAs juntas compostas s\u00e3o constitu\u00eddas, normalmente, por dois elementos.<br>\nO anel de veda\u00e7\u00e3o \u00e9 usinado em PTFE carregado, particularmente resistente ao desgaste. Gra\u00e7as \u00e0s qualidades deste material, as juntas podem suportar press\u00e3o, velocidade e resistir a varia\u00e7\u00f5es de temperatura importantes.<br>\n<img decoding=\"async\" style=\"text-align: left;\" src=\"https:\/\/fgti-distribution.fr\/wp-content\/themes\/twentyeleven\/images\/joint-etancheite-composite1.jpg\">\n<\/td>\n<td style=\"padding-bottom: 20px; width: 280px; vertical-align: top; text-align: justify; border-bottom: 1px solid #58B6FE; border-top-color: white; padding-top: 20px; padding-left: 20px;\">\nNa medida em que os valores m\u00e1ximos s\u00f3 s\u00e3o atingidos pela adi\u00e7\u00e3o de diferentes par\u00e2metros, s\u00e3o necess\u00e1rios testes preliminares em certas aplica\u00e7\u00f5es extremas.<br>\nUm elemento de pr\u00e9-tens\u00e3o el\u00e1stica fornece a press\u00e3o necess\u00e1ria para garantir a estanqueidade entre a superf\u00edcie de atrito e a superf\u00edcie oposta, assegurando assim a longevidade da estanqueidade. A pr\u00e9-tens\u00e3o \u00e9 aplicada por um anel de borracha O-ring ou uma mola em a\u00e7o perfilado. Os an\u00e9is O-ring tamb\u00e9m asseguram a estanqueidade est\u00e1tica no fundo da ranhura.<br>\nPara a escolha dos materiais do anel de veda\u00e7\u00e3o e do elemento de pr\u00e9-tens\u00e3o, devem considerar-se as condi\u00e7\u00f5es de utiliza\u00e7\u00e3o.\n<\/td>\n<\/tr>\n\n<tr>\n<td style=\"width: 200px; vertical-align: top; font-weight: bold; border-color: #FFFFFF;\">\nImpermeabiliza\u00e7\u00e3o interior\nou exterior\n<\/td>\n<td style=\"padding-bottom: 20px; width: 280px; vertical-align: top; text-align: justify; border-bottom: 1px solid #58B6FE; border-top-color: white; padding-right: 25px;\">\nTodas as juntas que garantem a estanquidade radial podem ser concebidas para assegurar uma estanquidade interior ou exterior.<br>\n<img decoding=\"async\" style=\"text-align: left;\" src=\"https:\/\/fgti-distribution.fr\/wp-content\/themes\/twentyeleven\/images\/joint-etancheite-composite2.jpg\">Estanquidade exterior, por exemplo, junta de pist\u00e3o MANOY\u00ae perfil 112\n<\/td>\n<td style=\"padding-bottom: 20px; width: 280px; vertical-align: top; text-align: justify; border-bottom: 1px solid #58B6FE; border-top-color: white; padding-left: 20px;\">\n<img decoding=\"async\" style=\"text-align: left; padding-top: 72px;\" src=\"https:\/\/fgti-distribution.fr\/wp-content\/themes\/twentyeleven\/images\/joint-etancheite-composite3.jpg\">\nImpermeabiliza\u00e7\u00e3o interior, por exemplo, junta de haste MANOY\u00ae perfil 120\n<\/td>\n<\/tr>\n\n<tr>\n<td style=\"width: 200px; vertical-align: top; font-weight: bold; border-color: #FFFFFF;\">\nFuncionamento da\nimpermeabiliza\u00e7\u00e3o<\/td>\n<td style=\"padding-bottom: 20px; width: 280px; vertical-align: top; text-align: justify; border-bottom: 1px solid #58B6FE; border-top-color: white; padding-right: 25px;\">\n<img decoding=\"async\" style=\"text-align: left; max-width: none;\" src=\"https:\/\/fgti-distribution.fr\/wp-content\/themes\/twentyeleven\/images\/joint-etancheite-composite4.jpg\">As juntas comp\u00f3sitas e juntas de l\u00e1bio MANOY s\u00e3o ativadas pela press\u00e3o do fluido. Atrav\u00e9s da elasticidade da sua sec\u00e7\u00e3o no fundo de garganta, o anel de veda\u00e7\u00e3o garante a estanquidade est\u00e1tica no fundo de garganta e empurra a junta de veda\u00e7\u00e3o din\u00e2mica para a superf\u00edcie oposta.\n<\/td>\n<td style=\"padding-bottom: 20px; width: 280px; vertical-align: top; text-align: justify; border-bottom: 1px solid #58B6FE; border-top-color: white; padding-bottom: 20px; padding-left: 20px;\">\n<img decoding=\"async\" style=\"text-align: left; max-width: none;\" src=\"https:\/\/fgti-distribution.fr\/wp-content\/themes\/twentyeleven\/images\/joint-etancheite-composite5.jpg\">\nA press\u00e3o do fluido exerce uma pr\u00e9-tens\u00e3o adicional na junta do pist\u00e3o.\nAssim, a press\u00e3o necess\u00e1ria para garantir a veda\u00e7\u00e3o \u00e9 equilibrada pela press\u00e3o fornecida pelo fluido.\nAt\u00e9 aproximadamente 2MPa, a for\u00e7a de veda\u00e7\u00e3o \u00e9 obtida quase unicamente gra\u00e7as \u00e0 for\u00e7a do elemento de pr\u00e9-tens\u00e3o. \n<\/td>\n<\/tr>\n\n<tr>\n<td style=\"width: 200px; vertical-align: top; font-weight: bold; border-color: #FFFFFF;\">\nEscolha do perfil<\/td>\n<td style=\"padding-bottom: 20px; width: 280px; vertical-align: top; text-align: justify; border-bottom: 1px solid #58B6FE; border-top-color: white; padding-right: 25px;\">\n<img decoding=\"async\" style=\"text-align: left; max-width: none;\" src=\"https:\/\/fgti-distribution.fr\/wp-content\/themes\/twentyeleven\/images\/joint-etancheite-composite6.jpg\">\n<\/td>\n<td style=\"padding-bottom: 20px; width: 280px; vertical-align: top; text-align: justify; border-bottom: 1px solid #58B6FE; border-top-color: white; padding-left: 20px;\">\nA escolha do perfil do anel de veda\u00e7\u00e3o depende essencialmente do movimento, da dire\u00e7\u00e3o e do valor da press\u00e3o, assim como da qualidade do fluido.\n<\/td>\n<\/tr>\n\n<tr>\n<td style=\"width: 200px; vertical-align: top; font-weight: bold; border-color: #FFFFFF;\">\nPr\u00e9-aperto do O-ring<\/td>\n<td style=\"padding-bottom: 20px; width: 280px; vertical-align: top; text-align: justify; border-bottom: 1px solid #58B6FE; border-top-color: white; padding-right: 25px;\">\nDe modo a garantir uma boa estanquidade, os alojamentos s\u00e3o posicionados de forma a que seja exercida uma pr\u00e9-tens\u00e3o m\u00e9dia pela junta t\u00f3rica ou pela mola.<br>\nUma profundidade de garganta inferior garante uma maior pr\u00e9-tens\u00e3o e melhora assim a estanquidade em caso de press\u00f5es baixas (at\u00e9 cerca de 2 MPa) ou inexistentes.\nUma profundidade de garganta mais consequente permite uma certa flexibilidade de funcionamento que ser\u00e1, no entanto, em detrimento da estanquidade.\n<\/td>\n<td style=\"padding-bottom: 20px; width: 280px; vertical-align: top; text-align: justify; border-bottom: 1px solid #58B6FE; border-top-color: white; padding-left: 20px;\">\n<img decoding=\"async\" style=\"text-align: left; max-width: none;\" src=\"https:\/\/fgti-distribution.fr\/wp-content\/themes\/twentyeleven\/images\/joint-etancheite-composite7.jpg\">\n<\/td>\n<\/tr>\n\n\n<tr>\n<td style=\"width: 200px; vertical-align: top; font-weight: bold; border-color: #FFFFFF;\">\nValor do conjunto de funcionamento<\/td>\n<td style=\"padding-bottom: 20px; width: 280px; vertical-align: top; text-align: justify; border-bottom: 1px solid #58B6FE; border-top-color: white; padding-right: 25px;\">\nO valor m\u00ednimo exigido de folga depende da precis\u00e3o do guiamento e dos outros par\u00e2metros de montagem. Assim, \u00e9 necess\u00e1rio considerar eventuais aumentos de press\u00e3o e de dilata\u00e7\u00e3o ao calor.<br>\nDo lado oposto \u00e0 press\u00e3o, devem privilegiar-se flux baixos, enquanto do lado da press\u00e3o, um fluxo elevado permite evitar o ac\u00famulo de part\u00edculas.<br>\nPara press\u00f5es superiores a 40 MPA, \u00e9 imperativo o cumprimento de valores de toler\u00e2ncias H8\/f8 para os di\u00e2metros de furo\/pist\u00e3o e camisas\/hastes.\n<\/td>\n<td style=\"padding-bottom: 20px; width: 280px; vertical-align: top; text-align: justify; border-bottom: 1px solid #58B6FE; border-top-color: white; padding-left: 20px;\">\n<img decoding=\"async\" style=\"text-align: left; max-width: none;\" src=\"https:\/\/fgti-distribution.fr\/wp-content\/themes\/twentyeleven\/images\/joint-etancheite-composite8.jpg\">\n<\/td>\n<\/tr>\n\n<tr>\n<td style=\"width: 200px; vertical-align: top; font-weight: bold; border-color: #FFFFFF;\">\nImpermeabiliza\u00e7\u00e3o<\/td>\n<td style=\"padding-bottom: 20px; width: 280px; vertical-align: top; text-align: justify;border-top-color: white; padding-right: 25px;\">\nUma junta s\u00f3 \u00e9 perfeitamente estanque quando est\u00e1 est\u00e1tica. Em movimento, a estanquidade \u00e9 mais dif\u00edcil. Uma opera\u00e7\u00e3o totalmente a seco levaria ao desgaste de todos os elementos de estanquidade. Em estanquidade din\u00e2mica, uma lubrifica\u00e7\u00e3o ligeira pelo fluido na superf\u00edcie oposta assegurar\u00e1 um bom funcionamento da junta.\n<\/td>\n<td style=\"padding-bottom: 20px; width: 280px; vertical-align: top; text-align: justify; border-top-color: white; padding-left: 20px;\">\n \n<\/td>\n<\/tr>\n\n<\/tbody><\/table>\n\n<div style=\"text-align: right; font-size: 12px;\">\n<a href=\"#haut\" style=\"text-decoration: none; color: #AAAAAA;\">Topo da p\u00e1gina<\/a>\n<\/div>\n<\/div><\/div>\n<\/div>\n<\/div>\n<\/div>\n<\/div><\/div><\/div><\/div><\/div><\/div><\/div><\/div><!-- cell_inner --><\/div><!-- cell --><\/div><!-- port --><\/section>","protected":false},"excerpt":{"rendered":"","protected":false},"author":1,"featured_media":0,"parent":8,"menu_order":0,"comment_status":"closed","ping_status":"closed","template":"","meta":{"footnotes":""},"class_list":["post-1299","page","type-page","status-publish","hentry"],"yoast_head":"<!-- This site is optimized with the Yoast SEO plugin v27.3 - https:\/\/yoast.com\/product\/yoast-seo-wordpress\/ -->\n<title>FGTI Distribution - Fonction d&#039;un joint d&#039;\u00e9tanch\u00e9it\u00e9 composite<\/title>\n<meta name=\"description\" content=\"Fiche produit IDG par FGTI distribution : fonction d&#039;un joint d&#039;\u00e9tanch\u00e9it\u00e9 composite\" \/>\n<meta name=\"robots\" content=\"index, follow, max-snippet:-1, max-image-preview:large, max-video-preview:-1\" \/>\n<link rel=\"canonical\" href=\"https:\/\/fgti-distribution.fr\/pt\/juntas-de-estanquidade\/generalidades\/\" \/>\n<meta property=\"og:locale\" content=\"pt_PT\" \/>\n<meta property=\"og:type\" content=\"article\" \/>\n<meta property=\"og:title\" content=\"FGTI Distribution - Fonction d&#039;un joint d&#039;\u00e9tanch\u00e9it\u00e9 composite\" \/>\n<meta property=\"og:description\" content=\"Fiche produit IDG par FGTI distribution : fonction d&#039;un joint d&#039;\u00e9tanch\u00e9it\u00e9 composite\" \/>\n<meta property=\"og:url\" content=\"https:\/\/fgti-distribution.fr\/pt\/juntas-de-estanquidade\/generalidades\/\" \/>\n<meta property=\"og:site_name\" content=\"FGTI Distribution\" \/>\n<meta property=\"article:modified_time\" content=\"2023-07-05T12:11:56+00:00\" \/>\n<meta name=\"twitter:card\" content=\"summary_large_image\" \/>\n<meta name=\"twitter:label1\" content=\"Est. reading time\" \/>\n\t<meta name=\"twitter:data1\" content=\"1 minuto\" \/>\n<script type=\"application\/ld+json\" class=\"yoast-schema-graph\">{\"@context\":\"https:\\\/\\\/schema.org\",\"@graph\":[{\"@type\":\"WebPage\",\"@id\":\"https:\\\/\\\/fgti-distribution.fr\\\/joints-detancheite\\\/generalites\\\/\",\"url\":\"https:\\\/\\\/fgti-distribution.fr\\\/joints-detancheite\\\/generalites\\\/\",\"name\":\"FGTI Distribution - Fonction d'un joint d'\u00e9tanch\u00e9it\u00e9 composite\",\"isPartOf\":{\"@id\":\"https:\\\/\\\/fgti-distribution.fr\\\/#website\"},\"datePublished\":\"2012-12-07T11:56:59+00:00\",\"dateModified\":\"2023-07-05T12:11:56+00:00\",\"description\":\"Fiche produit IDG par FGTI distribution : fonction d'un joint d'\u00e9tanch\u00e9it\u00e9 composite\",\"breadcrumb\":{\"@id\":\"https:\\\/\\\/fgti-distribution.fr\\\/joints-detancheite\\\/generalites\\\/#breadcrumb\"},\"inLanguage\":\"pt-PT\",\"potentialAction\":[{\"@type\":\"ReadAction\",\"target\":[\"https:\\\/\\\/fgti-distribution.fr\\\/joints-detancheite\\\/generalites\\\/\"]}]},{\"@type\":\"BreadcrumbList\",\"@id\":\"https:\\\/\\\/fgti-distribution.fr\\\/joints-detancheite\\\/generalites\\\/#breadcrumb\",\"itemListElement\":[{\"@type\":\"ListItem\",\"position\":1,\"name\":\"Home\",\"item\":\"https:\\\/\\\/fgti-distribution.fr\\\/\"},{\"@type\":\"ListItem\",\"position\":2,\"name\":\"Joints d&rsquo;\u00e9tanch\u00e9it\u00e9\",\"item\":\"https:\\\/\\\/fgti-distribution.fr\\\/joints-detancheite\\\/\"},{\"@type\":\"ListItem\",\"position\":3,\"name\":\"Fonction d&rsquo;un joint composite\"}]},{\"@type\":\"WebSite\",\"@id\":\"https:\\\/\\\/fgti-distribution.fr\\\/#website\",\"url\":\"https:\\\/\\\/fgti-distribution.fr\\\/\",\"name\":\"FGTI Distribution\",\"description\":\"Pi\u00e8ces techniques et services \u00e0 forte valeur ajout\u00e9e\",\"publisher\":{\"@id\":\"https:\\\/\\\/fgti-distribution.fr\\\/#organization\"},\"alternateName\":\"FGTI Distribution\",\"potentialAction\":[{\"@type\":\"SearchAction\",\"target\":{\"@type\":\"EntryPoint\",\"urlTemplate\":\"https:\\\/\\\/fgti-distribution.fr\\\/?s={search_term_string}\"},\"query-input\":{\"@type\":\"PropertyValueSpecification\",\"valueRequired\":true,\"valueName\":\"search_term_string\"}}],\"inLanguage\":\"pt-PT\"},{\"@type\":\"Organization\",\"@id\":\"https:\\\/\\\/fgti-distribution.fr\\\/#organization\",\"name\":\"FGTI Distribution\",\"alternateName\":\"FGTI Distribution\",\"url\":\"https:\\\/\\\/fgti-distribution.fr\\\/\",\"logo\":{\"@type\":\"ImageObject\",\"inLanguage\":\"pt-PT\",\"@id\":\"https:\\\/\\\/fgti-distribution.fr\\\/#\\\/schema\\\/logo\\\/image\\\/\",\"url\":\"https:\\\/\\\/fgti-distribution.fr\\\/wp-content\\\/uploads\\\/2022\\\/12\\\/logo.png\",\"contentUrl\":\"https:\\\/\\\/fgti-distribution.fr\\\/wp-content\\\/uploads\\\/2022\\\/12\\\/logo.png\",\"width\":500,\"height\":228,\"caption\":\"FGTI Distribution\"},\"image\":{\"@id\":\"https:\\\/\\\/fgti-distribution.fr\\\/#\\\/schema\\\/logo\\\/image\\\/\"},\"sameAs\":[\"https:\\\/\\\/www.linkedin.com\\\/company\\\/fgti-distribution\\\/\"]}]}<\/script>\n<!-- \/ Yoast SEO plugin. -->","yoast_head_json":{"title":"Distribui\u00e7\u00e3o FGTI - Fun\u00e7\u00e3o de uma junta de veda\u00e7\u00e3o comp\u00f3sita","description":"Ficha de produto IDG por FGTI distribution: fun\u00e7\u00e3o de um selo composto","robots":{"index":"index","follow":"follow","max-snippet":"max-snippet:-1","max-image-preview":"max-image-preview:large","max-video-preview":"max-video-preview:-1"},"canonical":"https:\/\/fgti-distribution.fr\/pt\/juntas-de-estanquidade\/generalidades\/","og_locale":"pt_PT","og_type":"article","og_title":"FGTI Distribution - Fonction d'un joint d'\u00e9tanch\u00e9it\u00e9 composite","og_description":"Fiche produit IDG par FGTI distribution : fonction d'un joint d'\u00e9tanch\u00e9it\u00e9 composite","og_url":"https:\/\/fgti-distribution.fr\/pt\/juntas-de-estanquidade\/generalidades\/","og_site_name":"FGTI Distribution","article_modified_time":"2023-07-05T12:11:56+00:00","twitter_card":"summary_large_image","twitter_misc":{"Est. reading time":"1 minuto"},"schema":{"@context":"https:\/\/schema.org","@graph":[{"@type":"WebPage","@id":"https:\/\/fgti-distribution.fr\/joints-detancheite\/generalites\/","url":"https:\/\/fgti-distribution.fr\/joints-detancheite\/generalites\/","name":"Distribui\u00e7\u00e3o FGTI - Fun\u00e7\u00e3o de uma junta de veda\u00e7\u00e3o comp\u00f3sita","isPartOf":{"@id":"https:\/\/fgti-distribution.fr\/#website"},"datePublished":"2012-12-07T11:56:59+00:00","dateModified":"2023-07-05T12:11:56+00:00","description":"Ficha de produto IDG por FGTI distribution: fun\u00e7\u00e3o de um selo composto","breadcrumb":{"@id":"https:\/\/fgti-distribution.fr\/joints-detancheite\/generalites\/#breadcrumb"},"inLanguage":"pt-PT","potentialAction":[{"@type":"ReadAction","target":["https:\/\/fgti-distribution.fr\/joints-detancheite\/generalites\/"]}]},{"@type":"BreadcrumbList","@id":"https:\/\/fgti-distribution.fr\/joints-detancheite\/generalites\/#breadcrumb","itemListElement":[{"@type":"ListItem","position":1,"name":"Home","item":"https:\/\/fgti-distribution.fr\/"},{"@type":"ListItem","position":2,"name":"Joints d&rsquo;\u00e9tanch\u00e9it\u00e9","item":"https:\/\/fgti-distribution.fr\/joints-detancheite\/"},{"@type":"ListItem","position":3,"name":"Fonction d&rsquo;un joint composite"}]},{"@type":"WebSite","@id":"https:\/\/fgti-distribution.fr\/#website","url":"https:\/\/fgti-distribution.fr\/","name":"Distribui\u00e7\u00e3o FGTI","description":"Pe\u00e7as t\u00e9cnicas e servi\u00e7os de elevado valor acrescentado","publisher":{"@id":"https:\/\/fgti-distribution.fr\/#organization"},"alternateName":"FGTI Distribution","potentialAction":[{"@type":"SearchAction","target":{"@type":"EntryPoint","urlTemplate":"https:\/\/fgti-distribution.fr\/?s={search_term_string}"},"query-input":{"@type":"PropertyValueSpecification","valueRequired":true,"valueName":"search_term_string"}}],"inLanguage":"pt-PT"},{"@type":"Organization","@id":"https:\/\/fgti-distribution.fr\/#organization","name":"Distribui\u00e7\u00e3o FGTI","alternateName":"FGTI Distribution","url":"https:\/\/fgti-distribution.fr\/","logo":{"@type":"ImageObject","inLanguage":"pt-PT","@id":"https:\/\/fgti-distribution.fr\/#\/schema\/logo\/image\/","url":"https:\/\/fgti-distribution.fr\/wp-content\/uploads\/2022\/12\/logo.png","contentUrl":"https:\/\/fgti-distribution.fr\/wp-content\/uploads\/2022\/12\/logo.png","width":500,"height":228,"caption":"FGTI Distribution"},"image":{"@id":"https:\/\/fgti-distribution.fr\/#\/schema\/logo\/image\/"},"sameAs":["https:\/\/www.linkedin.com\/company\/fgti-distribution\/"]}]}},"_links":{"self":[{"href":"https:\/\/fgti-distribution.fr\/pt\/wp-json\/wp\/v2\/pages\/1299","targetHints":{"allow":["GET"]}}],"collection":[{"href":"https:\/\/fgti-distribution.fr\/pt\/wp-json\/wp\/v2\/pages"}],"about":[{"href":"https:\/\/fgti-distribution.fr\/pt\/wp-json\/wp\/v2\/types\/page"}],"author":[{"embeddable":true,"href":"https:\/\/fgti-distribution.fr\/pt\/wp-json\/wp\/v2\/users\/1"}],"replies":[{"embeddable":true,"href":"https:\/\/fgti-distribution.fr\/pt\/wp-json\/wp\/v2\/comments?post=1299"}],"version-history":[{"count":9,"href":"https:\/\/fgti-distribution.fr\/pt\/wp-json\/wp\/v2\/pages\/1299\/revisions"}],"predecessor-version":[{"id":7993,"href":"https:\/\/fgti-distribution.fr\/pt\/wp-json\/wp\/v2\/pages\/1299\/revisions\/7993"}],"up":[{"embeddable":true,"href":"https:\/\/fgti-distribution.fr\/pt\/wp-json\/wp\/v2\/pages\/8"}],"wp:attachment":[{"href":"https:\/\/fgti-distribution.fr\/pt\/wp-json\/wp\/v2\/media?parent=1299"}],"curies":[{"name":"wp","href":"https:\/\/api.w.org\/{rel}","templated":true}]}}