{"id":1398,"date":"2012-12-07T17:10:29","date_gmt":"2012-12-07T17:10:29","guid":{"rendered":"https:\/\/fgti-distribution.fr\/?page_id=1398"},"modified":"2023-07-05T12:12:45","modified_gmt":"2023-07-05T12:12:45","slug":"montagem-de-juntas-de-estanquidade","status":"publish","type":"page","link":"https:\/\/fgti-distribution.fr\/pt\/joints-detancheite\/montage-joints-etancheite\/","title":{"rendered":"Condi\u00e7\u00f5es gerais de montagem"},"content":{"rendered":"<section id=\"bt_bb_section69f4de14b972b\" class=\"bt_bb_section bt_bb_layout_boxed_1200\"  data-bt-override-class=\"null\"><div class=\"bt_bb_port\"><div class=\"bt_bb_cell\"><div class=\"bt_bb_cell_inner\"><div class=\"bt_bb_row\"  data-bt-override-class=\"{}\"><div class=\"bt_bb_row_holder\" ><div  class=\"bt_bb_column col-xxl-12 col-xl-12 col-xs-12 col-sm-12 col-md-12 col-lg-12 bt_bb_vertical_align_top bt_bb_align_left bt_bb_padding_normal\" style=\"; --column-width:12;\" data-width=\"12\" data-bt-override-class=\"{}\"><div class=\"bt_bb_column_content\"><div class=\"bt_bb_column_content_inner\"><div class=\"bt_bb_raw_content\"><div class=\"bt_bb_wrapper\"><div id=\"pl-1398\" class=\"panel-layout\">\n<div id=\"pg-1398-0\" class=\"panel-grid panel-no-style\">\n<div id=\"pgc-1398-0-0\" class=\"panel-grid-cell\" data-weight=\"1\">\n<div id=\"panel-1398-0-0-0\" class=\"so-panel widget widget_custom_html panel-first-child panel-last-child\" data-index=\"0\" data-style=\"{\"background_image_attachment\":false,\"background_display\":\"tile\"}\"><div class=\"textwidget custom-html-widget\"><div style=\"color: #BABABA; font-size: 12px;\">FGTI-Distribui\u00e7\u00e3o &gt; Juntas de veda\u00e7\u00e3o &gt; Condi\u00e7\u00f5es gerais de montagem<\/div>\n<br><br>\n<table style=\"font-size: 12px; border: none; width: 100%;\">\n<tbody><tr>\n<td colspan=\"2\" style=\"font-size: 22px; vertical-align: top; font-weight: bold; border-bottom: 1px solid #58B6FE; border-top-color: white;\">\nCondi\u00e7\u00f5es gerais de montagem\n<\/td><td style=\"text-align: right; border-bottom: 1px solid #58B6FE; border-top-color: white;\">\n<a target=\"_blank\" href=\"https:\/\/fgti-distribution.fr\/pt\/wp-content\/themes\/twentyeleven\/images\/FGTI-Distribution_IDG-Conditions-generales-montage-2019.pdf\/\" rel=\"noopener\"><img decoding=\"async\" src=\"https:\/\/fgti-distribution.fr\/wp-content\/themes\/twentyeleven\/images\/pdficon_large.png\"><\/a>\n<\/td>\n<\/tr>\n<tr>\n<td style=\"width: 200px; vertical-align: top; font-weight: bold; border-color: #FFFFFF;padding-top: 20px;\">\nAtrito\n<\/td>\n<td style=\"padding-bottom: 20px; width: 280px; vertical-align: top; text-align: justify; border-bottom: 1px solid #58B6FE; border-top-color: white; padding-top: 20px; padding-right: 25px;\">\nA IDG utiliza materiais \u00e0 base de PTFE, da\u00ed a prefer\u00eancia por uma ades\u00e3o muito baixa e um atrito de arranque muito baixo.<br>\nDe facto, os PTFE puros t\u00eam um baixo coeficiente de atrito modul\u00e1vel de acordo com as cargas.\n<\/td>\n<td style=\"padding-bottom: 20px; width: 280px; vertical-align: top; text-align: justify; border-bottom: 1px solid #58B6FE; border-top-color: white; padding-top: 20px; padding-left: 20px;\">\nOutros fatores influenciam o coeficiente de atrito, entre outros o material da superf\u00edcie oposta, a sua rugosidade e dureza, a velocidade de atrito, assim como a temperatura e a lubrifica\u00e7\u00e3o.<br>\nAs mat\u00e9rias IDG \u00e0 base de PTFE distinguem-se por um deslizamento suave.\n<\/td>\n<\/tr>\n\n<tr>\n<td style=\"width: 200px; vertical-align: top; font-weight: bold; border-color: #FFFFFF;padding-top: 20px;\">\nImpact da superf\u00edcie\noposta\n<\/td>\n<td style=\"padding-bottom: 20px; width: 280px; vertical-align: top; text-align: justify; border-bottom: 1px solid #58B6FE; border-top-color: white; padding-top: 20px; padding-right: 25px;\">\nA rugosidade e a conformidade da superf\u00edcie oposta t\u00eam um forte impacto no risco de fuga e na vida \u00fatil. A \u00e1rea de contacto da superf\u00edcie oposta deve ser de boa qualidade. Este resultado \u00e9 obtido atrav\u00e9s de esmerilagem, afia\u00e7\u00e3o e brunimento. As estrias de maquina\u00e7\u00e3o e as arestas afiadas s\u00e3o assim suavizadas. Este \u00faltimo ponto \u00e9 particularmente importante no caso de superf\u00edcies opostas muito duras.\n<\/td>\n<td style=\"padding-bottom: 20px; width: 280px; vertical-align: top; text-align: justify; border-bottom: 1px solid #58B6FE; border-top-color: white; padding-top: 20px; padding-left: 20px;\">\nUm alisamento de superf\u00edcie obtido por encruamento ou lamina\u00e7\u00e3o pode revelar-se irregular e ser\u00e1 particularmente desfavor\u00e1vel ao funcionamento das juntas comp\u00f3sitas.<br>\nEm movimentos rotativos ou oscilantes, a superf\u00edcie oposta deve ser o mais lisa poss\u00edvel, evitando riscos de retifica\u00e7\u00e3o.\n<\/td>\n<\/tr>\n\n<tr>\n<td style=\"width: 200px; vertical-align: top; font-weight: bold; border-color: #FFFFFF;padding-top: 20px;\">\nRugosidade m\u00e1xima para\nacabamentos superficiais,\npercentagem de material\n<\/td>\n<td style=\"padding-bottom: 20px; width: 280px; vertical-align: top; text-align: justify; border-bottom: none; border-top-color: white; padding-top: 20px; padding-right: 25px;\">\n<strong>Rugosidade da superf\u00edcie oposta conforme a norma DIN EN ISO 4287<\/strong>\nDeve-se considerar sempre a guarni\u00e7\u00e3o e a superf\u00edcie oposta como um conjunto. De facto, o bom funcionamento e a vida \u00fatil de uma guarni\u00e7\u00e3o dependem essencialmente da qualidade do estado da superf\u00edcie.<br>\nRiscos e irregularidades de maquina\u00e7\u00e3o conc\u00eantrica ou helicoidal, riscos ou sulcos ou irregularidades n\u00e3o s\u00e3o aceit\u00e1veis.\n<\/td>\n<td style=\"padding-bottom: 0px; width: 280px; vertical-align: top; text-align: justify; border-bottom: none; border-top-color: white; padding-top: 20px; padding-left: 20px;\">\nDe um modo geral, a qualidade dos estados de superf\u00edcie \u00e9 mais importante para aplica\u00e7\u00f5es din\u00e2micas do que para est\u00e1ticas.<br>\nA norma DIN EN ISO 4287 define os valores usuais para os estados de superf\u00edcie (Rz, Rt, Ra). Como estes valores n\u00e3o s\u00e3o suficientes em certos casos, define-se tamb\u00e9m uma percentagem de material (Rmr).<br>\nA rugosidade m\u00e9dia (Rmr) \u00e9 determinante para definir o perfil de um estado de superf\u00edcie. Depende tamb\u00e9m das condi\u00e7\u00f5es de produ\u00e7\u00e3o e de maquina\u00e7\u00e3o.\n<\/td>\n<\/tr>\n\n<tr>\n<td style=\"width: 200px; vertical-align: top; font-weight: bold; border-color: #FFFFFF;padding-top: 20px;\">\n\u00a0\n<\/td>\n<td colspan=\"2\" style=\"width: 560px; vertical-align: top; text-align: justify; border-top-color: white; padding-top: 0px; border-bottom: 1px solid #58B6FE;\">\n<img decoding=\"async\" style=\"text-align: left; max-width: 100%;\" src=\"https:\/\/fgti-distribution.fr\/wp-content\/themes\/twentyeleven\/images\/joint-etancheite-composite9.jpg\">\n<\/td>\n<\/tr>\n\n<tr>\n<td style=\"width: 200px; vertical-align: top; font-weight: bold; border-color: #FFFFFF;padding-top: 20px;\">\nProte\u00e7\u00e3o contra press\u00e3o de acionamento hidrodin\u00e2mico\n<\/td>\n<td style=\"padding-bottom: 20px; width: 280px; vertical-align: top; text-align: justify; border-bottom: 1px solid #58B6FE; border-top-color: white; padding-top: 20px; padding-right: 25px;\">\nDurante guias lineares com uma folga reduzida entre uma luva est\u00e1tica em repouso e uma superf\u00edcie de atrito em movimento, cria-se uma corrente de acionamento hidrodin\u00e2mico do fluido.<br>\nSe este fluxo for interrompido por uma junta, a press\u00e3o aumenta e eleva a press\u00e3o do sistema em correla\u00e7\u00e3o, e particularmente em casos de movimentos \u00ablongos\u00bb.\n<\/td>\n<td style=\"padding-bottom: 20px; width: 280px; vertical-align: top; text-align: justify; border-bottom: 1px solid #58B6FE; border-top-color: white; padding-top: 20px; padding-left: 20px;\">\n\u00c9 por isso que a caixa do selo deve ser o maior poss\u00edvel.<br>\nSe isto n\u00e3o for suficiente, pode-se usar uma ranhura de refluxo ou an\u00e9is de guiamento MANOY com entalhes ou tiras de guiamento.\nAssim, evita-se o aumento cr\u00edtico da press\u00e3o ao n\u00edvel da junta.\n<\/td>\n<\/tr>\n\n<tr>\n<td style=\"width: 200px; vertical-align: top; font-weight: bold; border-color: #FFFFFF;padding-top: 20px;\">\nPolimento, amaciar\n<\/td>\n<td style=\"padding-bottom: 20px; width: 280px; vertical-align: top; text-align: justify; border-bottom: 1px solid #58B6FE; border-top-color: white; padding-top: 20px; padding-right: 25px;\">\nDurante o amaciamento, a superf\u00edcie oposta \u00e9 polida pelas juntas e pelos elementos de guiamento.<br>\nNo entanto, movimentos r\u00e1pidos de curso reduzido ou movimentos oscilantes podem promover o aparecimento de sulcos de desgaste indesej\u00e1veis.\n<\/td>\n<td style=\"padding-bottom: 20px; width: 280px; vertical-align: top; text-align: justify; border-bottom: 1px solid #58B6FE; border-top-color: white; padding-top: 20px; padding-left: 20px;\">\nVibra\u00e7\u00f5es externas podem produzir o mesmo efeito.<br>\nPara impedir ao m\u00e1ximo este desgaste prematuro, \u00e9 necess\u00e1rio que a superf\u00edcie oposta seja dura.\n<\/td>\n<\/tr>\n\n<tr>\n<td style=\"width: 200px; vertical-align: top; font-weight: bold; border-color: #FFFFFF;padding-top: 20px;\">\nDureza da superf\u00edcie\noposta\n<\/td>\n<td style=\"padding-bottom: 20px; width: 280px; vertical-align: top; text-align: justify; border-bottom: 1px solid #58B6FE; border-top-color: white; padding-top: 20px; padding-right: 25px;\">\nEm geral, o desgaste das juntas \u00e9 menor em superf\u00edcies opostas duras do que em moles.<br>\nO risco de desgaste por aparecimento de sulcos de contacto \u00e9 particularmente importante em movimento rotativo.\n<\/td>\n<td style=\"padding-bottom: 20px; width: 280px; vertical-align: top; text-align: justify; border-bottom: 1px solid #58B6FE; border-top-color: white; padding-top: 20px; padding-left: 20px;\">\nSe as superf\u00edcies opostas n\u00e3o forem suficientemente duras, as part\u00edculas arrancadas pela junta ir\u00e3o acentuar os danos na superf\u00edcie de atrito. O risco de fuga \u00e9 inevit\u00e1vel.<br>\nA dureza m\u00ednima deve situar-se acima de 58HRC para um movimento linear, acima de 62HRC para utiliza\u00e7\u00e3o em rota\u00e7\u00e3o.\n<\/td>\n<\/tr>\n\n<tr>\n<td style=\"width: 200px; vertical-align: top; font-weight: bold; border-color: #FFFFFF;padding-top: 20px;\">\nGuiar, centrar\n<\/td>\n<td style=\"padding-bottom: 20px; width: 280px; vertical-align: top; text-align: justify; border-bottom: 1px solid #58B6FE; border-top-color: white; padding-top: 20px; padding-right: 25px;\">\nDeve evitar-se qualquer contacto met\u00e1lico entre o pist\u00e3o, a haste e o cilindro. Durante o funcionamento, ranhuras existentes aumentam e danificam a veda\u00e7\u00e3o, o guia e o raspador. A fuga aparece a m\u00e9dio ou longo prazo.<br>\nNem a junta nem o raspador podem desempenhar as fun\u00e7\u00f5es de guiagem.<br>\n\u00c9, portanto, necess\u00e1rio prever elementos de guiamento distintos com alcance suficiente.\n<\/td>\n<td style=\"padding-bottom: 20px; width: 280px; vertical-align: top; text-align: justify; border-bottom: 1px solid #58B6FE; border-top-color: white; padding-top: 20px; padding-left: 20px;\">\n<img decoding=\"async\" style=\"text-align: left; max-width: 100%;\" src=\"https:\/\/fgti-distribution.fr\/wp-content\/themes\/twentyeleven\/images\/joint-etancheite-composite10.jpg\">\n<\/td>\n<\/tr>\n\n<tr>\n<td style=\"width: 200px; vertical-align: top; font-weight: bold; border-color: #FFFFFF;padding-top: 20px;\">\nLubrifica\u00e7\u00e3o,\nfuncionamento a seco\n<\/td>\n<td style=\"padding-bottom: 20px; width: 280px; vertical-align: top; text-align: justify; border-bottom: 1px solid #58B6FE; border-top-color: white; padding-top: 20px; padding-right: 25px;\">\nQuase todos os materiais IDG \u00e0 base de PTFE podem funcionar a seco.<br>\nO funcionamento a seco, no entanto, reduz a vida \u00fatil do sistema de veda\u00e7\u00e3o\/superf\u00edcie oposta.<br>\nUsando um filme de lubrifica\u00e7\u00e3o em circuito fechado no espa\u00e7o criado para o engrenamento, diminui-se o atrito. O menor atrito obt\u00e9m-se com um \u00f3leo lubrificante ou hidr\u00e1ulico.\n<\/td>\n<td style=\"padding-bottom: 20px; width: 280px; vertical-align: top; text-align: justify; border-bottom: 1px solid #58B6FE; border-top-color: white; padding-top: 20px; padding-left: 20px;\">\nA utiliza\u00e7\u00e3o de uma pel\u00edcula lubrificante reduz a subida de temperatura e aumenta a vida \u00fatil da veda\u00e7\u00e3o.<br>\nPara aplica\u00e7\u00f5es em cilindros pneum\u00e1ticos ou hastes de guia, uma lubrifica\u00e7\u00e3o na montagem \u00e9 suficiente. \n<\/td>\n<\/tr>\n\n<tr>\n<td style=\"width: 200px; vertical-align: top; font-weight: bold; border-color: #FFFFFF;padding-top: 20px;\">\nPart\u00edculas abrasivas no fluido\n<\/td>\n<td style=\"padding-bottom: 20px; width: 280px; vertical-align: top; text-align: justify; border-bottom: 1px solid #58B6FE; border-top-color: white; padding-top: 20px; padding-right: 25px;\">\nAs part\u00edculas geralmente n\u00e3o s\u00e3o a causa principal de uma fuga, mas causam um desgaste real no sistema de selagem\/superf\u00edcie de acoplamento e levam \u00e0 falha prematura da veda\u00e7\u00e3o. Os fatores determinantes do desgaste de um sistema de veda\u00e7\u00e3o s\u00e3o o tamanho, mas tamb\u00e9m o n\u00famero de part\u00edculas em suspens\u00e3o.<br>\nCom uma pel\u00edcula de lubrifica\u00e7\u00e3o com 0,5 \u03bcm de espessura, apenas as part\u00edculas pequenas s\u00e3o removidas, sendo que as maiores levar\u00e3o ao desgaste do vedante e da superf\u00edcie oposta.\n<\/td>\n<td style=\"padding-bottom: 20px; width: 280px; vertical-align: top; text-align: justify; border-bottom: 1px solid #58B6FE; border-top-color: white; padding-top: 20px; padding-left: 20px;\">\nGra\u00e7as a modifica\u00e7\u00f5es a montante (por exemplo, uma t\u00e9cnica de filtragem), \u00e9 poss\u00edvel reduzir o n\u00famero de part\u00edculas.<br>\nAs normas ISO 4406 e NAS 1638 s\u00e3o utilizadas para qualificar e quantificar a pureza dos fluidos. \n<\/td>\n<\/tr>\n\n<\/tbody><\/table>\n\n<div style=\"text-align: right; font-size: 12px;\">\n<a href=\"#haut\" style=\"text-decoration: none; color: #AAAAAA;\">Topo da p\u00e1gina<\/a>\n<\/div>\n<\/div><\/div>\n<\/div>\n<\/div>\n<\/div>\n<\/div><\/div><\/div><\/div><\/div><\/div><\/div><\/div><!-- cell_inner --><\/div><!-- cell --><\/div><!-- port --><\/section>","protected":false},"excerpt":{"rendered":"","protected":false},"author":1,"featured_media":0,"parent":8,"menu_order":0,"comment_status":"closed","ping_status":"closed","template":"","meta":{"footnotes":""},"class_list":["post-1398","page","type-page","status-publish","hentry"],"yoast_head":"<!-- This site is optimized with the Yoast SEO plugin v27.3 - https:\/\/yoast.com\/product\/yoast-seo-wordpress\/ -->\n<title>FGTI Distribution - Montage des joints d&#039;\u00e9tanch\u00e9it\u00e9<\/title>\n<meta name=\"description\" content=\"Fiche produit IDG par FGTI distribution : les conditions g\u00e9n\u00e9rales de montage des joints d&#039;\u00e9tanch\u00e9it\u00e9 IDG\" \/>\n<meta name=\"robots\" content=\"index, follow, max-snippet:-1, max-image-preview:large, max-video-preview:-1\" \/>\n<link rel=\"canonical\" href=\"https:\/\/fgti-distribution.fr\/pt\/juntas-de-estanquidade\/montagem-de-juntas-de-estanquidade\/\" \/>\n<meta property=\"og:locale\" content=\"pt_PT\" \/>\n<meta property=\"og:type\" content=\"article\" \/>\n<meta property=\"og:title\" content=\"FGTI Distribution - Montage des joints d&#039;\u00e9tanch\u00e9it\u00e9\" \/>\n<meta property=\"og:description\" content=\"Fiche produit IDG par FGTI distribution : les conditions g\u00e9n\u00e9rales de montage des joints d&#039;\u00e9tanch\u00e9it\u00e9 IDG\" \/>\n<meta property=\"og:url\" content=\"https:\/\/fgti-distribution.fr\/pt\/juntas-de-estanquidade\/montagem-de-juntas-de-estanquidade\/\" \/>\n<meta property=\"og:site_name\" content=\"FGTI Distribution\" \/>\n<meta property=\"article:modified_time\" content=\"2023-07-05T12:12:45+00:00\" \/>\n<meta name=\"twitter:card\" content=\"summary_large_image\" \/>\n<meta name=\"twitter:label1\" content=\"Est. reading time\" \/>\n\t<meta name=\"twitter:data1\" content=\"1 minuto\" \/>\n<script type=\"application\/ld+json\" class=\"yoast-schema-graph\">{\"@context\":\"https:\\\/\\\/schema.org\",\"@graph\":[{\"@type\":\"WebPage\",\"@id\":\"https:\\\/\\\/fgti-distribution.fr\\\/joints-detancheite\\\/montage-joints-etancheite\\\/\",\"url\":\"https:\\\/\\\/fgti-distribution.fr\\\/joints-detancheite\\\/montage-joints-etancheite\\\/\",\"name\":\"FGTI Distribution - Montage des joints d'\u00e9tanch\u00e9it\u00e9\",\"isPartOf\":{\"@id\":\"https:\\\/\\\/fgti-distribution.fr\\\/#website\"},\"datePublished\":\"2012-12-07T17:10:29+00:00\",\"dateModified\":\"2023-07-05T12:12:45+00:00\",\"description\":\"Fiche produit IDG par FGTI distribution : les conditions g\u00e9n\u00e9rales de montage des joints d'\u00e9tanch\u00e9it\u00e9 IDG\",\"breadcrumb\":{\"@id\":\"https:\\\/\\\/fgti-distribution.fr\\\/joints-detancheite\\\/montage-joints-etancheite\\\/#breadcrumb\"},\"inLanguage\":\"pt-PT\",\"potentialAction\":[{\"@type\":\"ReadAction\",\"target\":[\"https:\\\/\\\/fgti-distribution.fr\\\/joints-detancheite\\\/montage-joints-etancheite\\\/\"]}]},{\"@type\":\"BreadcrumbList\",\"@id\":\"https:\\\/\\\/fgti-distribution.fr\\\/joints-detancheite\\\/montage-joints-etancheite\\\/#breadcrumb\",\"itemListElement\":[{\"@type\":\"ListItem\",\"position\":1,\"name\":\"Home\",\"item\":\"https:\\\/\\\/fgti-distribution.fr\\\/\"},{\"@type\":\"ListItem\",\"position\":2,\"name\":\"Joints d&rsquo;\u00e9tanch\u00e9it\u00e9\",\"item\":\"https:\\\/\\\/fgti-distribution.fr\\\/joints-detancheite\\\/\"},{\"@type\":\"ListItem\",\"position\":3,\"name\":\"Conditions g\u00e9n\u00e9rales de montage\"}]},{\"@type\":\"WebSite\",\"@id\":\"https:\\\/\\\/fgti-distribution.fr\\\/#website\",\"url\":\"https:\\\/\\\/fgti-distribution.fr\\\/\",\"name\":\"FGTI Distribution\",\"description\":\"Pi\u00e8ces techniques et services \u00e0 forte valeur ajout\u00e9e\",\"publisher\":{\"@id\":\"https:\\\/\\\/fgti-distribution.fr\\\/#organization\"},\"alternateName\":\"FGTI Distribution\",\"potentialAction\":[{\"@type\":\"SearchAction\",\"target\":{\"@type\":\"EntryPoint\",\"urlTemplate\":\"https:\\\/\\\/fgti-distribution.fr\\\/?s={search_term_string}\"},\"query-input\":{\"@type\":\"PropertyValueSpecification\",\"valueRequired\":true,\"valueName\":\"search_term_string\"}}],\"inLanguage\":\"pt-PT\"},{\"@type\":\"Organization\",\"@id\":\"https:\\\/\\\/fgti-distribution.fr\\\/#organization\",\"name\":\"FGTI Distribution\",\"alternateName\":\"FGTI Distribution\",\"url\":\"https:\\\/\\\/fgti-distribution.fr\\\/\",\"logo\":{\"@type\":\"ImageObject\",\"inLanguage\":\"pt-PT\",\"@id\":\"https:\\\/\\\/fgti-distribution.fr\\\/#\\\/schema\\\/logo\\\/image\\\/\",\"url\":\"https:\\\/\\\/fgti-distribution.fr\\\/wp-content\\\/uploads\\\/2022\\\/12\\\/logo.png\",\"contentUrl\":\"https:\\\/\\\/fgti-distribution.fr\\\/wp-content\\\/uploads\\\/2022\\\/12\\\/logo.png\",\"width\":500,\"height\":228,\"caption\":\"FGTI Distribution\"},\"image\":{\"@id\":\"https:\\\/\\\/fgti-distribution.fr\\\/#\\\/schema\\\/logo\\\/image\\\/\"},\"sameAs\":[\"https:\\\/\\\/www.linkedin.com\\\/company\\\/fgti-distribution\\\/\"]}]}<\/script>\n<!-- \/ Yoast SEO plugin. -->","yoast_head_json":{"title":"FGTI Distribui\u00e7\u00e3o - Montagem de juntas de veda\u00e7\u00e3o","description":"Ficha de produto IDG por FGTI distribution: as condi\u00e7\u00f5es gerais de montagem de juntas de veda\u00e7\u00e3o IDG","robots":{"index":"index","follow":"follow","max-snippet":"max-snippet:-1","max-image-preview":"max-image-preview:large","max-video-preview":"max-video-preview:-1"},"canonical":"https:\/\/fgti-distribution.fr\/pt\/juntas-de-estanquidade\/montagem-de-juntas-de-estanquidade\/","og_locale":"pt_PT","og_type":"article","og_title":"FGTI Distribution - Montage des joints d'\u00e9tanch\u00e9it\u00e9","og_description":"Fiche produit IDG par FGTI distribution : les conditions g\u00e9n\u00e9rales de montage des joints d'\u00e9tanch\u00e9it\u00e9 IDG","og_url":"https:\/\/fgti-distribution.fr\/pt\/juntas-de-estanquidade\/montagem-de-juntas-de-estanquidade\/","og_site_name":"FGTI Distribution","article_modified_time":"2023-07-05T12:12:45+00:00","twitter_card":"summary_large_image","twitter_misc":{"Est. reading time":"1 minuto"},"schema":{"@context":"https:\/\/schema.org","@graph":[{"@type":"WebPage","@id":"https:\/\/fgti-distribution.fr\/joints-detancheite\/montage-joints-etancheite\/","url":"https:\/\/fgti-distribution.fr\/joints-detancheite\/montage-joints-etancheite\/","name":"FGTI Distribui\u00e7\u00e3o - Montagem de juntas de veda\u00e7\u00e3o","isPartOf":{"@id":"https:\/\/fgti-distribution.fr\/#website"},"datePublished":"2012-12-07T17:10:29+00:00","dateModified":"2023-07-05T12:12:45+00:00","description":"Ficha de produto IDG por FGTI distribution: as condi\u00e7\u00f5es gerais de montagem de juntas de veda\u00e7\u00e3o IDG","breadcrumb":{"@id":"https:\/\/fgti-distribution.fr\/joints-detancheite\/montage-joints-etancheite\/#breadcrumb"},"inLanguage":"pt-PT","potentialAction":[{"@type":"ReadAction","target":["https:\/\/fgti-distribution.fr\/joints-detancheite\/montage-joints-etancheite\/"]}]},{"@type":"BreadcrumbList","@id":"https:\/\/fgti-distribution.fr\/joints-detancheite\/montage-joints-etancheite\/#breadcrumb","itemListElement":[{"@type":"ListItem","position":1,"name":"Home","item":"https:\/\/fgti-distribution.fr\/"},{"@type":"ListItem","position":2,"name":"Joints d&rsquo;\u00e9tanch\u00e9it\u00e9","item":"https:\/\/fgti-distribution.fr\/joints-detancheite\/"},{"@type":"ListItem","position":3,"name":"Conditions g\u00e9n\u00e9rales de montage"}]},{"@type":"WebSite","@id":"https:\/\/fgti-distribution.fr\/#website","url":"https:\/\/fgti-distribution.fr\/","name":"Distribui\u00e7\u00e3o FGTI","description":"Pe\u00e7as t\u00e9cnicas e servi\u00e7os de elevado valor acrescentado","publisher":{"@id":"https:\/\/fgti-distribution.fr\/#organization"},"alternateName":"FGTI Distribution","potentialAction":[{"@type":"SearchAction","target":{"@type":"EntryPoint","urlTemplate":"https:\/\/fgti-distribution.fr\/?s={search_term_string}"},"query-input":{"@type":"PropertyValueSpecification","valueRequired":true,"valueName":"search_term_string"}}],"inLanguage":"pt-PT"},{"@type":"Organization","@id":"https:\/\/fgti-distribution.fr\/#organization","name":"Distribui\u00e7\u00e3o FGTI","alternateName":"FGTI Distribution","url":"https:\/\/fgti-distribution.fr\/","logo":{"@type":"ImageObject","inLanguage":"pt-PT","@id":"https:\/\/fgti-distribution.fr\/#\/schema\/logo\/image\/","url":"https:\/\/fgti-distribution.fr\/wp-content\/uploads\/2022\/12\/logo.png","contentUrl":"https:\/\/fgti-distribution.fr\/wp-content\/uploads\/2022\/12\/logo.png","width":500,"height":228,"caption":"FGTI Distribution"},"image":{"@id":"https:\/\/fgti-distribution.fr\/#\/schema\/logo\/image\/"},"sameAs":["https:\/\/www.linkedin.com\/company\/fgti-distribution\/"]}]}},"_links":{"self":[{"href":"https:\/\/fgti-distribution.fr\/pt\/wp-json\/wp\/v2\/pages\/1398","targetHints":{"allow":["GET"]}}],"collection":[{"href":"https:\/\/fgti-distribution.fr\/pt\/wp-json\/wp\/v2\/pages"}],"about":[{"href":"https:\/\/fgti-distribution.fr\/pt\/wp-json\/wp\/v2\/types\/page"}],"author":[{"embeddable":true,"href":"https:\/\/fgti-distribution.fr\/pt\/wp-json\/wp\/v2\/users\/1"}],"replies":[{"embeddable":true,"href":"https:\/\/fgti-distribution.fr\/pt\/wp-json\/wp\/v2\/comments?post=1398"}],"version-history":[{"count":8,"href":"https:\/\/fgti-distribution.fr\/pt\/wp-json\/wp\/v2\/pages\/1398\/revisions"}],"predecessor-version":[{"id":7994,"href":"https:\/\/fgti-distribution.fr\/pt\/wp-json\/wp\/v2\/pages\/1398\/revisions\/7994"}],"up":[{"embeddable":true,"href":"https:\/\/fgti-distribution.fr\/pt\/wp-json\/wp\/v2\/pages\/8"}],"wp:attachment":[{"href":"https:\/\/fgti-distribution.fr\/pt\/wp-json\/wp\/v2\/media?parent=1398"}],"curies":[{"name":"wp","href":"https:\/\/api.w.org\/{rel}","templated":true}]}}