{"id":3706,"date":"2015-12-17T19:57:53","date_gmt":"2015-12-17T19:57:53","guid":{"rendered":"https:\/\/fgti-distribution.fr\/?page_id=3706"},"modified":"2026-04-10T11:55:55","modified_gmt":"2026-04-10T11:55:55","slug":"arranjos-decorativos-metalicos","status":"publish","type":"page","link":"https:\/\/fgti-distribution.fr\/pt\/fixation-araymond\/arrets-daxe-decoratifs-metallique\/","title":{"rendered":"Paragem de eixo met\u00e1lico decorativo \/ Palnuts\u00ae"},"content":{"rendered":"<section data-bb-version=\"4.8.1\" id=\"bt_bb_section69f26e2a04792\" class=\"bt_bb_section bt_bb_layout_boxed_1200\"  data-bt-override-class=\"null\"><div class=\"bt_bb_port\"><div class=\"bt_bb_cell\"><div class=\"bt_bb_cell_inner\"><div class=\"bt_bb_row\"  data-bt-override-class=\"{}\"><div class=\"bt_bb_row_holder\" ><div data-bb-version=\"4.8.1\"  class=\"bt_bb_column col-xxl-12 col-xl-12 col-xs-12 col-sm-12 col-md-12 col-lg-12 bt_bb_vertical_align_top bt_bb_align_left bt_bb_padding_normal\" style=\"; --column-width:12;\" data-width=\"12\" data-bt-override-class=\"{}\"><div class=\"bt_bb_column_content\"><div class=\"bt_bb_column_content_inner\"><div class=\"bt_bb_raw_content\"><div style=\"color: #bababa; font-size: 12px; margin-bottom: 20px;\">FGTI-Distribution &gt; Fixa\u00e7\u00f5es ARaymond &gt; Fichas t\u00e9cnicas detalhadas &gt; Palnuts\u00ae - Travas decorativas de eixo \/ Met\u00e1lico<\/div>\n\n<a style=\"border: 0 none;\" href=\"https:\/\/fgti-distribution.fr\/FGTI_images\/FGTI-Distribution-palnuts-arrets-d-axe-decoratifs-metallique-ARaymond.pdf\" target=\"_blank\" rel=\"noopener\"><img decoding=\"async\" src=\"https:\/\/fgti-distribution.fr\/FGTI_images\/pdficon_large.png\" \/><\/a>\n<h2 style=\"text-transform: none;\"><span style=\"color: #e82c2e; font-weight: bold; font-size: 20px;\">Palnuts\u00ae - Batentes de eixo decorativos<\/span> Paragem de eixo met\u00e1lico decorativo<\/h2>\n\n<div style=\"text-align: right; font-size: 10px; padding: 0;\">\n<img decoding=\"async\" src=\"https:\/\/fgti-distribution.fr\/FGTI_images\/sur-vis.jpg\" alt=\"tiras sobre parafusos\" \/>\n<h3 style=\"font-size: 10px;\">Fita em parafuso ou espig\u00e3o<\/h3>\n<\/div>\n\n<img decoding=\"async\" src=\"https:\/\/fgti-distribution.fr\/FGTI_images\/fixations-Palnuts-metal.jpg\" alt=\"Paragem de eixo met\u00e1lico decorativo\" \/>\n\n<img decoding=\"async\" src=\"https:\/\/fgti-distribution.fr\/FGTI_images\/fixations-Palnuts-metal-schema.jpg\" alt=\"Esquema de paragem de eixo met\u00e1lico decorativo\" \/>\n<p>\nEstes an\u00e9is de retenida met\u00e1licos podem ser utilizados em eixos, espig\u00f5es ou hastes lisas, para proporcionar uma montagem robusta e resistente a vibra\u00e7\u00f5es, bem como um melhor acabamento dos seus produtos.<\/p>\n<h3>Dimens\u00f5es - Paragem de eixo met\u00e1lico decorativo<\/h3>\n<img decoding=\"async\" src=\"https:\/\/fgti-distribution.fr\/FGTI_images\/fixations-Palnuts-metal-dimensions.jpg\" alt=\"Dimens\u00f5es fixa\u00e7\u00f5es Raymond planuts\" \/>\n<div style=\"vertical-align: top; text-align: center; font-size: 10px;\">Todas as dimens\u00f5es est\u00e3o em mm, \u00e2ngulos ou graus. Outras dimens\u00f5es \/ variantes dispon\u00edveis mediante pedido.<\/div>\n\n<a href=\"https:\/\/vimeo.com\/114264003\">As paragens de eixo explicadas pela ARaymond Industrial<\/a> de <a href=\"https:\/\/vimeo.com\/araymond\">ARaymond Network<\/a> ligado <a href=\"https:\/\/vimeo.com\">Vimeo<\/a>.\n\n<span style=\"color: #e82c2e; font-size: 20px;\">Produtos alternativos:<\/span>\n\n<div class=\"textwidget\"><a href=\"https:\/\/fgti-distribution.fr\/pt\/fecho-araymond\/arret-d-axe-raymond-rondelles-tiges-lisses-renforcees\/\"><img decoding=\"async\" src=\"https:\/\/fgti-distribution.fr\/wp-content\/img\/fiches-techniques-raymond\/arret-d-axe-raymond-rondelles-tiges-lisses-renforcees-FGTI-photo.jpg\" alt=\"Fotografia Trav\u00f5es de eixo A Raymond \/ Anilhas de press\u00e3o em hastes lisas \/ Refor\u00e7adas\" \/><\/a>\nAnilhas de seguran\u00e7a \/ Arruelas de press\u00e3o em hastes lisas \/ Refor\u00e7adas<\/div>\n\n<div class=\"textwidget\"><a href=\"https:\/\/fgti-distribution.fr\/pt\/fecho-araymond\/arret-d-axe-rectangulaire-raymond-tiges-lisses\/\"><img decoding=\"async\" src=\"https:\/\/fgti-distribution.fr\/wp-content\/img\/fiches-techniques-raymond\/arret-d-axe-rectangulaire-raymond-tiges-lisses-FGTI-photo.jpg\" alt=\"Foto. Apoios de eixo A Raymond \/ retangular para empurrar em hastes lisas\" \/><\/a>\nRetangular\/ Para encaixar em hastes lisas<\/div>\n\n<div class=\"textwidget\"><a href=\"https:\/\/fgti-distribution.fr\/pt\/fecho-araymond\/arret-d-axe-raymond-rondelles-tiges-lisses\/\"><img decoding=\"async\" src=\"https:\/\/fgti-distribution.fr\/wp-content\/img\/fiches-techniques-raymond\/arret-d-axe-raymond-rondelles-tiges-lisses-FGTI-photo.jpg\" alt=\"photografia prumo de eixo A Raymond \/ Anilhas de press\u00e3o em hastes lisas para cargas leves\" \/><\/a>\u00a0\nAnilhas de press\u00e3o em hastes lisas \/ Cargas leves<\/div>\n\n\n<div class=\"textwidget\"><a href=\"https:\/\/fgti-distribution.fr\/pt\/fecho-araymond\/arret-d-axe-raymond-goujons-filetes\/\"><img decoding=\"async\" src=\"https:\/\/fgti-distribution.fr\/wp-content\/img\/fiches-techniques-raymond\/arret-d-axe-raymond-goujons-filetes-FGTI-photo.jpg\" alt=\"Fotografia An\u00e9is de eixo A Raymond \/ Arruelas de press\u00e3o em pinos roscados\" \/><\/a>\nAnilhas de press\u00e3o em espig\u00f5es roscados<\/div>\n\n<div class=\"textwidget\"><a href=\"https:\/\/fgti-distribution.fr\/pt\/fecho-araymond\/pecas-de-eixo-decorativas-metaloplasticas\/\"><img decoding=\"async\" src=\"https:\/\/fgti-distribution.fr\/FGTI_images\/fixations-Palnuts-metalloplastique.jpg\" alt=\"arruelas decorativas metalopl\u00e1sticas\" \/><\/a>\nPalnuts\u00ae - Batentes de eixo decorativos\/Metalopl\u00e1stico<\/div>\n<\/div><\/div><\/div><\/div><\/div><\/div><\/div><!-- cell_inner --><\/div><!-- cell --><\/div><!-- port --><\/section>","protected":false},"excerpt":{"rendered":"","protected":false},"author":1,"featured_media":0,"parent":10,"menu_order":0,"comment_status":"closed","ping_status":"closed","template":"","meta":{"footnotes":""},"class_list":["post-3706","page","type-page","status-publish","hentry"],"yoast_head":"<!-- This site is optimized with the Yoast SEO plugin v27.3 - https:\/\/yoast.com\/product\/yoast-seo-wordpress\/ -->\n<title>Arr\u00eat d&#039;axe m\u00e9tallique d\u00e9coratif \/ Palnuts\u00ae - FGTI Distribution<\/title>\n<meta name=\"description\" content=\"FGTI Distribution vous propose la fiche technique d\u00e9taill\u00e9e de l&#039;arr\u00eat d&#039;axe m\u00e9tallique d\u00e9coratif \/ Palnuts\u00ae. N&#039;h\u00e9sitez pas \u00e0 nous contacter.\" \/>\n<meta name=\"robots\" content=\"index, follow, max-snippet:-1, max-image-preview:large, max-video-preview:-1\" \/>\n<link rel=\"canonical\" href=\"https:\/\/fgti-distribution.fr\/pt\/fecho-araymond\/arranjos-decorativos-metalicos\/\" \/>\n<meta property=\"og:locale\" content=\"pt_PT\" \/>\n<meta property=\"og:type\" content=\"article\" \/>\n<meta property=\"og:title\" content=\"Arr\u00eat d&#039;axe m\u00e9tallique d\u00e9coratif \/ Palnuts\u00ae - FGTI Distribution\" \/>\n<meta property=\"og:description\" content=\"FGTI Distribution vous propose la fiche technique d\u00e9taill\u00e9e de l&#039;arr\u00eat d&#039;axe m\u00e9tallique d\u00e9coratif \/ Palnuts\u00ae. N&#039;h\u00e9sitez pas \u00e0 nous contacter.\" \/>\n<meta property=\"og:url\" content=\"https:\/\/fgti-distribution.fr\/pt\/fecho-araymond\/arranjos-decorativos-metalicos\/\" \/>\n<meta property=\"og:site_name\" content=\"FGTI Distribution\" \/>\n<meta property=\"article:modified_time\" content=\"2026-04-10T11:55:55+00:00\" \/>\n<meta name=\"twitter:card\" content=\"summary_large_image\" \/>\n<meta name=\"twitter:label1\" content=\"Est. reading time\" \/>\n\t<meta name=\"twitter:data1\" content=\"3 minutos\" \/>\n<script type=\"application\/ld+json\" class=\"yoast-schema-graph\">{\"@context\":\"https:\\\/\\\/schema.org\",\"@graph\":[{\"@type\":\"WebPage\",\"@id\":\"https:\\\/\\\/fgti-distribution.fr\\\/fixation-araymond\\\/arrets-daxe-decoratifs-metallique\\\/\",\"url\":\"https:\\\/\\\/fgti-distribution.fr\\\/fixation-araymond\\\/arrets-daxe-decoratifs-metallique\\\/\",\"name\":\"Arr\u00eat d'axe m\u00e9tallique d\u00e9coratif \\\/ Palnuts\u00ae - FGTI Distribution\",\"isPartOf\":{\"@id\":\"https:\\\/\\\/fgti-distribution.fr\\\/#website\"},\"datePublished\":\"2015-12-17T19:57:53+00:00\",\"dateModified\":\"2026-04-10T11:55:55+00:00\",\"description\":\"FGTI Distribution vous propose la fiche technique d\u00e9taill\u00e9e de l'arr\u00eat d'axe m\u00e9tallique d\u00e9coratif \\\/ Palnuts\u00ae. N'h\u00e9sitez pas \u00e0 nous contacter.\",\"breadcrumb\":{\"@id\":\"https:\\\/\\\/fgti-distribution.fr\\\/fixation-araymond\\\/arrets-daxe-decoratifs-metallique\\\/#breadcrumb\"},\"inLanguage\":\"pt-PT\",\"potentialAction\":[{\"@type\":\"ReadAction\",\"target\":[\"https:\\\/\\\/fgti-distribution.fr\\\/fixation-araymond\\\/arrets-daxe-decoratifs-metallique\\\/\"]}]},{\"@type\":\"BreadcrumbList\",\"@id\":\"https:\\\/\\\/fgti-distribution.fr\\\/fixation-araymond\\\/arrets-daxe-decoratifs-metallique\\\/#breadcrumb\",\"itemListElement\":[{\"@type\":\"ListItem\",\"position\":1,\"name\":\"Home\",\"item\":\"https:\\\/\\\/fgti-distribution.fr\\\/\"},{\"@type\":\"ListItem\",\"position\":2,\"name\":\"Fixations ARaymond\",\"item\":\"https:\\\/\\\/fgti-distribution.fr\\\/fixation-araymond\\\/\"},{\"@type\":\"ListItem\",\"position\":3,\"name\":\"Arr\u00eat d&rsquo;axe m\u00e9tallique d\u00e9coratif \\\/ Palnuts\u00ae\"}]},{\"@type\":\"WebSite\",\"@id\":\"https:\\\/\\\/fgti-distribution.fr\\\/#website\",\"url\":\"https:\\\/\\\/fgti-distribution.fr\\\/\",\"name\":\"FGTI Distribution\",\"description\":\"Pi\u00e8ces techniques et services \u00e0 forte valeur ajout\u00e9e\",\"publisher\":{\"@id\":\"https:\\\/\\\/fgti-distribution.fr\\\/#organization\"},\"alternateName\":\"FGTI Distribution\",\"potentialAction\":[{\"@type\":\"SearchAction\",\"target\":{\"@type\":\"EntryPoint\",\"urlTemplate\":\"https:\\\/\\\/fgti-distribution.fr\\\/?s={search_term_string}\"},\"query-input\":{\"@type\":\"PropertyValueSpecification\",\"valueRequired\":true,\"valueName\":\"search_term_string\"}}],\"inLanguage\":\"pt-PT\"},{\"@type\":\"Organization\",\"@id\":\"https:\\\/\\\/fgti-distribution.fr\\\/#organization\",\"name\":\"FGTI Distribution\",\"alternateName\":\"FGTI Distribution\",\"url\":\"https:\\\/\\\/fgti-distribution.fr\\\/\",\"logo\":{\"@type\":\"ImageObject\",\"inLanguage\":\"pt-PT\",\"@id\":\"https:\\\/\\\/fgti-distribution.fr\\\/#\\\/schema\\\/logo\\\/image\\\/\",\"url\":\"https:\\\/\\\/fgti-distribution.fr\\\/wp-content\\\/uploads\\\/2022\\\/12\\\/logo.png\",\"contentUrl\":\"https:\\\/\\\/fgti-distribution.fr\\\/wp-content\\\/uploads\\\/2022\\\/12\\\/logo.png\",\"width\":500,\"height\":228,\"caption\":\"FGTI Distribution\"},\"image\":{\"@id\":\"https:\\\/\\\/fgti-distribution.fr\\\/#\\\/schema\\\/logo\\\/image\\\/\"},\"sameAs\":[\"https:\\\/\\\/www.linkedin.com\\\/company\\\/fgti-distribution\\\/\"]}]}<\/script>\n<!-- \/ Yoast SEO plugin. -->","yoast_head_json":{"title":"Paragem de eixo met\u00e1lico decorativo \/ Palnuts\u00ae - FGTI Distribution","description":"A FGTI Distribution disponibiliza a ficha t\u00e9cnica detalhada do batente de eixo met\u00e1lico decorativo \/ Palnuts\u00ae. N\u00e3o hesite em contactar-nos.","robots":{"index":"index","follow":"follow","max-snippet":"max-snippet:-1","max-image-preview":"max-image-preview:large","max-video-preview":"max-video-preview:-1"},"canonical":"https:\/\/fgti-distribution.fr\/pt\/fecho-araymond\/arranjos-decorativos-metalicos\/","og_locale":"pt_PT","og_type":"article","og_title":"Arr\u00eat d'axe m\u00e9tallique d\u00e9coratif \/ Palnuts\u00ae - FGTI Distribution","og_description":"FGTI Distribution vous propose la fiche technique d\u00e9taill\u00e9e de l'arr\u00eat d'axe m\u00e9tallique d\u00e9coratif \/ Palnuts\u00ae. N'h\u00e9sitez pas \u00e0 nous contacter.","og_url":"https:\/\/fgti-distribution.fr\/pt\/fecho-araymond\/arranjos-decorativos-metalicos\/","og_site_name":"FGTI Distribution","article_modified_time":"2026-04-10T11:55:55+00:00","twitter_card":"summary_large_image","twitter_misc":{"Est. reading time":"3 minutos"},"schema":{"@context":"https:\/\/schema.org","@graph":[{"@type":"WebPage","@id":"https:\/\/fgti-distribution.fr\/fixation-araymond\/arrets-daxe-decoratifs-metallique\/","url":"https:\/\/fgti-distribution.fr\/fixation-araymond\/arrets-daxe-decoratifs-metallique\/","name":"Paragem de eixo met\u00e1lico decorativo \/ Palnuts\u00ae - FGTI Distribution","isPartOf":{"@id":"https:\/\/fgti-distribution.fr\/#website"},"datePublished":"2015-12-17T19:57:53+00:00","dateModified":"2026-04-10T11:55:55+00:00","description":"A FGTI Distribution disponibiliza a ficha t\u00e9cnica detalhada do batente de eixo met\u00e1lico decorativo \/ Palnuts\u00ae. N\u00e3o hesite em contactar-nos.","breadcrumb":{"@id":"https:\/\/fgti-distribution.fr\/fixation-araymond\/arrets-daxe-decoratifs-metallique\/#breadcrumb"},"inLanguage":"pt-PT","potentialAction":[{"@type":"ReadAction","target":["https:\/\/fgti-distribution.fr\/fixation-araymond\/arrets-daxe-decoratifs-metallique\/"]}]},{"@type":"BreadcrumbList","@id":"https:\/\/fgti-distribution.fr\/fixation-araymond\/arrets-daxe-decoratifs-metallique\/#breadcrumb","itemListElement":[{"@type":"ListItem","position":1,"name":"Home","item":"https:\/\/fgti-distribution.fr\/"},{"@type":"ListItem","position":2,"name":"Fixations ARaymond","item":"https:\/\/fgti-distribution.fr\/fixation-araymond\/"},{"@type":"ListItem","position":3,"name":"Arr\u00eat d&rsquo;axe m\u00e9tallique d\u00e9coratif \/ Palnuts\u00ae"}]},{"@type":"WebSite","@id":"https:\/\/fgti-distribution.fr\/#website","url":"https:\/\/fgti-distribution.fr\/","name":"Distribui\u00e7\u00e3o FGTI","description":"Pe\u00e7as t\u00e9cnicas e servi\u00e7os de elevado valor acrescentado","publisher":{"@id":"https:\/\/fgti-distribution.fr\/#organization"},"alternateName":"FGTI Distribution","potentialAction":[{"@type":"SearchAction","target":{"@type":"EntryPoint","urlTemplate":"https:\/\/fgti-distribution.fr\/?s={search_term_string}"},"query-input":{"@type":"PropertyValueSpecification","valueRequired":true,"valueName":"search_term_string"}}],"inLanguage":"pt-PT"},{"@type":"Organization","@id":"https:\/\/fgti-distribution.fr\/#organization","name":"Distribui\u00e7\u00e3o FGTI","alternateName":"FGTI Distribution","url":"https:\/\/fgti-distribution.fr\/","logo":{"@type":"ImageObject","inLanguage":"pt-PT","@id":"https:\/\/fgti-distribution.fr\/#\/schema\/logo\/image\/","url":"https:\/\/fgti-distribution.fr\/wp-content\/uploads\/2022\/12\/logo.png","contentUrl":"https:\/\/fgti-distribution.fr\/wp-content\/uploads\/2022\/12\/logo.png","width":500,"height":228,"caption":"FGTI Distribution"},"image":{"@id":"https:\/\/fgti-distribution.fr\/#\/schema\/logo\/image\/"},"sameAs":["https:\/\/www.linkedin.com\/company\/fgti-distribution\/"]}]}},"_links":{"self":[{"href":"https:\/\/fgti-distribution.fr\/pt\/wp-json\/wp\/v2\/pages\/3706","targetHints":{"allow":["GET"]}}],"collection":[{"href":"https:\/\/fgti-distribution.fr\/pt\/wp-json\/wp\/v2\/pages"}],"about":[{"href":"https:\/\/fgti-distribution.fr\/pt\/wp-json\/wp\/v2\/types\/page"}],"author":[{"embeddable":true,"href":"https:\/\/fgti-distribution.fr\/pt\/wp-json\/wp\/v2\/users\/1"}],"replies":[{"embeddable":true,"href":"https:\/\/fgti-distribution.fr\/pt\/wp-json\/wp\/v2\/comments?post=3706"}],"version-history":[{"count":5,"href":"https:\/\/fgti-distribution.fr\/pt\/wp-json\/wp\/v2\/pages\/3706\/revisions"}],"predecessor-version":[{"id":10137,"href":"https:\/\/fgti-distribution.fr\/pt\/wp-json\/wp\/v2\/pages\/3706\/revisions\/10137"}],"up":[{"embeddable":true,"href":"https:\/\/fgti-distribution.fr\/pt\/wp-json\/wp\/v2\/pages\/10"}],"wp:attachment":[{"href":"https:\/\/fgti-distribution.fr\/pt\/wp-json\/wp\/v2\/media?parent=3706"}],"curies":[{"name":"wp","href":"https:\/\/api.w.org\/{rel}","templated":true}]}}