{"id":39,"date":"2021-10-12T08:28:40","date_gmt":"2021-10-12T08:28:40","guid":{"rendered":"https:\/\/korsel.bold-themes.com\/main-demo\/?page_id=39"},"modified":"2024-02-07T13:59:34","modified_gmt":"2024-02-07T13:59:34","slug":"atos","status":"publish","type":"page","link":"https:\/\/fgti-distribution.fr\/pt\/actus\/","title":{"rendered":"Not\u00edcias"},"content":{"rendered":"<section id=\"bt_bb_section6a048c9b19843\" class=\"bt_bb_section bt_bb_layout_boxed_1400 bt_bb_vertical_align_top bt_bb_top_spacing_large bt_bb_bottom_spacing_large\"  data-bt-override-class=\"{&quot;bt_bb_top_spacing_&quot;:{&quot;current_class&quot;:&quot;bt_bb_top_spacing_large&quot;,&quot;def&quot;:&quot;large&quot;,&quot;xl&quot;:&quot;large&quot;},&quot;bt_bb_bottom_spacing_&quot;:{&quot;current_class&quot;:&quot;bt_bb_bottom_spacing_large&quot;,&quot;def&quot;:&quot;large&quot;,&quot;xl&quot;:&quot;large&quot;}}\"><div class=\"bt_bb_port\"><div class=\"bt_bb_cell\"><div class=\"bt_bb_cell_inner\"><div data-bb-version=\"4.7.6\" class=\"bt_bb_row\"  data-bt-override-class=\"{}\"><div class=\"bt_bb_row_holder\" ><div  class=\"bt_bb_column col-xxl-12 col-xl-12 col-xs-12 col-sm-12 col-md-12 col-lg-12 bt_bb_vertical_align_top bt_bb_align_left bt_bb_padding_normal\" style=\"; --column-width:12;\" data-width=\"12\" data-bt-override-class=\"{}\"><div class=\"bt_bb_column_content\"><div class=\"bt_bb_column_content_inner\"><div class=\"bt_bb_latest_posts bt_bb_columns_4 bt_bb_gap_normal bt_bb_image_shape_square\" style=\"margin: 0 30px;\"><div class=\"bt_bb_latest_posts_item\"><div class=\"bt_bb_latest_posts_item_image\"><a href=\"https:\/\/fgti-distribution.fr\/pt\/systemes-detancheite-pour-centrales-hydroelectriques\/\" target=\"_self\"><img decoding=\"async\" src=\"https:\/\/fgti-distribution.fr\/wp-content\/uploads\/2024\/06\/Capture-decran-2024-06-12-100545-640x360.png\" alt=\"Sistemas de impermeabiliza\u00e7\u00e3o para centrais hidroel\u00e9tricas\" title=\"Sistemas de impermeabiliza\u00e7\u00e3o para centrais hidroel\u00e9tricas\" \"><\/a><\/div><div class=\"bt_bb_latest_posts_item_content\"><h5 class=\"bt_bb_latest_posts_item_title\"><a href=\"https:\/\/fgti-distribution.fr\/pt\/systemes-detancheite-pour-centrales-hydroelectriques\/\" target=\"_self\">Sistemas de impermeabiliza\u00e7\u00e3o para centrais hidroel\u00e9tricas<\/a><\/h5><div class=\"bt_bb_latest_posts_item_excerpt\">Venha descobrir os nossos sistemas de estanquidade \u00e0 medida para centrais hidroel\u00e9tricas no pr\u00f3ximo sal\u00e3o France Hydro, nos dias 18 e 19 de junho, em Agen. Entretanto, apresentamos uma solu\u00e7\u00e3o de estanquidade para p\u00e1s de turbina Kaplan. &gt;&gt;&gt; Encontram-se mais informa\u00e7\u00f5es no nosso site: Gama espec\u00edfica para centrais hidr\u00e1ulicas<\/div><\/div><\/div><div class=\"bt_bb_latest_posts_item\"><div class=\"bt_bb_latest_posts_item_image\"><a href=\"https:\/\/fgti-distribution.fr\/pt\/clips-et-rondelles-darret-daxe-araymond-un-maintien-securise-sans-outil-de-montage\/\" target=\"_self\"><img decoding=\"async\" src=\"https:\/\/fgti-distribution.fr\/wp-content\/uploads\/2024\/05\/Image-article-FGTI-640x512.jpg\" alt=\"Travilh\u00f5es e anilhas de reten\u00e7\u00e3o de eixo ARaymond: fixa\u00e7\u00e3o segura sem ferramenta de montagem\" title=\"Travilh\u00f5es e anilhas de reten\u00e7\u00e3o de eixo ARaymond: fixa\u00e7\u00e3o segura sem ferramenta de montagem\" \"><\/a><\/div><div class=\"bt_bb_latest_posts_item_content\"><h5 class=\"bt_bb_latest_posts_item_title\"><a href=\"https:\/\/fgti-distribution.fr\/pt\/clips-et-rondelles-darret-daxe-araymond-un-maintien-securise-sans-outil-de-montage\/\" target=\"_self\">Travilh\u00f5es e anilhas de reten\u00e7\u00e3o de eixo ARaymond: fixa\u00e7\u00e3o segura sem ferramenta de montagem<\/a><\/h5><div class=\"bt_bb_latest_posts_item_excerpt\">Os clips e anilhas de reten\u00e7\u00e3o de eixo s\u00e3o pequenas pe\u00e7as met\u00e1licas bastante planas que asseguram que as pe\u00e7as montadas num eixo liso ou roscado permane\u00e7am no lugar, mesmo em caso de vibra\u00e7\u00f5es ou choques. Podem tamb\u00e9m permitir, por exemplo, manter um parafuso ou um perno no lugar antes que a porca seja...<\/div><\/div><\/div><div class=\"bt_bb_latest_posts_item\"><div class=\"bt_bb_latest_posts_item_image\"><a href=\"https:\/\/fgti-distribution.fr\/pt\/certifie-iso-9001\/\" target=\"_self\"><img decoding=\"async\" src=\"https:\/\/fgti-distribution.fr\/wp-content\/uploads\/2024\/03\/Afaq_9001-640x591.jpg\" alt=\"\ud83c\udfc6 FGTI certificada ISO 9001!\" title=\"\ud83c\udfc6 FGTI certificada ISO 9001!\" \"><\/a><\/div><div class=\"bt_bb_latest_posts_item_content\"><h5 class=\"bt_bb_latest_posts_item_title\"><a href=\"https:\/\/fgti-distribution.fr\/pt\/certifie-iso-9001\/\" target=\"_self\">\ud83c\udfc6 FGTI certificada ISO 9001!<\/a><\/h5><div class=\"bt_bb_latest_posts_item_excerpt\">Temos o orgulho de anunciar que obtivemos a certifica\u00e7\u00e3o ISO 9001 para o nosso sistema de gest\u00e3o da qualidade na comercializa\u00e7\u00e3o de produtos industriais. Esta certifica\u00e7\u00e3o consolida e recompensa o processo de qualidade implementado pela FGTI ao longo de anos. \u00c9 o culminar de v\u00e1rios meses de formaliza\u00e7\u00e3o dos nossos processos...<\/div><\/div><\/div><div class=\"bt_bb_latest_posts_item\"><div class=\"bt_bb_latest_posts_item_image\"><a href=\"https:\/\/fgti-distribution.fr\/pt\/distributeur-historique-des-raccords-rapides-araymond-%f0%9f%8f%85\/\" target=\"_self\"><img decoding=\"async\" src=\"https:\/\/fgti-distribution.fr\/wp-content\/uploads\/2024\/02\/raccords-ARaymond.jpg\" alt=\"FGTI: distribuidor hist\u00f3rico de acoplamentos r\u00e1pidos ARAYMOND \ud83c\udfc5\" title=\"FGTI: distribuidor hist\u00f3rico de acoplamentos r\u00e1pidos ARAYMOND \ud83c\udfc5\" \"><\/a><\/div><div class=\"bt_bb_latest_posts_item_content\"><h5 class=\"bt_bb_latest_posts_item_title\"><a href=\"https:\/\/fgti-distribution.fr\/pt\/distributeur-historique-des-raccords-rapides-araymond-%f0%9f%8f%85\/\" target=\"_self\">FGTI: distribuidor hist\u00f3rico de acoplamentos r\u00e1pidos ARAYMOND \ud83c\udfc5<\/a><\/h5><div class=\"bt_bb_latest_posts_item_excerpt\"><\/div><\/div><\/div><div class=\"bt_bb_latest_posts_item\"><div class=\"bt_bb_latest_posts_item_image\"><a href=\"https:\/\/fgti-distribution.fr\/pt\/les-serre-cables-pivotants-araymond-une-modularite-a-toute-epreuve\/\" target=\"_self\"><img decoding=\"async\" src=\"https:\/\/fgti-distribution.fr\/wp-content\/uploads\/2024\/01\/clip-pivotant-640x640.jpg\" alt=\"Os abra\u00e7adeiras girat\u00f3rias Araymond: uma modularidade \u00e0 prova de falhas!\" title=\"Os abra\u00e7adeiras girat\u00f3rias Araymond: uma modularidade \u00e0 prova de falhas!\" \"><\/a><\/div><div class=\"bt_bb_latest_posts_item_content\"><h5 class=\"bt_bb_latest_posts_item_title\"><a href=\"https:\/\/fgti-distribution.fr\/pt\/les-serre-cables-pivotants-araymond-une-modularite-a-toute-epreuve\/\" target=\"_self\">Os abra\u00e7adeiras girat\u00f3rias Araymond: uma modularidade \u00e0 prova de falhas!<\/a><\/h5><div class=\"bt_bb_latest_posts_item_excerpt\">&nbsp; A gama de clips girat\u00f3rios ARaymond\u2122 \u00e9 composta por pe\u00e7as macho e f\u00eamea que podem ser acopladas para criar fixa\u00e7\u00f5es personalizadas. Uma flexibilidade apreci\u00e1vel na fixa\u00e7\u00e3o de tubos, cabos e mazos el\u00e9tricos. Outras vantagens: \u2714 vasta gama de di\u00e2metros e configura\u00e7\u00f5es de design. \u2714 compat\u00edveis com suportes multidirecionais,...<\/div><\/div><\/div><div class=\"bt_bb_latest_posts_item\"><div class=\"bt_bb_latest_posts_item_image\"><a href=\"https:\/\/fgti-distribution.fr\/pt\/notre-partenaire-idg-demenage\/\" target=\"_self\"><img decoding=\"async\" src=\"https:\/\/fgti-distribution.fr\/wp-content\/uploads\/2023\/12\/Nouveau-batiment-IDG-640x427.jpg\" alt=\"O nosso parceiro IDG est\u00e1 em processo de mudan\u00e7a!\" title=\"O nosso parceiro IDG est\u00e1 em processo de mudan\u00e7a!\" \"><\/a><\/div><div class=\"bt_bb_latest_posts_item_content\"><h5 class=\"bt_bb_latest_posts_item_title\"><a href=\"https:\/\/fgti-distribution.fr\/pt\/notre-partenaire-idg-demenage\/\" target=\"_self\">O nosso parceiro IDG est\u00e1 em processo de mudan\u00e7a!<\/a><\/h5><div class=\"bt_bb_latest_posts_item_excerpt\">Para acompanhar o seu crescimento cont\u00ednuo, o nosso parceiro IDG ir\u00e1 mudar-se para um edif\u00edcio novo no final de 2023.<\/div><\/div><\/div><div class=\"bt_bb_latest_posts_item\"><div class=\"bt_bb_latest_posts_item_image\"><a href=\"https:\/\/fgti-distribution.fr\/pt\/clip-bord-de-tole\/\" target=\"_self\"><img decoding=\"async\" src=\"https:\/\/fgti-distribution.fr\/wp-content\/uploads\/2023\/02\/support-tube-clip-bord-tole.jpg\" alt=\"Prancheta de chapa\" title=\"Prancheta de chapa\" \"><\/a><\/div><div class=\"bt_bb_latest_posts_item_content\"><h5 class=\"bt_bb_latest_posts_item_title\"><a href=\"https:\/\/fgti-distribution.fr\/pt\/clip-bord-de-tole\/\" target=\"_self\">Prancheta de chapa<\/a><\/h5><div class=\"bt_bb_latest_posts_item_excerpt\">Encontre todas as fichas t\u00e9cnicas detalhadas dos modelos de suportes para tubos e clipes de borda de chapa met\u00e1lica ou pl\u00e1stica A Raymond.<\/div><\/div><\/div><div class=\"bt_bb_latest_posts_item\"><div class=\"bt_bb_latest_posts_item_image\"><a href=\"https:\/\/fgti-distribution.fr\/pt\/solutions-detancheite-innovantes-lindustrie-alimentaire\/\" target=\"_self\"><img decoding=\"async\" src=\"https:\/\/fgti-distribution.fr\/wp-content\/uploads\/2019\/07\/joints-etancheite-alimentaire-640x427.jpg\" alt=\"Solu\u00e7\u00f5es de impermeabiliza\u00e7\u00e3o inovadoras para a ind\u00fastria alimentar\" title=\"Solu\u00e7\u00f5es de impermeabiliza\u00e7\u00e3o inovadoras para a ind\u00fastria alimentar\" \"><\/a><\/div><div class=\"bt_bb_latest_posts_item_content\"><h5 class=\"bt_bb_latest_posts_item_title\"><a href=\"https:\/\/fgti-distribution.fr\/pt\/solutions-detancheite-innovantes-lindustrie-alimentaire\/\" target=\"_self\">Solu\u00e7\u00f5es de impermeabiliza\u00e7\u00e3o inovadoras para a ind\u00fastria alimentar<\/a><\/h5><div class=\"bt_bb_latest_posts_item_excerpt\">A sa\u00fade dos consumidores \u00e9 a prioridade na ind\u00fastria alimentar. \u00c9 por esta raz\u00e3o que os sistemas de veda\u00e7\u00e3o na produ\u00e7\u00e3o de alimentos t\u00eam de responder a requisitos muito espec\u00edficos...<\/div><\/div><\/div><div class=\"bt_bb_latest_posts_item\"><div class=\"bt_bb_latest_posts_item_image\"><a href=\"https:\/\/fgti-distribution.fr\/pt\/assembler-panneaux\/\" target=\"_self\"><img decoding=\"async\" src=\"https:\/\/fgti-distribution.fr\/wp-content\/uploads\/2017\/02\/ecrous-bord-de-tole.jpg\" alt=\"Avec les \u00e9crous en U \u00e0 pincer sur bords de t\u00f4les, assembler vos panneaux devient un jeu d&rsquo;enfants !\" title=\"Avec les \u00e9crous en U \u00e0 pincer sur bords de t\u00f4les, assembler vos panneaux devient un jeu d&rsquo;enfants !\" \"><\/a><\/div><div class=\"bt_bb_latest_posts_item_content\"><h5 class=\"bt_bb_latest_posts_item_title\"><a href=\"https:\/\/fgti-distribution.fr\/pt\/assembler-panneaux\/\" target=\"_self\">Com as porcas em U de aperto em bordas de chapas, montar os seus pain\u00e9is torna-se um jogo de crian\u00e7as!<\/a><\/h5><div class=\"bt_bb_latest_posts_item_excerpt\">As porcas em U de press\u00e3o para bordos de chapa da ARaymond\u2122, tamb\u00e9m conhecidas como Speed Nuts\u00ae, s\u00e3o autoblocantes e prontas a receber parafusos, para garantir uma montagem simples e r\u00e1pida dos seus pain\u00e9is com...<\/div><\/div><\/div><div class=\"bt_bb_latest_posts_item\"><div class=\"bt_bb_latest_posts_item_image\"><a href=\"https:\/\/fgti-distribution.fr\/pt\/agrafes-de-mise-a-la-masse\/\" target=\"_self\"><img decoding=\"async\" src=\"https:\/\/fgti-distribution.fr\/wp-content\/uploads\/2018\/05\/agrafes-mise-a-la-masse.jpg\" alt=\"Agrafes de liga\u00e7\u00e3o \u00e0 terra ARaymond\" title=\"Agrafes de liga\u00e7\u00e3o \u00e0 terra ARaymond\" \"><\/a><\/div><div class=\"bt_bb_latest_posts_item_content\"><h5 class=\"bt_bb_latest_posts_item_title\"><a href=\"https:\/\/fgti-distribution.fr\/pt\/agrafes-de-mise-a-la-masse\/\" target=\"_self\">Agrafes de liga\u00e7\u00e3o \u00e0 terra ARaymond<\/a><\/h5><div class=\"bt_bb_latest_posts_item_excerpt\">Com as bra\u00e7adeiras de liga\u00e7\u00e3o \u00e0 terra ARaymond, simplifique o processo de liga\u00e7\u00e3o \u00e0 terra de equipamentos el\u00e9tricos!<\/div><\/div><\/div><div class=\"bt_bb_latest_posts_item\"><div class=\"bt_bb_latest_posts_item_image\"><a href=\"https:\/\/fgti-distribution.fr\/pt\/solutions-vos-composants-de-production-pharmaceutique\/\" target=\"_self\"><img decoding=\"async\" src=\"https:\/\/fgti-distribution.fr\/wp-content\/uploads\/2019\/03\/joints-etancheite-industrie-pharmacie-640x427.jpg\" alt=\"Pour l&rsquo;industrie pharmaceutique\" title=\"Pour l&rsquo;industrie pharmaceutique\" \"><\/a><\/div><div class=\"bt_bb_latest_posts_item_content\"><h5 class=\"bt_bb_latest_posts_item_title\"><a href=\"https:\/\/fgti-distribution.fr\/pt\/solutions-vos-composants-de-production-pharmaceutique\/\" target=\"_self\">Para a ind\u00fastria farmac\u00eautica<\/a><\/h5><div class=\"bt_bb_latest_posts_item_excerpt\">Solu\u00e7\u00f5es para diversos componentes de produ\u00e7\u00e3o farmac\u00eautica!<\/div><\/div><\/div><div class=\"bt_bb_latest_posts_item\"><div class=\"bt_bb_latest_posts_item_image\"><a href=\"https:\/\/fgti-distribution.fr\/pt\/distributeur-composites-gts\/\" target=\"_self\"><img decoding=\"async\" src=\"https:\/\/fgti-distribution.fr\/wp-content\/uploads\/2018\/06\/composites-ptfe.jpg\" alt=\"Materiais Comp\u00f3sitos para Profissionais\" title=\"Materiais Comp\u00f3sitos para Profissionais\" \"><\/a><\/div><div class=\"bt_bb_latest_posts_item_content\"><h5 class=\"bt_bb_latest_posts_item_title\"><a href=\"https:\/\/fgti-distribution.fr\/pt\/distributeur-composites-gts\/\" target=\"_self\">Materiais Comp\u00f3sitos para Profissionais<\/a><\/h5><div class=\"bt_bb_latest_posts_item_excerpt\">A FGTI Distribution \u00e9 agora o distribuidor oficial das solu\u00e7\u00f5es GTS.<br \/><\/div><\/div><\/div><\/div><\/div><\/div><\/div><\/div><\/div><\/div><!-- cell_inner --><\/div><!-- cell --><\/div><!-- port --><\/section>","protected":false},"excerpt":{"rendered":"<p>Encontre aqui as nossas datas de participa\u00e7\u00e3o em feiras e os nossos artigos tem\u00e1ticos.<\/p>","protected":false},"author":1,"featured_media":6426,"parent":0,"menu_order":0,"comment_status":"closed","ping_status":"closed","template":"","meta":{"footnotes":""},"class_list":["post-39","page","type-page","status-publish","has-post-thumbnail","hentry"],"yoast_head":"<!-- This site is optimized with the Yoast SEO plugin v27.3 - https:\/\/yoast.com\/product\/yoast-seo-wordpress\/ -->\n<title>FGTI Distribution - Actualit\u00e9s<\/title>\n<meta name=\"description\" content=\"FGTI Distribution - Pi\u00e8ces techniques et services \u00e0 forte valeur ajout\u00e9e - D\u00e9couvrez nos dates de participation aux salons et nos articles th\u00e9matiques.\" \/>\n<meta name=\"robots\" content=\"index, follow, max-snippet:-1, max-image-preview:large, max-video-preview:-1\" \/>\n<link rel=\"canonical\" href=\"https:\/\/fgti-distribution.fr\/pt\/atos\/\" \/>\n<meta property=\"og:locale\" content=\"pt_PT\" \/>\n<meta property=\"og:type\" content=\"article\" \/>\n<meta property=\"og:title\" content=\"FGTI Distribution - Actualit\u00e9s\" \/>\n<meta property=\"og:description\" content=\"FGTI Distribution - Pi\u00e8ces techniques et services \u00e0 forte valeur ajout\u00e9e - D\u00e9couvrez nos dates de participation aux salons et nos articles th\u00e9matiques.\" \/>\n<meta property=\"og:url\" content=\"https:\/\/fgti-distribution.fr\/pt\/atos\/\" \/>\n<meta property=\"og:site_name\" content=\"FGTI Distribution\" \/>\n<meta property=\"article:modified_time\" content=\"2024-02-07T13:59:34+00:00\" \/>\n<meta property=\"og:image\" content=\"https:\/\/fgti-distribution.fr\/wp-content\/uploads\/2022\/12\/araymond1.jpg\" \/>\n\t<meta property=\"og:image:width\" content=\"1600\" \/>\n\t<meta property=\"og:image:height\" content=\"1477\" \/>\n\t<meta property=\"og:image:type\" content=\"image\/jpeg\" \/>\n<meta name=\"twitter:card\" content=\"summary_large_image\" \/>\n<meta name=\"twitter:label1\" content=\"Est. reading time\" \/>\n\t<meta name=\"twitter:data1\" content=\"1 minuto\" \/>\n<script type=\"application\/ld+json\" class=\"yoast-schema-graph\">{\"@context\":\"https:\\\/\\\/schema.org\",\"@graph\":[{\"@type\":\"WebPage\",\"@id\":\"https:\\\/\\\/fgti-distribution.fr\\\/actus\\\/\",\"url\":\"https:\\\/\\\/fgti-distribution.fr\\\/actus\\\/\",\"name\":\"FGTI Distribution - Actualit\u00e9s\",\"isPartOf\":{\"@id\":\"https:\\\/\\\/fgti-distribution.fr\\\/#website\"},\"primaryImageOfPage\":{\"@id\":\"https:\\\/\\\/fgti-distribution.fr\\\/actus\\\/#primaryimage\"},\"image\":{\"@id\":\"https:\\\/\\\/fgti-distribution.fr\\\/actus\\\/#primaryimage\"},\"thumbnailUrl\":\"https:\\\/\\\/fgti-distribution.fr\\\/wp-content\\\/uploads\\\/2022\\\/12\\\/araymond1.jpg\",\"datePublished\":\"2021-10-12T08:28:40+00:00\",\"dateModified\":\"2024-02-07T13:59:34+00:00\",\"description\":\"FGTI Distribution - Pi\u00e8ces techniques et services \u00e0 forte valeur ajout\u00e9e - D\u00e9couvrez nos dates de participation aux salons et nos articles th\u00e9matiques.\",\"breadcrumb\":{\"@id\":\"https:\\\/\\\/fgti-distribution.fr\\\/actus\\\/#breadcrumb\"},\"inLanguage\":\"pt-PT\",\"potentialAction\":[{\"@type\":\"ReadAction\",\"target\":[\"https:\\\/\\\/fgti-distribution.fr\\\/actus\\\/\"]}]},{\"@type\":\"ImageObject\",\"inLanguage\":\"pt-PT\",\"@id\":\"https:\\\/\\\/fgti-distribution.fr\\\/actus\\\/#primaryimage\",\"url\":\"https:\\\/\\\/fgti-distribution.fr\\\/wp-content\\\/uploads\\\/2022\\\/12\\\/araymond1.jpg\",\"contentUrl\":\"https:\\\/\\\/fgti-distribution.fr\\\/wp-content\\\/uploads\\\/2022\\\/12\\\/araymond1.jpg\",\"width\":1600,\"height\":1477,\"caption\":\"Fixation Araymond\"},{\"@type\":\"BreadcrumbList\",\"@id\":\"https:\\\/\\\/fgti-distribution.fr\\\/actus\\\/#breadcrumb\",\"itemListElement\":[{\"@type\":\"ListItem\",\"position\":1,\"name\":\"Home\",\"item\":\"https:\\\/\\\/fgti-distribution.fr\\\/\"},{\"@type\":\"ListItem\",\"position\":2,\"name\":\"Actualit\u00e9s\"}]},{\"@type\":\"WebSite\",\"@id\":\"https:\\\/\\\/fgti-distribution.fr\\\/#website\",\"url\":\"https:\\\/\\\/fgti-distribution.fr\\\/\",\"name\":\"FGTI Distribution\",\"description\":\"Pi\u00e8ces techniques et services \u00e0 forte valeur ajout\u00e9e\",\"publisher\":{\"@id\":\"https:\\\/\\\/fgti-distribution.fr\\\/#organization\"},\"alternateName\":\"FGTI Distribution\",\"potentialAction\":[{\"@type\":\"SearchAction\",\"target\":{\"@type\":\"EntryPoint\",\"urlTemplate\":\"https:\\\/\\\/fgti-distribution.fr\\\/?s={search_term_string}\"},\"query-input\":{\"@type\":\"PropertyValueSpecification\",\"valueRequired\":true,\"valueName\":\"search_term_string\"}}],\"inLanguage\":\"pt-PT\"},{\"@type\":\"Organization\",\"@id\":\"https:\\\/\\\/fgti-distribution.fr\\\/#organization\",\"name\":\"FGTI Distribution\",\"alternateName\":\"FGTI Distribution\",\"url\":\"https:\\\/\\\/fgti-distribution.fr\\\/\",\"logo\":{\"@type\":\"ImageObject\",\"inLanguage\":\"pt-PT\",\"@id\":\"https:\\\/\\\/fgti-distribution.fr\\\/#\\\/schema\\\/logo\\\/image\\\/\",\"url\":\"https:\\\/\\\/fgti-distribution.fr\\\/wp-content\\\/uploads\\\/2022\\\/12\\\/logo.png\",\"contentUrl\":\"https:\\\/\\\/fgti-distribution.fr\\\/wp-content\\\/uploads\\\/2022\\\/12\\\/logo.png\",\"width\":500,\"height\":228,\"caption\":\"FGTI Distribution\"},\"image\":{\"@id\":\"https:\\\/\\\/fgti-distribution.fr\\\/#\\\/schema\\\/logo\\\/image\\\/\"},\"sameAs\":[\"https:\\\/\\\/www.linkedin.com\\\/company\\\/fgti-distribution\\\/\"]}]}<\/script>\n<!-- \/ Yoast SEO plugin. -->","yoast_head_json":{"title":"FGTI Distribui\u00e7\u00e3o - Not\u00edcias","description":"FGTI Distribution - Pe\u00e7as t\u00e9cnicas e servi\u00e7os de alto valor acrescentado - Descubra as nossas datas de participa\u00e7\u00e3o em feiras e os nossos artigos tem\u00e1ticos.","robots":{"index":"index","follow":"follow","max-snippet":"max-snippet:-1","max-image-preview":"max-image-preview:large","max-video-preview":"max-video-preview:-1"},"canonical":"https:\/\/fgti-distribution.fr\/pt\/atos\/","og_locale":"pt_PT","og_type":"article","og_title":"FGTI Distribution - Actualit\u00e9s","og_description":"FGTI Distribution - Pi\u00e8ces techniques et services \u00e0 forte valeur ajout\u00e9e - D\u00e9couvrez nos dates de participation aux salons et nos articles th\u00e9matiques.","og_url":"https:\/\/fgti-distribution.fr\/pt\/atos\/","og_site_name":"FGTI Distribution","article_modified_time":"2024-02-07T13:59:34+00:00","og_image":[{"width":1600,"height":1477,"url":"https:\/\/fgti-distribution.fr\/wp-content\/uploads\/2022\/12\/araymond1.jpg","type":"image\/jpeg"}],"twitter_card":"summary_large_image","twitter_misc":{"Est. reading time":"1 minuto"},"schema":{"@context":"https:\/\/schema.org","@graph":[{"@type":"WebPage","@id":"https:\/\/fgti-distribution.fr\/actus\/","url":"https:\/\/fgti-distribution.fr\/actus\/","name":"FGTI Distribui\u00e7\u00e3o - Not\u00edcias","isPartOf":{"@id":"https:\/\/fgti-distribution.fr\/#website"},"primaryImageOfPage":{"@id":"https:\/\/fgti-distribution.fr\/actus\/#primaryimage"},"image":{"@id":"https:\/\/fgti-distribution.fr\/actus\/#primaryimage"},"thumbnailUrl":"https:\/\/fgti-distribution.fr\/wp-content\/uploads\/2022\/12\/araymond1.jpg","datePublished":"2021-10-12T08:28:40+00:00","dateModified":"2024-02-07T13:59:34+00:00","description":"FGTI Distribution - Pe\u00e7as t\u00e9cnicas e servi\u00e7os de alto valor acrescentado - Descubra as nossas datas de participa\u00e7\u00e3o em feiras e os nossos artigos tem\u00e1ticos.","breadcrumb":{"@id":"https:\/\/fgti-distribution.fr\/actus\/#breadcrumb"},"inLanguage":"pt-PT","potentialAction":[{"@type":"ReadAction","target":["https:\/\/fgti-distribution.fr\/actus\/"]}]},{"@type":"ImageObject","inLanguage":"pt-PT","@id":"https:\/\/fgti-distribution.fr\/actus\/#primaryimage","url":"https:\/\/fgti-distribution.fr\/wp-content\/uploads\/2022\/12\/araymond1.jpg","contentUrl":"https:\/\/fgti-distribution.fr\/wp-content\/uploads\/2022\/12\/araymond1.jpg","width":1600,"height":1477,"caption":"Fixation Araymond"},{"@type":"BreadcrumbList","@id":"https:\/\/fgti-distribution.fr\/actus\/#breadcrumb","itemListElement":[{"@type":"ListItem","position":1,"name":"Home","item":"https:\/\/fgti-distribution.fr\/"},{"@type":"ListItem","position":2,"name":"Actualit\u00e9s"}]},{"@type":"WebSite","@id":"https:\/\/fgti-distribution.fr\/#website","url":"https:\/\/fgti-distribution.fr\/","name":"Distribui\u00e7\u00e3o FGTI","description":"Pe\u00e7as t\u00e9cnicas e servi\u00e7os de elevado valor acrescentado","publisher":{"@id":"https:\/\/fgti-distribution.fr\/#organization"},"alternateName":"FGTI Distribution","potentialAction":[{"@type":"SearchAction","target":{"@type":"EntryPoint","urlTemplate":"https:\/\/fgti-distribution.fr\/?s={search_term_string}"},"query-input":{"@type":"PropertyValueSpecification","valueRequired":true,"valueName":"search_term_string"}}],"inLanguage":"pt-PT"},{"@type":"Organization","@id":"https:\/\/fgti-distribution.fr\/#organization","name":"Distribui\u00e7\u00e3o FGTI","alternateName":"FGTI Distribution","url":"https:\/\/fgti-distribution.fr\/","logo":{"@type":"ImageObject","inLanguage":"pt-PT","@id":"https:\/\/fgti-distribution.fr\/#\/schema\/logo\/image\/","url":"https:\/\/fgti-distribution.fr\/wp-content\/uploads\/2022\/12\/logo.png","contentUrl":"https:\/\/fgti-distribution.fr\/wp-content\/uploads\/2022\/12\/logo.png","width":500,"height":228,"caption":"FGTI Distribution"},"image":{"@id":"https:\/\/fgti-distribution.fr\/#\/schema\/logo\/image\/"},"sameAs":["https:\/\/www.linkedin.com\/company\/fgti-distribution\/"]}]}},"_links":{"self":[{"href":"https:\/\/fgti-distribution.fr\/pt\/wp-json\/wp\/v2\/pages\/39","targetHints":{"allow":["GET"]}}],"collection":[{"href":"https:\/\/fgti-distribution.fr\/pt\/wp-json\/wp\/v2\/pages"}],"about":[{"href":"https:\/\/fgti-distribution.fr\/pt\/wp-json\/wp\/v2\/types\/page"}],"author":[{"embeddable":true,"href":"https:\/\/fgti-distribution.fr\/pt\/wp-json\/wp\/v2\/users\/1"}],"replies":[{"embeddable":true,"href":"https:\/\/fgti-distribution.fr\/pt\/wp-json\/wp\/v2\/comments?post=39"}],"version-history":[{"count":22,"href":"https:\/\/fgti-distribution.fr\/pt\/wp-json\/wp\/v2\/pages\/39\/revisions"}],"predecessor-version":[{"id":9164,"href":"https:\/\/fgti-distribution.fr\/pt\/wp-json\/wp\/v2\/pages\/39\/revisions\/9164"}],"wp:featuredmedia":[{"embeddable":true,"href":"https:\/\/fgti-distribution.fr\/pt\/wp-json\/wp\/v2\/media\/6426"}],"wp:attachment":[{"href":"https:\/\/fgti-distribution.fr\/pt\/wp-json\/wp\/v2\/media?parent=39"}],"curies":[{"name":"wp","href":"https:\/\/api.w.org\/{rel}","templated":true}]}}