{"id":5186,"date":"2019-04-24T08:40:46","date_gmt":"2019-04-24T08:40:46","guid":{"rendered":"https:\/\/fgti-distribution.fr\/?page_id=5186"},"modified":"2024-04-30T07:53:16","modified_gmt":"2024-04-30T07:53:16","slug":"oferta-fgti-distribuicao-idg","status":"publish","type":"page","link":"https:\/\/fgti-distribution.fr\/pt\/joints-etancheite-idg\/offre-fgti-distribution-idg\/","title":{"rendered":"A Oferta FGTI Distribui\u00e7\u00e3o"},"content":{"rendered":"<section id=\"bt_bb_section69f4ddf81f41a\" class=\"bt_bb_section bt_bb_layout_boxed_1200\"  data-bt-override-class=\"null\"><div class=\"bt_bb_port\"><div class=\"bt_bb_cell\"><div class=\"bt_bb_cell_inner\"><div class=\"bt_bb_row\"  data-bt-override-class=\"{}\"><div class=\"bt_bb_row_holder\" ><div  class=\"bt_bb_column col-xxl-12 col-xl-12 col-xs-12 col-sm-12 col-md-12 col-lg-12 bt_bb_vertical_align_top bt_bb_align_left bt_bb_padding_normal\" style=\"; --column-width:12;\" data-width=\"12\" data-bt-override-class=\"{}\"><div class=\"bt_bb_column_content\"><div class=\"bt_bb_column_content_inner\"><div class=\"bt_bb_raw_content\"><div style=\"color: #BABABA; font-size: 12px; margin-bottom: 20px;\">FGTI-Distribution &gt; Juntas de veda\u00e7\u00e3o &gt; A oferta FGTI Distribution  <\/div>\n<h2 style=\"font-size: 22px; vertical-align: top; font-weight: bold; border-bottom: 1px solid #58B6FE; border-top-color: white; padding-bottom: 10px; margin-bottom: 20px;\">Juntas de estanquidade: a oferta FGTI Distribution<\/h2>\n<span style=\"font-size: 20px; text-transform: uppercase;\">Dom\u00ednios de aplica\u00e7\u00e3o<\/span>\n<div style=\"margin: 15px 15px 15px;\">\n<h3 style=\"text-transform: none; font-weight: bold; font-size: 16px;\"><i class=\"far fa-hand-point-right\" style=\"font-size: 20px; vertical-align: text-top;\"><\/i> Sistemas de veda\u00e7\u00e3o para a ind\u00fastria, mec\u00e2nica e automa\u00e7\u00e3o (por ex. m\u00e1quina-ferramenta, cilindro, hidr\u00e1ulica, pneum\u00e1tica)<\/h3>\nA IDG-Dichtungstechnik prop\u00f5e uma vasta gama de elementos de veda\u00e7\u00e3o e sistemas de estanquidade est\u00e1tica ou din\u00e2mica (rota\u00e7\u00e3o ou transla\u00e7\u00e3o) de alta qualidade. Para responder \u00e0s exig\u00eancias dos construtores de m\u00e1quinas, todos os produtos IDG est\u00e3o em constante evolu\u00e7\u00e3o. Adapta\u00e7\u00f5es dos perfis e das mat\u00e9rias permitem superar os desafios.\n<\/div>\n<img loading=\"lazy\" decoding=\"async\" src=\"https:\/\/fgti-distribution.fr\/wp-content\/uploads\/2019\/04\/fgti-distribution-joints-etancheite-idg.jpg\" width=\"880\" height=\"200\" srcset=\"https:\/\/fgti-distribution.fr\/wp-content\/uploads\/2019\/04\/fgti-distribution-joints-etancheite-idg.jpg 880w, https:\/\/fgti-distribution.fr\/wp-content\/uploads\/2019\/04\/fgti-distribution-joints-etancheite-idg-300x68.jpg 300w, https:\/\/fgti-distribution.fr\/wp-content\/uploads\/2019\/04\/fgti-distribution-joints-etancheite-idg-768x175.jpg 768w\" sizes=\"auto, (max-width: 880px) 100vw, 880px\" alt=\"Juntas de estanquidade FGTI IDG\" class=\"so-widget-image\">\n<div style=\"margin: 15px 15px 0;\">\n<h3 style=\"text-transform: none; font-weight: bold; font-size: 16px;\"><i class=\"far fa-hand-point-right\" style=\"font-size: 20px; vertical-align: text-top;\"><\/i> Sistemas de estanqueidade para a ind\u00fastria alimentar (por ex. casquilho de guiamento, pist\u00e3o de dosagem monobloco ass\u00e9ptico (inventado pela IDG))<\/h3>\nNa ind\u00fastria alimentar, as juntas est\u00e3o sujeitas ao cumprimento de normas de higiene cada vez mais rigorosas. Gra\u00e7as \u00e0 parceria com os fabricantes de m\u00e1quinas de dosagem, a IDG desenvolve solu\u00e7\u00f5es de veda\u00e7\u00e3o inovadoras, garantindo assim as condi\u00e7\u00f5es ideais de limpeza em conformidade com os regulamentos e normas em vigor.\n<\/div>\n<img decoding=\"async\" src=\"https:\/\/fgti-distribution.fr\/wp-content\/uploads\/2019\/04\/fgti-distribution-joints-etancheite-industrie-1.jpg\" width=\"880\" height=\"200\" srcset=\"https:\/\/fgti-distribution.fr\/wp-content\/uploads\/2019\/04\/fgti-distribution-joints-etancheite-industrie-1.jpg 880w, https:\/\/fgti-distribution.fr\/wp-content\/uploads\/2019\/04\/fgti-distribution-joints-etancheite-industrie-1-300x68.jpg 300w, https:\/\/fgti-distribution.fr\/wp-content\/uploads\/2019\/04\/fgti-distribution-joints-etancheite-industrie-1-768x175.jpg 768w\" sizes=\"auto, (max-width: 880px) 100vw, 880px\" alt=\"Juntas de veda\u00e7\u00e3o para distribui\u00e7\u00e3o FGTI ind\u00fastria\" loading=\"lazy\" class=\"so-widget-image\">\n<div style=\"margin: 15px 15px 0;\">\n<h3 style=\"text-transform: none; font-weight: bold; font-size: 16px;\"><i class=\"far fa-hand-point-right\" style=\"font-size: 20px; vertical-align: text-top;\"><\/i> Sistemas de estanquidade para a ind\u00fastria hidroel\u00e9trica (por ex. comportas, an\u00e9is deslizantes, p\u00e1s Kaplan, injetores Pelton) <\/h3>\nAs juntas e sistemas de estanquidade IDG desenvolvidos para centrais h\u00eddricas respondem a requisitos muito particulares de abras\u00e3o, press\u00e3o, cavita\u00e7\u00e3o, excentricidade... etc.\n<\/div>\n<img decoding=\"async\" src=\"https:\/\/fgti-distribution.fr\/wp-content\/uploads\/2019\/04\/fgti-distribution-joints-etancheite-industrie-electrique.jpg\" width=\"880\" height=\"200\" srcset=\"https:\/\/fgti-distribution.fr\/wp-content\/uploads\/2019\/04\/fgti-distribution-joints-etancheite-industrie-electrique.jpg 880w, https:\/\/fgti-distribution.fr\/wp-content\/uploads\/2019\/04\/fgti-distribution-joints-etancheite-industrie-electrique-300x68.jpg 300w, https:\/\/fgti-distribution.fr\/wp-content\/uploads\/2019\/04\/fgti-distribution-joints-etancheite-industrie-electrique-768x175.jpg 768w\" sizes=\"auto, (max-width: 880px) 100vw, 880px\" alt=\"Juntas de Estanquidade FGTI Distribui\u00e7\u00e3o ind\u00fastria el\u00e9trica\" loading=\"lazy\" class=\"so-widget-image\">\n<div style=\"margin: 15px 15px 35px;\">\n<h3 style=\"text-transform: none; font-weight: bold; font-size: 16px;\"><i class=\"far fa-hand-point-right\" style=\"font-size: 20px; vertical-align: text-top;\"><\/i> Sistemas de veda\u00e7\u00e3o para a ind\u00fastria papeleira (por ex. retentores de rolamentos)<\/h3>\n<\/div>\n<span style=\"font-size: 20px; text-transform: uppercase; line-height: 40px;\">Materiais e fabrico<\/span>\n<ul>\n<li class=\"tiret\">Bases em PTFE, Poliuretanos \u2013 pr\u00e9-tens\u00e3o por elast\u00f3meros<\/li>\n<li class=\"tiret\">Fabrico \u00ab\u00e0 medida\u00bb a partir de blocos usinados (sem moldes) da pe\u00e7a unit\u00e1ria \u00e0 pequena s\u00e9rie<\/li>\n<li class=\"tiret\">\u00d8 3 a 3000 mm por maquina\u00e7\u00e3o, di\u00e2metros maiores por soldadura<\/li>\n<li class=\"tiret\">Certifica\u00e7\u00f5es CE, FDA e 3A para mat\u00e9rias e produtos desenvolvidos na ind\u00fastria alimentar.<\/li>\n<li class=\"tiret\">Certifica\u00e7\u00e3o ISO 9001<\/li>\n<\/ul>\n\n<span style=\"font-size: 20px; text-transform: uppercase; line-height: 40px;\">Elevadas presta\u00e7\u00f5es em ambientes extremos<\/span>\n<ul>\n<li class=\"tiret\">Grandes e muito grandes \u00d8<\/li>\n<li class=\"tiret\">Ambientes agressivos: produtos qu\u00edmicos, \u00e1gua carregada de areia, lodo, calc\u00e1rio..<\/li>\n<li class=\"tiret\">Temperaturas muito elevadas<\/li>\n<li class=\"tiret\">Press\u00f5es muito elevadas<\/li>\n<li class=\"tiret\">Funcionamento a seco<\/li>\n<li class=\"tiret\">Jogos importantes de excentricidade<\/li>\n<\/ul>\n\n<span style=\"font-size: 20px; text-transform: uppercase; line-height: 40px;\">Vantagens <\/span>\n<ul>\n<li class=\"tiret\">Padr\u00e3o ou fabrico integral \u00e0 medida para responder ao ambiente: adaptabilidade pelo material e pelo perfil da junta \u00e0s dimens\u00f5es do alojamento e \u00e0s condi\u00e7\u00f5es de servi\u00e7o<\/li>\n<li class=\"tiret\">Vida \u00fatil prolongada, intervalos de manuten\u00e7\u00e3o maiores, menos paragens de opera\u00e7\u00e3o - Resist\u00eancia qu\u00edmica e t\u00e9rmica reconhecida, coeficiente de atrito extremamente baixo <\/li>\n<li class=\"tiret\">Material usinado, elevada precis\u00e3o de fabrico, sem custos de molde<\/li>\n<li class=\"tiret\">Impermeabilidade, longevidade, fiabilidade, adaptabilidade, economia<\/li>\n<\/ul>\n\n<span style=\"font-size: 20px; text-transform: uppercase; line-height: 40px;\">Tipos de produtos:<\/span>\n\n<table  style=\"border: none;\">\n<tr  style=\"border: none;\">\n<td style=\"width:140px; border: none;\">\nJunta de veda\u00e7\u00e3o<br \/>\n- Junta rotativa<br \/>\n- Junta de transla\u00e7\u00e3o\n<\/td>\n<td style=\"width:140px; border: none;\">\n- Articula\u00e7\u00e3o est\u00e1tica<br \/>\n- Junta de haste<br \/>\n- Vedante de pist\u00e3o\n<\/td>\n<td style=\"width:140px; border: none;\">\n- Juntas de cilindro<br \/>\n- Junta de p\u00e1<br \/>\n- Junta do injector\n<\/td>\n<\/tr>\n<\/table><\/div><\/div><\/div><\/div><\/div><\/div><\/div><!-- cell_inner --><\/div><!-- cell --><\/div><!-- port --><\/section>","protected":false},"excerpt":{"rendered":"","protected":false},"author":1,"featured_media":7136,"parent":5052,"menu_order":0,"comment_status":"closed","ping_status":"closed","template":"","meta":{"footnotes":""},"class_list":["post-5186","page","type-page","status-publish","has-post-thumbnail","hentry"],"yoast_head":"<!-- This site is optimized with the Yoast SEO plugin v27.3 - https:\/\/yoast.com\/product\/yoast-seo-wordpress\/ -->\n<title>Joints d\u2019\u00e9tanch\u00e9it\u00e9 pour les professionnels : l&#039;offre FGTI Distribution<\/title>\n<meta name=\"description\" content=\"Joints d&#039;\u00e9tanch\u00e9it\u00e9 &gt; L&#039;offre FGTI Distribution. D\u00e9couvrez toutes les solutions de joints d&#039;\u00e9tanch\u00e9it\u00e9 : www.fgti-distribution.fr\" \/>\n<meta name=\"robots\" content=\"index, follow, max-snippet:-1, max-image-preview:large, max-video-preview:-1\" \/>\n<link rel=\"canonical\" href=\"https:\/\/fgti-distribution.fr\/pt\/juntas-de-estanquidade-idg\/oferta-fgti-distribuicao-idg\/\" \/>\n<meta property=\"og:locale\" content=\"pt_PT\" \/>\n<meta property=\"og:type\" content=\"article\" \/>\n<meta property=\"og:title\" content=\"Joints d\u2019\u00e9tanch\u00e9it\u00e9 pour les professionnels : l&#039;offre FGTI Distribution\" \/>\n<meta property=\"og:description\" content=\"Joints d&#039;\u00e9tanch\u00e9it\u00e9 &gt; L&#039;offre FGTI Distribution. D\u00e9couvrez toutes les solutions de joints d&#039;\u00e9tanch\u00e9it\u00e9 : www.fgti-distribution.fr\" \/>\n<meta property=\"og:url\" content=\"https:\/\/fgti-distribution.fr\/pt\/juntas-de-estanquidade-idg\/oferta-fgti-distribuicao-idg\/\" \/>\n<meta property=\"og:site_name\" content=\"FGTI Distribution\" \/>\n<meta property=\"article:modified_time\" content=\"2024-04-30T07:53:16+00:00\" \/>\n<meta property=\"og:image\" content=\"https:\/\/fgti-distribution.fr\/wp-content\/uploads\/2023\/02\/fgti-distrribution-offre-idg.jpg\" \/>\n\t<meta property=\"og:image:width\" content=\"1600\" \/>\n\t<meta property=\"og:image:height\" content=\"430\" \/>\n\t<meta property=\"og:image:type\" content=\"image\/jpeg\" \/>\n<meta name=\"twitter:card\" content=\"summary_large_image\" \/>\n<meta name=\"twitter:label1\" content=\"Est. reading time\" \/>\n\t<meta name=\"twitter:data1\" content=\"1 minuto\" \/>\n<script type=\"application\/ld+json\" class=\"yoast-schema-graph\">{\"@context\":\"https:\\\/\\\/schema.org\",\"@graph\":[{\"@type\":\"WebPage\",\"@id\":\"https:\\\/\\\/fgti-distribution.fr\\\/joints-etancheite-idg\\\/offre-fgti-distribution-idg\\\/\",\"url\":\"https:\\\/\\\/fgti-distribution.fr\\\/joints-etancheite-idg\\\/offre-fgti-distribution-idg\\\/\",\"name\":\"Joints d\u2019\u00e9tanch\u00e9it\u00e9 pour les professionnels : l'offre FGTI Distribution\",\"isPartOf\":{\"@id\":\"https:\\\/\\\/fgti-distribution.fr\\\/#website\"},\"primaryImageOfPage\":{\"@id\":\"https:\\\/\\\/fgti-distribution.fr\\\/joints-etancheite-idg\\\/offre-fgti-distribution-idg\\\/#primaryimage\"},\"image\":{\"@id\":\"https:\\\/\\\/fgti-distribution.fr\\\/joints-etancheite-idg\\\/offre-fgti-distribution-idg\\\/#primaryimage\"},\"thumbnailUrl\":\"https:\\\/\\\/fgti-distribution.fr\\\/wp-content\\\/uploads\\\/2023\\\/02\\\/fgti-distrribution-offre-idg.jpg\",\"datePublished\":\"2019-04-24T08:40:46+00:00\",\"dateModified\":\"2024-04-30T07:53:16+00:00\",\"description\":\"Joints d'\u00e9tanch\u00e9it\u00e9 > L'offre FGTI Distribution. D\u00e9couvrez toutes les solutions de joints d'\u00e9tanch\u00e9it\u00e9 : www.fgti-distribution.fr\",\"breadcrumb\":{\"@id\":\"https:\\\/\\\/fgti-distribution.fr\\\/joints-etancheite-idg\\\/offre-fgti-distribution-idg\\\/#breadcrumb\"},\"inLanguage\":\"pt-PT\",\"potentialAction\":[{\"@type\":\"ReadAction\",\"target\":[\"https:\\\/\\\/fgti-distribution.fr\\\/joints-etancheite-idg\\\/offre-fgti-distribution-idg\\\/\"]}]},{\"@type\":\"ImageObject\",\"inLanguage\":\"pt-PT\",\"@id\":\"https:\\\/\\\/fgti-distribution.fr\\\/joints-etancheite-idg\\\/offre-fgti-distribution-idg\\\/#primaryimage\",\"url\":\"https:\\\/\\\/fgti-distribution.fr\\\/wp-content\\\/uploads\\\/2023\\\/02\\\/fgti-distrribution-offre-idg.jpg\",\"contentUrl\":\"https:\\\/\\\/fgti-distribution.fr\\\/wp-content\\\/uploads\\\/2023\\\/02\\\/fgti-distrribution-offre-idg.jpg\",\"width\":1600,\"height\":430,\"caption\":\"fgti distrribution offre idg\"},{\"@type\":\"BreadcrumbList\",\"@id\":\"https:\\\/\\\/fgti-distribution.fr\\\/joints-etancheite-idg\\\/offre-fgti-distribution-idg\\\/#breadcrumb\",\"itemListElement\":[{\"@type\":\"ListItem\",\"position\":1,\"name\":\"Home\",\"item\":\"https:\\\/\\\/fgti-distribution.fr\\\/\"},{\"@type\":\"ListItem\",\"position\":2,\"name\":\"Joints d&rsquo;\u00e9tanch\u00e9it\u00e9 IDG\",\"item\":\"https:\\\/\\\/fgti-distribution.fr\\\/joints-etancheite-idg\\\/\"},{\"@type\":\"ListItem\",\"position\":3,\"name\":\"L&rsquo;offre FGTI Distribution\"}]},{\"@type\":\"WebSite\",\"@id\":\"https:\\\/\\\/fgti-distribution.fr\\\/#website\",\"url\":\"https:\\\/\\\/fgti-distribution.fr\\\/\",\"name\":\"FGTI Distribution\",\"description\":\"Pi\u00e8ces techniques et services \u00e0 forte valeur ajout\u00e9e\",\"publisher\":{\"@id\":\"https:\\\/\\\/fgti-distribution.fr\\\/#organization\"},\"alternateName\":\"FGTI Distribution\",\"potentialAction\":[{\"@type\":\"SearchAction\",\"target\":{\"@type\":\"EntryPoint\",\"urlTemplate\":\"https:\\\/\\\/fgti-distribution.fr\\\/?s={search_term_string}\"},\"query-input\":{\"@type\":\"PropertyValueSpecification\",\"valueRequired\":true,\"valueName\":\"search_term_string\"}}],\"inLanguage\":\"pt-PT\"},{\"@type\":\"Organization\",\"@id\":\"https:\\\/\\\/fgti-distribution.fr\\\/#organization\",\"name\":\"FGTI Distribution\",\"alternateName\":\"FGTI Distribution\",\"url\":\"https:\\\/\\\/fgti-distribution.fr\\\/\",\"logo\":{\"@type\":\"ImageObject\",\"inLanguage\":\"pt-PT\",\"@id\":\"https:\\\/\\\/fgti-distribution.fr\\\/#\\\/schema\\\/logo\\\/image\\\/\",\"url\":\"https:\\\/\\\/fgti-distribution.fr\\\/wp-content\\\/uploads\\\/2022\\\/12\\\/logo.png\",\"contentUrl\":\"https:\\\/\\\/fgti-distribution.fr\\\/wp-content\\\/uploads\\\/2022\\\/12\\\/logo.png\",\"width\":500,\"height\":228,\"caption\":\"FGTI Distribution\"},\"image\":{\"@id\":\"https:\\\/\\\/fgti-distribution.fr\\\/#\\\/schema\\\/logo\\\/image\\\/\"},\"sameAs\":[\"https:\\\/\\\/www.linkedin.com\\\/company\\\/fgti-distribution\\\/\"]}]}<\/script>\n<!-- \/ Yoast SEO plugin. -->","yoast_head_json":{"title":"Juntas de estanquidade para profissionais: a oferta FGTI Distribution","description":"Juntas de veda\u00e7\u00e3o &gt; A oferta FGTI Distribution. Descubra todas as solu\u00e7\u00f5es de juntas de veda\u00e7\u00e3o: www.fgti-distribution.fr","robots":{"index":"index","follow":"follow","max-snippet":"max-snippet:-1","max-image-preview":"max-image-preview:large","max-video-preview":"max-video-preview:-1"},"canonical":"https:\/\/fgti-distribution.fr\/pt\/juntas-de-estanquidade-idg\/oferta-fgti-distribuicao-idg\/","og_locale":"pt_PT","og_type":"article","og_title":"Joints d\u2019\u00e9tanch\u00e9it\u00e9 pour les professionnels : l'offre FGTI Distribution","og_description":"Joints d'\u00e9tanch\u00e9it\u00e9 > L'offre FGTI Distribution. D\u00e9couvrez toutes les solutions de joints d'\u00e9tanch\u00e9it\u00e9 : www.fgti-distribution.fr","og_url":"https:\/\/fgti-distribution.fr\/pt\/juntas-de-estanquidade-idg\/oferta-fgti-distribuicao-idg\/","og_site_name":"FGTI Distribution","article_modified_time":"2024-04-30T07:53:16+00:00","og_image":[{"width":1600,"height":430,"url":"https:\/\/fgti-distribution.fr\/wp-content\/uploads\/2023\/02\/fgti-distrribution-offre-idg.jpg","type":"image\/jpeg"}],"twitter_card":"summary_large_image","twitter_misc":{"Est. reading time":"1 minuto"},"schema":{"@context":"https:\/\/schema.org","@graph":[{"@type":"WebPage","@id":"https:\/\/fgti-distribution.fr\/joints-etancheite-idg\/offre-fgti-distribution-idg\/","url":"https:\/\/fgti-distribution.fr\/joints-etancheite-idg\/offre-fgti-distribution-idg\/","name":"Juntas de estanquidade para profissionais: a oferta FGTI Distribution","isPartOf":{"@id":"https:\/\/fgti-distribution.fr\/#website"},"primaryImageOfPage":{"@id":"https:\/\/fgti-distribution.fr\/joints-etancheite-idg\/offre-fgti-distribution-idg\/#primaryimage"},"image":{"@id":"https:\/\/fgti-distribution.fr\/joints-etancheite-idg\/offre-fgti-distribution-idg\/#primaryimage"},"thumbnailUrl":"https:\/\/fgti-distribution.fr\/wp-content\/uploads\/2023\/02\/fgti-distrribution-offre-idg.jpg","datePublished":"2019-04-24T08:40:46+00:00","dateModified":"2024-04-30T07:53:16+00:00","description":"Juntas de veda\u00e7\u00e3o &gt; A oferta FGTI Distribution. Descubra todas as solu\u00e7\u00f5es de juntas de veda\u00e7\u00e3o: www.fgti-distribution.fr","breadcrumb":{"@id":"https:\/\/fgti-distribution.fr\/joints-etancheite-idg\/offre-fgti-distribution-idg\/#breadcrumb"},"inLanguage":"pt-PT","potentialAction":[{"@type":"ReadAction","target":["https:\/\/fgti-distribution.fr\/joints-etancheite-idg\/offre-fgti-distribution-idg\/"]}]},{"@type":"ImageObject","inLanguage":"pt-PT","@id":"https:\/\/fgti-distribution.fr\/joints-etancheite-idg\/offre-fgti-distribution-idg\/#primaryimage","url":"https:\/\/fgti-distribution.fr\/wp-content\/uploads\/2023\/02\/fgti-distrribution-offre-idg.jpg","contentUrl":"https:\/\/fgti-distribution.fr\/wp-content\/uploads\/2023\/02\/fgti-distrribution-offre-idg.jpg","width":1600,"height":430,"caption":"fgti distrribution offre idg"},{"@type":"BreadcrumbList","@id":"https:\/\/fgti-distribution.fr\/joints-etancheite-idg\/offre-fgti-distribution-idg\/#breadcrumb","itemListElement":[{"@type":"ListItem","position":1,"name":"Home","item":"https:\/\/fgti-distribution.fr\/"},{"@type":"ListItem","position":2,"name":"Joints d&rsquo;\u00e9tanch\u00e9it\u00e9 IDG","item":"https:\/\/fgti-distribution.fr\/joints-etancheite-idg\/"},{"@type":"ListItem","position":3,"name":"L&rsquo;offre FGTI Distribution"}]},{"@type":"WebSite","@id":"https:\/\/fgti-distribution.fr\/#website","url":"https:\/\/fgti-distribution.fr\/","name":"Distribui\u00e7\u00e3o FGTI","description":"Pe\u00e7as t\u00e9cnicas e servi\u00e7os de elevado valor acrescentado","publisher":{"@id":"https:\/\/fgti-distribution.fr\/#organization"},"alternateName":"FGTI Distribution","potentialAction":[{"@type":"SearchAction","target":{"@type":"EntryPoint","urlTemplate":"https:\/\/fgti-distribution.fr\/?s={search_term_string}"},"query-input":{"@type":"PropertyValueSpecification","valueRequired":true,"valueName":"search_term_string"}}],"inLanguage":"pt-PT"},{"@type":"Organization","@id":"https:\/\/fgti-distribution.fr\/#organization","name":"Distribui\u00e7\u00e3o FGTI","alternateName":"FGTI Distribution","url":"https:\/\/fgti-distribution.fr\/","logo":{"@type":"ImageObject","inLanguage":"pt-PT","@id":"https:\/\/fgti-distribution.fr\/#\/schema\/logo\/image\/","url":"https:\/\/fgti-distribution.fr\/wp-content\/uploads\/2022\/12\/logo.png","contentUrl":"https:\/\/fgti-distribution.fr\/wp-content\/uploads\/2022\/12\/logo.png","width":500,"height":228,"caption":"FGTI Distribution"},"image":{"@id":"https:\/\/fgti-distribution.fr\/#\/schema\/logo\/image\/"},"sameAs":["https:\/\/www.linkedin.com\/company\/fgti-distribution\/"]}]}},"_links":{"self":[{"href":"https:\/\/fgti-distribution.fr\/pt\/wp-json\/wp\/v2\/pages\/5186","targetHints":{"allow":["GET"]}}],"collection":[{"href":"https:\/\/fgti-distribution.fr\/pt\/wp-json\/wp\/v2\/pages"}],"about":[{"href":"https:\/\/fgti-distribution.fr\/pt\/wp-json\/wp\/v2\/types\/page"}],"author":[{"embeddable":true,"href":"https:\/\/fgti-distribution.fr\/pt\/wp-json\/wp\/v2\/users\/1"}],"replies":[{"embeddable":true,"href":"https:\/\/fgti-distribution.fr\/pt\/wp-json\/wp\/v2\/comments?post=5186"}],"version-history":[{"count":50,"href":"https:\/\/fgti-distribution.fr\/pt\/wp-json\/wp\/v2\/pages\/5186\/revisions"}],"predecessor-version":[{"id":9437,"href":"https:\/\/fgti-distribution.fr\/pt\/wp-json\/wp\/v2\/pages\/5186\/revisions\/9437"}],"up":[{"embeddable":true,"href":"https:\/\/fgti-distribution.fr\/pt\/wp-json\/wp\/v2\/pages\/5052"}],"wp:featuredmedia":[{"embeddable":true,"href":"https:\/\/fgti-distribution.fr\/pt\/wp-json\/wp\/v2\/media\/7136"}],"wp:attachment":[{"href":"https:\/\/fgti-distribution.fr\/pt\/wp-json\/wp\/v2\/media?parent=5186"}],"curies":[{"name":"wp","href":"https:\/\/api.w.org\/{rel}","templated":true}]}}