{"id":5270,"date":"2019-04-25T12:10:45","date_gmt":"2019-04-25T12:10:45","guid":{"rendered":"https:\/\/fgti-distribution.fr\/?page_id=5270"},"modified":"2026-04-10T12:13:22","modified_gmt":"2026-04-10T12:13:22","slug":"pistoes-de-doseamento","status":"publish","type":"page","link":"https:\/\/fgti-distribution.fr\/pt\/joints-etancheite-idg\/gamme-specifique-industrie-alimentaire\/pistons-de-dosage\/","title":{"rendered":"Pist\u00f5es de doseamento"},"content":{"rendered":"<section id=\"bt_bb_section69f4de37154cc\" class=\"bt_bb_section bt_bb_layout_boxed_1200\"  data-bt-override-class=\"null\"><div class=\"bt_bb_port\"><div class=\"bt_bb_cell\"><div class=\"bt_bb_cell_inner\"><div class=\"bt_bb_row\"  data-bt-override-class=\"{}\"><div class=\"bt_bb_row_holder\" ><div  class=\"bt_bb_column col-xxl-12 col-xl-12 col-xs-12 col-sm-12 col-md-12 col-lg-12 bt_bb_vertical_align_top bt_bb_align_left bt_bb_padding_normal\" style=\"; --column-width:12;\" data-width=\"12\" data-bt-override-class=\"{}\"><div class=\"bt_bb_column_content\"><div class=\"bt_bb_column_content_inner\"><div class=\"bt_bb_raw_content\"><table>\n\t<tbody><tr>\n\t\t<td style=\"width: 90%; color: #BABABA; font-size: 12px; border: 0 none;\">\n\t\t\tFGTI-Distribution &gt; Juntas de Veda\u00e7\u00e3o &gt; Cat\u00e1logo &gt; Gama espec\u00edfica para a ind\u00fastria alimentar &gt; Pist\u00f5es de dosagem\n\t\t<\/td>\n\t\t<td style=\"text-align: right; padding: 0; border: 0 none;\">\n\t\t\t<a href=\"https:\/\/fgti-distribution.fr\/fiches_techniques\/IDG-FGTI-Piston-de-dosage.pdf\" target=\"_blank\" rel=\"noopener\">\n\t\t\t\t<img decoding=\"async\" src=\"https:\/\/fgti-distribution.fr\/wp-content\/img\/images\/pdficon_large.png\">\n\t\t\t<\/a>\n\t\t<\/td>\n\t<\/tr>\n<\/tbody><\/table>\n<br><br>\n<h1>Pist\u00e3o de dosagem AS MANOY\u00ae com sistema de veda\u00e7\u00e3o integrado<\/h1>\n\nGra\u00e7as \u00e0 sua parede exterior lisa e fechada, o pist\u00e3o de dosagem MANOY\u00ae AS cumpre os crit\u00e9rios de higiene.\n<br>\nEspecialmente concebido e adaptado a uma vasta gama de aplica\u00e7\u00f5es na ind\u00fastria alimentar, o pist\u00e3o de dosagem MANOY\u00ae AS tem provado o seu valor h\u00e1 v\u00e1rias d\u00e9cadas.\n<br>\nComo o seu princ\u00edpio de funcionamento n\u00e3o est\u00e1 ligado a uma forma espec\u00edfica, o \u00eambolo pode ser adaptado a cada cliente em fun\u00e7\u00e3o das especificidades de cada doseador.\n<br>\n\n<img loading=\"lazy\" decoding=\"async\" src=\"https:\/\/fgti-distribution.fr\/wp-content\/uploads\/2019\/05\/piston-de-dosage.jpg\" width=\"374\" height=\"200\" srcset=\"https:\/\/fgti-distribution.fr\/wp-content\/uploads\/2019\/05\/piston-de-dosage.jpg 374w, https:\/\/fgti-distribution.fr\/wp-content\/uploads\/2019\/05\/piston-de-dosage-144x77.jpg 144w\" sizes=\"auto, (max-width: 374px) 100vw, 374px\" alt=\"Pist\u00e3o de dosagem\" class=\"so-widget-image\">\n\t\n<span style=\"font-weight: bold; line-height: 35px;\">Aplica\u00e7\u00f5es e caracter\u00edsticas<\/span><br>\n<ul style=\"padding-left: 30px;\">\n<li class=\"tiret\">Pist\u00e3o dosador para produtos alimentares l\u00edquidos e pastosos<\/li>\n<li class=\"tiret\">Todas as fun\u00e7\u00f5es \u2013 bombeamento\/descarga, raspagem e veda\u00e7\u00e3o \u2013 agrupadas numa \u00fanica pe\u00e7a<\/li>\n<li class=\"tiret\">A estanquidade integrada permite uma superf\u00edcie completamente lisa e fechada<\/li>\n<li class=\"tiret\">Ampla gama de produtos e temperaturas<\/li>\n<li class=\"tiret\">A mat\u00e9ria \u00e0 base de PTFE para SIP (Esteriliza\u00e7\u00e3o no local), n\u00e3o \u00e9 adequada para a dosagem de produtos muito abrasivos<\/li>\n<li class=\"tiret\">O material H13 para CIP (Limpeza em Local), alta resist\u00eancia \u00e0 abras\u00e3o mas com limite de temperatura a 80\u00b0C<\/li>\n<li class=\"tiret\">Baixo atrito para todos os materiais<\/li>\n<li class=\"tiret\">Faixa de di\u00e2metro de 12 mm a 70 mm (di\u00e2metros maiores sob consulta)<\/li>\n<\/ul>\n<br>\n<span style=\"font-weight: bold; line-height: 35px;\">Conce\u00e7\u00e3o de habita\u00e7\u00e3o adaptada a limpeza automatizada<\/span><br>\nPara o ciclo de limpeza CIP (Cleaning in Place) ou esteriliza\u00e7\u00e3o SIP (Sterilization in Place), introduza o \u00eambolo dosador MANOY\u00ae AS na sua c\u00e2mara de limpeza. Esta dever\u00e1 ser dimensionada para permitir que o \u00eambolo dosador MANOY\u00ae AS se expanda sem pr\u00e9-esfor\u00e7o durante as subidas de temperatura do ciclo de limpeza (+80 \u00b0C em CIP e +140 \u00b0C em SIP). Ap\u00f3s a limpeza, reintroduza o \u00eambolo dosador MANOY\u00ae AS na c\u00e2mara de dosagem a uma temperatura pr\u00f3xima da temperatura de funcionamento (aproximadamente +20 \u00b0C). N\u00e3o exceder os +80 \u00b0C.\n<br \/><br \/>\nUm chanfro de entrada de 10\u00b0 m\u00e1ximo \u00e9 indispens\u00e1vel para um bom retorno \u00e0 c\u00e2mara, arredondar todos os cantos. <br \/>\nO cumprimento destas precau\u00e7\u00f5es durante a limpeza garantir\u00e1 o funcionamento e a vida \u00fatil do pist\u00e3o.\n\n\n<\/div><\/div><\/div><\/div><\/div><\/div><\/div><!-- cell_inner --><\/div><!-- cell --><\/div><!-- port --><\/section>","protected":false},"excerpt":{"rendered":"","protected":false},"author":1,"featured_media":0,"parent":5268,"menu_order":0,"comment_status":"closed","ping_status":"closed","template":"","meta":{"footnotes":""},"class_list":["post-5270","page","type-page","status-publish","hentry"],"yoast_head":"<!-- This site is optimized with the Yoast SEO plugin v27.3 - https:\/\/yoast.com\/product\/yoast-seo-wordpress\/ -->\n<title>FGTI Distribution- Piston de dosage \u00e0 syst\u00e8me d\u2019\u00e9tanch\u00e9it\u00e9 int\u00e9gr\u00e9e<\/title>\n<meta name=\"description\" content=\"Sp\u00e9cialement con\u00e7u et adapt\u00e9 \u00e0 une grande vari\u00e9t\u00e9 d&#039;applications, le piston de dosage MANOY AS a fait ses preuves ! N&#039;h\u00e9sitez pas \u00e0 nous consulter.\" \/>\n<meta name=\"robots\" content=\"index, follow, max-snippet:-1, max-image-preview:large, max-video-preview:-1\" \/>\n<link rel=\"canonical\" href=\"https:\/\/fgti-distribution.fr\/pt\/juntas-de-estanquidade-idg\/tamanhos-especificos-da-industria-alimentar\/pistoes-de-doseamento\/\" \/>\n<meta property=\"og:locale\" content=\"pt_PT\" \/>\n<meta property=\"og:type\" content=\"article\" \/>\n<meta property=\"og:title\" content=\"FGTI Distribution- Piston de dosage \u00e0 syst\u00e8me d\u2019\u00e9tanch\u00e9it\u00e9 int\u00e9gr\u00e9e\" \/>\n<meta property=\"og:description\" content=\"Sp\u00e9cialement con\u00e7u et adapt\u00e9 \u00e0 une grande vari\u00e9t\u00e9 d&#039;applications, le piston de dosage MANOY AS a fait ses preuves ! N&#039;h\u00e9sitez pas \u00e0 nous consulter.\" \/>\n<meta property=\"og:url\" content=\"https:\/\/fgti-distribution.fr\/pt\/juntas-de-estanquidade-idg\/tamanhos-especificos-da-industria-alimentar\/pistoes-de-doseamento\/\" \/>\n<meta property=\"og:site_name\" content=\"FGTI Distribution\" \/>\n<meta property=\"article:modified_time\" content=\"2026-04-10T12:13:22+00:00\" \/>\n<meta name=\"twitter:card\" content=\"summary_large_image\" \/>\n<meta name=\"twitter:label1\" content=\"Est. reading time\" \/>\n\t<meta name=\"twitter:data1\" content=\"3 minutos\" \/>\n<script type=\"application\/ld+json\" class=\"yoast-schema-graph\">{\"@context\":\"https:\\\/\\\/schema.org\",\"@graph\":[{\"@type\":\"WebPage\",\"@id\":\"https:\\\/\\\/fgti-distribution.fr\\\/joints-etancheite-idg\\\/gamme-specifique-industrie-alimentaire\\\/pistons-de-dosage\\\/\",\"url\":\"https:\\\/\\\/fgti-distribution.fr\\\/joints-etancheite-idg\\\/gamme-specifique-industrie-alimentaire\\\/pistons-de-dosage\\\/\",\"name\":\"FGTI Distribution- Piston de dosage \u00e0 syst\u00e8me d\u2019\u00e9tanch\u00e9it\u00e9 int\u00e9gr\u00e9e\",\"isPartOf\":{\"@id\":\"https:\\\/\\\/fgti-distribution.fr\\\/#website\"},\"datePublished\":\"2019-04-25T12:10:45+00:00\",\"dateModified\":\"2026-04-10T12:13:22+00:00\",\"description\":\"Sp\u00e9cialement con\u00e7u et adapt\u00e9 \u00e0 une grande vari\u00e9t\u00e9 d'applications, le piston de dosage MANOY AS a fait ses preuves ! N'h\u00e9sitez pas \u00e0 nous consulter.\",\"breadcrumb\":{\"@id\":\"https:\\\/\\\/fgti-distribution.fr\\\/joints-etancheite-idg\\\/gamme-specifique-industrie-alimentaire\\\/pistons-de-dosage\\\/#breadcrumb\"},\"inLanguage\":\"pt-PT\",\"potentialAction\":[{\"@type\":\"ReadAction\",\"target\":[\"https:\\\/\\\/fgti-distribution.fr\\\/joints-etancheite-idg\\\/gamme-specifique-industrie-alimentaire\\\/pistons-de-dosage\\\/\"]}]},{\"@type\":\"BreadcrumbList\",\"@id\":\"https:\\\/\\\/fgti-distribution.fr\\\/joints-etancheite-idg\\\/gamme-specifique-industrie-alimentaire\\\/pistons-de-dosage\\\/#breadcrumb\",\"itemListElement\":[{\"@type\":\"ListItem\",\"position\":1,\"name\":\"Home\",\"item\":\"https:\\\/\\\/fgti-distribution.fr\\\/\"},{\"@type\":\"ListItem\",\"position\":2,\"name\":\"Joints d&rsquo;\u00e9tanch\u00e9it\u00e9 IDG\",\"item\":\"https:\\\/\\\/fgti-distribution.fr\\\/joints-etancheite-idg\\\/\"},{\"@type\":\"ListItem\",\"position\":3,\"name\":\"Gamme sp\u00e9cifique pour l\u2019industrie alimentaire\",\"item\":\"https:\\\/\\\/fgti-distribution.fr\\\/joints-etancheite-idg\\\/gamme-specifique-industrie-alimentaire\\\/\"},{\"@type\":\"ListItem\",\"position\":4,\"name\":\"Pistons de dosage\"}]},{\"@type\":\"WebSite\",\"@id\":\"https:\\\/\\\/fgti-distribution.fr\\\/#website\",\"url\":\"https:\\\/\\\/fgti-distribution.fr\\\/\",\"name\":\"FGTI Distribution\",\"description\":\"Pi\u00e8ces techniques et services \u00e0 forte valeur ajout\u00e9e\",\"publisher\":{\"@id\":\"https:\\\/\\\/fgti-distribution.fr\\\/#organization\"},\"alternateName\":\"FGTI Distribution\",\"potentialAction\":[{\"@type\":\"SearchAction\",\"target\":{\"@type\":\"EntryPoint\",\"urlTemplate\":\"https:\\\/\\\/fgti-distribution.fr\\\/?s={search_term_string}\"},\"query-input\":{\"@type\":\"PropertyValueSpecification\",\"valueRequired\":true,\"valueName\":\"search_term_string\"}}],\"inLanguage\":\"pt-PT\"},{\"@type\":\"Organization\",\"@id\":\"https:\\\/\\\/fgti-distribution.fr\\\/#organization\",\"name\":\"FGTI Distribution\",\"alternateName\":\"FGTI Distribution\",\"url\":\"https:\\\/\\\/fgti-distribution.fr\\\/\",\"logo\":{\"@type\":\"ImageObject\",\"inLanguage\":\"pt-PT\",\"@id\":\"https:\\\/\\\/fgti-distribution.fr\\\/#\\\/schema\\\/logo\\\/image\\\/\",\"url\":\"https:\\\/\\\/fgti-distribution.fr\\\/wp-content\\\/uploads\\\/2022\\\/12\\\/logo.png\",\"contentUrl\":\"https:\\\/\\\/fgti-distribution.fr\\\/wp-content\\\/uploads\\\/2022\\\/12\\\/logo.png\",\"width\":500,\"height\":228,\"caption\":\"FGTI Distribution\"},\"image\":{\"@id\":\"https:\\\/\\\/fgti-distribution.fr\\\/#\\\/schema\\\/logo\\\/image\\\/\"},\"sameAs\":[\"https:\\\/\\\/www.linkedin.com\\\/company\\\/fgti-distribution\\\/\"]}]}<\/script>\n<!-- \/ Yoast SEO plugin. -->","yoast_head_json":{"title":"FGTI Distribution - Pist\u00e3o doseador com sistema de veda\u00e7\u00e3o integrado","description":"Especialmente concebido e adaptado para uma vasta gama de aplica\u00e7\u00f5es, o \u00eambolo doseador MANOY AS provou o seu valor! N\u00e3o hesite em consultar-nos.","robots":{"index":"index","follow":"follow","max-snippet":"max-snippet:-1","max-image-preview":"max-image-preview:large","max-video-preview":"max-video-preview:-1"},"canonical":"https:\/\/fgti-distribution.fr\/pt\/juntas-de-estanquidade-idg\/tamanhos-especificos-da-industria-alimentar\/pistoes-de-doseamento\/","og_locale":"pt_PT","og_type":"article","og_title":"FGTI Distribution- Piston de dosage \u00e0 syst\u00e8me d\u2019\u00e9tanch\u00e9it\u00e9 int\u00e9gr\u00e9e","og_description":"Sp\u00e9cialement con\u00e7u et adapt\u00e9 \u00e0 une grande vari\u00e9t\u00e9 d'applications, le piston de dosage MANOY AS a fait ses preuves ! N'h\u00e9sitez pas \u00e0 nous consulter.","og_url":"https:\/\/fgti-distribution.fr\/pt\/juntas-de-estanquidade-idg\/tamanhos-especificos-da-industria-alimentar\/pistoes-de-doseamento\/","og_site_name":"FGTI Distribution","article_modified_time":"2026-04-10T12:13:22+00:00","twitter_card":"summary_large_image","twitter_misc":{"Est. reading time":"3 minutos"},"schema":{"@context":"https:\/\/schema.org","@graph":[{"@type":"WebPage","@id":"https:\/\/fgti-distribution.fr\/joints-etancheite-idg\/gamme-specifique-industrie-alimentaire\/pistons-de-dosage\/","url":"https:\/\/fgti-distribution.fr\/joints-etancheite-idg\/gamme-specifique-industrie-alimentaire\/pistons-de-dosage\/","name":"FGTI Distribution - Pist\u00e3o doseador com sistema de veda\u00e7\u00e3o integrado","isPartOf":{"@id":"https:\/\/fgti-distribution.fr\/#website"},"datePublished":"2019-04-25T12:10:45+00:00","dateModified":"2026-04-10T12:13:22+00:00","description":"Especialmente concebido e adaptado para uma vasta gama de aplica\u00e7\u00f5es, o \u00eambolo doseador MANOY AS provou o seu valor! N\u00e3o hesite em consultar-nos.","breadcrumb":{"@id":"https:\/\/fgti-distribution.fr\/joints-etancheite-idg\/gamme-specifique-industrie-alimentaire\/pistons-de-dosage\/#breadcrumb"},"inLanguage":"pt-PT","potentialAction":[{"@type":"ReadAction","target":["https:\/\/fgti-distribution.fr\/joints-etancheite-idg\/gamme-specifique-industrie-alimentaire\/pistons-de-dosage\/"]}]},{"@type":"BreadcrumbList","@id":"https:\/\/fgti-distribution.fr\/joints-etancheite-idg\/gamme-specifique-industrie-alimentaire\/pistons-de-dosage\/#breadcrumb","itemListElement":[{"@type":"ListItem","position":1,"name":"Home","item":"https:\/\/fgti-distribution.fr\/"},{"@type":"ListItem","position":2,"name":"Joints d&rsquo;\u00e9tanch\u00e9it\u00e9 IDG","item":"https:\/\/fgti-distribution.fr\/joints-etancheite-idg\/"},{"@type":"ListItem","position":3,"name":"Gamme sp\u00e9cifique pour l\u2019industrie alimentaire","item":"https:\/\/fgti-distribution.fr\/joints-etancheite-idg\/gamme-specifique-industrie-alimentaire\/"},{"@type":"ListItem","position":4,"name":"Pistons de dosage"}]},{"@type":"WebSite","@id":"https:\/\/fgti-distribution.fr\/#website","url":"https:\/\/fgti-distribution.fr\/","name":"Distribui\u00e7\u00e3o FGTI","description":"Pe\u00e7as t\u00e9cnicas e servi\u00e7os de elevado valor acrescentado","publisher":{"@id":"https:\/\/fgti-distribution.fr\/#organization"},"alternateName":"FGTI Distribution","potentialAction":[{"@type":"SearchAction","target":{"@type":"EntryPoint","urlTemplate":"https:\/\/fgti-distribution.fr\/?s={search_term_string}"},"query-input":{"@type":"PropertyValueSpecification","valueRequired":true,"valueName":"search_term_string"}}],"inLanguage":"pt-PT"},{"@type":"Organization","@id":"https:\/\/fgti-distribution.fr\/#organization","name":"Distribui\u00e7\u00e3o FGTI","alternateName":"FGTI Distribution","url":"https:\/\/fgti-distribution.fr\/","logo":{"@type":"ImageObject","inLanguage":"pt-PT","@id":"https:\/\/fgti-distribution.fr\/#\/schema\/logo\/image\/","url":"https:\/\/fgti-distribution.fr\/wp-content\/uploads\/2022\/12\/logo.png","contentUrl":"https:\/\/fgti-distribution.fr\/wp-content\/uploads\/2022\/12\/logo.png","width":500,"height":228,"caption":"FGTI Distribution"},"image":{"@id":"https:\/\/fgti-distribution.fr\/#\/schema\/logo\/image\/"},"sameAs":["https:\/\/www.linkedin.com\/company\/fgti-distribution\/"]}]}},"_links":{"self":[{"href":"https:\/\/fgti-distribution.fr\/pt\/wp-json\/wp\/v2\/pages\/5270","targetHints":{"allow":["GET"]}}],"collection":[{"href":"https:\/\/fgti-distribution.fr\/pt\/wp-json\/wp\/v2\/pages"}],"about":[{"href":"https:\/\/fgti-distribution.fr\/pt\/wp-json\/wp\/v2\/types\/page"}],"author":[{"embeddable":true,"href":"https:\/\/fgti-distribution.fr\/pt\/wp-json\/wp\/v2\/users\/1"}],"replies":[{"embeddable":true,"href":"https:\/\/fgti-distribution.fr\/pt\/wp-json\/wp\/v2\/comments?post=5270"}],"version-history":[{"count":34,"href":"https:\/\/fgti-distribution.fr\/pt\/wp-json\/wp\/v2\/pages\/5270\/revisions"}],"predecessor-version":[{"id":10156,"href":"https:\/\/fgti-distribution.fr\/pt\/wp-json\/wp\/v2\/pages\/5270\/revisions\/10156"}],"up":[{"embeddable":true,"href":"https:\/\/fgti-distribution.fr\/pt\/wp-json\/wp\/v2\/pages\/5268"}],"wp:attachment":[{"href":"https:\/\/fgti-distribution.fr\/pt\/wp-json\/wp\/v2\/media?parent=5270"}],"curies":[{"name":"wp","href":"https:\/\/api.w.org\/{rel}","templated":true}]}}