{"id":5301,"date":"2019-04-25T13:12:48","date_gmt":"2019-04-25T13:12:48","guid":{"rendered":"https:\/\/fgti-distribution.fr\/?page_id=5301"},"modified":"2024-02-02T16:10:31","modified_gmt":"2024-02-02T16:10:31","slug":"douilles","status":"publish","type":"page","link":"https:\/\/fgti-distribution.fr\/pt\/joints-etancheite-idg\/gamme-specifique-industrie-alimentaire\/douilles\/","title":{"rendered":"Cartuchos"},"content":{"rendered":"<section id=\"bt_bb_section69d660637ca9e\" class=\"bt_bb_section bt_bb_layout_boxed_1200\"  data-bt-override-class=\"null\"><div class=\"bt_bb_port\"><div class=\"bt_bb_cell\"><div class=\"bt_bb_cell_inner\"><div class=\"bt_bb_row\"  data-bt-override-class=\"{}\"><div class=\"bt_bb_row_holder\" ><div  class=\"bt_bb_column col-xxl-12 col-xl-12 col-xs-12 col-sm-12 col-md-12 col-lg-12 bt_bb_vertical_align_top bt_bb_align_left bt_bb_padding_normal\" style=\"; --column-width:12;\" data-width=\"12\" data-bt-override-class=\"{}\"><div class=\"bt_bb_column_content\"><div class=\"bt_bb_column_content_inner\"><div class=\"bt_bb_raw_content\"><table>\n\t<tbody><tr>\n\t\t<td style=\"width: 90%; color: #BABABA; font-size: 12px; border: 0 none;\">\n\t\t\tFGTI-Distribution > Joints d'\u00e9tanch\u00e9it\u00e9 > Catalogue > Gamme sp\u00e9cifique pour l\u2019industrie alimentaire > Douilles\n\t\t<\/td>\n\t\t<td style=\"text-align: right; padding: 0; border: 0 none;\">\n\t\t\t<a href=\"https:\/\/fgti-distribution.fr\/fiches_techniques\/IDG-FGTI-Douille-Manoy.pdf\" target=\"_blank\" rel=\"noopener\">\n\t\t\t\t<img decoding=\"async\" src=\"https:\/\/fgti-distribution.fr\/wp-content\/themes\/twentyeleven\/images\/pdficon_large.png\">\n\t\t\t<\/a>\n\t\t<\/td>\n\t<\/tr>\n<\/tbody><\/table>\n\n<h1>Douille MANOY\u00ae DL<\/h1>\nAssurant \u00e0 la fois l\u2019\u00e9tanch\u00e9it\u00e9 et de guidage, les douilles MANOY\u00ae DL r\u00e9duisent le nombre d\u2019\u00e9l\u00e9ments. La pr\u00e9contrainte int\u00e9gr\u00e9e assurant une ou deux zones d\u2019\u00e9tanch\u00e9it\u00e9, permet de pr\u00e9senter une surface lisse pour faciliter le nettoyage.\n<br><br>\nLes composants sont con\u00e7us suivant les sp\u00e9cifications d\u2019hygi\u00e8ne pr\u00e9conis\u00e9es pour le contact avec des produits alimentaires dans le respect des directives EHEDG.\n<br><br>\nLes douilles MANOY\u00ae DL sont adapt\u00e9es aux contraintes des proc\u00e9d\u00e9s de nettoyage SIP \/ CIP.\n<br><br>\n<strong>Profils :<\/strong>\n<br>\n<img loading=\"lazy\" decoding=\"async\" src=\"https:\/\/fgti-distribution.fr\/wp-content\/uploads\/2019\/04\/douilles-manoy-510.jpg\" width=\"880\" height=\"200\" srcset=\"https:\/\/fgti-distribution.fr\/wp-content\/uploads\/2019\/04\/douilles-manoy-510.jpg 880w, https:\/\/fgti-distribution.fr\/wp-content\/uploads\/2019\/04\/douilles-manoy-510-300x68.jpg 300w, https:\/\/fgti-distribution.fr\/wp-content\/uploads\/2019\/04\/douilles-manoy-510-768x175.jpg 768w\" sizes=\"auto, (max-width: 880px) 100vw, 880px\" alt=\"Douilles Manoy\" class=\"so-widget-image\">\n<br>\n<img decoding=\"async\" src=\"https:\/\/fgti-distribution.fr\/wp-content\/uploads\/2019\/04\/douilles-manoy-520.jpg\" width=\"880\" height=\"200\" srcset=\"https:\/\/fgti-distribution.fr\/wp-content\/uploads\/2019\/04\/douilles-manoy-520.jpg 880w, https:\/\/fgti-distribution.fr\/wp-content\/uploads\/2019\/04\/douilles-manoy-520-300x68.jpg 300w, https:\/\/fgti-distribution.fr\/wp-content\/uploads\/2019\/04\/douilles-manoy-520-768x175.jpg 768w\" sizes=\"auto, (max-width: 880px) 100vw, 880px\" alt=\"Douilles Manoy 520\" loading=\"lazy\" class=\"so-widget-image\">\n<br>\n<span style=\"font-weight: bold; line-height: 35px;\">Applications et caract\u00e9ristiques<\/span><br>\n<ul style=\"padding-left: 30px;\">\n<li class=\"tiret\">Etanch\u00e9it\u00e9 et guidage de tige, arbre, axe, \u2026<\/li>\n<li class=\"tiret\">Mouvements lin\u00e9aires, oscillants et rotatifs<\/li>\n<li class=\"tiret\">Produits liquides, p\u00e2teux et gazeux<\/li>\n<li class=\"tiret\">Particuli\u00e8rement facile \u00e0 nettoyer<\/li>\n<li class=\"tiret\">Adapt\u00e9 SIP\/CIP<\/li>\n<li class=\"tiret\">Grande amplitude de produits et temp\u00e9ratures<\/li>\n<li class=\"tiret\">Dur\u00e9e de vie prolong\u00e9e par une bonne r\u00e9sistance \u00e0 l\u2019abrasion<\/li>\n<li class=\"tiret\">Effet racleur<\/li>\n<li class=\"tiret\">Faible coefficient de frottement<\/li>\n<li class=\"tiret\">Fonctionnement \u00e0 sec possible<\/li>\n<li class=\"tiret\">Effet de polissage de la surface oppos\u00e9e permettant d\u2019am\u00e9liorer l\u2019\u00e9tanch\u00e9it\u00e9 et le raclage ainsi que la dur\u00e9e de vie<\/li>\n<li class=\"tiret\">Du \u00d8 6 mm \u00e0 60 mm<\/li>\n<\/ul>\n<br><br><\/div><\/div><\/div><\/div><\/div><\/div><\/div><!-- cell_inner --><\/div><!-- cell --><\/div><!-- port --><\/section>","protected":false},"excerpt":{"rendered":"","protected":false},"author":1,"featured_media":0,"parent":5268,"menu_order":0,"comment_status":"closed","ping_status":"closed","template":"","meta":{"footnotes":""},"class_list":["post-5301","page","type-page","status-publish","hentry"],"yoast_head":"<!-- This site is optimized with the Yoast SEO plugin v27.3 - https:\/\/yoast.com\/product\/yoast-seo-wordpress\/ -->\n<title>Etanch\u00e9it\u00e9 &gt; Gamme sp\u00e9cifique pour l\u2019industrie alimentaire &gt; Douilles<\/title>\n<meta name=\"description\" content=\"Gamme sp\u00e9cifique pour l\u2019industrie alimentaire : assurant \u00e0 la fois l\u2019\u00e9tanch\u00e9it\u00e9 et de guidage, les douilles MANOY\u00ae DL r\u00e9duisent le nombre d\u2019\u00e9l\u00e9ments.\" \/>\n<meta name=\"robots\" content=\"index, follow, max-snippet:-1, max-image-preview:large, max-video-preview:-1\" \/>\n<link rel=\"canonical\" href=\"https:\/\/fgti-distribution.fr\/pt\/joints-etancheite-idg\/gamme-specifique-industrie-alimentaire\/douilles\/\" \/>\n<meta property=\"og:locale\" content=\"pt_PT\" \/>\n<meta property=\"og:type\" content=\"article\" \/>\n<meta property=\"og:title\" content=\"Etanch\u00e9it\u00e9 &gt; Gamme sp\u00e9cifique pour l\u2019industrie alimentaire &gt; Douilles\" \/>\n<meta property=\"og:description\" content=\"Gamme sp\u00e9cifique pour l\u2019industrie alimentaire : assurant \u00e0 la fois l\u2019\u00e9tanch\u00e9it\u00e9 et de guidage, les douilles MANOY\u00ae DL r\u00e9duisent le nombre d\u2019\u00e9l\u00e9ments.\" \/>\n<meta property=\"og:url\" content=\"https:\/\/fgti-distribution.fr\/pt\/joints-etancheite-idg\/gamme-specifique-industrie-alimentaire\/douilles\/\" \/>\n<meta property=\"og:site_name\" content=\"FGTI Distribution\" \/>\n<meta property=\"article:modified_time\" content=\"2024-02-02T16:10:31+00:00\" \/>\n<meta name=\"twitter:card\" content=\"summary_large_image\" \/>\n<meta name=\"twitter:label1\" content=\"Est. reading time\" \/>\n\t<meta name=\"twitter:data1\" content=\"1 minuto\" \/>\n<script type=\"application\/ld+json\" class=\"yoast-schema-graph\">{\"@context\":\"https:\\\/\\\/schema.org\",\"@graph\":[{\"@type\":\"WebPage\",\"@id\":\"https:\\\/\\\/fgti-distribution.fr\\\/joints-etancheite-idg\\\/gamme-specifique-industrie-alimentaire\\\/douilles\\\/\",\"url\":\"https:\\\/\\\/fgti-distribution.fr\\\/joints-etancheite-idg\\\/gamme-specifique-industrie-alimentaire\\\/douilles\\\/\",\"name\":\"Etanch\u00e9it\u00e9 > Gamme sp\u00e9cifique pour l\u2019industrie alimentaire > Douilles\",\"isPartOf\":{\"@id\":\"https:\\\/\\\/fgti-distribution.fr\\\/#website\"},\"datePublished\":\"2019-04-25T13:12:48+00:00\",\"dateModified\":\"2024-02-02T16:10:31+00:00\",\"description\":\"Gamme sp\u00e9cifique pour l\u2019industrie alimentaire : assurant \u00e0 la fois l\u2019\u00e9tanch\u00e9it\u00e9 et de guidage, les douilles MANOY\u00ae DL r\u00e9duisent le nombre d\u2019\u00e9l\u00e9ments.\",\"breadcrumb\":{\"@id\":\"https:\\\/\\\/fgti-distribution.fr\\\/joints-etancheite-idg\\\/gamme-specifique-industrie-alimentaire\\\/douilles\\\/#breadcrumb\"},\"inLanguage\":\"pt-PT\",\"potentialAction\":[{\"@type\":\"ReadAction\",\"target\":[\"https:\\\/\\\/fgti-distribution.fr\\\/joints-etancheite-idg\\\/gamme-specifique-industrie-alimentaire\\\/douilles\\\/\"]}]},{\"@type\":\"BreadcrumbList\",\"@id\":\"https:\\\/\\\/fgti-distribution.fr\\\/joints-etancheite-idg\\\/gamme-specifique-industrie-alimentaire\\\/douilles\\\/#breadcrumb\",\"itemListElement\":[{\"@type\":\"ListItem\",\"position\":1,\"name\":\"Home\",\"item\":\"https:\\\/\\\/fgti-distribution.fr\\\/\"},{\"@type\":\"ListItem\",\"position\":2,\"name\":\"Joints d&rsquo;\u00e9tanch\u00e9it\u00e9 IDG\",\"item\":\"https:\\\/\\\/fgti-distribution.fr\\\/joints-etancheite-idg\\\/\"},{\"@type\":\"ListItem\",\"position\":3,\"name\":\"Gamme sp\u00e9cifique pour l\u2019industrie alimentaire\",\"item\":\"https:\\\/\\\/fgti-distribution.fr\\\/joints-etancheite-idg\\\/gamme-specifique-industrie-alimentaire\\\/\"},{\"@type\":\"ListItem\",\"position\":4,\"name\":\"Douilles\"}]},{\"@type\":\"WebSite\",\"@id\":\"https:\\\/\\\/fgti-distribution.fr\\\/#website\",\"url\":\"https:\\\/\\\/fgti-distribution.fr\\\/\",\"name\":\"FGTI Distribution\",\"description\":\"Pi\u00e8ces techniques et services \u00e0 forte valeur ajout\u00e9e\",\"publisher\":{\"@id\":\"https:\\\/\\\/fgti-distribution.fr\\\/#organization\"},\"alternateName\":\"FGTI Distribution\",\"potentialAction\":[{\"@type\":\"SearchAction\",\"target\":{\"@type\":\"EntryPoint\",\"urlTemplate\":\"https:\\\/\\\/fgti-distribution.fr\\\/?s={search_term_string}\"},\"query-input\":{\"@type\":\"PropertyValueSpecification\",\"valueRequired\":true,\"valueName\":\"search_term_string\"}}],\"inLanguage\":\"pt-PT\"},{\"@type\":\"Organization\",\"@id\":\"https:\\\/\\\/fgti-distribution.fr\\\/#organization\",\"name\":\"FGTI Distribution\",\"alternateName\":\"FGTI Distribution\",\"url\":\"https:\\\/\\\/fgti-distribution.fr\\\/\",\"logo\":{\"@type\":\"ImageObject\",\"inLanguage\":\"pt-PT\",\"@id\":\"https:\\\/\\\/fgti-distribution.fr\\\/#\\\/schema\\\/logo\\\/image\\\/\",\"url\":\"https:\\\/\\\/fgti-distribution.fr\\\/wp-content\\\/uploads\\\/2022\\\/12\\\/logo.png\",\"contentUrl\":\"https:\\\/\\\/fgti-distribution.fr\\\/wp-content\\\/uploads\\\/2022\\\/12\\\/logo.png\",\"width\":500,\"height\":228,\"caption\":\"FGTI Distribution\"},\"image\":{\"@id\":\"https:\\\/\\\/fgti-distribution.fr\\\/#\\\/schema\\\/logo\\\/image\\\/\"},\"sameAs\":[\"https:\\\/\\\/www.linkedin.com\\\/company\\\/fgti-distribution\\\/\"]}]}<\/script>\n<!-- \/ Yoast SEO plugin. -->","yoast_head_json":{"title":"Etanch\u00e9it\u00e9 > Gamme sp\u00e9cifique pour l\u2019industrie alimentaire > Douilles","description":"Gamme sp\u00e9cifique pour l\u2019industrie alimentaire : assurant \u00e0 la fois l\u2019\u00e9tanch\u00e9it\u00e9 et de guidage, les douilles MANOY\u00ae DL r\u00e9duisent le nombre d\u2019\u00e9l\u00e9ments.","robots":{"index":"index","follow":"follow","max-snippet":"max-snippet:-1","max-image-preview":"max-image-preview:large","max-video-preview":"max-video-preview:-1"},"canonical":"https:\/\/fgti-distribution.fr\/pt\/joints-etancheite-idg\/gamme-specifique-industrie-alimentaire\/douilles\/","og_locale":"pt_PT","og_type":"article","og_title":"Etanch\u00e9it\u00e9 > Gamme sp\u00e9cifique pour l\u2019industrie alimentaire > Douilles","og_description":"Gamme sp\u00e9cifique pour l\u2019industrie alimentaire : assurant \u00e0 la fois l\u2019\u00e9tanch\u00e9it\u00e9 et de guidage, les douilles MANOY\u00ae DL r\u00e9duisent le nombre d\u2019\u00e9l\u00e9ments.","og_url":"https:\/\/fgti-distribution.fr\/pt\/joints-etancheite-idg\/gamme-specifique-industrie-alimentaire\/douilles\/","og_site_name":"FGTI Distribution","article_modified_time":"2024-02-02T16:10:31+00:00","twitter_card":"summary_large_image","twitter_misc":{"Est. reading time":"1 minuto"},"schema":{"@context":"https:\/\/schema.org","@graph":[{"@type":"WebPage","@id":"https:\/\/fgti-distribution.fr\/joints-etancheite-idg\/gamme-specifique-industrie-alimentaire\/douilles\/","url":"https:\/\/fgti-distribution.fr\/joints-etancheite-idg\/gamme-specifique-industrie-alimentaire\/douilles\/","name":"Etanch\u00e9it\u00e9 > Gamme sp\u00e9cifique pour l\u2019industrie alimentaire > Douilles","isPartOf":{"@id":"https:\/\/fgti-distribution.fr\/#website"},"datePublished":"2019-04-25T13:12:48+00:00","dateModified":"2024-02-02T16:10:31+00:00","description":"Gamme sp\u00e9cifique pour l\u2019industrie alimentaire : assurant \u00e0 la fois l\u2019\u00e9tanch\u00e9it\u00e9 et de guidage, les douilles MANOY\u00ae DL r\u00e9duisent le nombre d\u2019\u00e9l\u00e9ments.","breadcrumb":{"@id":"https:\/\/fgti-distribution.fr\/joints-etancheite-idg\/gamme-specifique-industrie-alimentaire\/douilles\/#breadcrumb"},"inLanguage":"pt-PT","potentialAction":[{"@type":"ReadAction","target":["https:\/\/fgti-distribution.fr\/joints-etancheite-idg\/gamme-specifique-industrie-alimentaire\/douilles\/"]}]},{"@type":"BreadcrumbList","@id":"https:\/\/fgti-distribution.fr\/joints-etancheite-idg\/gamme-specifique-industrie-alimentaire\/douilles\/#breadcrumb","itemListElement":[{"@type":"ListItem","position":1,"name":"Home","item":"https:\/\/fgti-distribution.fr\/"},{"@type":"ListItem","position":2,"name":"Joints d&rsquo;\u00e9tanch\u00e9it\u00e9 IDG","item":"https:\/\/fgti-distribution.fr\/joints-etancheite-idg\/"},{"@type":"ListItem","position":3,"name":"Gamme sp\u00e9cifique pour l\u2019industrie alimentaire","item":"https:\/\/fgti-distribution.fr\/joints-etancheite-idg\/gamme-specifique-industrie-alimentaire\/"},{"@type":"ListItem","position":4,"name":"Douilles"}]},{"@type":"WebSite","@id":"https:\/\/fgti-distribution.fr\/#website","url":"https:\/\/fgti-distribution.fr\/","name":"Distribui\u00e7\u00e3o FGTI","description":"Pe\u00e7as t\u00e9cnicas e servi\u00e7os de elevado valor acrescentado","publisher":{"@id":"https:\/\/fgti-distribution.fr\/#organization"},"alternateName":"FGTI Distribution","potentialAction":[{"@type":"SearchAction","target":{"@type":"EntryPoint","urlTemplate":"https:\/\/fgti-distribution.fr\/?s={search_term_string}"},"query-input":{"@type":"PropertyValueSpecification","valueRequired":true,"valueName":"search_term_string"}}],"inLanguage":"pt-PT"},{"@type":"Organization","@id":"https:\/\/fgti-distribution.fr\/#organization","name":"Distribui\u00e7\u00e3o FGTI","alternateName":"FGTI Distribution","url":"https:\/\/fgti-distribution.fr\/","logo":{"@type":"ImageObject","inLanguage":"pt-PT","@id":"https:\/\/fgti-distribution.fr\/#\/schema\/logo\/image\/","url":"https:\/\/fgti-distribution.fr\/wp-content\/uploads\/2022\/12\/logo.png","contentUrl":"https:\/\/fgti-distribution.fr\/wp-content\/uploads\/2022\/12\/logo.png","width":500,"height":228,"caption":"FGTI Distribution"},"image":{"@id":"https:\/\/fgti-distribution.fr\/#\/schema\/logo\/image\/"},"sameAs":["https:\/\/www.linkedin.com\/company\/fgti-distribution\/"]}]}},"_links":{"self":[{"href":"https:\/\/fgti-distribution.fr\/pt\/wp-json\/wp\/v2\/pages\/5301","targetHints":{"allow":["GET"]}}],"collection":[{"href":"https:\/\/fgti-distribution.fr\/pt\/wp-json\/wp\/v2\/pages"}],"about":[{"href":"https:\/\/fgti-distribution.fr\/pt\/wp-json\/wp\/v2\/types\/page"}],"author":[{"embeddable":true,"href":"https:\/\/fgti-distribution.fr\/pt\/wp-json\/wp\/v2\/users\/1"}],"replies":[{"embeddable":true,"href":"https:\/\/fgti-distribution.fr\/pt\/wp-json\/wp\/v2\/comments?post=5301"}],"version-history":[{"count":17,"href":"https:\/\/fgti-distribution.fr\/pt\/wp-json\/wp\/v2\/pages\/5301\/revisions"}],"predecessor-version":[{"id":9064,"href":"https:\/\/fgti-distribution.fr\/pt\/wp-json\/wp\/v2\/pages\/5301\/revisions\/9064"}],"up":[{"embeddable":true,"href":"https:\/\/fgti-distribution.fr\/pt\/wp-json\/wp\/v2\/pages\/5268"}],"wp:attachment":[{"href":"https:\/\/fgti-distribution.fr\/pt\/wp-json\/wp\/v2\/media?parent=5301"}],"curies":[{"name":"wp","href":"https:\/\/api.w.org\/{rel}","templated":true}]}}