{"id":5921,"date":"2020-01-02T14:06:41","date_gmt":"2020-01-02T14:06:41","guid":{"rendered":"https:\/\/fgti-distribution.fr\/?page_id=5921"},"modified":"2024-02-15T14:43:29","modified_gmt":"2024-02-15T14:43:29","slug":"maquinas-de-montagem-de-fixacao-ferramentas-industriais","status":"publish","type":"page","link":"https:\/\/fgti-distribution.fr\/pt\/fixation-araymond\/fixation-assemblage-machines-outils-industriels\/","title":{"rendered":"Fixa\u00e7\u00e3o e montagem para m\u00e1quinas e ferramentas industriais"},"content":{"rendered":"<section id=\"bt_bb_section69f389e932abb\" class=\"bt_bb_section bt_bb_layout_boxed_1200\"  data-bt-override-class=\"null\"><div class=\"bt_bb_port\"><div class=\"bt_bb_cell\"><div class=\"bt_bb_cell_inner\"><div class=\"bt_bb_row\"  data-bt-override-class=\"{}\"><div class=\"bt_bb_row_holder\" ><div  class=\"bt_bb_column col-xxl-12 col-xl-12 col-xs-12 col-sm-12 col-md-12 col-lg-12 bt_bb_vertical_align_top bt_bb_align_left bt_bb_padding_normal\" style=\"; --column-width:12;\" data-width=\"12\" data-bt-override-class=\"{}\"><div class=\"bt_bb_column_content\"><div class=\"bt_bb_column_content_inner\"><div class=\"bt_bb_raw_content\"><h2 style=\"color: #172983; font-size: 22px; text-transform: uppercase; text-align: left;\">SOLU\u00c7\u00d5ES DE FIXA\u00c7\u00c3O PARA A IND\u00daSTRIA<\/h2>\n<h3 style=\"color: #172983; font-size: 17px;\">M\u00e1quinas e ferramentas industriais<\/h3>\n<p style=\"display: inline; line-height: 18px;\">Quaisquer que sejam as suas problem\u00e1ticas de fixa\u00e7\u00e3o ou montagem, a FGTI Distribution prop\u00f5e-lhe uma solu\u00e7\u00e3o ARaymond capaz de gerir a fun\u00e7\u00e3o desejada. Estes sistemas de fixa\u00e7\u00e3o r\u00e1pida, sem necessidade de ferramentas, podem substituir as suas solu\u00e7\u00f5es existentes para um <u>montagem mais eficiente com um custo de manuten\u00e7\u00e3o reduzido<\/u>.<\/p>\n<p>\u00a0<\/p>\n<p style=\"text-align: left;\">Para aceder diretamente \u00e0s fichas t\u00e9cnicas detalhadas, <a style=\"font-size: 14px; color: white; background: #172983; padding: 5px 10px; border-radius: 5px;\" href=\"https:\/\/fgti-distribution.fr\/pt\/fecho-araymond\/fichas-detalhadas-a-raymond\/\">clique aqui<\/a><\/p>\n<p style=\"display: none; line-height: 18px;\">As m\u00e1quinas industriais t\u00eam requisitos complexos de fixa\u00e7\u00e3o e montagem. Isto inclui a fixa\u00e7\u00e3o de pe\u00e7as funcionais, fios e tubos a componentes estruturais para evitar danos sem restringir movimentos. Os componentes estruturais devem, por sua vez, ser capazes de suportar for\u00e7as internas e externas da m\u00e1quina.<\/p>\n<p style=\"display: none; line-height: 18px;\">\nOs projetistas da ARAYMOND trabalham em estreita colabora\u00e7\u00e3o com os fabricantes de m\u00e1quinas industriais h\u00e1 muitos anos, o que resultou em inova\u00e7\u00f5es que respondem a estes e outros desafios, ao mesmo tempo que tornam os processos de montagem mais simples e econ\u00f3micos.\n<\/p><\/div><div class=\"bt_bb_separator bt_bb_top_spacing_normal bt_bb_bottom_spacing_no_spacing bt_bb_border_style_none\" data-bt-override-class=\"{&quot;bt_bb_top_spacing_&quot;:{&quot;current_class&quot;:&quot;bt_bb_top_spacing_normal&quot;,&quot;def&quot;:&quot;normal&quot;,&quot;xl&quot;:&quot;normal&quot;},&quot;bt_bb_bottom_spacing_&quot;:{&quot;current_class&quot;:&quot;bt_bb_bottom_spacing_no_spacing&quot;,&quot;def&quot;:&quot;no_spacing&quot;,&quot;xl&quot;:&quot;no_spacing&quot;}}\"><\/div><div class=\"bt_bb_accordion bt_bb_style_simple bt_bb_shape_square\" data-closed=\"closed\"><div class=\"bt_bb_accordion_item\"><div class=\"bt_bb_accordion_item_title\">Montagem \/ fixa\u00e7\u00e3o de cabos e fios<\/div><div class=\"bt_bb_accordion_item_content\"><div class=\"bt_bb_row_inner\"   data-bt-override-class=\"{}\"><div class=\"bt_bb_row_inner_holder\"  ><div  class=\"bt_bb_column_inner col-xxl-6 col-xl-6 col-xs-12 col-sm-6 col-md-6 col-lg-6 bt_bb_vertical_align_top bt_bb_align_left bt_bb_padding_normal\"  data-width=\"6\" data-bt-override-class=\"{}\"><div class=\"bt_bb_column_inner_content\"><div class=\"bt_bb_column_inner_content_inner\"><div class=\"bt_bb_raw_content\">A gest\u00e3o de fios e cabos \u00e9 uma componente importante no design de m\u00e1quinas industriais. Fios de portas de acesso que s\u00e3o frequentemente abertas e fechadas precisam de ser seguros sem restringir o movimento, por exemplo. Fios e tubos tamb\u00e9m precisam de ser protegidos de pe\u00e7as m\u00f3veis. A ARaymond oferece uma vasta gama de solu\u00e7\u00f5es de encaminhamento que podem ser montadas numa grande variedade de configura\u00e7\u00f5es e podem acomodar v\u00e1rios di\u00e2metros de fios e tubos. Com op\u00e7\u00f5es como componentes oscilantes, juntas estanques e mecanismos de bloqueio, a ARaymond tem um produto para satisfazer as necessidades da sua m\u00e1quina.<\/div><\/div><\/div><\/div><div  class=\"bt_bb_column_inner col-xxl-6 col-xl-6 col-xs-12 col-sm-6 col-md-6 col-lg-6 bt_bb_vertical_align_top bt_bb_align_left bt_bb_padding_normal\"  data-width=\"6\" data-bt-override-class=\"{}\"><div class=\"bt_bb_column_inner_content\"><div class=\"bt_bb_column_inner_content_inner\"><div class=\"bt_bb_image bt_bb_shape_square bt_bb_target_self bt_bb_align_inherit bt_bb_hover_style_simple bt_bb_content_display_always bt_bb_content_align_middle bt_bb_remove_padding_yes bt_bb_fill_background_color_full\" data-bt-override-class=\"{&quot;bt_bb_align_&quot;:{&quot;current_class&quot;:&quot;bt_bb_align_inherit&quot;,&quot;def&quot;:&quot;inherit&quot;,&quot;xl&quot;:&quot;inherit&quot;}}\"><span><img loading=\"lazy\" decoding=\"async\" width=\"768\" height=\"320\" src=\"https:\/\/fgti-distribution.fr\/wp-content\/uploads\/2020\/01\/fixation-cables-electriques.jpg\" class=\"attachment-full size-full\" alt=\"Cabos el\u00e9tricos de fixa\u00e7\u00e3o\" data-full_image_src=\"https:\/\/fgti-distribution.fr\/wp-content\/uploads\/2020\/01\/fixation-cables-electriques.jpg\" srcset=\"https:\/\/fgti-distribution.fr\/wp-content\/uploads\/2020\/01\/fixation-cables-electriques.jpg 768w, https:\/\/fgti-distribution.fr\/wp-content\/uploads\/2020\/01\/fixation-cables-electriques-185x77.jpg 185w\" sizes=\"auto, (max-width: 768px) 100vw, 768px\" \/><\/span><\/div><\/div><\/div><\/div><\/div><\/div><div class=\"bt_bb_row_inner\"   data-bt-override-class=\"{}\"><div class=\"bt_bb_row_inner_holder\"  ><div  class=\"bt_bb_column_inner col-xxl-12 col-xl-12 col-xs-12 col-sm-12 col-md-12 col-lg-12 bt_bb_vertical_align_top bt_bb_align_left bt_bb_padding_normal\"  data-width=\"12\" data-bt-override-class=\"{}\"><div class=\"bt_bb_column_inner_content\"><div class=\"bt_bb_column_inner_content_inner\"><div class=\"bt_bb_separator bt_bb_top_spacing_normal bt_bb_bottom_spacing_no_spacing bt_bb_border_style_none\" data-bt-override-class=\"{&quot;bt_bb_top_spacing_&quot;:{&quot;current_class&quot;:&quot;bt_bb_top_spacing_normal&quot;,&quot;def&quot;:&quot;normal&quot;,&quot;xl&quot;:&quot;normal&quot;},&quot;bt_bb_bottom_spacing_&quot;:{&quot;current_class&quot;:&quot;bt_bb_bottom_spacing_no_spacing&quot;,&quot;def&quot;:&quot;no_spacing&quot;,&quot;xl&quot;:&quot;no_spacing&quot;}}\"><\/div><\/div><\/div><\/div><\/div><\/div><\/div><\/div><div class=\"bt_bb_accordion_item\"><div class=\"bt_bb_accordion_item_title\">Fixa\u00e7\u00e3o de painel<\/div><div class=\"bt_bb_accordion_item_content\"><div class=\"bt_bb_row_inner\"   data-bt-override-class=\"{}\"><div class=\"bt_bb_row_inner_holder\"  ><div  class=\"bt_bb_column_inner col-xxl-6 col-xl-6 col-xs-12 col-sm-6 col-md-6 col-lg-6 bt_bb_vertical_align_top bt_bb_align_left bt_bb_padding_normal\"  data-width=\"6\" data-bt-override-class=\"{}\"><div class=\"bt_bb_column_inner_content\"><div class=\"bt_bb_column_inner_content_inner\"><div class=\"bt_bb_raw_content\">A grande maioria das m\u00e1quinas industriais \u00e9 equipada com pain\u00e9is. A ARaymond oferece um vasto cat\u00e1logo de fixadores de painel para satisfazer uma ampla gama de necessidades, desde est\u00e9ticas a robustas, ou ambas. Desde configura\u00e7\u00f5es robustas que necessitam de se adaptar a tamanhos de parafusos maiores a situa\u00e7\u00f5es mais leves do tipo guarni\u00e7\u00e3o onde fixa\u00e7\u00f5es ocultas s\u00e3o desej\u00e1veis, temos uma solu\u00e7\u00e3o para as suas necessidades de fixa\u00e7\u00e3o de pain\u00e9is. Quaisquer que sejam as suas necessidades, as nossas solu\u00e7\u00f5es s\u00e3o sempre projetadas para reduzir o tempo de montagem.<\/div><\/div><\/div><\/div><div  class=\"bt_bb_column_inner col-xxl-6 col-xl-6 col-xs-12 col-sm-6 col-md-6 col-lg-6 bt_bb_vertical_align_top bt_bb_align_left bt_bb_padding_normal\"  data-width=\"6\" data-bt-override-class=\"{}\"><div class=\"bt_bb_column_inner_content\"><div class=\"bt_bb_column_inner_content_inner\"><div class=\"bt_bb_image bt_bb_shape_square bt_bb_target_self bt_bb_align_inherit bt_bb_hover_style_simple bt_bb_content_display_always bt_bb_content_align_middle bt_bb_remove_padding_yes bt_bb_fill_background_color_full\" data-bt-override-class=\"{&quot;bt_bb_align_&quot;:{&quot;current_class&quot;:&quot;bt_bb_align_inherit&quot;,&quot;def&quot;:&quot;inherit&quot;,&quot;xl&quot;:&quot;inherit&quot;}}\"><span><img loading=\"lazy\" decoding=\"async\" width=\"768\" height=\"400\" src=\"https:\/\/fgti-distribution.fr\/wp-content\/uploads\/2020\/01\/fixation-panneau.png\" class=\"attachment-full size-full\" alt=\"Fixa\u00e7\u00e3o de painel\" data-full_image_src=\"https:\/\/fgti-distribution.fr\/wp-content\/uploads\/2020\/01\/fixation-panneau.png\" srcset=\"https:\/\/fgti-distribution.fr\/wp-content\/uploads\/2020\/01\/fixation-panneau.png 768w, https:\/\/fgti-distribution.fr\/wp-content\/uploads\/2020\/01\/fixation-panneau-150x77.png 150w, https:\/\/fgti-distribution.fr\/wp-content\/uploads\/2020\/01\/fixation-panneau-148x77.png 148w\" sizes=\"auto, (max-width: 768px) 100vw, 768px\" \/><\/span><\/div><\/div><\/div><\/div><\/div><\/div><div class=\"bt_bb_row_inner\"   data-bt-override-class=\"{}\"><div class=\"bt_bb_row_inner_holder\"  ><div  class=\"bt_bb_column_inner col-xxl-12 col-xl-12 col-xs-12 col-sm-12 col-md-12 col-lg-12 bt_bb_vertical_align_top bt_bb_align_left bt_bb_padding_normal\"  data-width=\"12\" data-bt-override-class=\"{}\"><div class=\"bt_bb_column_inner_content\"><div class=\"bt_bb_column_inner_content_inner\"><div class=\"bt_bb_separator bt_bb_top_spacing_normal bt_bb_bottom_spacing_no_spacing bt_bb_border_style_none\" data-bt-override-class=\"{&quot;bt_bb_top_spacing_&quot;:{&quot;current_class&quot;:&quot;bt_bb_top_spacing_normal&quot;,&quot;def&quot;:&quot;normal&quot;,&quot;xl&quot;:&quot;normal&quot;},&quot;bt_bb_bottom_spacing_&quot;:{&quot;current_class&quot;:&quot;bt_bb_bottom_spacing_no_spacing&quot;,&quot;def&quot;:&quot;no_spacing&quot;,&quot;xl&quot;:&quot;no_spacing&quot;}}\"><\/div><\/div><\/div><\/div><\/div><\/div><\/div><\/div><\/div><\/div><\/div><\/div><\/div><\/div><\/div><!-- cell_inner --><\/div><!-- cell --><\/div><!-- port --><\/section>","protected":false},"excerpt":{"rendered":"","protected":false},"author":1,"featured_media":7600,"parent":10,"menu_order":0,"comment_status":"closed","ping_status":"closed","template":"","meta":{"footnotes":""},"class_list":["post-5921","page","type-page","status-publish","has-post-thumbnail","hentry"],"yoast_head":"<!-- This site is optimized with the Yoast SEO plugin v27.3 - https:\/\/yoast.com\/product\/yoast-seo-wordpress\/ -->\n<title>Fixation et assemblage pour machines et outils industriels<\/title>\n<meta name=\"description\" content=\"Quelles que soient vos probl\u00e9matiques de fixation ou d\u2019assemblage pour l&#039;industrie, FGTI Distribution vous propose une solution ARaymond.\" \/>\n<meta name=\"robots\" content=\"index, follow, max-snippet:-1, max-image-preview:large, max-video-preview:-1\" \/>\n<link rel=\"canonical\" href=\"https:\/\/fgti-distribution.fr\/pt\/fecho-araymond\/maquinas-de-montagem-de-fixacao-ferramentas-industriais\/\" \/>\n<meta property=\"og:locale\" content=\"pt_PT\" \/>\n<meta property=\"og:type\" content=\"article\" \/>\n<meta property=\"og:title\" content=\"Fixation et assemblage pour machines et outils industriels\" \/>\n<meta property=\"og:description\" content=\"Quelles que soient vos probl\u00e9matiques de fixation ou d\u2019assemblage pour l&#039;industrie, FGTI Distribution vous propose une solution ARaymond.\" \/>\n<meta property=\"og:url\" content=\"https:\/\/fgti-distribution.fr\/pt\/fecho-araymond\/maquinas-de-montagem-de-fixacao-ferramentas-industriais\/\" \/>\n<meta property=\"og:site_name\" content=\"FGTI Distribution\" \/>\n<meta property=\"article:modified_time\" content=\"2024-02-15T14:43:29+00:00\" \/>\n<meta property=\"og:image\" content=\"https:\/\/fgti-distribution.fr\/wp-content\/uploads\/2023\/02\/assemblage-cables.jpg\" \/>\n\t<meta property=\"og:image:width\" content=\"1600\" \/>\n\t<meta property=\"og:image:height\" content=\"430\" \/>\n\t<meta property=\"og:image:type\" content=\"image\/jpeg\" \/>\n<meta name=\"twitter:card\" content=\"summary_large_image\" \/>\n<meta name=\"twitter:label1\" content=\"Est. reading time\" \/>\n\t<meta name=\"twitter:data1\" content=\"1 minuto\" \/>\n<script type=\"application\/ld+json\" class=\"yoast-schema-graph\">{\"@context\":\"https:\\\/\\\/schema.org\",\"@graph\":[{\"@type\":\"WebPage\",\"@id\":\"https:\\\/\\\/fgti-distribution.fr\\\/fixation-araymond\\\/fixation-assemblage-machines-outils-industriels\\\/\",\"url\":\"https:\\\/\\\/fgti-distribution.fr\\\/fixation-araymond\\\/fixation-assemblage-machines-outils-industriels\\\/\",\"name\":\"Fixation et assemblage pour machines et outils industriels\",\"isPartOf\":{\"@id\":\"https:\\\/\\\/fgti-distribution.fr\\\/#website\"},\"primaryImageOfPage\":{\"@id\":\"https:\\\/\\\/fgti-distribution.fr\\\/fixation-araymond\\\/fixation-assemblage-machines-outils-industriels\\\/#primaryimage\"},\"image\":{\"@id\":\"https:\\\/\\\/fgti-distribution.fr\\\/fixation-araymond\\\/fixation-assemblage-machines-outils-industriels\\\/#primaryimage\"},\"thumbnailUrl\":\"https:\\\/\\\/fgti-distribution.fr\\\/wp-content\\\/uploads\\\/2023\\\/02\\\/assemblage-cables.jpg\",\"datePublished\":\"2020-01-02T14:06:41+00:00\",\"dateModified\":\"2024-02-15T14:43:29+00:00\",\"description\":\"Quelles que soient vos probl\u00e9matiques de fixation ou d\u2019assemblage pour l'industrie, FGTI Distribution vous propose une solution ARaymond.\",\"breadcrumb\":{\"@id\":\"https:\\\/\\\/fgti-distribution.fr\\\/fixation-araymond\\\/fixation-assemblage-machines-outils-industriels\\\/#breadcrumb\"},\"inLanguage\":\"pt-PT\",\"potentialAction\":[{\"@type\":\"ReadAction\",\"target\":[\"https:\\\/\\\/fgti-distribution.fr\\\/fixation-araymond\\\/fixation-assemblage-machines-outils-industriels\\\/\"]}]},{\"@type\":\"ImageObject\",\"inLanguage\":\"pt-PT\",\"@id\":\"https:\\\/\\\/fgti-distribution.fr\\\/fixation-araymond\\\/fixation-assemblage-machines-outils-industriels\\\/#primaryimage\",\"url\":\"https:\\\/\\\/fgti-distribution.fr\\\/wp-content\\\/uploads\\\/2023\\\/02\\\/assemblage-cables.jpg\",\"contentUrl\":\"https:\\\/\\\/fgti-distribution.fr\\\/wp-content\\\/uploads\\\/2023\\\/02\\\/assemblage-cables.jpg\",\"width\":1600,\"height\":430,\"caption\":\"Assemblage des c\u00e2bles\"},{\"@type\":\"BreadcrumbList\",\"@id\":\"https:\\\/\\\/fgti-distribution.fr\\\/fixation-araymond\\\/fixation-assemblage-machines-outils-industriels\\\/#breadcrumb\",\"itemListElement\":[{\"@type\":\"ListItem\",\"position\":1,\"name\":\"Home\",\"item\":\"https:\\\/\\\/fgti-distribution.fr\\\/\"},{\"@type\":\"ListItem\",\"position\":2,\"name\":\"Fixations ARaymond\",\"item\":\"https:\\\/\\\/fgti-distribution.fr\\\/fixation-araymond\\\/\"},{\"@type\":\"ListItem\",\"position\":3,\"name\":\"Fixation et assemblage pour machines et outils industriels\"}]},{\"@type\":\"WebSite\",\"@id\":\"https:\\\/\\\/fgti-distribution.fr\\\/#website\",\"url\":\"https:\\\/\\\/fgti-distribution.fr\\\/\",\"name\":\"FGTI Distribution\",\"description\":\"Pi\u00e8ces techniques et services \u00e0 forte valeur ajout\u00e9e\",\"publisher\":{\"@id\":\"https:\\\/\\\/fgti-distribution.fr\\\/#organization\"},\"alternateName\":\"FGTI Distribution\",\"potentialAction\":[{\"@type\":\"SearchAction\",\"target\":{\"@type\":\"EntryPoint\",\"urlTemplate\":\"https:\\\/\\\/fgti-distribution.fr\\\/?s={search_term_string}\"},\"query-input\":{\"@type\":\"PropertyValueSpecification\",\"valueRequired\":true,\"valueName\":\"search_term_string\"}}],\"inLanguage\":\"pt-PT\"},{\"@type\":\"Organization\",\"@id\":\"https:\\\/\\\/fgti-distribution.fr\\\/#organization\",\"name\":\"FGTI Distribution\",\"alternateName\":\"FGTI Distribution\",\"url\":\"https:\\\/\\\/fgti-distribution.fr\\\/\",\"logo\":{\"@type\":\"ImageObject\",\"inLanguage\":\"pt-PT\",\"@id\":\"https:\\\/\\\/fgti-distribution.fr\\\/#\\\/schema\\\/logo\\\/image\\\/\",\"url\":\"https:\\\/\\\/fgti-distribution.fr\\\/wp-content\\\/uploads\\\/2022\\\/12\\\/logo.png\",\"contentUrl\":\"https:\\\/\\\/fgti-distribution.fr\\\/wp-content\\\/uploads\\\/2022\\\/12\\\/logo.png\",\"width\":500,\"height\":228,\"caption\":\"FGTI Distribution\"},\"image\":{\"@id\":\"https:\\\/\\\/fgti-distribution.fr\\\/#\\\/schema\\\/logo\\\/image\\\/\"},\"sameAs\":[\"https:\\\/\\\/www.linkedin.com\\\/company\\\/fgti-distribution\\\/\"]}]}<\/script>\n<!-- \/ Yoast SEO plugin. -->","yoast_head_json":{"title":"Fixa\u00e7\u00e3o e montagem para m\u00e1quinas e ferramentas industriais","description":"Quaisquer que sejam as suas problem\u00e1ticas de fixa\u00e7\u00e3o ou montagem para a ind\u00fastria, a FGTI Distribution prop\u00f5e-lhe uma solu\u00e7\u00e3o ARaymond.","robots":{"index":"index","follow":"follow","max-snippet":"max-snippet:-1","max-image-preview":"max-image-preview:large","max-video-preview":"max-video-preview:-1"},"canonical":"https:\/\/fgti-distribution.fr\/pt\/fecho-araymond\/maquinas-de-montagem-de-fixacao-ferramentas-industriais\/","og_locale":"pt_PT","og_type":"article","og_title":"Fixation et assemblage pour machines et outils industriels","og_description":"Quelles que soient vos probl\u00e9matiques de fixation ou d\u2019assemblage pour l'industrie, FGTI Distribution vous propose une solution ARaymond.","og_url":"https:\/\/fgti-distribution.fr\/pt\/fecho-araymond\/maquinas-de-montagem-de-fixacao-ferramentas-industriais\/","og_site_name":"FGTI Distribution","article_modified_time":"2024-02-15T14:43:29+00:00","og_image":[{"width":1600,"height":430,"url":"https:\/\/fgti-distribution.fr\/wp-content\/uploads\/2023\/02\/assemblage-cables.jpg","type":"image\/jpeg"}],"twitter_card":"summary_large_image","twitter_misc":{"Est. reading time":"1 minuto"},"schema":{"@context":"https:\/\/schema.org","@graph":[{"@type":"WebPage","@id":"https:\/\/fgti-distribution.fr\/fixation-araymond\/fixation-assemblage-machines-outils-industriels\/","url":"https:\/\/fgti-distribution.fr\/fixation-araymond\/fixation-assemblage-machines-outils-industriels\/","name":"Fixa\u00e7\u00e3o e montagem para m\u00e1quinas e ferramentas industriais","isPartOf":{"@id":"https:\/\/fgti-distribution.fr\/#website"},"primaryImageOfPage":{"@id":"https:\/\/fgti-distribution.fr\/fixation-araymond\/fixation-assemblage-machines-outils-industriels\/#primaryimage"},"image":{"@id":"https:\/\/fgti-distribution.fr\/fixation-araymond\/fixation-assemblage-machines-outils-industriels\/#primaryimage"},"thumbnailUrl":"https:\/\/fgti-distribution.fr\/wp-content\/uploads\/2023\/02\/assemblage-cables.jpg","datePublished":"2020-01-02T14:06:41+00:00","dateModified":"2024-02-15T14:43:29+00:00","description":"Quaisquer que sejam as suas problem\u00e1ticas de fixa\u00e7\u00e3o ou montagem para a ind\u00fastria, a FGTI Distribution prop\u00f5e-lhe uma solu\u00e7\u00e3o ARaymond.","breadcrumb":{"@id":"https:\/\/fgti-distribution.fr\/fixation-araymond\/fixation-assemblage-machines-outils-industriels\/#breadcrumb"},"inLanguage":"pt-PT","potentialAction":[{"@type":"ReadAction","target":["https:\/\/fgti-distribution.fr\/fixation-araymond\/fixation-assemblage-machines-outils-industriels\/"]}]},{"@type":"ImageObject","inLanguage":"pt-PT","@id":"https:\/\/fgti-distribution.fr\/fixation-araymond\/fixation-assemblage-machines-outils-industriels\/#primaryimage","url":"https:\/\/fgti-distribution.fr\/wp-content\/uploads\/2023\/02\/assemblage-cables.jpg","contentUrl":"https:\/\/fgti-distribution.fr\/wp-content\/uploads\/2023\/02\/assemblage-cables.jpg","width":1600,"height":430,"caption":"Assemblage des c\u00e2bles"},{"@type":"BreadcrumbList","@id":"https:\/\/fgti-distribution.fr\/fixation-araymond\/fixation-assemblage-machines-outils-industriels\/#breadcrumb","itemListElement":[{"@type":"ListItem","position":1,"name":"Home","item":"https:\/\/fgti-distribution.fr\/"},{"@type":"ListItem","position":2,"name":"Fixations ARaymond","item":"https:\/\/fgti-distribution.fr\/fixation-araymond\/"},{"@type":"ListItem","position":3,"name":"Fixation et assemblage pour machines et outils industriels"}]},{"@type":"WebSite","@id":"https:\/\/fgti-distribution.fr\/#website","url":"https:\/\/fgti-distribution.fr\/","name":"Distribui\u00e7\u00e3o FGTI","description":"Pe\u00e7as t\u00e9cnicas e servi\u00e7os de elevado valor acrescentado","publisher":{"@id":"https:\/\/fgti-distribution.fr\/#organization"},"alternateName":"FGTI Distribution","potentialAction":[{"@type":"SearchAction","target":{"@type":"EntryPoint","urlTemplate":"https:\/\/fgti-distribution.fr\/?s={search_term_string}"},"query-input":{"@type":"PropertyValueSpecification","valueRequired":true,"valueName":"search_term_string"}}],"inLanguage":"pt-PT"},{"@type":"Organization","@id":"https:\/\/fgti-distribution.fr\/#organization","name":"Distribui\u00e7\u00e3o FGTI","alternateName":"FGTI Distribution","url":"https:\/\/fgti-distribution.fr\/","logo":{"@type":"ImageObject","inLanguage":"pt-PT","@id":"https:\/\/fgti-distribution.fr\/#\/schema\/logo\/image\/","url":"https:\/\/fgti-distribution.fr\/wp-content\/uploads\/2022\/12\/logo.png","contentUrl":"https:\/\/fgti-distribution.fr\/wp-content\/uploads\/2022\/12\/logo.png","width":500,"height":228,"caption":"FGTI Distribution"},"image":{"@id":"https:\/\/fgti-distribution.fr\/#\/schema\/logo\/image\/"},"sameAs":["https:\/\/www.linkedin.com\/company\/fgti-distribution\/"]}]}},"_links":{"self":[{"href":"https:\/\/fgti-distribution.fr\/pt\/wp-json\/wp\/v2\/pages\/5921","targetHints":{"allow":["GET"]}}],"collection":[{"href":"https:\/\/fgti-distribution.fr\/pt\/wp-json\/wp\/v2\/pages"}],"about":[{"href":"https:\/\/fgti-distribution.fr\/pt\/wp-json\/wp\/v2\/types\/page"}],"author":[{"embeddable":true,"href":"https:\/\/fgti-distribution.fr\/pt\/wp-json\/wp\/v2\/users\/1"}],"replies":[{"embeddable":true,"href":"https:\/\/fgti-distribution.fr\/pt\/wp-json\/wp\/v2\/comments?post=5921"}],"version-history":[{"count":25,"href":"https:\/\/fgti-distribution.fr\/pt\/wp-json\/wp\/v2\/pages\/5921\/revisions"}],"predecessor-version":[{"id":9314,"href":"https:\/\/fgti-distribution.fr\/pt\/wp-json\/wp\/v2\/pages\/5921\/revisions\/9314"}],"up":[{"embeddable":true,"href":"https:\/\/fgti-distribution.fr\/pt\/wp-json\/wp\/v2\/pages\/10"}],"wp:featuredmedia":[{"embeddable":true,"href":"https:\/\/fgti-distribution.fr\/pt\/wp-json\/wp\/v2\/media\/7600"}],"wp:attachment":[{"href":"https:\/\/fgti-distribution.fr\/pt\/wp-json\/wp\/v2\/media?parent=5921"}],"curies":[{"name":"wp","href":"https:\/\/api.w.org\/{rel}","templated":true}]}}