{"id":5949,"date":"2020-01-02T15:37:01","date_gmt":"2020-01-02T15:37:01","guid":{"rendered":"https:\/\/fgti-distribution.fr\/?page_id=5949"},"modified":"2024-05-15T12:20:28","modified_gmt":"2024-05-15T12:20:28","slug":"montagem-de-fixacao-de-canalizacao","status":"publish","type":"page","link":"https:\/\/fgti-distribution.fr\/pt\/fixation-araymond\/fixation-assemblage-plomberie\/","title":{"rendered":"Fixa\u00e7\u00e3o e montagem AVAC (aquecimento, ventila\u00e7\u00e3o e ar condicionado)"},"content":{"rendered":"<section id=\"bt_bb_section69f58ce4a7a5b\" class=\"bt_bb_section bt_bb_layout_boxed_1200\"  data-bt-override-class=\"null\"><div class=\"bt_bb_port\"><div class=\"bt_bb_cell\"><div class=\"bt_bb_cell_inner\"><div class=\"bt_bb_row\"  data-bt-override-class=\"{}\"><div class=\"bt_bb_row_holder\" ><div  class=\"bt_bb_column col-xxl-12 col-xl-12 col-xs-12 col-sm-12 col-md-12 col-lg-12 bt_bb_vertical_align_top bt_bb_align_left bt_bb_padding_normal\" style=\"; --column-width:12;\" data-width=\"12\" data-bt-override-class=\"{}\"><div class=\"bt_bb_column_content\"><div class=\"bt_bb_column_content_inner\"><div class=\"bt_bb_raw_content\"><h2 style=\"color: #172983; font-size: 22px; text-transform: uppercase; text-align: left;\">SOLU\u00c7\u00d5ES DE FIXA\u00c7\u00c3O AVAC (aquecimento, ventila\u00e7\u00e3o e ar condicionado)<\/h2>\n<h3 style=\"color: #172983; font-size: 17px; text-align: left;\">A distribui\u00e7\u00e3o de fluidos<\/h3>\n<p style=\"display: inline; line-height: 18px;\">Quaisquer que sejam as suas problem\u00e1ticas de fixa\u00e7\u00e3o ou montagem, a FGTI Distribution prop\u00f5e-lhe uma solu\u00e7\u00e3o ARaymond capaz de gerir a fun\u00e7\u00e3o desejada. Estes sistemas de fixa\u00e7\u00e3o r\u00e1pida, sem necessidade de ferramentas, podem substituir as suas solu\u00e7\u00f5es existentes para um <u>montagem mais eficiente com um custo de manuten\u00e7\u00e3o reduzido<\/u>.<\/p>\n<p>\u00a0<\/p><\/div><div data-bb-version=\"4.9.1\" class=\"bt_bb_image bt_bb_shape_square bt_bb_target_self bt_bb_align_inherit bt_bb_hover_style_simple bt_bb_content_display_always bt_bb_content_align_middle bt_bb_remove_padding_yes bt_bb_fill_background_color_full\" style=\"display: none;\" data-bt-override-class=\"{&quot;bt_bb_align_&quot;:{&quot;current_class&quot;:&quot;bt_bb_align_inherit&quot;,&quot;def&quot;:&quot;inherit&quot;}}\"><span><img loading=\"lazy\" decoding=\"async\" width=\"2381\" height=\"1197\" src=\"https:\/\/fgti-distribution.fr\/wp-content\/uploads\/2024\/04\/fixations-assemblage-hvac.jpg\" class=\"attachment-full size-full\" alt=\"Fixa\u00e7\u00f5es e montagem AVAC\" data-full_image_src=\"https:\/\/fgti-distribution.fr\/wp-content\/uploads\/2024\/04\/fixations-assemblage-hvac.jpg\" srcset=\"https:\/\/fgti-distribution.fr\/wp-content\/uploads\/2024\/04\/fixations-assemblage-hvac.jpg 2381w, https:\/\/fgti-distribution.fr\/wp-content\/uploads\/2024\/04\/fixations-assemblage-hvac-640x322.jpg 640w, https:\/\/fgti-distribution.fr\/wp-content\/uploads\/2024\/04\/fixations-assemblage-hvac-1280x643.jpg 1280w, https:\/\/fgti-distribution.fr\/wp-content\/uploads\/2024\/04\/fixations-assemblage-hvac-768x386.jpg 768w, https:\/\/fgti-distribution.fr\/wp-content\/uploads\/2024\/04\/fixations-assemblage-hvac-1536x772.jpg 1536w, https:\/\/fgti-distribution.fr\/wp-content\/uploads\/2024\/04\/fixations-assemblage-hvac-2048x1030.jpg 2048w, https:\/\/fgti-distribution.fr\/wp-content\/uploads\/2024\/04\/fixations-assemblage-hvac-320x161.jpg 320w\" sizes=\"auto, (max-width: 2381px) 100vw, 2381px\" \/><\/span><\/div><div class=\"bt_bb_raw_content\"><h3 style=\"color: #172983;  \">A FGTI Distribution prop\u00f5e v\u00e1rias solu\u00e7\u00f5es para o mercado AVAC: <\/h3><\/div><div data-bb-version=\"4.9.1\" class=\"bt_bb_row_inner\"   data-bt-override-class=\"{}\"><div class=\"bt_bb_row_inner_holder\"  ><div data-bb-version=\"4.9.1\"  class=\"bt_bb_column_inner col-xxl-6 col-xl-6 col-xs-12 col-sm-6 col-md-6 col-lg-6 bt_bb_vertical_align_top bt_bb_align_left bt_bb_padding_normal\"  data-width=\"6\" data-bt-override-class=\"{}\"><div class=\"bt_bb_column_inner_content\"><div class=\"bt_bb_column_inner_content_inner\"><div class=\"bt_bb_raw_content\"><table>\n<tr>\n<td style=\"width: 20%;vertical-align: top;\">\n<img decoding=\"async\" src=\"\/FGTI_images\/supports-tubes-a-monter-bords-de-panneaux.jpg\" style=\"width: 50px;\" alt=\"Suportes para tubos a montar nas orlas de pain\u00e9is\">\n<\/td>\n<td style=\"font-size: 14px;\">\n<b>Suportes para tubos de montagem em bordos de pain\u00e9is. <\/b>\nPara assegurar a fixa\u00e7\u00e3o de cabos el\u00e9tricos, tubagens ou mangueiras corrugadas a uma estrutura ou painel met\u00e1lico. Os abra\u00e7adeiras dispon\u00edveis possuem funcionalidades adicionais, como clipes de bordos, uma fun\u00e7\u00e3o de cunha ou de p\u00e9 de ancoragem, clipes de pl\u00e1stico para a fixa\u00e7\u00e3o, bem como uma fun\u00e7\u00e3o de tubo e\/ou rota\u00e7\u00e3o.\n<\/td>\n<\/tr>\n<tr>\n<td style=\"width: 20%;vertical-align: top;\">\n<img decoding=\"async\" src=\"\/FGTI_images\/support-tube-plastique.jpg\" style=\"width: 50px;\" alt=\"tubo de suporte pl\u00e1stico\">\n<\/td>\n<td style=\"font-size: 14px;\">\n<b>Tubo de suporte pl\u00e1stico. <\/b>\nEstas pe\u00e7as s\u00e3o f\u00e1ceis de instalar e garantem uma reten\u00e7\u00e3o fi\u00e1vel. A gama de produtos \u00e9 vasta e adapta-se a diferentes ambientes, como em orif\u00edcios, na borda de um painel, num montante, em cabos\/tubos\/mangueiras e em superf\u00edcies planas.\n<\/td>\n<\/tr>\n<tr>\n<td style=\"width: 20%;vertical-align: top;\">\n<img decoding=\"async\" src=\"\/FGTI_images\/ecrous-bord-de-panneau.jpg\" style=\"width: 50px;\" alt=\"parafusos da borda do painel.\">\n<\/td>\n<td style=\"font-size: 14px;\">\n<b>Porcas de fixa\u00e7\u00e3o na borda do painel. <\/b>\nA maioria dos equipamentos HVAC \u00e9 fabricada a partir de finos pain\u00e9is de chapa met\u00e1lica, que funcionam como tampas e s\u00e3o fixados a uma estrutura met\u00e1lica interna. Estas solu\u00e7\u00f5es evitam a substitui\u00e7\u00e3o de um painel inteiro devido \u00e0 chapa met\u00e1lica e aos parafusos met\u00e1licos. \n<\/td>\n<\/tr>\n<tr>\n<td style=\"width: 20%;vertical-align: top;\">\n<img decoding=\"async\" src=\"\/FGTI_images\/agrafes-bord-de-panneau.jpg\" style=\"width: 50px;\" alt=\"Agrafes de fixa\u00e7\u00e3o em borda de painel.\">\n<\/td>\n<td style=\"font-size: 14px;\">\n<b>Agrafes de fixa\u00e7\u00e3o em borda de painel. <\/b>\nA fun\u00e7\u00e3o principal \u00e9 fixar dois pain\u00e9is entre si. Esta montagem pode ser realizada com dois pain\u00e9is de uma s\u00f3 dire\u00e7\u00e3o (U-Clips) ou com dois pain\u00e9is de dire\u00e7\u00f5es opostas (S-Clips). \n<\/td>\n<\/tr>\n<\/table><\/div><\/div><\/div><\/div><div data-bb-version=\"4.9.1\"  class=\"bt_bb_column_inner col-xxl-6 col-xl-6 col-xs-12 col-sm-6 col-md-6 col-lg-6 bt_bb_vertical_align_top bt_bb_align_left bt_bb_padding_normal\"  data-width=\"6\" data-bt-override-class=\"{}\"><div class=\"bt_bb_column_inner_content\"><div class=\"bt_bb_column_inner_content_inner\"><div class=\"bt_bb_raw_content\"><table>\n<tr>\n<td style=\"width: 20%;vertical-align: top;\">\n<img decoding=\"async\" src=\"\/FGTI_images\/arrets-axe.jpg\" style=\"width: 50px;\" alt=\"Paragens de eixo\">\n<\/td>\n<td style=\"font-size: 14px;\">\n<b>Paragens de eixo. .<\/b>\nMuito simples de usar, oferecem v\u00e1rias vantagens em rela\u00e7\u00e3o \u00e0s ferramentas tradicionais.\nOs batentes de eixo eliminam a necessidade de uma arruela e reduzem os custos. Os dispositivos de reten\u00e7\u00e3o de eixo necessitam de menos torque e a op\u00e7\u00e3o de auto-rosca elimina a necessidade de uma haste roscada.\n<\/td>\n<\/tr>\n<tr>\n<td style=\"width: 20%;vertical-align: top;\">\n<img decoding=\"async\" src=\"\/FGTI_images\/support-tube-metal.jpg\" style=\"width: 50px;\" alt=\"Tubo de suporte met\u00e1lico\">\n<\/td>\n<td style=\"font-size: 14px;\">\n<b>Tubo de suporte em metal.<\/b>\nMesma fun\u00e7\u00e3o dos de pl\u00e1stico, os suportes de tubo em metal permitem trabalhar em ambientes mais inclementes (aplica\u00e7\u00f5es exteriores, alta temperatura dos tubos, reten\u00e7\u00e3o elevada).\n<\/td>\n<\/tr>\n<tr>\n<td style=\"width: 20%;vertical-align: top;\">\n<img decoding=\"async\" src=\"\/FGTI_images\/raccords-rapides-pour-fluide.jpg\" style=\"width: 50px;\" alt=\"Acoplamentos r\u00e1pidos para fluidos\">\n<\/td>\n<td style=\"font-size: 14px;\">\n<b>Liga\u00e7\u00f5es r\u00e1pidas para fluidos. <\/b>\nOs conectores r\u00e1pidos ARaymond s\u00e3o ideais para aplica\u00e7\u00f5es HVAC. Os conectores podem reduzir o uso de cobre e eliminar a necessidade de soldadura, tarefas de auto-fixa\u00e7\u00e3o e aparafusamento na linha de montagem.\n<\/td>\n<\/tr>\n<tr>\n<td style=\"width: 20%;vertical-align: top;\">\n<img decoding=\"async\" src=\"\/FGTI_images\/agrafes-de-panneaux-a-clipper.jpg\" style=\"width: 50px;\" alt=\"Grampos de painel para encaixe\">\n<\/td>\n<td style=\"font-size: 14px;\">\n<b>Grampos de painel com encaixe a press\u00e3o. <\/b>\nOs fixadores de painel de encaixe substituem solu\u00e7\u00f5es tradicionais como parafusos ou rebites. Dependendo do modelo, insere-se num furo do painel ou num furo cego. Uma solu\u00e7\u00e3o est\u00e9tica gra\u00e7as \u00e0 sua cabe\u00e7a pequena.\n<\/td>\n<\/tr>\n<\/table><\/div><\/div><\/div><\/div><\/div><\/div><div class=\"bt_bb_raw_content\"><p>\u00a0<\/p>\n<p style=\"text-align: left;\">Para aceder diretamente \u00e0s fichas t\u00e9cnicas detalhadas, <a style=\"font-size: 14px; color: white; background: #172983; padding: 5px 10px; border-radius: 5px;\" href=\"https:\/\/fgti-distribution.fr\/pt\/fecho-araymond\/fichas-detalhadas-a-raymond\/\">clique aqui<\/a><\/p><\/div><\/div><\/div><\/div><\/div><\/div><\/div><!-- cell_inner --><\/div><!-- cell --><\/div><!-- port --><\/section>","protected":false},"excerpt":{"rendered":"","protected":false},"author":1,"featured_media":7486,"parent":10,"menu_order":0,"comment_status":"closed","ping_status":"closed","template":"","meta":{"footnotes":""},"class_list":["post-5949","page","type-page","status-publish","has-post-thumbnail","hentry"],"yoast_head":"<!-- This site is optimized with the Yoast SEO plugin v27.3 - https:\/\/yoast.com\/product\/yoast-seo-wordpress\/ -->\n<title>FGTI Distribution - Fixation et assemblage pour la plomberie<\/title>\n<meta name=\"description\" content=\"Quelles que soient vos probl\u00e9matiques de fixation ou d\u2019assemblage pour la plomberie, FGTI Distribution vous propose une solution ARaymond.\" \/>\n<meta name=\"robots\" content=\"index, follow, max-snippet:-1, max-image-preview:large, max-video-preview:-1\" \/>\n<link rel=\"canonical\" href=\"https:\/\/fgti-distribution.fr\/pt\/fecho-araymond\/montagem-de-fixacao-de-canalizacao\/\" \/>\n<meta property=\"og:locale\" content=\"pt_PT\" \/>\n<meta property=\"og:type\" content=\"article\" \/>\n<meta property=\"og:title\" content=\"FGTI Distribution - Fixation et assemblage pour la plomberie\" \/>\n<meta property=\"og:description\" content=\"Quelles que soient vos probl\u00e9matiques de fixation ou d\u2019assemblage pour la plomberie, FGTI Distribution vous propose une solution ARaymond.\" \/>\n<meta property=\"og:url\" content=\"https:\/\/fgti-distribution.fr\/pt\/fecho-araymond\/montagem-de-fixacao-de-canalizacao\/\" \/>\n<meta property=\"og:site_name\" content=\"FGTI Distribution\" \/>\n<meta property=\"article:modified_time\" content=\"2024-05-15T12:20:28+00:00\" \/>\n<meta property=\"og:image\" content=\"https:\/\/fgti-distribution.fr\/wp-content\/uploads\/2023\/02\/fixation-assemblage-plomberie.jpg\" \/>\n\t<meta property=\"og:image:width\" content=\"1600\" \/>\n\t<meta property=\"og:image:height\" content=\"430\" \/>\n\t<meta property=\"og:image:type\" content=\"image\/jpeg\" \/>\n<meta name=\"twitter:card\" content=\"summary_large_image\" \/>\n<meta name=\"twitter:label1\" content=\"Est. reading time\" \/>\n\t<meta name=\"twitter:data1\" content=\"1 minuto\" \/>\n<script type=\"application\/ld+json\" class=\"yoast-schema-graph\">{\"@context\":\"https:\\\/\\\/schema.org\",\"@graph\":[{\"@type\":\"WebPage\",\"@id\":\"https:\\\/\\\/fgti-distribution.fr\\\/fixation-araymond\\\/fixation-assemblage-plomberie\\\/\",\"url\":\"https:\\\/\\\/fgti-distribution.fr\\\/fixation-araymond\\\/fixation-assemblage-plomberie\\\/\",\"name\":\"FGTI Distribution - Fixation et assemblage pour la plomberie\",\"isPartOf\":{\"@id\":\"https:\\\/\\\/fgti-distribution.fr\\\/#website\"},\"primaryImageOfPage\":{\"@id\":\"https:\\\/\\\/fgti-distribution.fr\\\/fixation-araymond\\\/fixation-assemblage-plomberie\\\/#primaryimage\"},\"image\":{\"@id\":\"https:\\\/\\\/fgti-distribution.fr\\\/fixation-araymond\\\/fixation-assemblage-plomberie\\\/#primaryimage\"},\"thumbnailUrl\":\"https:\\\/\\\/fgti-distribution.fr\\\/wp-content\\\/uploads\\\/2023\\\/02\\\/fixation-assemblage-plomberie.jpg\",\"datePublished\":\"2020-01-02T15:37:01+00:00\",\"dateModified\":\"2024-05-15T12:20:28+00:00\",\"description\":\"Quelles que soient vos probl\u00e9matiques de fixation ou d\u2019assemblage pour la plomberie, FGTI Distribution vous propose une solution ARaymond.\",\"breadcrumb\":{\"@id\":\"https:\\\/\\\/fgti-distribution.fr\\\/fixation-araymond\\\/fixation-assemblage-plomberie\\\/#breadcrumb\"},\"inLanguage\":\"pt-PT\",\"potentialAction\":[{\"@type\":\"ReadAction\",\"target\":[\"https:\\\/\\\/fgti-distribution.fr\\\/fixation-araymond\\\/fixation-assemblage-plomberie\\\/\"]}]},{\"@type\":\"ImageObject\",\"inLanguage\":\"pt-PT\",\"@id\":\"https:\\\/\\\/fgti-distribution.fr\\\/fixation-araymond\\\/fixation-assemblage-plomberie\\\/#primaryimage\",\"url\":\"https:\\\/\\\/fgti-distribution.fr\\\/wp-content\\\/uploads\\\/2023\\\/02\\\/fixation-assemblage-plomberie.jpg\",\"contentUrl\":\"https:\\\/\\\/fgti-distribution.fr\\\/wp-content\\\/uploads\\\/2023\\\/02\\\/fixation-assemblage-plomberie.jpg\",\"width\":1600,\"height\":430,\"caption\":\"fixation assemblage plomberie\"},{\"@type\":\"BreadcrumbList\",\"@id\":\"https:\\\/\\\/fgti-distribution.fr\\\/fixation-araymond\\\/fixation-assemblage-plomberie\\\/#breadcrumb\",\"itemListElement\":[{\"@type\":\"ListItem\",\"position\":1,\"name\":\"Home\",\"item\":\"https:\\\/\\\/fgti-distribution.fr\\\/\"},{\"@type\":\"ListItem\",\"position\":2,\"name\":\"Fixations ARaymond\",\"item\":\"https:\\\/\\\/fgti-distribution.fr\\\/fixation-araymond\\\/\"},{\"@type\":\"ListItem\",\"position\":3,\"name\":\"Fixation et assemblage HVAC (chauffage, ventilation et climatisation)\"}]},{\"@type\":\"WebSite\",\"@id\":\"https:\\\/\\\/fgti-distribution.fr\\\/#website\",\"url\":\"https:\\\/\\\/fgti-distribution.fr\\\/\",\"name\":\"FGTI Distribution\",\"description\":\"Pi\u00e8ces techniques et services \u00e0 forte valeur ajout\u00e9e\",\"publisher\":{\"@id\":\"https:\\\/\\\/fgti-distribution.fr\\\/#organization\"},\"alternateName\":\"FGTI Distribution\",\"potentialAction\":[{\"@type\":\"SearchAction\",\"target\":{\"@type\":\"EntryPoint\",\"urlTemplate\":\"https:\\\/\\\/fgti-distribution.fr\\\/?s={search_term_string}\"},\"query-input\":{\"@type\":\"PropertyValueSpecification\",\"valueRequired\":true,\"valueName\":\"search_term_string\"}}],\"inLanguage\":\"pt-PT\"},{\"@type\":\"Organization\",\"@id\":\"https:\\\/\\\/fgti-distribution.fr\\\/#organization\",\"name\":\"FGTI Distribution\",\"alternateName\":\"FGTI Distribution\",\"url\":\"https:\\\/\\\/fgti-distribution.fr\\\/\",\"logo\":{\"@type\":\"ImageObject\",\"inLanguage\":\"pt-PT\",\"@id\":\"https:\\\/\\\/fgti-distribution.fr\\\/#\\\/schema\\\/logo\\\/image\\\/\",\"url\":\"https:\\\/\\\/fgti-distribution.fr\\\/wp-content\\\/uploads\\\/2022\\\/12\\\/logo.png\",\"contentUrl\":\"https:\\\/\\\/fgti-distribution.fr\\\/wp-content\\\/uploads\\\/2022\\\/12\\\/logo.png\",\"width\":500,\"height\":228,\"caption\":\"FGTI Distribution\"},\"image\":{\"@id\":\"https:\\\/\\\/fgti-distribution.fr\\\/#\\\/schema\\\/logo\\\/image\\\/\"},\"sameAs\":[\"https:\\\/\\\/www.linkedin.com\\\/company\\\/fgti-distribution\\\/\"]}]}<\/script>\n<!-- \/ Yoast SEO plugin. -->","yoast_head_json":{"title":"FGTI Distribui\u00e7\u00e3o - Fixa\u00e7\u00e3o e Montagem para Canaliza\u00e7\u00e3o","description":"Quaisquer que sejam as suas problem\u00e1ticas de fixa\u00e7\u00e3o ou montagem para canaliza\u00e7\u00e3o, a FGTI Distribution prop\u00f5e-lhe uma solu\u00e7\u00e3o ARaymond.","robots":{"index":"index","follow":"follow","max-snippet":"max-snippet:-1","max-image-preview":"max-image-preview:large","max-video-preview":"max-video-preview:-1"},"canonical":"https:\/\/fgti-distribution.fr\/pt\/fecho-araymond\/montagem-de-fixacao-de-canalizacao\/","og_locale":"pt_PT","og_type":"article","og_title":"FGTI Distribution - Fixation et assemblage pour la plomberie","og_description":"Quelles que soient vos probl\u00e9matiques de fixation ou d\u2019assemblage pour la plomberie, FGTI Distribution vous propose une solution ARaymond.","og_url":"https:\/\/fgti-distribution.fr\/pt\/fecho-araymond\/montagem-de-fixacao-de-canalizacao\/","og_site_name":"FGTI Distribution","article_modified_time":"2024-05-15T12:20:28+00:00","og_image":[{"width":1600,"height":430,"url":"https:\/\/fgti-distribution.fr\/wp-content\/uploads\/2023\/02\/fixation-assemblage-plomberie.jpg","type":"image\/jpeg"}],"twitter_card":"summary_large_image","twitter_misc":{"Est. reading time":"1 minuto"},"schema":{"@context":"https:\/\/schema.org","@graph":[{"@type":"WebPage","@id":"https:\/\/fgti-distribution.fr\/fixation-araymond\/fixation-assemblage-plomberie\/","url":"https:\/\/fgti-distribution.fr\/fixation-araymond\/fixation-assemblage-plomberie\/","name":"FGTI Distribui\u00e7\u00e3o - Fixa\u00e7\u00e3o e Montagem para Canaliza\u00e7\u00e3o","isPartOf":{"@id":"https:\/\/fgti-distribution.fr\/#website"},"primaryImageOfPage":{"@id":"https:\/\/fgti-distribution.fr\/fixation-araymond\/fixation-assemblage-plomberie\/#primaryimage"},"image":{"@id":"https:\/\/fgti-distribution.fr\/fixation-araymond\/fixation-assemblage-plomberie\/#primaryimage"},"thumbnailUrl":"https:\/\/fgti-distribution.fr\/wp-content\/uploads\/2023\/02\/fixation-assemblage-plomberie.jpg","datePublished":"2020-01-02T15:37:01+00:00","dateModified":"2024-05-15T12:20:28+00:00","description":"Quaisquer que sejam as suas problem\u00e1ticas de fixa\u00e7\u00e3o ou montagem para canaliza\u00e7\u00e3o, a FGTI Distribution prop\u00f5e-lhe uma solu\u00e7\u00e3o ARaymond.","breadcrumb":{"@id":"https:\/\/fgti-distribution.fr\/fixation-araymond\/fixation-assemblage-plomberie\/#breadcrumb"},"inLanguage":"pt-PT","potentialAction":[{"@type":"ReadAction","target":["https:\/\/fgti-distribution.fr\/fixation-araymond\/fixation-assemblage-plomberie\/"]}]},{"@type":"ImageObject","inLanguage":"pt-PT","@id":"https:\/\/fgti-distribution.fr\/fixation-araymond\/fixation-assemblage-plomberie\/#primaryimage","url":"https:\/\/fgti-distribution.fr\/wp-content\/uploads\/2023\/02\/fixation-assemblage-plomberie.jpg","contentUrl":"https:\/\/fgti-distribution.fr\/wp-content\/uploads\/2023\/02\/fixation-assemblage-plomberie.jpg","width":1600,"height":430,"caption":"fixation assemblage plomberie"},{"@type":"BreadcrumbList","@id":"https:\/\/fgti-distribution.fr\/fixation-araymond\/fixation-assemblage-plomberie\/#breadcrumb","itemListElement":[{"@type":"ListItem","position":1,"name":"Home","item":"https:\/\/fgti-distribution.fr\/"},{"@type":"ListItem","position":2,"name":"Fixations ARaymond","item":"https:\/\/fgti-distribution.fr\/fixation-araymond\/"},{"@type":"ListItem","position":3,"name":"Fixation et assemblage HVAC (chauffage, ventilation et climatisation)"}]},{"@type":"WebSite","@id":"https:\/\/fgti-distribution.fr\/#website","url":"https:\/\/fgti-distribution.fr\/","name":"Distribui\u00e7\u00e3o FGTI","description":"Pe\u00e7as t\u00e9cnicas e servi\u00e7os de elevado valor acrescentado","publisher":{"@id":"https:\/\/fgti-distribution.fr\/#organization"},"alternateName":"FGTI Distribution","potentialAction":[{"@type":"SearchAction","target":{"@type":"EntryPoint","urlTemplate":"https:\/\/fgti-distribution.fr\/?s={search_term_string}"},"query-input":{"@type":"PropertyValueSpecification","valueRequired":true,"valueName":"search_term_string"}}],"inLanguage":"pt-PT"},{"@type":"Organization","@id":"https:\/\/fgti-distribution.fr\/#organization","name":"Distribui\u00e7\u00e3o FGTI","alternateName":"FGTI Distribution","url":"https:\/\/fgti-distribution.fr\/","logo":{"@type":"ImageObject","inLanguage":"pt-PT","@id":"https:\/\/fgti-distribution.fr\/#\/schema\/logo\/image\/","url":"https:\/\/fgti-distribution.fr\/wp-content\/uploads\/2022\/12\/logo.png","contentUrl":"https:\/\/fgti-distribution.fr\/wp-content\/uploads\/2022\/12\/logo.png","width":500,"height":228,"caption":"FGTI Distribution"},"image":{"@id":"https:\/\/fgti-distribution.fr\/#\/schema\/logo\/image\/"},"sameAs":["https:\/\/www.linkedin.com\/company\/fgti-distribution\/"]}]}},"_links":{"self":[{"href":"https:\/\/fgti-distribution.fr\/pt\/wp-json\/wp\/v2\/pages\/5949","targetHints":{"allow":["GET"]}}],"collection":[{"href":"https:\/\/fgti-distribution.fr\/pt\/wp-json\/wp\/v2\/pages"}],"about":[{"href":"https:\/\/fgti-distribution.fr\/pt\/wp-json\/wp\/v2\/types\/page"}],"author":[{"embeddable":true,"href":"https:\/\/fgti-distribution.fr\/pt\/wp-json\/wp\/v2\/users\/1"}],"replies":[{"embeddable":true,"href":"https:\/\/fgti-distribution.fr\/pt\/wp-json\/wp\/v2\/comments?post=5949"}],"version-history":[{"count":38,"href":"https:\/\/fgti-distribution.fr\/pt\/wp-json\/wp\/v2\/pages\/5949\/revisions"}],"predecessor-version":[{"id":9684,"href":"https:\/\/fgti-distribution.fr\/pt\/wp-json\/wp\/v2\/pages\/5949\/revisions\/9684"}],"up":[{"embeddable":true,"href":"https:\/\/fgti-distribution.fr\/pt\/wp-json\/wp\/v2\/pages\/10"}],"wp:featuredmedia":[{"embeddable":true,"href":"https:\/\/fgti-distribution.fr\/pt\/wp-json\/wp\/v2\/media\/7486"}],"wp:attachment":[{"href":"https:\/\/fgti-distribution.fr\/pt\/wp-json\/wp\/v2\/media?parent=5949"}],"curies":[{"name":"wp","href":"https:\/\/api.w.org\/{rel}","templated":true}]}}