{"id":60,"date":"2012-05-06T11:13:17","date_gmt":"2012-05-06T11:13:17","guid":{"rendered":"https:\/\/fgti-distribution.fr\/?page_id=60"},"modified":"2024-02-05T12:17:43","modified_gmt":"2024-02-05T12:17:43","slug":"mentions-legales","status":"publish","type":"page","link":"https:\/\/fgti-distribution.fr\/pt\/mentions-legales\/","title":{"rendered":"Men\u00e7\u00f5es Legais"},"content":{"rendered":"<section id=\"bt_bb_section69f10d6f3bef8\" class=\"bt_bb_section bt_bb_layout_boxed_1200\"  data-bt-override-class=\"null\"><div class=\"bt_bb_port\"><div class=\"bt_bb_cell\"><div class=\"bt_bb_cell_inner\"><div class=\"bt_bb_row\"  data-bt-override-class=\"{}\"><div class=\"bt_bb_row_holder\" ><div  class=\"bt_bb_column col-xxl-12 col-xl-12 col-xs-12 col-sm-12 col-md-12 col-lg-12 bt_bb_vertical_align_top bt_bb_align_left bt_bb_padding_normal\" style=\"; --column-width:12;\" data-width=\"12\" data-bt-override-class=\"{}\"><div class=\"bt_bb_column_content\"><div class=\"bt_bb_column_content_inner\"><div class=\"bt_bb_raw_content\"><div style=\"color: #bababa; font-size: 12px;\">FGTI-Distribution &gt; Refer\u00eancias legais<\/div>\n<br \/><br \/>\n<div style=\"padding-right: 20px; float: left; padding-top: 15px;\">Distribui\u00e7\u00e3o FGTI <img decoding=\"async\" src=\"https:\/\/fgti-distribution.fr\/wp-content\/themes\/twentyeleven\/images\/petit-blanc.jpg\" \/> 10 rue de la vall\u00e9e<img decoding=\"async\" src=\"https:\/\/fgti-distribution.fr\/wp-content\/themes\/twentyeleven\/images\/petit-blanc.jpg\" \/> ANDAR <img decoding=\"async\" src=\"https:\/\/fgti-distribution.fr\/wp-content\/themes\/twentyeleven\/images\/petit-blanc.jpg\" \/> F\u2013 49800 LOIRE-AUTHION\n<br \/>\nDenomina\u00e7\u00e3o social FGT Industrie <img decoding=\"async\" src=\"https:\/\/fgti-distribution.fr\/wp-content\/themes\/twentyeleven\/images\/petit-blanc.jpg\" \/> 17 rue de la Coutardi\u00e8re <img decoding=\"async\" src=\"https:\/\/fgti-distribution.fr\/wp-content\/themes\/twentyeleven\/images\/petit-blanc.jpg\" \/> F \u2013 49800 Brain sur l'Authion\n<br \/>\nSARL com capital de 45.600 euros registada no RCS de Angers:\n<br \/>\nSIREN 950 623 819 | SIRET 950 623 819 00030 | N.\u00ba IVA intracomunit\u00e1rio FR77 950 623 819\n<br \/><br \/>\n<strong>1\/ Realiza\u00e7\u00e3o editorial<\/strong><br \/>\nDiretor de publica\u00e7\u00e3o: Michelle Steyer\n<br \/><br \/>\n<strong>2\/ Alojamento<\/strong><br \/>\nEste site \u00e9 hospedado por <a style=\"text-decoration: none; font-weight: normal; color: #373737;\" href=\"https:\/\/www.aroconseil.com\/\" target=\"_blank\" rel=\"noopener\">AroConseil<\/a>.\n<br \/><br \/>\n<strong>3\/ Propriedade intelectual<\/strong><br \/>\nTodo o conte\u00fado deste site \u00e9 propriedade da empresa FGT Industrie SARL. As marcas, log\u00f3tipos e elementos visuais presentes neste site pertencem aos seus respetivos propriet\u00e1rios. Como tal, qualquer reprodu\u00e7\u00e3o total ou parcial, efetuada a partir dos elementos deste site, sem a autoriza\u00e7\u00e3o expressa do diretor da publica\u00e7\u00e3o \u00e9, portanto, proibida nos termos do artigo L.713-2 do C\u00f3digo da Propriedade Intelectual.\n<br \/><br \/>\n<strong>4\/ Liga\u00e7\u00f5es<\/strong> <br \/>\nO site prop\u00f5e liga\u00e7\u00f5es para sites sobre os quais a FGT Industrie SARL n\u00e3o exerce qualquer controlo. A FGT Industrie SARL declina toda a responsabilidade quanto ao conte\u00fado desses sites.\n<br \/><br \/>\n<strong>5\/ Informa\u00e7\u00f5es gerais<\/strong><br \/>\n- Carta gr\u00e1fica e desenvolvimento <a style=\"text-decoration: none; font-weight: normal; color: #373737;\" href=\"https:\/\/www.aroconseil.com\" target=\"_blank\" rel=\"noopener\">AroConseil<\/a><br \/>\n- Cr\u00e9ditos das fotos: \u00a9 IDG \/ \u00a9 ARaymond \/ \u00a9 Kaiser Waltermann \/ \u00a9 Fotolia.com<br \/>\n<br \/><br \/>\n<strong>6\/ Informa\u00e7\u00f5es t\u00e9cnicas<\/strong><br \/>\nEste site cont\u00e9m ficheiros em formato PDF (formato de documento port\u00e1til). \u00c9 necess\u00e1rio ter o Acrobat Reader para poder consult\u00e1-los. O Acrobat Reader est\u00e1 dispon\u00edvel no site da Adobe Fran\u00e7a.\nEm caso algum, a empresa FGT Industrie SARL poder\u00e1 ser responsabilizada por qualquer dano direto ou indireto, de qualquer natureza, decorrente da utiliza\u00e7\u00e3o do seu website. Lembra-se que o segredo das correspond\u00eancias n\u00e3o \u00e9 garantido de forma infal\u00edvel na rede Internet e que cabe a cada utilizador tomar todas as medidas apropriadas com o objetivo de proteger os seus pr\u00f3prios dados e\/ou softwares da contamina\u00e7\u00e3o de eventuais v\u00edrus que circulam na Internet.\nQualquer lit\u00edgio em rela\u00e7\u00e3o \u00e0 utiliza\u00e7\u00e3o do site www.fgti-distribution.fr est\u00e1 sujeito ao direito franc\u00eas.\n<br \/><br \/>\n<strong>7\/ Bolachas<\/strong><br \/>\nAo consultar o nosso site, cookies s\u00e3o colocados no seu computador, telem\u00f3vel ou tablet.<br \/>\nO nosso site foi concebido para ser particularmente atento \u00e0s necessidades e expectativas dos nossos clientes. \u00c9 por isso, entre outras raz\u00f5es, que utilizamos cookies para lhe garantir uma boa navega\u00e7\u00e3o.\n<br \/><br \/>\n<strong>Aceitar ou recusar os cookies<\/strong>\n<br \/><br \/>\nDisp\u00f5e de v\u00e1rios meios para gerir os cookies.<br \/>\nA configura\u00e7\u00e3o do seu navegador de internet: <br \/>\nPode a qualquer momento optar por desativar estes cookies. O seu navegador tamb\u00e9m pode ser configurado para o avisar quando cookies s\u00e3o colocados no seu computador e pedir que os aceite ou n\u00e3o. Pode aceitar ou recusar cookies caso a caso ou recus\u00e1-los sistematicamente de uma vez por todas.<br \/>\nLembramos que a configura\u00e7\u00e3o pode modificar as suas condi\u00e7\u00f5es de acesso aos nossos servi\u00e7os que requerem o uso de cookies.<br \/>\nSe o seu navegador estiver configurado para recusar todos os cookies, n\u00e3o poder\u00e1 efetuar compras nem usufruir de funcionalidades essenciais do nosso site, como, por exemplo, guardar artigos no seu carrinho ou receber recomenda\u00e7\u00f5es personalizadas. Para gerir os cookies o mais pr\u00f3ximo poss\u00edvel das suas expectativas, convidamo-lo a configurar o seu navegador tendo em conta a finalidade dos cookies, tal como mencionado anteriormente.<br \/>\nVeja como controlar ou impedir o registo de cookies:<br \/>\nA configura\u00e7\u00e3o de cada navegador \u00e9 diferente. \u00c9 descrita no menu de ajuda do seu navegador, que lhe permitir\u00e1 saber como alterar as suas prefer\u00eancias de cookies.\nPode desativar os cookies seguindo as instru\u00e7\u00f5es abaixo:\n<br \/><br \/>\n1\/ se estiver a utilizar o navegador Internet Explorer<br \/>\nNo Internet Explorer, clique no bot\u00e3o Ferramentas e, em seguida, em Op\u00e7\u00f5es da Internet.<br \/>\nNo separador \"Geral\", em \"Hist\u00f3rico de navega\u00e7\u00e3o\", clique em \"Defini\u00e7\u00f5es\".<br \/>\nClique no bot\u00e3o Mostrar ficheiros.<br \/>\nClique na cabe\u00e7alha da coluna Nome para ordenar todos os ficheiros por ordem alfab\u00e9tica e, em seguida, percorra a lista at\u00e9 encontrar ficheiros que comecem pelo prefixo \u00bbCookie\u00ab. (todos os cookies possuem este prefixo e cont\u00eam geralmente o nome do site que criou o cookie).<br \/>\nSelecione o(s) cookie(s) que cont\u00e9m(\u00eam) o nome \u00abfgti\u00bb e elimine-o(s)\nFeche a janela que cont\u00e9m a lista de ficheiros e, em seguida, clique duas vezes em OK para regressar ao Internet Explorer.\n<br \/><br \/>\n2\/ se utilizar o navegador Firefox<br \/>\nV\u00e1 ao separador \u00bbFerramentas\u00ab do navegador e selecione o menu \u00bbOp\u00e7\u00f5es\u00ab\nNa janela que aparece, escolha \u00bbPrivacidade\u00ab e clique em \u00bbMostrar cookies\u00ab\nLocalize os ficheiros que cont\u00eam o nome \u00bbfgti\", selecione-os e elimine-os.\n<br \/><br \/>\n3\/ se utilizar o navegador Safari<br \/>\nNo seu navegador, escolha o menu Edi\u00e7\u00e3o &gt; Prefer\u00eancias.<br \/>\nClique em Seguran\u00e7a.<br \/>\nClique em Mostrar cookies. <br \/>\nSelecione os cookies que cont\u00eam o nome \u00abfgti\u00bb e clique em Eliminar ou em Eliminar tudo.\nAp\u00f3s eliminar os cookies, clique em Conclu\u00eddo.\n<br \/><br \/>\n4\/ se utilizar o navegador Google Chrome<br \/>\nClique no \u00edcone do menu Ferramentas.<br \/>\nSelecione Op\u00e7\u00f5es.<br \/>\nClique na aba Op\u00e7\u00f5es avan\u00e7adas e aceda \u00e0 sec\u00e7\u00e3o \"Privacidade\".<br \/>\nClique no bot\u00e3o Mostrar cookies.<br \/>\nLocalize os ficheiros que cont\u00eam o nome \u00abfgti\u00bb. Selecione-os e elimine-os.<br \/>\nClique em \u00bbFechar\u00ab para voltar ao seu navegador.\n<br \/><br \/>\n<\/div><\/div><\/div><\/div><\/div><\/div><\/div><\/div><!-- cell_inner --><\/div><!-- cell --><\/div><!-- port --><\/section>","protected":false},"excerpt":{"rendered":"","protected":false},"author":1,"featured_media":0,"parent":0,"menu_order":0,"comment_status":"closed","ping_status":"closed","template":"","meta":{"footnotes":""},"class_list":["post-60","page","type-page","status-publish","hentry"],"yoast_head":"<!-- This site is optimized with the Yoast SEO plugin v27.3 - https:\/\/yoast.com\/product\/yoast-seo-wordpress\/ -->\n<title>FGTI Distribution - Mentions l\u00e9gales<\/title>\n<meta name=\"description\" content=\"FGTI Distribution - Mentions l\u00e9gales -\" \/>\n<meta name=\"robots\" content=\"noindex, nofollow\" \/>\n<meta property=\"og:locale\" content=\"pt_PT\" \/>\n<meta property=\"og:type\" content=\"article\" \/>\n<meta property=\"og:title\" content=\"FGTI Distribution - Mentions l\u00e9gales\" \/>\n<meta property=\"og:description\" content=\"FGTI Distribution - Mentions l\u00e9gales -\" \/>\n<meta property=\"og:url\" content=\"https:\/\/fgti-distribution.fr\/pt\/mentions-legales\/\" \/>\n<meta property=\"og:site_name\" content=\"FGTI Distribution\" \/>\n<meta property=\"article:modified_time\" content=\"2024-02-05T12:17:43+00:00\" \/>\n<meta name=\"twitter:card\" content=\"summary_large_image\" \/>\n<meta name=\"twitter:label1\" content=\"Est. reading time\" \/>\n\t<meta name=\"twitter:data1\" content=\"1 minuto\" \/>\n<script type=\"application\/ld+json\" class=\"yoast-schema-graph\">{\"@context\":\"https:\\\/\\\/schema.org\",\"@graph\":[{\"@type\":\"WebPage\",\"@id\":\"https:\\\/\\\/fgti-distribution.fr\\\/mentions-legales\\\/\",\"url\":\"https:\\\/\\\/fgti-distribution.fr\\\/mentions-legales\\\/\",\"name\":\"FGTI Distribution - Mentions l\u00e9gales\",\"isPartOf\":{\"@id\":\"https:\\\/\\\/fgti-distribution.fr\\\/#website\"},\"datePublished\":\"2012-05-06T11:13:17+00:00\",\"dateModified\":\"2024-02-05T12:17:43+00:00\",\"description\":\"FGTI Distribution - Mentions l\u00e9gales -\",\"breadcrumb\":{\"@id\":\"https:\\\/\\\/fgti-distribution.fr\\\/mentions-legales\\\/#breadcrumb\"},\"inLanguage\":\"pt-PT\",\"potentialAction\":[{\"@type\":\"ReadAction\",\"target\":[\"https:\\\/\\\/fgti-distribution.fr\\\/mentions-legales\\\/\"]}]},{\"@type\":\"BreadcrumbList\",\"@id\":\"https:\\\/\\\/fgti-distribution.fr\\\/mentions-legales\\\/#breadcrumb\",\"itemListElement\":[{\"@type\":\"ListItem\",\"position\":1,\"name\":\"Home\",\"item\":\"https:\\\/\\\/fgti-distribution.fr\\\/\"},{\"@type\":\"ListItem\",\"position\":2,\"name\":\"Mentions l\u00e9gales\"}]},{\"@type\":\"WebSite\",\"@id\":\"https:\\\/\\\/fgti-distribution.fr\\\/#website\",\"url\":\"https:\\\/\\\/fgti-distribution.fr\\\/\",\"name\":\"FGTI Distribution\",\"description\":\"Pi\u00e8ces techniques et services \u00e0 forte valeur ajout\u00e9e\",\"publisher\":{\"@id\":\"https:\\\/\\\/fgti-distribution.fr\\\/#organization\"},\"alternateName\":\"FGTI Distribution\",\"potentialAction\":[{\"@type\":\"SearchAction\",\"target\":{\"@type\":\"EntryPoint\",\"urlTemplate\":\"https:\\\/\\\/fgti-distribution.fr\\\/?s={search_term_string}\"},\"query-input\":{\"@type\":\"PropertyValueSpecification\",\"valueRequired\":true,\"valueName\":\"search_term_string\"}}],\"inLanguage\":\"pt-PT\"},{\"@type\":\"Organization\",\"@id\":\"https:\\\/\\\/fgti-distribution.fr\\\/#organization\",\"name\":\"FGTI Distribution\",\"alternateName\":\"FGTI Distribution\",\"url\":\"https:\\\/\\\/fgti-distribution.fr\\\/\",\"logo\":{\"@type\":\"ImageObject\",\"inLanguage\":\"pt-PT\",\"@id\":\"https:\\\/\\\/fgti-distribution.fr\\\/#\\\/schema\\\/logo\\\/image\\\/\",\"url\":\"https:\\\/\\\/fgti-distribution.fr\\\/wp-content\\\/uploads\\\/2022\\\/12\\\/logo.png\",\"contentUrl\":\"https:\\\/\\\/fgti-distribution.fr\\\/wp-content\\\/uploads\\\/2022\\\/12\\\/logo.png\",\"width\":500,\"height\":228,\"caption\":\"FGTI Distribution\"},\"image\":{\"@id\":\"https:\\\/\\\/fgti-distribution.fr\\\/#\\\/schema\\\/logo\\\/image\\\/\"},\"sameAs\":[\"https:\\\/\\\/www.linkedin.com\\\/company\\\/fgti-distribution\\\/\"]}]}<\/script>\n<!-- \/ Yoast SEO plugin. -->","yoast_head_json":{"title":"FGTI Distribui\u00e7\u00e3o - Identifica\u00e7\u00e3o","description":"FGTI Distribui\u00e7\u00e3o - Mentions L\u00e9gales -","robots":{"index":"noindex","follow":"nofollow"},"og_locale":"pt_PT","og_type":"article","og_title":"FGTI Distribution - Mentions l\u00e9gales","og_description":"FGTI Distribution - Mentions l\u00e9gales -","og_url":"https:\/\/fgti-distribution.fr\/pt\/mentions-legales\/","og_site_name":"FGTI Distribution","article_modified_time":"2024-02-05T12:17:43+00:00","twitter_card":"summary_large_image","twitter_misc":{"Est. reading time":"1 minuto"},"schema":{"@context":"https:\/\/schema.org","@graph":[{"@type":"WebPage","@id":"https:\/\/fgti-distribution.fr\/mentions-legales\/","url":"https:\/\/fgti-distribution.fr\/mentions-legales\/","name":"FGTI Distribui\u00e7\u00e3o - Identifica\u00e7\u00e3o","isPartOf":{"@id":"https:\/\/fgti-distribution.fr\/#website"},"datePublished":"2012-05-06T11:13:17+00:00","dateModified":"2024-02-05T12:17:43+00:00","description":"FGTI Distribui\u00e7\u00e3o - Mentions L\u00e9gales -","breadcrumb":{"@id":"https:\/\/fgti-distribution.fr\/mentions-legales\/#breadcrumb"},"inLanguage":"pt-PT","potentialAction":[{"@type":"ReadAction","target":["https:\/\/fgti-distribution.fr\/mentions-legales\/"]}]},{"@type":"BreadcrumbList","@id":"https:\/\/fgti-distribution.fr\/mentions-legales\/#breadcrumb","itemListElement":[{"@type":"ListItem","position":1,"name":"Home","item":"https:\/\/fgti-distribution.fr\/"},{"@type":"ListItem","position":2,"name":"Mentions l\u00e9gales"}]},{"@type":"WebSite","@id":"https:\/\/fgti-distribution.fr\/#website","url":"https:\/\/fgti-distribution.fr\/","name":"Distribui\u00e7\u00e3o FGTI","description":"Pe\u00e7as t\u00e9cnicas e servi\u00e7os de elevado valor acrescentado","publisher":{"@id":"https:\/\/fgti-distribution.fr\/#organization"},"alternateName":"FGTI Distribution","potentialAction":[{"@type":"SearchAction","target":{"@type":"EntryPoint","urlTemplate":"https:\/\/fgti-distribution.fr\/?s={search_term_string}"},"query-input":{"@type":"PropertyValueSpecification","valueRequired":true,"valueName":"search_term_string"}}],"inLanguage":"pt-PT"},{"@type":"Organization","@id":"https:\/\/fgti-distribution.fr\/#organization","name":"Distribui\u00e7\u00e3o FGTI","alternateName":"FGTI Distribution","url":"https:\/\/fgti-distribution.fr\/","logo":{"@type":"ImageObject","inLanguage":"pt-PT","@id":"https:\/\/fgti-distribution.fr\/#\/schema\/logo\/image\/","url":"https:\/\/fgti-distribution.fr\/wp-content\/uploads\/2022\/12\/logo.png","contentUrl":"https:\/\/fgti-distribution.fr\/wp-content\/uploads\/2022\/12\/logo.png","width":500,"height":228,"caption":"FGTI Distribution"},"image":{"@id":"https:\/\/fgti-distribution.fr\/#\/schema\/logo\/image\/"},"sameAs":["https:\/\/www.linkedin.com\/company\/fgti-distribution\/"]}]}},"_links":{"self":[{"href":"https:\/\/fgti-distribution.fr\/pt\/wp-json\/wp\/v2\/pages\/60","targetHints":{"allow":["GET"]}}],"collection":[{"href":"https:\/\/fgti-distribution.fr\/pt\/wp-json\/wp\/v2\/pages"}],"about":[{"href":"https:\/\/fgti-distribution.fr\/pt\/wp-json\/wp\/v2\/types\/page"}],"author":[{"embeddable":true,"href":"https:\/\/fgti-distribution.fr\/pt\/wp-json\/wp\/v2\/users\/1"}],"replies":[{"embeddable":true,"href":"https:\/\/fgti-distribution.fr\/pt\/wp-json\/wp\/v2\/comments?post=60"}],"version-history":[{"count":7,"href":"https:\/\/fgti-distribution.fr\/pt\/wp-json\/wp\/v2\/pages\/60\/revisions"}],"predecessor-version":[{"id":9084,"href":"https:\/\/fgti-distribution.fr\/pt\/wp-json\/wp\/v2\/pages\/60\/revisions\/9084"}],"wp:attachment":[{"href":"https:\/\/fgti-distribution.fr\/pt\/wp-json\/wp\/v2\/media?parent=60"}],"curies":[{"name":"wp","href":"https:\/\/api.w.org\/{rel}","templated":true}]}}