{"id":6141,"date":"2020-06-23T12:48:17","date_gmt":"2020-06-23T12:48:17","guid":{"rendered":"https:\/\/fgti-distribution.fr\/?page_id=6141"},"modified":"2023-01-06T13:08:56","modified_gmt":"2023-01-06T13:08:56","slug":"fixations-pour-goujons","status":"publish","type":"page","link":"https:\/\/fgti-distribution.fr\/pt\/fixation-araymond\/fixations-pour-goujons\/","title":{"rendered":"Fixa\u00e7\u00f5es para espig\u00f5es"},"content":{"rendered":"<p>[vc_row css=\u00a0\u00bb.vc_custom_1592916483139{border-bottom-width: 1px !important;border-bottom-color: #172983 !important;border-bottom-style: solid !important;border-radius: 1px !important;}\u00a0\u00bb][vc_column][vc_column_text]<\/p>\n<h1 style=\"color: #172983; font-size: 22px; text-transform: uppercase;\">Syst\u00e8mes de clipsage<\/h1>\n<h2 style=\"color: #172983; font-size: 22px;\">Une solution de fixation pour toute situation de montage<\/h2>\n<p style=\"display: inline;\">Quels que soient vos probl\u00e8mes d\u2019assemblage, FGTI Distribution peut fournir une solution de fixation ARaymond. Ces<\/p>\n<h3 style=\"display: inline;\">syst\u00e8mes \u00e0 fixation rapide, sans outil<\/h3>\n<p style=\"display: inline;\">, peuvent remplacer vos solutions de fixation existantes pour un <u>montage plus rapide et des co\u00fbts de maintenance r\u00e9duits<\/u>.<\/p>\n<p>[\/vc_column_text][\/vc_column][\/vc_row][vc_row css=\u00a0\u00bb.vc_custom_1592916470103{border-bottom-width: 1px !important;border-bottom-color: #172983 !important;border-bottom-style: solid !important;border-radius: 1px !important;}\u00a0\u00bb][vc_column width=\u00a0\u00bb1\/2&Prime;][vc_column_text]<\/p>\n<div style=\"line-height: 100px; color: #172983 !important; font-size: 22px; float: left; font-weight: bold;\">Fixations pour goujons<\/div>\n<p>[\/vc_column_text][\/vc_column][vc_column width=\u00a0\u00bb1\/2&Prime;][vc_raw_html]JTNDaW1nJTIwc3R5bGUlM0QlMjJmbG9hdCUzQSUyMHJpZ2h0JTNCJTIwbWFyZ2luLXRvcCUzQSUyMC0yMHB4JTNCJTIwbWF4LXdpZHRoJTNBJTIwMjAwcHglM0IlMjIlMjBzcmMlM0QlMjJodHRwcyUzQSUyRiUyRmZndGktZGlzdHJpYnV0aW9uLmZyJTJGd3AtY29udGVudCUyRmltZyUyRmFycmV0cy1kLWF4ZS5wbmclMjIlM0U=[\/vc_raw_html][\/vc_column][\/vc_row][vc_row][vc_column width=\u00a0\u00bb1\/2&Prime;][vc_column_text]<\/p>\n<p style=\"text-align: left; color: #58616b; line-height: 24px; font-size: 15px;\">Les fixations de goujons \u00e0 pression sont un moyen facile de maintenir les vis ou les boulons en place avant que l&rsquo;\u00e9crou ne soit positionn\u00e9 et serr\u00e9. Le catalogue de fixations d\u2019ar\u00e8ne d\u2019ARaymond couvre les goujons lisses, les goujons m\u00e9triques, les goujons \u00e0 souder et les goujons \u00e0 gorge ou arbres. Id\u00e9aux pour le montage de la garniture, les dispositifs de retenue pour goujon \u00e0 pression permettent un montage sans outil, ce qui permet de gagner du temps. Ils sont \u00e9galement tr\u00e8s compacts lorsque l\u2019espace est limit\u00e9.<\/p>\n<p>[\/vc_column_text][\/vc_column][vc_column width=\u00a0\u00bb1\/2&Prime;][vc_single_image image=\u00a0\u00bb4853&Prime; img_size=\u00a0\u00bbfull\u00a0\u00bb][\/vc_column][\/vc_row][vc_row][vc_column][vc_single_image image=\u00a0\u00bb4854&Prime; img_size=\u00a0\u00bbfull\u00a0\u00bb][vc_video link=\u00a0\u00bbhttps:\/\/youtu.be\/lzvbTgFEFUQ\u00a0\u00bb][\/vc_column][\/vc_row][vc_row css=\u00a0\u00bb.vc_custom_1592917335635{background-image: url(https:\/\/fgti-distribution.fr\/wp-content\/uploads\/2019\/04\/afocus_backgrd_1.jpg?id=4811) !important;background-position: center !important;background-repeat: no-repeat !important;background-size: cover !important;}\u00a0\u00bb][vc_column width=\u00a0\u00bb1\/2&Prime; css=\u00a0\u00bb.vc_custom_1592917374199{padding-left: 40px !important;}\u00a0\u00bb][vc_column_text]<\/p>\n<p class=\"surtitle\" style=\"text-align: left;\">FOCUS PRODUITS<\/p>\n<div class=\"field field--name-field-image field--type-image field--label-hidden field--item\"><\/div>\n<div class=\"field field--name-field-title field--type-string field--label-hidden field--item\">\n<h4 class=\"vc_tta-panel-title vc_tta-controls-icon-position-left araymond_section\">La finition parfaite pour les produits \u00e0 bouts visibles<\/h4>\n<\/div>\n<p style=\"text-align: left; color: #58616b; line-height: 24px; font-size: 15px;\">Nos attaches d\u00e9coratives \u00e0 enfoncer cachent les bouts de tige, de goujon ou de tige peu attrayants. Disponibles en m\u00e9tal et en plastique et dans une vari\u00e9t\u00e9 de couleurs, nos attaches \u00e0 enfiler rehaussent l&rsquo;apparence de tout produit tout en offrant un assemblage fiable et r\u00e9sistant aux vibrations. ARaymond &#x2122; Palnuts\u00ae sont disponibles en bouchons en une ou deux pi\u00e8ces, en fonction du type de finition souhait\u00e9. ARaymond &#x2122; Palnuts\u00ae est id\u00e9al pour une large gamme de produits, y compris les jouets, les poubelles, les roues et les glaci\u00e8res.<\/p>\n<p>[\/vc_column_text][\/vc_column][vc_column width=\u00a0\u00bb1\/2&Prime;][vc_single_image image=\u00a0\u00bb4856&Prime; img_size=\u00a0\u00bbfull\u00a0\u00bb][\/vc_column][\/vc_row]<\/p>\n","protected":false},"excerpt":{"rendered":"<p>[vc_row css=\u00a0\u00bb.vc_custom_1592916483139{border-bottom-width: 1px !important;border-bottom-color: #172983 !important;border-bottom-style: solid !important;border-radius: 1px !important;}\u00a0\u00bb][vc_column][vc_column_text] Syst\u00e8mes de clipsage Une solution de fixation pour toute situation de montage Quels que soient vos probl\u00e8mes d\u2019assemblage, FGTI Distribution peut fournir une solution de fixation ARaymond. Ces syst\u00e8mes \u00e0 fixation rapide, sans outil , peuvent remplacer vos solutions de fixation existantes pour un montage&#8230;<\/p>\n","protected":false},"author":1,"featured_media":0,"parent":10,"menu_order":0,"comment_status":"closed","ping_status":"closed","template":"","meta":{"footnotes":""},"class_list":["post-6141","page","type-page","status-publish","hentry"],"yoast_head":"<!-- This site is optimized with the Yoast SEO plugin v27.3 - https:\/\/yoast.com\/product\/yoast-seo-wordpress\/ -->\n<title>FGTI Distribution - Fixations pour goujons<\/title>\n<meta name=\"description\" content=\"FGTI Distribution - Fixations pour goujons -\" \/>\n<meta name=\"robots\" content=\"noindex, nofollow\" \/>\n<meta property=\"og:locale\" content=\"pt_PT\" \/>\n<meta property=\"og:type\" content=\"article\" \/>\n<meta property=\"og:title\" content=\"FGTI Distribution - Fixations pour goujons\" \/>\n<meta property=\"og:description\" content=\"FGTI Distribution - Fixations pour goujons -\" \/>\n<meta property=\"og:url\" content=\"https:\/\/fgti-distribution.fr\/pt\/fecho-araymond\/fixations-pour-goujons\/\" \/>\n<meta property=\"og:site_name\" content=\"FGTI Distribution\" \/>\n<meta property=\"article:modified_time\" content=\"2023-01-06T13:08:56+00:00\" \/>\n<meta name=\"twitter:card\" content=\"summary_large_image\" \/>\n<meta name=\"twitter:label1\" content=\"Est. reading time\" \/>\n\t<meta name=\"twitter:data1\" content=\"2 minutos\" \/>\n<script type=\"application\/ld+json\" class=\"yoast-schema-graph\">{\"@context\":\"https:\\\/\\\/schema.org\",\"@graph\":[{\"@type\":\"WebPage\",\"@id\":\"https:\\\/\\\/fgti-distribution.fr\\\/fixation-araymond\\\/fixations-pour-goujons\\\/\",\"url\":\"https:\\\/\\\/fgti-distribution.fr\\\/fixation-araymond\\\/fixations-pour-goujons\\\/\",\"name\":\"FGTI Distribution - Fixations pour goujons\",\"isPartOf\":{\"@id\":\"https:\\\/\\\/fgti-distribution.fr\\\/#website\"},\"datePublished\":\"2020-06-23T12:48:17+00:00\",\"dateModified\":\"2023-01-06T13:08:56+00:00\",\"description\":\"FGTI Distribution - Fixations pour goujons -\",\"breadcrumb\":{\"@id\":\"https:\\\/\\\/fgti-distribution.fr\\\/fixation-araymond\\\/fixations-pour-goujons\\\/#breadcrumb\"},\"inLanguage\":\"pt-PT\",\"potentialAction\":[{\"@type\":\"ReadAction\",\"target\":[\"https:\\\/\\\/fgti-distribution.fr\\\/fixation-araymond\\\/fixations-pour-goujons\\\/\"]}]},{\"@type\":\"BreadcrumbList\",\"@id\":\"https:\\\/\\\/fgti-distribution.fr\\\/fixation-araymond\\\/fixations-pour-goujons\\\/#breadcrumb\",\"itemListElement\":[{\"@type\":\"ListItem\",\"position\":1,\"name\":\"Home\",\"item\":\"https:\\\/\\\/fgti-distribution.fr\\\/\"},{\"@type\":\"ListItem\",\"position\":2,\"name\":\"Fixations ARaymond\",\"item\":\"https:\\\/\\\/fgti-distribution.fr\\\/fixation-araymond\\\/\"},{\"@type\":\"ListItem\",\"position\":3,\"name\":\"Fixations pour goujons\"}]},{\"@type\":\"WebSite\",\"@id\":\"https:\\\/\\\/fgti-distribution.fr\\\/#website\",\"url\":\"https:\\\/\\\/fgti-distribution.fr\\\/\",\"name\":\"FGTI Distribution\",\"description\":\"Pi\u00e8ces techniques et services \u00e0 forte valeur ajout\u00e9e\",\"publisher\":{\"@id\":\"https:\\\/\\\/fgti-distribution.fr\\\/#organization\"},\"alternateName\":\"FGTI Distribution\",\"potentialAction\":[{\"@type\":\"SearchAction\",\"target\":{\"@type\":\"EntryPoint\",\"urlTemplate\":\"https:\\\/\\\/fgti-distribution.fr\\\/?s={search_term_string}\"},\"query-input\":{\"@type\":\"PropertyValueSpecification\",\"valueRequired\":true,\"valueName\":\"search_term_string\"}}],\"inLanguage\":\"pt-PT\"},{\"@type\":\"Organization\",\"@id\":\"https:\\\/\\\/fgti-distribution.fr\\\/#organization\",\"name\":\"FGTI Distribution\",\"alternateName\":\"FGTI Distribution\",\"url\":\"https:\\\/\\\/fgti-distribution.fr\\\/\",\"logo\":{\"@type\":\"ImageObject\",\"inLanguage\":\"pt-PT\",\"@id\":\"https:\\\/\\\/fgti-distribution.fr\\\/#\\\/schema\\\/logo\\\/image\\\/\",\"url\":\"https:\\\/\\\/fgti-distribution.fr\\\/wp-content\\\/uploads\\\/2022\\\/12\\\/logo.png\",\"contentUrl\":\"https:\\\/\\\/fgti-distribution.fr\\\/wp-content\\\/uploads\\\/2022\\\/12\\\/logo.png\",\"width\":500,\"height\":228,\"caption\":\"FGTI Distribution\"},\"image\":{\"@id\":\"https:\\\/\\\/fgti-distribution.fr\\\/#\\\/schema\\\/logo\\\/image\\\/\"},\"sameAs\":[\"https:\\\/\\\/www.linkedin.com\\\/company\\\/fgti-distribution\\\/\"]}]}<\/script>\n<!-- \/ Yoast SEO plugin. -->","yoast_head_json":{"title":"FGTI Distribution - Fixations pour goujons","description":"FGTI Distribution - Fixations pour goujons -","robots":{"index":"noindex","follow":"nofollow"},"og_locale":"pt_PT","og_type":"article","og_title":"FGTI Distribution - Fixations pour goujons","og_description":"FGTI Distribution - Fixations pour goujons -","og_url":"https:\/\/fgti-distribution.fr\/pt\/fecho-araymond\/fixations-pour-goujons\/","og_site_name":"FGTI Distribution","article_modified_time":"2023-01-06T13:08:56+00:00","twitter_card":"summary_large_image","twitter_misc":{"Est. reading time":"2 minutos"},"schema":{"@context":"https:\/\/schema.org","@graph":[{"@type":"WebPage","@id":"https:\/\/fgti-distribution.fr\/fixation-araymond\/fixations-pour-goujons\/","url":"https:\/\/fgti-distribution.fr\/fixation-araymond\/fixations-pour-goujons\/","name":"FGTI Distribution - Fixations pour goujons","isPartOf":{"@id":"https:\/\/fgti-distribution.fr\/#website"},"datePublished":"2020-06-23T12:48:17+00:00","dateModified":"2023-01-06T13:08:56+00:00","description":"FGTI Distribution - Fixations pour goujons -","breadcrumb":{"@id":"https:\/\/fgti-distribution.fr\/fixation-araymond\/fixations-pour-goujons\/#breadcrumb"},"inLanguage":"pt-PT","potentialAction":[{"@type":"ReadAction","target":["https:\/\/fgti-distribution.fr\/fixation-araymond\/fixations-pour-goujons\/"]}]},{"@type":"BreadcrumbList","@id":"https:\/\/fgti-distribution.fr\/fixation-araymond\/fixations-pour-goujons\/#breadcrumb","itemListElement":[{"@type":"ListItem","position":1,"name":"Home","item":"https:\/\/fgti-distribution.fr\/"},{"@type":"ListItem","position":2,"name":"Fixations ARaymond","item":"https:\/\/fgti-distribution.fr\/fixation-araymond\/"},{"@type":"ListItem","position":3,"name":"Fixations pour goujons"}]},{"@type":"WebSite","@id":"https:\/\/fgti-distribution.fr\/#website","url":"https:\/\/fgti-distribution.fr\/","name":"Distribui\u00e7\u00e3o FGTI","description":"Pe\u00e7as t\u00e9cnicas e servi\u00e7os de elevado valor acrescentado","publisher":{"@id":"https:\/\/fgti-distribution.fr\/#organization"},"alternateName":"FGTI Distribution","potentialAction":[{"@type":"SearchAction","target":{"@type":"EntryPoint","urlTemplate":"https:\/\/fgti-distribution.fr\/?s={search_term_string}"},"query-input":{"@type":"PropertyValueSpecification","valueRequired":true,"valueName":"search_term_string"}}],"inLanguage":"pt-PT"},{"@type":"Organization","@id":"https:\/\/fgti-distribution.fr\/#organization","name":"Distribui\u00e7\u00e3o FGTI","alternateName":"FGTI Distribution","url":"https:\/\/fgti-distribution.fr\/","logo":{"@type":"ImageObject","inLanguage":"pt-PT","@id":"https:\/\/fgti-distribution.fr\/#\/schema\/logo\/image\/","url":"https:\/\/fgti-distribution.fr\/wp-content\/uploads\/2022\/12\/logo.png","contentUrl":"https:\/\/fgti-distribution.fr\/wp-content\/uploads\/2022\/12\/logo.png","width":500,"height":228,"caption":"FGTI Distribution"},"image":{"@id":"https:\/\/fgti-distribution.fr\/#\/schema\/logo\/image\/"},"sameAs":["https:\/\/www.linkedin.com\/company\/fgti-distribution\/"]}]}},"_links":{"self":[{"href":"https:\/\/fgti-distribution.fr\/pt\/wp-json\/wp\/v2\/pages\/6141","targetHints":{"allow":["GET"]}}],"collection":[{"href":"https:\/\/fgti-distribution.fr\/pt\/wp-json\/wp\/v2\/pages"}],"about":[{"href":"https:\/\/fgti-distribution.fr\/pt\/wp-json\/wp\/v2\/types\/page"}],"author":[{"embeddable":true,"href":"https:\/\/fgti-distribution.fr\/pt\/wp-json\/wp\/v2\/users\/1"}],"replies":[{"embeddable":true,"href":"https:\/\/fgti-distribution.fr\/pt\/wp-json\/wp\/v2\/comments?post=6141"}],"version-history":[{"count":3,"href":"https:\/\/fgti-distribution.fr\/pt\/wp-json\/wp\/v2\/pages\/6141\/revisions"}],"predecessor-version":[{"id":6144,"href":"https:\/\/fgti-distribution.fr\/pt\/wp-json\/wp\/v2\/pages\/6141\/revisions\/6144"}],"up":[{"embeddable":true,"href":"https:\/\/fgti-distribution.fr\/pt\/wp-json\/wp\/v2\/pages\/10"}],"wp:attachment":[{"href":"https:\/\/fgti-distribution.fr\/pt\/wp-json\/wp\/v2\/media?parent=6141"}],"curies":[{"name":"wp","href":"https:\/\/api.w.org\/{rel}","templated":true}]}}