{"id":7982,"date":"2023-06-28T14:11:14","date_gmt":"2023-06-28T14:11:14","guid":{"rendered":"https:\/\/fgti-distribution.fr\/?page_id=7982"},"modified":"2024-02-15T12:46:24","modified_gmt":"2024-02-15T12:46:24","slug":"politica-de-qualidade","status":"publish","type":"page","link":"https:\/\/fgti-distribution.fr\/pt\/politique-qualite\/","title":{"rendered":"Pol\u00edtica de Qualidade"},"content":{"rendered":"<section id=\"bt_bb_section69f58dd6ef856\" class=\"bt_bb_section bt_bb_layout_boxed_1200\"  data-bt-override-class=\"null\"><div class=\"bt_bb_port\"><div class=\"bt_bb_cell\"><div class=\"bt_bb_cell_inner\"><div class=\"bt_bb_row\"  data-bt-override-class=\"{}\"><div class=\"bt_bb_row_holder\" ><div  class=\"bt_bb_column col-xxl-12 col-xl-12 col-xs-12 col-sm-12 col-md-12 col-lg-12 bt_bb_vertical_align_top bt_bb_align_left bt_bb_padding_normal\" style=\"; --column-width:12;\" data-width=\"12\" data-bt-override-class=\"{}\"><div class=\"bt_bb_column_content\"><div class=\"bt_bb_column_content_inner\"><div  class=\"bt_bb_text\" ><\/p>\n<p><em>A implementa\u00e7\u00e3o de um sistema de gest\u00e3o da qualidade ISO 9001, vers\u00e3o 2015, refor\u00e7ou a nossa convic\u00e7\u00e3o de que estamos a trabalhar para uma melhoria cont\u00ednua com o objetivo de satisfazer os nossos clientes. Desejamos tornar a nossa empresa sustent\u00e1vel a longo prazo atrav\u00e9s de uma rela\u00e7\u00e3o fi\u00e1vel e duradoura com todas as partes interessadas, os nossos clientes, mas tamb\u00e9m os nossos fornecedores e os nossos colaboradores.<\/em><\/p>\n<p><em>Na qualidade de primeira respons\u00e1vel da empresa, comprometo-me a cumprir e a fazer cumprir todas as disposi\u00e7\u00f5es tomadas numa perspetiva de melhoria e formaliza\u00e7\u00e3o cont\u00ednuas, com o envolvimento de todos, disponibilizando todos os recursos humanos e materiais. Passa, em particular, por:<\/em><\/p>\n<ul>\n<li><em>Fidelizar clientes e fornecedores para ir ao encontro das suas exig\u00eancias e expectativas<\/em><\/li>\n<li><em>Garantir a vigil\u00e2ncia e a melhoria do sistema de gest\u00e3o pela aplica\u00e7\u00e3o da norma<\/em><\/li>\n<li><em>Garantir uma organiza\u00e7\u00e3o interna \u00f3tima assim como uma qualifica\u00e7\u00e3o permanente dos nossos colaboradores<\/em><\/li>\n<\/ul>\n<p><em>Tenho total confian\u00e7a na compet\u00eancia t\u00e9cnica e comercial, tal como no sentido de responsabilidade de todos os meus colaboradores para chegarmos a um sistema de gest\u00e3o da qualidade eficaz.<\/em><\/p>\n<p><em>A gerente<\/em><\/p>\n<p><em>Michelle STEYER<\/em><\/p>\n<p>\n<\/div><\/div><\/div><\/div><\/div><\/div><\/div><!-- cell_inner --><\/div><!-- cell --><\/div><!-- port --><\/section>","protected":false},"excerpt":{"rendered":"","protected":false},"author":4,"featured_media":0,"parent":0,"menu_order":0,"comment_status":"closed","ping_status":"closed","template":"","meta":{"footnotes":""},"class_list":["post-7982","page","type-page","status-publish","hentry"],"yoast_head":"<!-- This site is optimized with the Yoast SEO plugin v27.3 - https:\/\/yoast.com\/product\/yoast-seo-wordpress\/ -->\n<title>FGTI Distribution - Politique qualit\u00e9<\/title>\n<meta name=\"description\" content=\"FGTI Distribution - Politique qualit\u00e9 -\" \/>\n<meta name=\"robots\" content=\"noindex, follow\" \/>\n<meta property=\"og:locale\" content=\"pt_PT\" \/>\n<meta property=\"og:type\" content=\"article\" \/>\n<meta property=\"og:title\" content=\"FGTI Distribution - Politique qualit\u00e9\" \/>\n<meta property=\"og:description\" content=\"FGTI Distribution - Politique qualit\u00e9 -\" \/>\n<meta property=\"og:url\" content=\"https:\/\/fgti-distribution.fr\/pt\/politica-de-qualidade\/\" \/>\n<meta property=\"og:site_name\" content=\"FGTI Distribution\" \/>\n<meta property=\"article:modified_time\" content=\"2024-02-15T12:46:24+00:00\" \/>\n<meta name=\"twitter:card\" content=\"summary_large_image\" \/>\n<meta name=\"twitter:label1\" content=\"Est. reading time\" \/>\n\t<meta name=\"twitter:data1\" content=\"1 minuto\" \/>\n<script type=\"application\/ld+json\" class=\"yoast-schema-graph\">{\"@context\":\"https:\\\/\\\/schema.org\",\"@graph\":[{\"@type\":\"WebPage\",\"@id\":\"https:\\\/\\\/fgti-distribution.fr\\\/politique-qualite\\\/\",\"url\":\"https:\\\/\\\/fgti-distribution.fr\\\/politique-qualite\\\/\",\"name\":\"FGTI Distribution - Politique qualit\u00e9\",\"isPartOf\":{\"@id\":\"https:\\\/\\\/fgti-distribution.fr\\\/#website\"},\"datePublished\":\"2023-06-28T14:11:14+00:00\",\"dateModified\":\"2024-02-15T12:46:24+00:00\",\"description\":\"FGTI Distribution - Politique qualit\u00e9 -\",\"breadcrumb\":{\"@id\":\"https:\\\/\\\/fgti-distribution.fr\\\/politique-qualite\\\/#breadcrumb\"},\"inLanguage\":\"pt-PT\",\"potentialAction\":[{\"@type\":\"ReadAction\",\"target\":[\"https:\\\/\\\/fgti-distribution.fr\\\/politique-qualite\\\/\"]}]},{\"@type\":\"BreadcrumbList\",\"@id\":\"https:\\\/\\\/fgti-distribution.fr\\\/politique-qualite\\\/#breadcrumb\",\"itemListElement\":[{\"@type\":\"ListItem\",\"position\":1,\"name\":\"Home\",\"item\":\"https:\\\/\\\/fgti-distribution.fr\\\/\"},{\"@type\":\"ListItem\",\"position\":2,\"name\":\"Politique qualit\u00e9\"}]},{\"@type\":\"WebSite\",\"@id\":\"https:\\\/\\\/fgti-distribution.fr\\\/#website\",\"url\":\"https:\\\/\\\/fgti-distribution.fr\\\/\",\"name\":\"FGTI Distribution\",\"description\":\"Pi\u00e8ces techniques et services \u00e0 forte valeur ajout\u00e9e\",\"publisher\":{\"@id\":\"https:\\\/\\\/fgti-distribution.fr\\\/#organization\"},\"alternateName\":\"FGTI Distribution\",\"potentialAction\":[{\"@type\":\"SearchAction\",\"target\":{\"@type\":\"EntryPoint\",\"urlTemplate\":\"https:\\\/\\\/fgti-distribution.fr\\\/?s={search_term_string}\"},\"query-input\":{\"@type\":\"PropertyValueSpecification\",\"valueRequired\":true,\"valueName\":\"search_term_string\"}}],\"inLanguage\":\"pt-PT\"},{\"@type\":\"Organization\",\"@id\":\"https:\\\/\\\/fgti-distribution.fr\\\/#organization\",\"name\":\"FGTI Distribution\",\"alternateName\":\"FGTI Distribution\",\"url\":\"https:\\\/\\\/fgti-distribution.fr\\\/\",\"logo\":{\"@type\":\"ImageObject\",\"inLanguage\":\"pt-PT\",\"@id\":\"https:\\\/\\\/fgti-distribution.fr\\\/#\\\/schema\\\/logo\\\/image\\\/\",\"url\":\"https:\\\/\\\/fgti-distribution.fr\\\/wp-content\\\/uploads\\\/2022\\\/12\\\/logo.png\",\"contentUrl\":\"https:\\\/\\\/fgti-distribution.fr\\\/wp-content\\\/uploads\\\/2022\\\/12\\\/logo.png\",\"width\":500,\"height\":228,\"caption\":\"FGTI Distribution\"},\"image\":{\"@id\":\"https:\\\/\\\/fgti-distribution.fr\\\/#\\\/schema\\\/logo\\\/image\\\/\"},\"sameAs\":[\"https:\\\/\\\/www.linkedin.com\\\/company\\\/fgti-distribution\\\/\"]}]}<\/script>\n<!-- \/ Yoast SEO plugin. -->","yoast_head_json":{"title":"FGTI Distribui\u00e7\u00e3o - Pol\u00edtica de Qualidade","description":"FGTI Distribui\u00e7\u00e3o - Pol\u00edtica de Qualidade -","robots":{"index":"noindex","follow":"follow"},"og_locale":"pt_PT","og_type":"article","og_title":"FGTI Distribution - Politique qualit\u00e9","og_description":"FGTI Distribution - Politique qualit\u00e9 -","og_url":"https:\/\/fgti-distribution.fr\/pt\/politica-de-qualidade\/","og_site_name":"FGTI Distribution","article_modified_time":"2024-02-15T12:46:24+00:00","twitter_card":"summary_large_image","twitter_misc":{"Est. reading time":"1 minuto"},"schema":{"@context":"https:\/\/schema.org","@graph":[{"@type":"WebPage","@id":"https:\/\/fgti-distribution.fr\/politique-qualite\/","url":"https:\/\/fgti-distribution.fr\/politique-qualite\/","name":"FGTI Distribui\u00e7\u00e3o - Pol\u00edtica de Qualidade","isPartOf":{"@id":"https:\/\/fgti-distribution.fr\/#website"},"datePublished":"2023-06-28T14:11:14+00:00","dateModified":"2024-02-15T12:46:24+00:00","description":"FGTI Distribui\u00e7\u00e3o - Pol\u00edtica de Qualidade -","breadcrumb":{"@id":"https:\/\/fgti-distribution.fr\/politique-qualite\/#breadcrumb"},"inLanguage":"pt-PT","potentialAction":[{"@type":"ReadAction","target":["https:\/\/fgti-distribution.fr\/politique-qualite\/"]}]},{"@type":"BreadcrumbList","@id":"https:\/\/fgti-distribution.fr\/politique-qualite\/#breadcrumb","itemListElement":[{"@type":"ListItem","position":1,"name":"Home","item":"https:\/\/fgti-distribution.fr\/"},{"@type":"ListItem","position":2,"name":"Politique qualit\u00e9"}]},{"@type":"WebSite","@id":"https:\/\/fgti-distribution.fr\/#website","url":"https:\/\/fgti-distribution.fr\/","name":"Distribui\u00e7\u00e3o FGTI","description":"Pe\u00e7as t\u00e9cnicas e servi\u00e7os de elevado valor acrescentado","publisher":{"@id":"https:\/\/fgti-distribution.fr\/#organization"},"alternateName":"FGTI Distribution","potentialAction":[{"@type":"SearchAction","target":{"@type":"EntryPoint","urlTemplate":"https:\/\/fgti-distribution.fr\/?s={search_term_string}"},"query-input":{"@type":"PropertyValueSpecification","valueRequired":true,"valueName":"search_term_string"}}],"inLanguage":"pt-PT"},{"@type":"Organization","@id":"https:\/\/fgti-distribution.fr\/#organization","name":"Distribui\u00e7\u00e3o FGTI","alternateName":"FGTI Distribution","url":"https:\/\/fgti-distribution.fr\/","logo":{"@type":"ImageObject","inLanguage":"pt-PT","@id":"https:\/\/fgti-distribution.fr\/#\/schema\/logo\/image\/","url":"https:\/\/fgti-distribution.fr\/wp-content\/uploads\/2022\/12\/logo.png","contentUrl":"https:\/\/fgti-distribution.fr\/wp-content\/uploads\/2022\/12\/logo.png","width":500,"height":228,"caption":"FGTI Distribution"},"image":{"@id":"https:\/\/fgti-distribution.fr\/#\/schema\/logo\/image\/"},"sameAs":["https:\/\/www.linkedin.com\/company\/fgti-distribution\/"]}]}},"_links":{"self":[{"href":"https:\/\/fgti-distribution.fr\/pt\/wp-json\/wp\/v2\/pages\/7982","targetHints":{"allow":["GET"]}}],"collection":[{"href":"https:\/\/fgti-distribution.fr\/pt\/wp-json\/wp\/v2\/pages"}],"about":[{"href":"https:\/\/fgti-distribution.fr\/pt\/wp-json\/wp\/v2\/types\/page"}],"author":[{"embeddable":true,"href":"https:\/\/fgti-distribution.fr\/pt\/wp-json\/wp\/v2\/users\/4"}],"replies":[{"embeddable":true,"href":"https:\/\/fgti-distribution.fr\/pt\/wp-json\/wp\/v2\/comments?post=7982"}],"version-history":[{"count":3,"href":"https:\/\/fgti-distribution.fr\/pt\/wp-json\/wp\/v2\/pages\/7982\/revisions"}],"predecessor-version":[{"id":7985,"href":"https:\/\/fgti-distribution.fr\/pt\/wp-json\/wp\/v2\/pages\/7982\/revisions\/7985"}],"wp:attachment":[{"href":"https:\/\/fgti-distribution.fr\/pt\/wp-json\/wp\/v2\/media?parent=7982"}],"curies":[{"name":"wp","href":"https:\/\/api.w.org\/{rel}","templated":true}]}}