{"id":80,"date":"2012-05-06T12:58:24","date_gmt":"2012-05-06T12:58:24","guid":{"rendered":"https:\/\/fgti-distribution.fr\/?page_id=80"},"modified":"2023-05-16T13:19:15","modified_gmt":"2023-05-16T13:19:15","slug":"condicoes-gerais-de-venda","status":"publish","type":"page","link":"https:\/\/fgti-distribution.fr\/pt\/conditions-generales-de-vente\/","title":{"rendered":"Termos e Condi\u00e7\u00f5es Gerais de Venda"},"content":{"rendered":"<section id=\"bt_bb_section69f1cc53bad45\" class=\"bt_bb_section bt_bb_layout_boxed_1200\"  data-bt-override-class=\"null\"><div class=\"bt_bb_port\"><div class=\"bt_bb_cell\"><div class=\"bt_bb_cell_inner\"><div class=\"bt_bb_row\"  data-bt-override-class=\"{}\"><div class=\"bt_bb_row_holder\" ><div  class=\"bt_bb_column col-xxl-12 col-xl-12 col-xs-12 col-sm-12 col-md-12 col-lg-12 bt_bb_vertical_align_top bt_bb_align_left bt_bb_padding_normal\" style=\"; --column-width:12;\" data-width=\"12\" data-bt-override-class=\"{}\"><div class=\"bt_bb_column_content\"><div class=\"bt_bb_column_content_inner\"><div class=\"bt_bb_raw_content\"><div style=\"color: #BABABA; font-size: 12px; width: 100%; padding-bottom: 20px;\">FGTI-Distribution &gt; Condi\u00e7\u00f5es gerais de venda<\/div><\/div><div class=\"bt_bb_row_inner\"   data-bt-override-class=\"{}\"><div class=\"bt_bb_row_inner_holder\"  ><div  class=\"bt_bb_column_inner col-xxl-12 col-xl-12 col-xs-12 col-sm-12 col-md-12 col-lg-12 bt_bb_vertical_align_top bt_bb_align_left bt_bb_padding_normal\"  data-width=\"12\" data-bt-override-class=\"{}\"><div class=\"bt_bb_column_inner_content\"><div class=\"bt_bb_column_inner_content_inner\"><div class=\"bt_bb_raw_content\"><p style=\"padding: 0 50px; font-size: 12px;\"><strong>Condi\u00e7\u00f5es Gerais de Venda<\/strong>\n<br \/><br \/>\nAs presentes condi\u00e7\u00f5es de venda, entrega e pagamento aplicam-se a todas as nossas entregas. Elas fazem prova por si s\u00f3 e n\u00e3o podem ser infirmadas ou modificadas por outras condi\u00e7\u00f5es inseridas ou constantes nas encomendas ou na correspond\u00eancia, a n\u00e3o ser mediante aceita\u00e7\u00e3o expressa da nossa parte.\nEm caso algum estas ordens e encomendas podem ser acompanhadas de cl\u00e1usulas condicionais a pedido do comprador, e todos os compromissos assumidos pelos nossos representantes ou outros delegados da nossa Sociedade s\u00f3 nos podem vincular mediante confirma\u00e7\u00e3o escrita ou assinada proveniente diretamente da nossa Sociedade.\nOs nossos pre\u00e7os s\u00e3o expressos em \u20ac (euro) e constituem o nosso tarif\u00e1rio de base.\n<br \/><br \/>\nAs nossas expedi\u00e7\u00f5es consideram-se com partida do nosso s\u00edtio em Andard (49), salvo especifica\u00e7\u00f5es em contr\u00e1rio. As nossas mercadorias viajam sempre por conta e risco do destinat\u00e1rio, mesmo em caso de expedi\u00e7\u00e3o com porte pago. Toda a mercadoria dever\u00e1 ser verificada \u00e0 rece\u00e7\u00e3o e as reclama\u00e7\u00f5es, para serem v\u00e1lidas, dever\u00e3o ser efetuadas nas 48 horas a contar da rece\u00e7\u00e3o das referidas mercadorias. Em caso de avaria constatada \u00e0 rece\u00e7\u00e3o, nenhuma reclama\u00e7\u00e3o ser\u00e1 admitida se todas as reservas de uso n\u00e3o tiverem sido feitas regularmente junto dos transportadores.\n<br \/><br \/>\nEm caso de erro reconhecido na execu\u00e7\u00e3o de uma encomenda, somos apenas respons\u00e1veis pela substitui\u00e7\u00e3o da mercadoria. A mercadoria que j\u00e1 foi utilizada n\u00e3o pode ser substitu\u00edda. As devolu\u00e7\u00f5es s\u00f3 s\u00e3o aceites ap\u00f3s acordo pr\u00e9vio da nossa parte.\n<br \/><br \/>\nOs nossos prazos de entrega s\u00e3o dados apenas a t\u00edtulo indicativo. N\u00e3o podemos aceitar qualquer pedido de anula\u00e7\u00e3o devido a atraso na entrega, exceto em casos de for\u00e7a maior e ap\u00f3s notifica\u00e7\u00e3o formal por carta registada com um prazo de 15 dias para a expedi\u00e7\u00e3o da mercadoria.\nEm particular, as greves, inunda\u00e7\u00f5es, interrup\u00e7\u00f5es dos servi\u00e7os de transporte e outras cl\u00e1usulas que impe\u00e7am ou interrompam permanentemente as nossas entregas ou as dos nossos fornecedores habituais s\u00e3o consideradas casos de for\u00e7a maior para efeitos de aplica\u00e7\u00e3o da presente cl\u00e1usula. Em caso de for\u00e7a maior, que nos liberte de qualquer responsabilidade relativamente aos prazos de entrega, reservamo-nos o direito de suspender ou anular os contratos em curso, sem qualquer indemniza\u00e7\u00e3o.\nQualquer falta de pagamento nas datas de vencimento liberta imediatamente a Empresa de qualquer obriga\u00e7\u00e3o para com o comprador.\nUm lit\u00edgio relativo a uma quest\u00e3o espec\u00edfica n\u00e3o pode ter como consequ\u00eancia a recusa de pagamento de produtos que n\u00e3o estejam em lit\u00edgio. De um modo geral, as condi\u00e7\u00f5es de pagamento n\u00e3o podem ser atrasadas sob qualquer pretexto, mesmo em caso de lit\u00edgio. Reservamo-nos todos os direitos e privil\u00e9gios at\u00e9 que as nossas entregas sejam pagas na totalidade. Em caso de devolu\u00e7\u00e3o de saques ou notas, os custos de devolu\u00e7\u00e3o, protestos, novas negocia\u00e7\u00f5es e juros ficam a cargo do sacado. A devolu\u00e7\u00e3o de uma fatura n\u00e3o paga implica automaticamente o vencimento e o pagamento da totalidade da d\u00edvida.\n<br \/><br \/>\nEm caso de lit\u00edgio sobre ou em rela\u00e7\u00e3o a uma entrega ou ao seu pagamento, os tribunais de Angers s\u00e3o os \u00fanicos competentes, quaisquer que sejam as condi\u00e7\u00f5es de venda e o modo de pagamento aceite, e mesmo em caso de pedido incidental, pluralidade de r\u00e9us ou chamado \u00e0 garantia, n\u00e3o obstante quaisquer cl\u00e1usulas contr\u00e1rias que possam figurar nas condi\u00e7\u00f5es gerais dos nossos clientes.\n<br \/><br \/>\nA aceita\u00e7\u00e3o de um pagamento por mandado, transfer\u00eancia, letra, cheque ou efeitos quaisquer para uma cidade que n\u00e3o seja Angers n\u00e3o pode, em caso algum, constituir uma ren\u00fancia a esta cl\u00e1usula essencial de atribui\u00e7\u00e3o de jurisdi\u00e7\u00e3o.\n<br \/><br \/>\nQualquer conven\u00e7\u00e3o particular ou qualquer derroga\u00e7\u00e3o a uma das presentes condi\u00e7\u00f5es gerais dever\u00e1 ser objeto da nossa parte de estipula\u00e7\u00f5es especiais por escrito, mantendo-se em pleno e inteiro vigor todas as condi\u00e7\u00f5es gerais definidas acima, que n\u00e3o sejam expressamente modificadas ou revogadas por essas estipula\u00e7\u00f5es especiais.\n<\/p><\/div><\/div><\/div><\/div><\/div><\/div><\/div><\/div><\/div><\/div><\/div><\/div><!-- cell_inner --><\/div><!-- cell --><\/div><!-- port --><\/section>","protected":false},"excerpt":{"rendered":"","protected":false},"author":1,"featured_media":0,"parent":0,"menu_order":0,"comment_status":"closed","ping_status":"closed","template":"","meta":{"footnotes":""},"class_list":["post-80","page","type-page","status-publish","hentry"],"yoast_head":"<!-- This site is optimized with the Yoast SEO plugin v27.3 - https:\/\/yoast.com\/product\/yoast-seo-wordpress\/ -->\n<title>FGTI Distribution - Conditions g\u00e9n\u00e9rales de vente<\/title>\n<meta name=\"description\" content=\"FGTI Distribution - Conditions g\u00e9n\u00e9rales de vente -\" \/>\n<meta name=\"robots\" content=\"noindex, nofollow\" \/>\n<meta property=\"og:locale\" content=\"pt_PT\" \/>\n<meta property=\"og:type\" content=\"article\" \/>\n<meta property=\"og:title\" content=\"FGTI Distribution - Conditions g\u00e9n\u00e9rales de vente\" \/>\n<meta property=\"og:description\" content=\"FGTI Distribution - Conditions g\u00e9n\u00e9rales de vente -\" \/>\n<meta property=\"og:url\" content=\"https:\/\/fgti-distribution.fr\/pt\/condicoes-gerais-de-venda\/\" \/>\n<meta property=\"og:site_name\" content=\"FGTI Distribution\" \/>\n<meta property=\"article:modified_time\" content=\"2023-05-16T13:19:15+00:00\" \/>\n<meta name=\"twitter:card\" content=\"summary_large_image\" \/>\n<meta name=\"twitter:label1\" content=\"Est. reading time\" \/>\n\t<meta name=\"twitter:data1\" content=\"1 minuto\" \/>\n<script type=\"application\/ld+json\" class=\"yoast-schema-graph\">{\"@context\":\"https:\\\/\\\/schema.org\",\"@graph\":[{\"@type\":\"WebPage\",\"@id\":\"https:\\\/\\\/fgti-distribution.fr\\\/conditions-generales-de-vente\\\/\",\"url\":\"https:\\\/\\\/fgti-distribution.fr\\\/conditions-generales-de-vente\\\/\",\"name\":\"FGTI Distribution - Conditions g\u00e9n\u00e9rales de vente\",\"isPartOf\":{\"@id\":\"https:\\\/\\\/fgti-distribution.fr\\\/#website\"},\"datePublished\":\"2012-05-06T12:58:24+00:00\",\"dateModified\":\"2023-05-16T13:19:15+00:00\",\"description\":\"FGTI Distribution - Conditions g\u00e9n\u00e9rales de vente -\",\"breadcrumb\":{\"@id\":\"https:\\\/\\\/fgti-distribution.fr\\\/conditions-generales-de-vente\\\/#breadcrumb\"},\"inLanguage\":\"pt-PT\",\"potentialAction\":[{\"@type\":\"ReadAction\",\"target\":[\"https:\\\/\\\/fgti-distribution.fr\\\/conditions-generales-de-vente\\\/\"]}]},{\"@type\":\"BreadcrumbList\",\"@id\":\"https:\\\/\\\/fgti-distribution.fr\\\/conditions-generales-de-vente\\\/#breadcrumb\",\"itemListElement\":[{\"@type\":\"ListItem\",\"position\":1,\"name\":\"Home\",\"item\":\"https:\\\/\\\/fgti-distribution.fr\\\/\"},{\"@type\":\"ListItem\",\"position\":2,\"name\":\"Conditions g\u00e9n\u00e9rales de vente\"}]},{\"@type\":\"WebSite\",\"@id\":\"https:\\\/\\\/fgti-distribution.fr\\\/#website\",\"url\":\"https:\\\/\\\/fgti-distribution.fr\\\/\",\"name\":\"FGTI Distribution\",\"description\":\"Pi\u00e8ces techniques et services \u00e0 forte valeur ajout\u00e9e\",\"publisher\":{\"@id\":\"https:\\\/\\\/fgti-distribution.fr\\\/#organization\"},\"alternateName\":\"FGTI Distribution\",\"potentialAction\":[{\"@type\":\"SearchAction\",\"target\":{\"@type\":\"EntryPoint\",\"urlTemplate\":\"https:\\\/\\\/fgti-distribution.fr\\\/?s={search_term_string}\"},\"query-input\":{\"@type\":\"PropertyValueSpecification\",\"valueRequired\":true,\"valueName\":\"search_term_string\"}}],\"inLanguage\":\"pt-PT\"},{\"@type\":\"Organization\",\"@id\":\"https:\\\/\\\/fgti-distribution.fr\\\/#organization\",\"name\":\"FGTI Distribution\",\"alternateName\":\"FGTI Distribution\",\"url\":\"https:\\\/\\\/fgti-distribution.fr\\\/\",\"logo\":{\"@type\":\"ImageObject\",\"inLanguage\":\"pt-PT\",\"@id\":\"https:\\\/\\\/fgti-distribution.fr\\\/#\\\/schema\\\/logo\\\/image\\\/\",\"url\":\"https:\\\/\\\/fgti-distribution.fr\\\/wp-content\\\/uploads\\\/2022\\\/12\\\/logo.png\",\"contentUrl\":\"https:\\\/\\\/fgti-distribution.fr\\\/wp-content\\\/uploads\\\/2022\\\/12\\\/logo.png\",\"width\":500,\"height\":228,\"caption\":\"FGTI Distribution\"},\"image\":{\"@id\":\"https:\\\/\\\/fgti-distribution.fr\\\/#\\\/schema\\\/logo\\\/image\\\/\"},\"sameAs\":[\"https:\\\/\\\/www.linkedin.com\\\/company\\\/fgti-distribution\\\/\"]}]}<\/script>\n<!-- \/ Yoast SEO plugin. -->","yoast_head_json":{"title":"FGTI Distribui\u00e7\u00e3o - Condi\u00e7\u00f5es gerais de venda","description":"FGTI Distribui\u00e7\u00e3o - Condi\u00e7\u00f5es gerais de venda -","robots":{"index":"noindex","follow":"nofollow"},"og_locale":"pt_PT","og_type":"article","og_title":"FGTI Distribution - Conditions g\u00e9n\u00e9rales de vente","og_description":"FGTI Distribution - Conditions g\u00e9n\u00e9rales de vente -","og_url":"https:\/\/fgti-distribution.fr\/pt\/condicoes-gerais-de-venda\/","og_site_name":"FGTI Distribution","article_modified_time":"2023-05-16T13:19:15+00:00","twitter_card":"summary_large_image","twitter_misc":{"Est. reading time":"1 minuto"},"schema":{"@context":"https:\/\/schema.org","@graph":[{"@type":"WebPage","@id":"https:\/\/fgti-distribution.fr\/conditions-generales-de-vente\/","url":"https:\/\/fgti-distribution.fr\/conditions-generales-de-vente\/","name":"FGTI Distribui\u00e7\u00e3o - Condi\u00e7\u00f5es gerais de venda","isPartOf":{"@id":"https:\/\/fgti-distribution.fr\/#website"},"datePublished":"2012-05-06T12:58:24+00:00","dateModified":"2023-05-16T13:19:15+00:00","description":"FGTI Distribui\u00e7\u00e3o - Condi\u00e7\u00f5es gerais de venda -","breadcrumb":{"@id":"https:\/\/fgti-distribution.fr\/conditions-generales-de-vente\/#breadcrumb"},"inLanguage":"pt-PT","potentialAction":[{"@type":"ReadAction","target":["https:\/\/fgti-distribution.fr\/conditions-generales-de-vente\/"]}]},{"@type":"BreadcrumbList","@id":"https:\/\/fgti-distribution.fr\/conditions-generales-de-vente\/#breadcrumb","itemListElement":[{"@type":"ListItem","position":1,"name":"Home","item":"https:\/\/fgti-distribution.fr\/"},{"@type":"ListItem","position":2,"name":"Conditions g\u00e9n\u00e9rales de vente"}]},{"@type":"WebSite","@id":"https:\/\/fgti-distribution.fr\/#website","url":"https:\/\/fgti-distribution.fr\/","name":"Distribui\u00e7\u00e3o FGTI","description":"Pe\u00e7as t\u00e9cnicas e servi\u00e7os de elevado valor acrescentado","publisher":{"@id":"https:\/\/fgti-distribution.fr\/#organization"},"alternateName":"FGTI Distribution","potentialAction":[{"@type":"SearchAction","target":{"@type":"EntryPoint","urlTemplate":"https:\/\/fgti-distribution.fr\/?s={search_term_string}"},"query-input":{"@type":"PropertyValueSpecification","valueRequired":true,"valueName":"search_term_string"}}],"inLanguage":"pt-PT"},{"@type":"Organization","@id":"https:\/\/fgti-distribution.fr\/#organization","name":"Distribui\u00e7\u00e3o FGTI","alternateName":"FGTI Distribution","url":"https:\/\/fgti-distribution.fr\/","logo":{"@type":"ImageObject","inLanguage":"pt-PT","@id":"https:\/\/fgti-distribution.fr\/#\/schema\/logo\/image\/","url":"https:\/\/fgti-distribution.fr\/wp-content\/uploads\/2022\/12\/logo.png","contentUrl":"https:\/\/fgti-distribution.fr\/wp-content\/uploads\/2022\/12\/logo.png","width":500,"height":228,"caption":"FGTI Distribution"},"image":{"@id":"https:\/\/fgti-distribution.fr\/#\/schema\/logo\/image\/"},"sameAs":["https:\/\/www.linkedin.com\/company\/fgti-distribution\/"]}]}},"_links":{"self":[{"href":"https:\/\/fgti-distribution.fr\/pt\/wp-json\/wp\/v2\/pages\/80","targetHints":{"allow":["GET"]}}],"collection":[{"href":"https:\/\/fgti-distribution.fr\/pt\/wp-json\/wp\/v2\/pages"}],"about":[{"href":"https:\/\/fgti-distribution.fr\/pt\/wp-json\/wp\/v2\/types\/page"}],"author":[{"embeddable":true,"href":"https:\/\/fgti-distribution.fr\/pt\/wp-json\/wp\/v2\/users\/1"}],"replies":[{"embeddable":true,"href":"https:\/\/fgti-distribution.fr\/pt\/wp-json\/wp\/v2\/comments?post=80"}],"version-history":[{"count":6,"href":"https:\/\/fgti-distribution.fr\/pt\/wp-json\/wp\/v2\/pages\/80\/revisions"}],"predecessor-version":[{"id":7945,"href":"https:\/\/fgti-distribution.fr\/pt\/wp-json\/wp\/v2\/pages\/80\/revisions\/7945"}],"wp:attachment":[{"href":"https:\/\/fgti-distribution.fr\/pt\/wp-json\/wp\/v2\/media?parent=80"}],"curies":[{"name":"wp","href":"https:\/\/api.w.org\/{rel}","templated":true}]}}